{"id":646,"date":"2021-09-13T19:24:57","date_gmt":"2021-09-13T17:24:57","guid":{"rendered":"https:\/\/www.annonces-legales.org\/blog\/?page_id=646"},"modified":"2022-01-26T12:00:33","modified_gmt":"2022-01-26T11:00:33","slug":"volonte-paysanne","status":"publish","type":"page","link":"https:\/\/www.annonces-legales.org\/blog\/volonte-paysanne\/","title":{"rendered":"La Volont\u00e9 Paysanne"},"content":{"rendered":"<p><img loading=\"lazy\" decoding=\"async\" class=\"aligncenter size-full wp-image-674\" src=\"https:\/\/www.annonces-legales.org\/blog\/wp-content\/uploads\/2021\/09\/la-volonte-paysanne.png\" alt=\"\" width=\"220\" height=\"56\" \/><\/p>\n<p>La <strong>volont\u00e9 paysanne de l&rsquo;Aveyron<\/strong> est un hebdomadaire de la presse r\u00e9gionale qui parle principalement d&rsquo;agriculture, d&rsquo;\u00e9levage, de culture et de ruralit\u00e9. Il propose des sujets sur le monde agricole au niveau local, r\u00e9gional et international.<br \/>\nIl poss\u00e8de un site internet ou l&rsquo;on peut trouver des actualit\u00e9s en version \u00e9crite ou en vid\u00e9o. Il y a \u00e9galement une rubrique petite annonce.<\/p>\n<p>Le journal <strong>La Volont\u00e9 Paysanne<\/strong> poss\u00e8de plus de 6000 lecteurs qui sont uniquement des abonn\u00e9s. En effet, le journal est disponible seulement sur abonnement. Pour s&rsquo;abonner, il faut se rendre sur le site du journal. L&rsquo;abonnement co\u00fbte 128 euros pour un an pour la version papier et 99 euros pour la version num\u00e9rique.<\/p>\n<p>Ce journal peut publier des annonces officielles pour les entreprises r\u00e9sidentes dans l&rsquo;Aveyron (d\u00e9partement 12).<\/p>\n<h2>Historique du journal La Volont\u00e9 Paysanne<\/h2>\n<p>Le premier num\u00e9ro du journal a paru en 1944. C&rsquo;\u00e9tait tout d&rsquo;abord un journal bimensuel d&rsquo;une seule page. En 1961, il deviendra un journal hebdomadaire.<\/p>\n<p>L&rsquo;adresse du journal est : carrefour de l&rsquo;agriculture 12026 Rodez.<\/p>\n<br\/><br\/><div class=\"entry-content notopmargin\">\n\t<img decoding=\"async\" class=\"img-fluid fleft\" src=\"https:\/\/www.annonces-legales.org\/images\/rapide-economique-tout-departement.png\" alt=\"Journal d'annonce l\u00e9gale habilit\u00e9 de l'Aveyron \"><a href=\"https:\/\/www.annonces-legales.org\/publication-annonce-legale.html\" class=\"button button-desc fright mtop30\"><div>Je publie<br> mon annonce<br> l\u00e9gale<\/div><span>dans un journal habilit\u00e9 de l'Aveyron !<\/span><\/a>\n<\/div><div class=\"clrbth\"><\/div><br\/><br\/>\n<p>&nbsp;<\/p>\n<h2>Pourquoi choisir un journal plut\u00f4t qu&rsquo;un autre pour publier son annonce ?<\/h2>\n<p>La publicit\u00e9 officielle est uniquement une obligation l\u00e9gale. Il est possible de faire une annonce l\u00e9gale avec le journal La Volont\u00e9 Paysanne si votre soci\u00e9t\u00e9 est dans l&rsquo;Aveyron. Mais ce n&rsquo;est pas le seul journal habilit\u00e9. Le mieux est de comparer les prix et de prendre le journal le moins cher. Sauf si vous souhaitez aider le journal; car les annonces l\u00e9gales repr\u00e9sentent une grande part des revenus pour ce type de journal.<\/p>\n<p>&nbsp;<\/p>\n<h2>Quels sont les journaux habilit\u00e9s de l&rsquo;Aveyron ?<\/h2>\n<p>L\u2019arr\u00eat\u00e9 pr\u00e9fectoral du 24 d\u00e9cembre 2020 a fix\u00e9 le nom des journaux habilit\u00e9 par la pr\u00e9fecture pour faire des annonces judiciaires et l\u00e9gales. Pour l&rsquo;ann\u00e9e 2021, la sous-pr\u00e9f\u00e8te Pascale Rodrigo a donc nomm\u00e9 les supports suivants:<\/p>\n<h3>Presse papier<\/h3>\n<h4>Quotidiens<\/h4>\n<ul>\n<li>Centre-Presse<\/li>\n<li>La d\u00e9p\u00eache du midi<\/li>\n<li>Midi Libre<\/li>\n<\/ul>\n<p>&nbsp;<\/p>\n<h4>Hebdomadaires<\/h4>\n<ul>\n<li>La d\u00e9p\u00eache du midi Dimanche<\/li>\n<li>Le bulletin d&rsquo;Espalion<\/li>\n<li>Le journal de Millau<\/li>\n<li>Le Progr\u00e8s Saint Affricain<\/li>\n<li>Le Villefranchois<\/li>\n<li>La Volont\u00e9 Paysanne<\/li>\n<li>Le petit Journal<\/li>\n<li>L&rsquo;Hebdo<\/li>\n<\/ul>\n<p>&nbsp;<\/p>\n<h2>SPELs<\/h2>\n<ul>\n<li>actu.fr<\/li>\n<li>Centre Presse Aveyron.fr<\/li>\n<li>La D\u00e9p\u00eache.fr<\/li>\n<li>Midi Libre.fr<\/li>\n<li>L&rsquo;agglorieuse.info<\/li>\n<li>Journal le Saint-affricain<\/li>\n<li>Aveyron Digital News.fr<\/li>\n<li>Le Progr\u00e8s Saint Africain.fr<\/li>\n<li>Le petit journal.net<\/li>\n<li>Millavois.com<\/li>\n<\/ul>\n<p>Il est donc possible d&rsquo;utiliser n&rsquo;importe lequel de ces supports autoris\u00e9s pour faire une annonce l\u00e9gale.<br \/>\nAttention n\u00e9anmoins, cette liste est pour l&rsquo;ann\u00e9e 2021. La liste pour l&rsquo;ann\u00e9e prochaine sera d\u00e9cid\u00e9 au mois de d\u00e9cembre. Elle devrait normalement garder l&rsquo;ensemble de ces journaux et \u00e9ventuellement en ajouter de nouveaux.<\/p>\n","protected":false},"excerpt":{"rendered":"<p>La volont\u00e9 paysanne de l&rsquo;Aveyron est un hebdomadaire de la presse r\u00e9gionale qui parle principalement d&rsquo;agriculture, d&rsquo;\u00e9levage, de culture et [&hellip;]<\/p>\n","protected":false},"author":1,"featured_media":0,"parent":351,"menu_order":0,"comment_status":"closed","ping_status":"closed","template":"","meta":{"inline_featured_image":false,"footnotes":""},"class_list":["post-646","page","type-page","status-publish","hentry"],"yoast_head":"<!-- This site is optimized with the Yoast SEO plugin v26.8 - https:\/\/yoast.com\/product\/yoast-seo-wordpress\/ -->\n<title>La Volont\u00e9 Paysanne - Actualit\u00e9 des entreprises<\/title>\n<meta name=\"robots\" content=\"index, follow, max-snippet:-1, max-image-preview:large, max-video-preview:-1\" \/>\n<link rel=\"canonical\" href=\"https:\/\/www.annonces-legales.org\/blog\/volonte-paysanne\/\" \/>\n<meta property=\"og:locale\" content=\"fr_FR\" \/>\n<meta property=\"og:type\" content=\"article\" \/>\n<meta property=\"og:title\" content=\"La Volont\u00e9 Paysanne - Actualit\u00e9 des entreprises\" \/>\n<meta property=\"og:description\" content=\"La volont\u00e9 paysanne de l&rsquo;Aveyron est un hebdomadaire de la presse r\u00e9gionale qui parle principalement d&rsquo;agriculture, d&rsquo;\u00e9levage, de culture et [&hellip;]\" \/>\n<meta property=\"og:url\" content=\"https:\/\/www.annonces-legales.org\/blog\/volonte-paysanne\/\" \/>\n<meta property=\"og:site_name\" content=\"Actualit\u00e9 des entreprises\" \/>\n<meta property=\"article:modified_time\" content=\"2022-01-26T11:00:33+00:00\" \/>\n<meta property=\"og:image\" content=\"https:\/\/www.annonces-legales.org\/blog\/wp-content\/uploads\/2021\/09\/la-volonte-paysanne.png\" \/>\n\t<meta property=\"og:image:width\" content=\"220\" \/>\n\t<meta property=\"og:image:height\" content=\"56\" \/>\n\t<meta property=\"og:image:type\" content=\"image\/png\" \/>\n<meta name=\"twitter:card\" content=\"summary_large_image\" \/>\n<meta name=\"twitter:label1\" content=\"Dur\u00e9e de lecture estim\u00e9e\" \/>\n\t<meta name=\"twitter:data1\" content=\"2 minutes\" \/>\n<script type=\"application\/ld+json\" class=\"yoast-schema-graph\">{\"@context\":\"https:\/\/schema.org\",\"@graph\":[{\"@type\":\"WebPage\",\"@id\":\"https:\/\/www.annonces-legales.org\/blog\/volonte-paysanne\/\",\"url\":\"https:\/\/www.annonces-legales.org\/blog\/volonte-paysanne\/\",\"name\":\"La Volont\u00e9 Paysanne - Actualit\u00e9 des entreprises\",\"isPartOf\":{\"@id\":\"https:\/\/www.annonces-legales.org\/blog\/#website\"},\"primaryImageOfPage\":{\"@id\":\"https:\/\/www.annonces-legales.org\/blog\/volonte-paysanne\/#primaryimage\"},\"image\":{\"@id\":\"https:\/\/www.annonces-legales.org\/blog\/volonte-paysanne\/#primaryimage\"},\"thumbnailUrl\":\"https:\/\/www.annonces-legales.org\/blog\/wp-content\/uploads\/2021\/09\/la-volonte-paysanne.png\",\"datePublished\":\"2021-09-13T17:24:57+00:00\",\"dateModified\":\"2022-01-26T11:00:33+00:00\",\"breadcrumb\":{\"@id\":\"https:\/\/www.annonces-legales.org\/blog\/volonte-paysanne\/#breadcrumb\"},\"inLanguage\":\"fr-FR\",\"potentialAction\":[{\"@type\":\"ReadAction\",\"target\":[\"https:\/\/www.annonces-legales.org\/blog\/volonte-paysanne\/\"]}]},{\"@type\":\"ImageObject\",\"inLanguage\":\"fr-FR\",\"@id\":\"https:\/\/www.annonces-legales.org\/blog\/volonte-paysanne\/#primaryimage\",\"url\":\"https:\/\/www.annonces-legales.org\/blog\/wp-content\/uploads\/2021\/09\/la-volonte-paysanne.png\",\"contentUrl\":\"https:\/\/www.annonces-legales.org\/blog\/wp-content\/uploads\/2021\/09\/la-volonte-paysanne.png\",\"width\":220,\"height\":56},{\"@type\":\"BreadcrumbList\",\"@id\":\"https:\/\/www.annonces-legales.org\/blog\/volonte-paysanne\/#breadcrumb\",\"itemListElement\":[{\"@type\":\"ListItem\",\"position\":1,\"name\":\"Accueil\",\"item\":\"https:\/\/www.annonces-legales.org\/blog\/\"},{\"@type\":\"ListItem\",\"position\":2,\"name\":\"Liste des journaux habilit\u00e9s \u00e0 publier des annonces l\u00e9gales\",\"item\":\"https:\/\/www.annonces-legales.org\/blog\/liste-des-journaux-habilites-a-publier-des-annonces-legales\/\"},{\"@type\":\"ListItem\",\"position\":3,\"name\":\"La Volont\u00e9 Paysanne\"}]},{\"@type\":\"WebSite\",\"@id\":\"https:\/\/www.annonces-legales.org\/blog\/#website\",\"url\":\"https:\/\/www.annonces-legales.org\/blog\/\",\"name\":\"Actualit\u00e9 des entreprises\",\"description\":\"\",\"publisher\":{\"@id\":\"https:\/\/www.annonces-legales.org\/blog\/#organization\"},\"potentialAction\":[{\"@type\":\"SearchAction\",\"target\":{\"@type\":\"EntryPoint\",\"urlTemplate\":\"https:\/\/www.annonces-legales.org\/blog\/?s={search_term_string}\"},\"query-input\":{\"@type\":\"PropertyValueSpecification\",\"valueRequired\":true,\"valueName\":\"search_term_string\"}}],\"inLanguage\":\"fr-FR\"},{\"@type\":\"Organization\",\"@id\":\"https:\/\/www.annonces-legales.org\/blog\/#organization\",\"name\":\"Actualit\u00e9 des entreprises\",\"url\":\"https:\/\/www.annonces-legales.org\/blog\/\",\"logo\":{\"@type\":\"ImageObject\",\"inLanguage\":\"fr-FR\",\"@id\":\"https:\/\/www.annonces-legales.org\/blog\/#\/schema\/logo\/image\/\",\"url\":\"https:\/\/www.annonces-legales.org\/blog\/wp-content\/uploads\/2023\/08\/annonces-legales.svg\",\"contentUrl\":\"https:\/\/www.annonces-legales.org\/blog\/wp-content\/uploads\/2023\/08\/annonces-legales.svg\",\"caption\":\"Actualit\u00e9 des entreprises\"},\"image\":{\"@id\":\"https:\/\/www.annonces-legales.org\/blog\/#\/schema\/logo\/image\/\"}}]}<\/script>\n<!-- \/ Yoast SEO plugin. -->","yoast_head_json":{"title":"La Volont\u00e9 Paysanne - Actualit\u00e9 des entreprises","robots":{"index":"index","follow":"follow","max-snippet":"max-snippet:-1","max-image-preview":"max-image-preview:large","max-video-preview":"max-video-preview:-1"},"canonical":"https:\/\/www.annonces-legales.org\/blog\/volonte-paysanne\/","og_locale":"fr_FR","og_type":"article","og_title":"La Volont\u00e9 Paysanne - Actualit\u00e9 des entreprises","og_description":"La volont\u00e9 paysanne de l&rsquo;Aveyron est un hebdomadaire de la presse r\u00e9gionale qui parle principalement d&rsquo;agriculture, d&rsquo;\u00e9levage, de culture et [&hellip;]","og_url":"https:\/\/www.annonces-legales.org\/blog\/volonte-paysanne\/","og_site_name":"Actualit\u00e9 des entreprises","article_modified_time":"2022-01-26T11:00:33+00:00","og_image":[{"width":220,"height":56,"url":"https:\/\/www.annonces-legales.org\/blog\/wp-content\/uploads\/2021\/09\/la-volonte-paysanne.png","type":"image\/png"}],"twitter_card":"summary_large_image","twitter_misc":{"Dur\u00e9e de lecture estim\u00e9e":"2 minutes"},"schema":{"@context":"https:\/\/schema.org","@graph":[{"@type":"WebPage","@id":"https:\/\/www.annonces-legales.org\/blog\/volonte-paysanne\/","url":"https:\/\/www.annonces-legales.org\/blog\/volonte-paysanne\/","name":"La Volont\u00e9 Paysanne - Actualit\u00e9 des entreprises","isPartOf":{"@id":"https:\/\/www.annonces-legales.org\/blog\/#website"},"primaryImageOfPage":{"@id":"https:\/\/www.annonces-legales.org\/blog\/volonte-paysanne\/#primaryimage"},"image":{"@id":"https:\/\/www.annonces-legales.org\/blog\/volonte-paysanne\/#primaryimage"},"thumbnailUrl":"https:\/\/www.annonces-legales.org\/blog\/wp-content\/uploads\/2021\/09\/la-volonte-paysanne.png","datePublished":"2021-09-13T17:24:57+00:00","dateModified":"2022-01-26T11:00:33+00:00","breadcrumb":{"@id":"https:\/\/www.annonces-legales.org\/blog\/volonte-paysanne\/#breadcrumb"},"inLanguage":"fr-FR","potentialAction":[{"@type":"ReadAction","target":["https:\/\/www.annonces-legales.org\/blog\/volonte-paysanne\/"]}]},{"@type":"ImageObject","inLanguage":"fr-FR","@id":"https:\/\/www.annonces-legales.org\/blog\/volonte-paysanne\/#primaryimage","url":"https:\/\/www.annonces-legales.org\/blog\/wp-content\/uploads\/2021\/09\/la-volonte-paysanne.png","contentUrl":"https:\/\/www.annonces-legales.org\/blog\/wp-content\/uploads\/2021\/09\/la-volonte-paysanne.png","width":220,"height":56},{"@type":"BreadcrumbList","@id":"https:\/\/www.annonces-legales.org\/blog\/volonte-paysanne\/#breadcrumb","itemListElement":[{"@type":"ListItem","position":1,"name":"Accueil","item":"https:\/\/www.annonces-legales.org\/blog\/"},{"@type":"ListItem","position":2,"name":"Liste des journaux habilit\u00e9s \u00e0 publier des annonces l\u00e9gales","item":"https:\/\/www.annonces-legales.org\/blog\/liste-des-journaux-habilites-a-publier-des-annonces-legales\/"},{"@type":"ListItem","position":3,"name":"La Volont\u00e9 Paysanne"}]},{"@type":"WebSite","@id":"https:\/\/www.annonces-legales.org\/blog\/#website","url":"https:\/\/www.annonces-legales.org\/blog\/","name":"Actualit\u00e9 des entreprises","description":"","publisher":{"@id":"https:\/\/www.annonces-legales.org\/blog\/#organization"},"potentialAction":[{"@type":"SearchAction","target":{"@type":"EntryPoint","urlTemplate":"https:\/\/www.annonces-legales.org\/blog\/?s={search_term_string}"},"query-input":{"@type":"PropertyValueSpecification","valueRequired":true,"valueName":"search_term_string"}}],"inLanguage":"fr-FR"},{"@type":"Organization","@id":"https:\/\/www.annonces-legales.org\/blog\/#organization","name":"Actualit\u00e9 des entreprises","url":"https:\/\/www.annonces-legales.org\/blog\/","logo":{"@type":"ImageObject","inLanguage":"fr-FR","@id":"https:\/\/www.annonces-legales.org\/blog\/#\/schema\/logo\/image\/","url":"https:\/\/www.annonces-legales.org\/blog\/wp-content\/uploads\/2023\/08\/annonces-legales.svg","contentUrl":"https:\/\/www.annonces-legales.org\/blog\/wp-content\/uploads\/2023\/08\/annonces-legales.svg","caption":"Actualit\u00e9 des entreprises"},"image":{"@id":"https:\/\/www.annonces-legales.org\/blog\/#\/schema\/logo\/image\/"}}]}},"_links":{"self":[{"href":"https:\/\/www.annonces-legales.org\/blog\/wp-json\/wp\/v2\/pages\/646","targetHints":{"allow":["GET"]}}],"collection":[{"href":"https:\/\/www.annonces-legales.org\/blog\/wp-json\/wp\/v2\/pages"}],"about":[{"href":"https:\/\/www.annonces-legales.org\/blog\/wp-json\/wp\/v2\/types\/page"}],"author":[{"embeddable":true,"href":"https:\/\/www.annonces-legales.org\/blog\/wp-json\/wp\/v2\/users\/1"}],"replies":[{"embeddable":true,"href":"https:\/\/www.annonces-legales.org\/blog\/wp-json\/wp\/v2\/comments?post=646"}],"version-history":[{"count":6,"href":"https:\/\/www.annonces-legales.org\/blog\/wp-json\/wp\/v2\/pages\/646\/revisions"}],"predecessor-version":[{"id":1365,"href":"https:\/\/www.annonces-legales.org\/blog\/wp-json\/wp\/v2\/pages\/646\/revisions\/1365"}],"up":[{"embeddable":true,"href":"https:\/\/www.annonces-legales.org\/blog\/wp-json\/wp\/v2\/pages\/351"}],"wp:attachment":[{"href":"https:\/\/www.annonces-legales.org\/blog\/wp-json\/wp\/v2\/media?parent=646"}],"curies":[{"name":"wp","href":"https:\/\/api.w.org\/{rel}","templated":true}]}}