{"id":648,"date":"2021-09-13T19:28:51","date_gmt":"2021-09-13T17:28:51","guid":{"rendered":"https:\/\/www.annonces-legales.org\/blog\/?page_id=648"},"modified":"2022-01-26T11:48:30","modified_gmt":"2022-01-26T10:48:30","slug":"est-agricole-et-viticole","status":"publish","type":"page","link":"https:\/\/www.annonces-legales.org\/blog\/est-agricole-et-viticole\/","title":{"rendered":"Est Agricole et Viticole"},"content":{"rendered":"<p><img loading=\"lazy\" decoding=\"async\" class=\"aligncenter size-full wp-image-677\" src=\"https:\/\/www.annonces-legales.org\/blog\/wp-content\/uploads\/2021\/09\/est-agricole-et-viticole.png\" alt=\"\" width=\"220\" height=\"146\" \/><\/p>\n<p>L&rsquo;<strong>Est Agricole et Viticole<\/strong> est un hebdomadaire du d\u00e9partement du Bas-Rhin dont le jour de parution est le vendredi.<\/p>\n<p>Le journal offre des actualit\u00e9s sur l&rsquo;agriculture et la viticulture dans le d\u00e9partement du Bas-Rhin. Ses lecteurs (tirage de pr\u00e8s de 7000 unit\u00e9s chaque semaine) sont principalement des agriculteurs et des viticulteurs ruraux.<br \/>\nIl est vendu un peu moins de deux euros. L&rsquo;abonnement au journal pour un an est de 100 euros.<\/p>\n<p>Le journal poss\u00e8de un site web sur lequel il est possible de lire les articles publi\u00e9s sur le journal. Son adresse est <em>est-agricole.com<\/em><\/p>\n<p>L&rsquo;adresse postale du journal est 6 rue La Haye 67300 Schiltigheim.<\/p>\n<p>Le journal Est agricole et viticole peut faire para\u00eetre des annonces l\u00e9gales et judiciaires pour le d\u00e9partement du Bas-Rhin (67). En effet, il a re\u00e7u l&rsquo;habilitation de la commission pr\u00e9fectorale du d\u00e9partement du Bas-Rhin.<\/p>\n<h2>Vous souhaitez publier une annonce l\u00e9gale dans le Bas-Rhin ?<\/h2>\n<p>Il est bien s\u00fbr possible d&rsquo;utiliser <strong>le journal l\u2019Est Agricole et Viticole<\/strong>.<\/p>\n<p>Cependant, pour limiter les frais de publication d&rsquo;une annonce l\u00e9gale pour le Bas-Rhin, il est possible d&rsquo;effectuer un devis pour obtenir le prix sur plusieurs journaux habilit\u00e9s de ce d\u00e9partement. C&rsquo;est tr\u00e8s simple et cela ne prend que quelques minutes. Pour cela, nous vous invitons \u00e0 utiliser nos service en cliquant ci dessous ou sur notre logo en haut \u00e0 gauche de la page.<\/p>\n<p>&nbsp;<\/p>\n<br\/><br\/><div class=\"entry-content notopmargin\">\n\t<img decoding=\"async\" class=\"img-fluid fleft\" src=\"https:\/\/www.annonces-legales.org\/images\/rapide-economique-tout-departement.png\" alt=\"Journal d'annonce l\u00e9gale du Bas Rhin \"><a href=\"https:\/\/www.annonces-legales.org\/publication-annonce-legale.html\" class=\"button button-desc fright mtop30\"><div>Je publie<br> mon annonce<br> l\u00e9gale<\/div><span>dans un journal du Bas Rhin !<\/span><\/a>\n<\/div><div class=\"clrbth\"><\/div><br\/><br\/>\n","protected":false},"excerpt":{"rendered":"<p>L&rsquo;Est Agricole et Viticole est un hebdomadaire du d\u00e9partement du Bas-Rhin dont le jour de parution est le vendredi. Le [&hellip;]<\/p>\n","protected":false},"author":1,"featured_media":0,"parent":351,"menu_order":0,"comment_status":"closed","ping_status":"closed","template":"","meta":{"inline_featured_image":false,"footnotes":""},"class_list":["post-648","page","type-page","status-publish","hentry"],"yoast_head":"<!-- This site is optimized with the Yoast SEO plugin v26.8 - https:\/\/yoast.com\/product\/yoast-seo-wordpress\/ -->\n<title>Est Agricole et Viticole - Actualit\u00e9 des entreprises<\/title>\n<meta name=\"robots\" content=\"index, follow, max-snippet:-1, max-image-preview:large, max-video-preview:-1\" \/>\n<link rel=\"canonical\" href=\"https:\/\/www.annonces-legales.org\/blog\/est-agricole-et-viticole\/\" \/>\n<meta property=\"og:locale\" content=\"fr_FR\" \/>\n<meta property=\"og:type\" content=\"article\" \/>\n<meta property=\"og:title\" content=\"Est Agricole et Viticole - Actualit\u00e9 des entreprises\" \/>\n<meta property=\"og:description\" content=\"L&rsquo;Est Agricole et Viticole est un hebdomadaire du d\u00e9partement du Bas-Rhin dont le jour de parution est le vendredi. Le [&hellip;]\" \/>\n<meta property=\"og:url\" content=\"https:\/\/www.annonces-legales.org\/blog\/est-agricole-et-viticole\/\" \/>\n<meta property=\"og:site_name\" content=\"Actualit\u00e9 des entreprises\" \/>\n<meta property=\"article:modified_time\" content=\"2022-01-26T10:48:30+00:00\" \/>\n<meta property=\"og:image\" content=\"https:\/\/www.annonces-legales.org\/blog\/wp-content\/uploads\/2021\/09\/est-agricole-et-viticole.png\" \/>\n\t<meta property=\"og:image:width\" content=\"220\" \/>\n\t<meta property=\"og:image:height\" content=\"146\" \/>\n\t<meta property=\"og:image:type\" content=\"image\/png\" \/>\n<meta name=\"twitter:card\" content=\"summary_large_image\" \/>\n<meta name=\"twitter:label1\" content=\"Dur\u00e9e de lecture estim\u00e9e\" \/>\n\t<meta name=\"twitter:data1\" content=\"1 minute\" \/>\n<script type=\"application\/ld+json\" class=\"yoast-schema-graph\">{\"@context\":\"https:\/\/schema.org\",\"@graph\":[{\"@type\":\"WebPage\",\"@id\":\"https:\/\/www.annonces-legales.org\/blog\/est-agricole-et-viticole\/\",\"url\":\"https:\/\/www.annonces-legales.org\/blog\/est-agricole-et-viticole\/\",\"name\":\"Est Agricole et Viticole - Actualit\u00e9 des entreprises\",\"isPartOf\":{\"@id\":\"https:\/\/www.annonces-legales.org\/blog\/#website\"},\"primaryImageOfPage\":{\"@id\":\"https:\/\/www.annonces-legales.org\/blog\/est-agricole-et-viticole\/#primaryimage\"},\"image\":{\"@id\":\"https:\/\/www.annonces-legales.org\/blog\/est-agricole-et-viticole\/#primaryimage\"},\"thumbnailUrl\":\"https:\/\/www.annonces-legales.org\/blog\/wp-content\/uploads\/2021\/09\/est-agricole-et-viticole.png\",\"datePublished\":\"2021-09-13T17:28:51+00:00\",\"dateModified\":\"2022-01-26T10:48:30+00:00\",\"breadcrumb\":{\"@id\":\"https:\/\/www.annonces-legales.org\/blog\/est-agricole-et-viticole\/#breadcrumb\"},\"inLanguage\":\"fr-FR\",\"potentialAction\":[{\"@type\":\"ReadAction\",\"target\":[\"https:\/\/www.annonces-legales.org\/blog\/est-agricole-et-viticole\/\"]}]},{\"@type\":\"ImageObject\",\"inLanguage\":\"fr-FR\",\"@id\":\"https:\/\/www.annonces-legales.org\/blog\/est-agricole-et-viticole\/#primaryimage\",\"url\":\"https:\/\/www.annonces-legales.org\/blog\/wp-content\/uploads\/2021\/09\/est-agricole-et-viticole.png\",\"contentUrl\":\"https:\/\/www.annonces-legales.org\/blog\/wp-content\/uploads\/2021\/09\/est-agricole-et-viticole.png\",\"width\":220,\"height\":146},{\"@type\":\"BreadcrumbList\",\"@id\":\"https:\/\/www.annonces-legales.org\/blog\/est-agricole-et-viticole\/#breadcrumb\",\"itemListElement\":[{\"@type\":\"ListItem\",\"position\":1,\"name\":\"Accueil\",\"item\":\"https:\/\/www.annonces-legales.org\/blog\/\"},{\"@type\":\"ListItem\",\"position\":2,\"name\":\"Liste des journaux habilit\u00e9s \u00e0 publier des annonces l\u00e9gales\",\"item\":\"https:\/\/www.annonces-legales.org\/blog\/liste-des-journaux-habilites-a-publier-des-annonces-legales\/\"},{\"@type\":\"ListItem\",\"position\":3,\"name\":\"Est Agricole et Viticole\"}]},{\"@type\":\"WebSite\",\"@id\":\"https:\/\/www.annonces-legales.org\/blog\/#website\",\"url\":\"https:\/\/www.annonces-legales.org\/blog\/\",\"name\":\"Actualit\u00e9 des entreprises\",\"description\":\"\",\"publisher\":{\"@id\":\"https:\/\/www.annonces-legales.org\/blog\/#organization\"},\"potentialAction\":[{\"@type\":\"SearchAction\",\"target\":{\"@type\":\"EntryPoint\",\"urlTemplate\":\"https:\/\/www.annonces-legales.org\/blog\/?s={search_term_string}\"},\"query-input\":{\"@type\":\"PropertyValueSpecification\",\"valueRequired\":true,\"valueName\":\"search_term_string\"}}],\"inLanguage\":\"fr-FR\"},{\"@type\":\"Organization\",\"@id\":\"https:\/\/www.annonces-legales.org\/blog\/#organization\",\"name\":\"Actualit\u00e9 des entreprises\",\"url\":\"https:\/\/www.annonces-legales.org\/blog\/\",\"logo\":{\"@type\":\"ImageObject\",\"inLanguage\":\"fr-FR\",\"@id\":\"https:\/\/www.annonces-legales.org\/blog\/#\/schema\/logo\/image\/\",\"url\":\"https:\/\/www.annonces-legales.org\/blog\/wp-content\/uploads\/2023\/08\/annonces-legales.svg\",\"contentUrl\":\"https:\/\/www.annonces-legales.org\/blog\/wp-content\/uploads\/2023\/08\/annonces-legales.svg\",\"caption\":\"Actualit\u00e9 des entreprises\"},\"image\":{\"@id\":\"https:\/\/www.annonces-legales.org\/blog\/#\/schema\/logo\/image\/\"}}]}<\/script>\n<!-- \/ Yoast SEO plugin. -->","yoast_head_json":{"title":"Est Agricole et Viticole - Actualit\u00e9 des entreprises","robots":{"index":"index","follow":"follow","max-snippet":"max-snippet:-1","max-image-preview":"max-image-preview:large","max-video-preview":"max-video-preview:-1"},"canonical":"https:\/\/www.annonces-legales.org\/blog\/est-agricole-et-viticole\/","og_locale":"fr_FR","og_type":"article","og_title":"Est Agricole et Viticole - Actualit\u00e9 des entreprises","og_description":"L&rsquo;Est Agricole et Viticole est un hebdomadaire du d\u00e9partement du Bas-Rhin dont le jour de parution est le vendredi. Le [&hellip;]","og_url":"https:\/\/www.annonces-legales.org\/blog\/est-agricole-et-viticole\/","og_site_name":"Actualit\u00e9 des entreprises","article_modified_time":"2022-01-26T10:48:30+00:00","og_image":[{"width":220,"height":146,"url":"https:\/\/www.annonces-legales.org\/blog\/wp-content\/uploads\/2021\/09\/est-agricole-et-viticole.png","type":"image\/png"}],"twitter_card":"summary_large_image","twitter_misc":{"Dur\u00e9e de lecture estim\u00e9e":"1 minute"},"schema":{"@context":"https:\/\/schema.org","@graph":[{"@type":"WebPage","@id":"https:\/\/www.annonces-legales.org\/blog\/est-agricole-et-viticole\/","url":"https:\/\/www.annonces-legales.org\/blog\/est-agricole-et-viticole\/","name":"Est Agricole et Viticole - Actualit\u00e9 des entreprises","isPartOf":{"@id":"https:\/\/www.annonces-legales.org\/blog\/#website"},"primaryImageOfPage":{"@id":"https:\/\/www.annonces-legales.org\/blog\/est-agricole-et-viticole\/#primaryimage"},"image":{"@id":"https:\/\/www.annonces-legales.org\/blog\/est-agricole-et-viticole\/#primaryimage"},"thumbnailUrl":"https:\/\/www.annonces-legales.org\/blog\/wp-content\/uploads\/2021\/09\/est-agricole-et-viticole.png","datePublished":"2021-09-13T17:28:51+00:00","dateModified":"2022-01-26T10:48:30+00:00","breadcrumb":{"@id":"https:\/\/www.annonces-legales.org\/blog\/est-agricole-et-viticole\/#breadcrumb"},"inLanguage":"fr-FR","potentialAction":[{"@type":"ReadAction","target":["https:\/\/www.annonces-legales.org\/blog\/est-agricole-et-viticole\/"]}]},{"@type":"ImageObject","inLanguage":"fr-FR","@id":"https:\/\/www.annonces-legales.org\/blog\/est-agricole-et-viticole\/#primaryimage","url":"https:\/\/www.annonces-legales.org\/blog\/wp-content\/uploads\/2021\/09\/est-agricole-et-viticole.png","contentUrl":"https:\/\/www.annonces-legales.org\/blog\/wp-content\/uploads\/2021\/09\/est-agricole-et-viticole.png","width":220,"height":146},{"@type":"BreadcrumbList","@id":"https:\/\/www.annonces-legales.org\/blog\/est-agricole-et-viticole\/#breadcrumb","itemListElement":[{"@type":"ListItem","position":1,"name":"Accueil","item":"https:\/\/www.annonces-legales.org\/blog\/"},{"@type":"ListItem","position":2,"name":"Liste des journaux habilit\u00e9s \u00e0 publier des annonces l\u00e9gales","item":"https:\/\/www.annonces-legales.org\/blog\/liste-des-journaux-habilites-a-publier-des-annonces-legales\/"},{"@type":"ListItem","position":3,"name":"Est Agricole et Viticole"}]},{"@type":"WebSite","@id":"https:\/\/www.annonces-legales.org\/blog\/#website","url":"https:\/\/www.annonces-legales.org\/blog\/","name":"Actualit\u00e9 des entreprises","description":"","publisher":{"@id":"https:\/\/www.annonces-legales.org\/blog\/#organization"},"potentialAction":[{"@type":"SearchAction","target":{"@type":"EntryPoint","urlTemplate":"https:\/\/www.annonces-legales.org\/blog\/?s={search_term_string}"},"query-input":{"@type":"PropertyValueSpecification","valueRequired":true,"valueName":"search_term_string"}}],"inLanguage":"fr-FR"},{"@type":"Organization","@id":"https:\/\/www.annonces-legales.org\/blog\/#organization","name":"Actualit\u00e9 des entreprises","url":"https:\/\/www.annonces-legales.org\/blog\/","logo":{"@type":"ImageObject","inLanguage":"fr-FR","@id":"https:\/\/www.annonces-legales.org\/blog\/#\/schema\/logo\/image\/","url":"https:\/\/www.annonces-legales.org\/blog\/wp-content\/uploads\/2023\/08\/annonces-legales.svg","contentUrl":"https:\/\/www.annonces-legales.org\/blog\/wp-content\/uploads\/2023\/08\/annonces-legales.svg","caption":"Actualit\u00e9 des entreprises"},"image":{"@id":"https:\/\/www.annonces-legales.org\/blog\/#\/schema\/logo\/image\/"}}]}},"_links":{"self":[{"href":"https:\/\/www.annonces-legales.org\/blog\/wp-json\/wp\/v2\/pages\/648","targetHints":{"allow":["GET"]}}],"collection":[{"href":"https:\/\/www.annonces-legales.org\/blog\/wp-json\/wp\/v2\/pages"}],"about":[{"href":"https:\/\/www.annonces-legales.org\/blog\/wp-json\/wp\/v2\/types\/page"}],"author":[{"embeddable":true,"href":"https:\/\/www.annonces-legales.org\/blog\/wp-json\/wp\/v2\/users\/1"}],"replies":[{"embeddable":true,"href":"https:\/\/www.annonces-legales.org\/blog\/wp-json\/wp\/v2\/comments?post=648"}],"version-history":[{"count":2,"href":"https:\/\/www.annonces-legales.org\/blog\/wp-json\/wp\/v2\/pages\/648\/revisions"}],"predecessor-version":[{"id":678,"href":"https:\/\/www.annonces-legales.org\/blog\/wp-json\/wp\/v2\/pages\/648\/revisions\/678"}],"up":[{"embeddable":true,"href":"https:\/\/www.annonces-legales.org\/blog\/wp-json\/wp\/v2\/pages\/351"}],"wp:attachment":[{"href":"https:\/\/www.annonces-legales.org\/blog\/wp-json\/wp\/v2\/media?parent=648"}],"curies":[{"name":"wp","href":"https:\/\/api.w.org\/{rel}","templated":true}]}}