{"id":650,"date":"2021-09-13T19:32:29","date_gmt":"2021-09-13T17:32:29","guid":{"rendered":"https:\/\/www.annonces-legales.org\/blog\/?page_id=650"},"modified":"2022-01-26T11:34:40","modified_gmt":"2022-01-26T10:34:40","slug":"agriculteur-provencal","status":"publish","type":"page","link":"https:\/\/www.annonces-legales.org\/blog\/agriculteur-provencal\/","title":{"rendered":"Agriculteur proven\u00e7al"},"content":{"rendered":"<p>Cet hebdomadaire propose des informations agricoles pour la r\u00e9gion des <strong>Bouches-du-Rh\u00f4ne.<\/strong><\/p>\n<p>Il appartient au groupe R\u00e9ussir et il est adh\u00e9rent au syndicat national de la presse agricole et rurale (FNPS).<br \/>\nL&rsquo;\u00e9quipe du journal publie 50 num\u00e9ros tous les ans. Le tirage moyen du journal est d&rsquo;environ 800 exemplaires.<br \/>\nLe <strong>journal l&rsquo;Agriculteur Proven\u00e7al<\/strong> est un journal d&rsquo;annonce l\u00e9gal. ainsi il peut publier une annonce l\u00e9gale dans son journal pour le d\u00e9partement des Bouches-du-Rh\u00f4ne.<\/p>\n<h2>Vous souhaitez publier une annonce l\u00e9gale dans le d\u00e9partement des Bouches-du-Rh\u00f4ne ?<\/h2>\n<p>Toute entreprise ayant une structure juridique de type SARL, EURL, SAS, SA, SCI doit publier des annonces l\u00e9gales. Si une entreprise poss\u00e8de son si\u00e8ge social \u00e0 Vitrolles, \u00e0 Aubagne, \u00e0 Aix-en-Provence, \u00e0 Arles, \u00e0 Istres ou dans n&rsquo;importe quelle ville des Bouches-du-Rh\u00f4ne, elle devra publier des annonces l\u00e9gales lorsqu&rsquo;elle fait des changements dans sa structure ou dans son fonctionnement.<\/p>\n<p>L&rsquo;agriculteur proven\u00e7al est un journal qui peut accueillir ce type d&rsquo;annonce l\u00e9gale. Il existe n\u00e9anmoins d&rsquo;autres journaux d&rsquo;annonces l\u00e9gales pour ce d\u00e9partement. Afin de payer moins cher et de faire baisser le prix de l&rsquo;annonce l\u00e9gale, il est n\u00e9cessaire d&rsquo;effectuer une demande de devis sur plusieurs journaux du d\u00e9partement des Bouches-du-Rh\u00f4ne.<\/p>\n<p>La plate-forme annonces-legales.org vous permet de le faire en quelques minutes seulement.<\/p>\n<p>&nbsp;<\/p>\n<br\/><br\/><div class=\"entry-content notopmargin\">\n\t<img decoding=\"async\" class=\"img-fluid fleft\" src=\"https:\/\/www.annonces-legales.org\/images\/rapide-economique-tout-departement.png\" alt=\"Journal d'annonce l\u00e9gale des Bouches du Rh\u00f4ne \"><a href=\"https:\/\/www.annonces-legales.org\/publication-annonce-legale.html\" class=\"button button-desc fright mtop30\"><div>Je publie<br> mon annonce<br> l\u00e9gale<\/div><span>dans un journal des Bouches du Rh\u00f4ne !<\/span><\/a>\n<\/div><div class=\"clrbth\"><\/div><br\/><br\/>\n","protected":false},"excerpt":{"rendered":"<p>Cet hebdomadaire propose des informations agricoles pour la r\u00e9gion des Bouches-du-Rh\u00f4ne. Il appartient au groupe R\u00e9ussir et il est adh\u00e9rent [&hellip;]<\/p>\n","protected":false},"author":1,"featured_media":0,"parent":351,"menu_order":0,"comment_status":"closed","ping_status":"closed","template":"","meta":{"inline_featured_image":false,"footnotes":""},"class_list":["post-650","page","type-page","status-publish","hentry"],"yoast_head":"<!-- This site is optimized with the Yoast SEO plugin v26.8 - https:\/\/yoast.com\/product\/yoast-seo-wordpress\/ -->\n<title>Agriculteur proven\u00e7al - Actualit\u00e9 des entreprises<\/title>\n<meta name=\"robots\" content=\"index, follow, max-snippet:-1, max-image-preview:large, max-video-preview:-1\" \/>\n<link rel=\"canonical\" href=\"https:\/\/www.annonces-legales.org\/blog\/agriculteur-provencal\/\" \/>\n<meta property=\"og:locale\" content=\"fr_FR\" \/>\n<meta property=\"og:type\" content=\"article\" \/>\n<meta property=\"og:title\" content=\"Agriculteur proven\u00e7al - Actualit\u00e9 des entreprises\" \/>\n<meta property=\"og:description\" content=\"Cet hebdomadaire propose des informations agricoles pour la r\u00e9gion des Bouches-du-Rh\u00f4ne. Il appartient au groupe R\u00e9ussir et il est adh\u00e9rent [&hellip;]\" \/>\n<meta property=\"og:url\" content=\"https:\/\/www.annonces-legales.org\/blog\/agriculteur-provencal\/\" \/>\n<meta property=\"og:site_name\" content=\"Actualit\u00e9 des entreprises\" \/>\n<meta property=\"article:modified_time\" content=\"2022-01-26T10:34:40+00:00\" \/>\n<meta name=\"twitter:card\" content=\"summary_large_image\" \/>\n<meta name=\"twitter:label1\" content=\"Dur\u00e9e de lecture estim\u00e9e\" \/>\n\t<meta name=\"twitter:data1\" content=\"1 minute\" \/>\n<script type=\"application\/ld+json\" class=\"yoast-schema-graph\">{\"@context\":\"https:\/\/schema.org\",\"@graph\":[{\"@type\":\"WebPage\",\"@id\":\"https:\/\/www.annonces-legales.org\/blog\/agriculteur-provencal\/\",\"url\":\"https:\/\/www.annonces-legales.org\/blog\/agriculteur-provencal\/\",\"name\":\"Agriculteur proven\u00e7al - Actualit\u00e9 des entreprises\",\"isPartOf\":{\"@id\":\"https:\/\/www.annonces-legales.org\/blog\/#website\"},\"datePublished\":\"2021-09-13T17:32:29+00:00\",\"dateModified\":\"2022-01-26T10:34:40+00:00\",\"breadcrumb\":{\"@id\":\"https:\/\/www.annonces-legales.org\/blog\/agriculteur-provencal\/#breadcrumb\"},\"inLanguage\":\"fr-FR\",\"potentialAction\":[{\"@type\":\"ReadAction\",\"target\":[\"https:\/\/www.annonces-legales.org\/blog\/agriculteur-provencal\/\"]}]},{\"@type\":\"BreadcrumbList\",\"@id\":\"https:\/\/www.annonces-legales.org\/blog\/agriculteur-provencal\/#breadcrumb\",\"itemListElement\":[{\"@type\":\"ListItem\",\"position\":1,\"name\":\"Accueil\",\"item\":\"https:\/\/www.annonces-legales.org\/blog\/\"},{\"@type\":\"ListItem\",\"position\":2,\"name\":\"Liste des journaux habilit\u00e9s \u00e0 publier des annonces l\u00e9gales\",\"item\":\"https:\/\/www.annonces-legales.org\/blog\/liste-des-journaux-habilites-a-publier-des-annonces-legales\/\"},{\"@type\":\"ListItem\",\"position\":3,\"name\":\"Agriculteur proven\u00e7al\"}]},{\"@type\":\"WebSite\",\"@id\":\"https:\/\/www.annonces-legales.org\/blog\/#website\",\"url\":\"https:\/\/www.annonces-legales.org\/blog\/\",\"name\":\"Actualit\u00e9 des entreprises\",\"description\":\"\",\"publisher\":{\"@id\":\"https:\/\/www.annonces-legales.org\/blog\/#organization\"},\"potentialAction\":[{\"@type\":\"SearchAction\",\"target\":{\"@type\":\"EntryPoint\",\"urlTemplate\":\"https:\/\/www.annonces-legales.org\/blog\/?s={search_term_string}\"},\"query-input\":{\"@type\":\"PropertyValueSpecification\",\"valueRequired\":true,\"valueName\":\"search_term_string\"}}],\"inLanguage\":\"fr-FR\"},{\"@type\":\"Organization\",\"@id\":\"https:\/\/www.annonces-legales.org\/blog\/#organization\",\"name\":\"Actualit\u00e9 des entreprises\",\"url\":\"https:\/\/www.annonces-legales.org\/blog\/\",\"logo\":{\"@type\":\"ImageObject\",\"inLanguage\":\"fr-FR\",\"@id\":\"https:\/\/www.annonces-legales.org\/blog\/#\/schema\/logo\/image\/\",\"url\":\"https:\/\/www.annonces-legales.org\/blog\/wp-content\/uploads\/2023\/08\/annonces-legales.svg\",\"contentUrl\":\"https:\/\/www.annonces-legales.org\/blog\/wp-content\/uploads\/2023\/08\/annonces-legales.svg\",\"caption\":\"Actualit\u00e9 des entreprises\"},\"image\":{\"@id\":\"https:\/\/www.annonces-legales.org\/blog\/#\/schema\/logo\/image\/\"}}]}<\/script>\n<!-- \/ Yoast SEO plugin. -->","yoast_head_json":{"title":"Agriculteur proven\u00e7al - Actualit\u00e9 des entreprises","robots":{"index":"index","follow":"follow","max-snippet":"max-snippet:-1","max-image-preview":"max-image-preview:large","max-video-preview":"max-video-preview:-1"},"canonical":"https:\/\/www.annonces-legales.org\/blog\/agriculteur-provencal\/","og_locale":"fr_FR","og_type":"article","og_title":"Agriculteur proven\u00e7al - Actualit\u00e9 des entreprises","og_description":"Cet hebdomadaire propose des informations agricoles pour la r\u00e9gion des Bouches-du-Rh\u00f4ne. Il appartient au groupe R\u00e9ussir et il est adh\u00e9rent [&hellip;]","og_url":"https:\/\/www.annonces-legales.org\/blog\/agriculteur-provencal\/","og_site_name":"Actualit\u00e9 des entreprises","article_modified_time":"2022-01-26T10:34:40+00:00","twitter_card":"summary_large_image","twitter_misc":{"Dur\u00e9e de lecture estim\u00e9e":"1 minute"},"schema":{"@context":"https:\/\/schema.org","@graph":[{"@type":"WebPage","@id":"https:\/\/www.annonces-legales.org\/blog\/agriculteur-provencal\/","url":"https:\/\/www.annonces-legales.org\/blog\/agriculteur-provencal\/","name":"Agriculteur proven\u00e7al - Actualit\u00e9 des entreprises","isPartOf":{"@id":"https:\/\/www.annonces-legales.org\/blog\/#website"},"datePublished":"2021-09-13T17:32:29+00:00","dateModified":"2022-01-26T10:34:40+00:00","breadcrumb":{"@id":"https:\/\/www.annonces-legales.org\/blog\/agriculteur-provencal\/#breadcrumb"},"inLanguage":"fr-FR","potentialAction":[{"@type":"ReadAction","target":["https:\/\/www.annonces-legales.org\/blog\/agriculteur-provencal\/"]}]},{"@type":"BreadcrumbList","@id":"https:\/\/www.annonces-legales.org\/blog\/agriculteur-provencal\/#breadcrumb","itemListElement":[{"@type":"ListItem","position":1,"name":"Accueil","item":"https:\/\/www.annonces-legales.org\/blog\/"},{"@type":"ListItem","position":2,"name":"Liste des journaux habilit\u00e9s \u00e0 publier des annonces l\u00e9gales","item":"https:\/\/www.annonces-legales.org\/blog\/liste-des-journaux-habilites-a-publier-des-annonces-legales\/"},{"@type":"ListItem","position":3,"name":"Agriculteur proven\u00e7al"}]},{"@type":"WebSite","@id":"https:\/\/www.annonces-legales.org\/blog\/#website","url":"https:\/\/www.annonces-legales.org\/blog\/","name":"Actualit\u00e9 des entreprises","description":"","publisher":{"@id":"https:\/\/www.annonces-legales.org\/blog\/#organization"},"potentialAction":[{"@type":"SearchAction","target":{"@type":"EntryPoint","urlTemplate":"https:\/\/www.annonces-legales.org\/blog\/?s={search_term_string}"},"query-input":{"@type":"PropertyValueSpecification","valueRequired":true,"valueName":"search_term_string"}}],"inLanguage":"fr-FR"},{"@type":"Organization","@id":"https:\/\/www.annonces-legales.org\/blog\/#organization","name":"Actualit\u00e9 des entreprises","url":"https:\/\/www.annonces-legales.org\/blog\/","logo":{"@type":"ImageObject","inLanguage":"fr-FR","@id":"https:\/\/www.annonces-legales.org\/blog\/#\/schema\/logo\/image\/","url":"https:\/\/www.annonces-legales.org\/blog\/wp-content\/uploads\/2023\/08\/annonces-legales.svg","contentUrl":"https:\/\/www.annonces-legales.org\/blog\/wp-content\/uploads\/2023\/08\/annonces-legales.svg","caption":"Actualit\u00e9 des entreprises"},"image":{"@id":"https:\/\/www.annonces-legales.org\/blog\/#\/schema\/logo\/image\/"}}]}},"_links":{"self":[{"href":"https:\/\/www.annonces-legales.org\/blog\/wp-json\/wp\/v2\/pages\/650","targetHints":{"allow":["GET"]}}],"collection":[{"href":"https:\/\/www.annonces-legales.org\/blog\/wp-json\/wp\/v2\/pages"}],"about":[{"href":"https:\/\/www.annonces-legales.org\/blog\/wp-json\/wp\/v2\/types\/page"}],"author":[{"embeddable":true,"href":"https:\/\/www.annonces-legales.org\/blog\/wp-json\/wp\/v2\/users\/1"}],"replies":[{"embeddable":true,"href":"https:\/\/www.annonces-legales.org\/blog\/wp-json\/wp\/v2\/comments?post=650"}],"version-history":[{"count":1,"href":"https:\/\/www.annonces-legales.org\/blog\/wp-json\/wp\/v2\/pages\/650\/revisions"}],"predecessor-version":[{"id":651,"href":"https:\/\/www.annonces-legales.org\/blog\/wp-json\/wp\/v2\/pages\/650\/revisions\/651"}],"up":[{"embeddable":true,"href":"https:\/\/www.annonces-legales.org\/blog\/wp-json\/wp\/v2\/pages\/351"}],"wp:attachment":[{"href":"https:\/\/www.annonces-legales.org\/blog\/wp-json\/wp\/v2\/media?parent=650"}],"curies":[{"name":"wp","href":"https:\/\/api.w.org\/{rel}","templated":true}]}}