{"id":658,"date":"2021-09-13T19:46:47","date_gmt":"2021-09-13T17:46:47","guid":{"rendered":"https:\/\/www.annonces-legales.org\/blog\/?page_id=658"},"modified":"2022-01-26T12:07:23","modified_gmt":"2022-01-26T11:07:23","slug":"liberte-bonhomme-libre","status":"publish","type":"page","link":"https:\/\/www.annonces-legales.org\/blog\/liberte-bonhomme-libre\/","title":{"rendered":"Libert\u00e9 Bonhomme libre"},"content":{"rendered":"<p>L&rsquo;hebdomadaire de la presse r\u00e9gionale <strong>Libert\u00e9 Bonhomme Libre publie<\/strong> des actualit\u00e9s grand publique.<\/p>\n<p><img loading=\"lazy\" decoding=\"async\" class=\"aligncenter size-full wp-image-681\" src=\"https:\/\/www.annonces-legales.org\/blog\/wp-content\/uploads\/2021\/09\/Liberte-Bonhomme-libre.png\" alt=\"\" width=\"450\" height=\"160\" srcset=\"https:\/\/www.annonces-legales.org\/blog\/wp-content\/uploads\/2021\/09\/Liberte-Bonhomme-libre.png 450w, https:\/\/www.annonces-legales.org\/blog\/wp-content\/uploads\/2021\/09\/Liberte-Bonhomme-libre-300x107.png 300w\" sizes=\"auto, (max-width: 450px) 100vw, 450px\" \/><\/p>\n<p>Il poss\u00e8de plus de 57 000 lecteurs. Environ 17 % des lecteurs du journal sont des abonn\u00e9s. Il est vendu 1,40 euros. Le directeur de la publication est Francis Gaunaud et la r\u00e9dactrice en chef est Marjorie Janetaud.<\/p>\n<p>Il est possible de s&rsquo;abonner au journal pour une version papier ou une version num\u00e9rique pour 4,70 euros par mois.<\/p>\n<p>C&rsquo;est un journal du groupe de presse publi hebdos qui poss\u00e8de d&rsquo;autres journaux dans le Calvados: <a href=\"https:\/\/www.annonces-legales.org\/blog\/eveil-de-lisieux\/\">l\u2019\u00c9veil de Lisieux<\/a>,Les nouvelles de falaise, le pays d&rsquo;auge, Renaissance le Bessin, La voix le Bocage.<\/p>\n<p>Le journal se situe au 17 rue du Commodore Hallet \u00e0 Caen (14000).<\/p>\n<p>&nbsp;<\/p>\n<h2>Libert\u00e9 Bonhomme libre journal d&rsquo;annonces officielles<\/h2>\n<p>Ce journal hebdomadaire a re\u00e7u une habilitation pour des annonces l\u00e9gales et judiciaires pour le d\u00e9partement du Calvados (14).<\/p>\n<p>Le journal Libert\u00e9 Bonhomme libre publie des annonces l\u00e9gales \u00e0 un rythme d&rsquo;environ 30 par semaine. Ce sont principalement des annonces l\u00e9gales d&rsquo;entreprises.<\/p>\n<p>&nbsp;<\/p>\n<h2>Pour quel type de soci\u00e9t\u00e9 doit-on r\u00e9aliser des annonces officielles ?<\/h2>\n<p>Toutes les entreprises du Calvados devront faire une annonce l\u00e9gale r\u00e9guli\u00e8rement. C&rsquo;est le cas pour les \u00e9tablissements \u00e0 responsabilit\u00e9 limit\u00e9e (SARL, EURL) ou les structures anonymes ou par actions(SA, SAS, SCI).<br \/>\nLes entreprises sans employ\u00e9s ou les petites structures n&rsquo;ont pas besoin de publier ces avis.<\/p>\n<br\/><br\/><div class=\"entry-content notopmargin\">\n\t<img decoding=\"async\" class=\"img-fluid fleft\" src=\"https:\/\/www.annonces-legales.org\/images\/rapide-economique-tout-departement.png\" alt=\"Journal d'annonce l\u00e9gale du Calvados (14) \"><a href=\"https:\/\/www.annonces-legales.org\/publication-annonce-legale.html\" class=\"button button-desc fright mtop30\"><div>Je publie<br> mon annonce<br> l\u00e9gale<\/div><span>dans un journal du Calvados (14) !<\/span><\/a>\n<\/div><div class=\"clrbth\"><\/div><br\/><br\/>\n<h2><\/h2>\n<h2>Publier des annonces l\u00e9gales officielles dans le Calvados<\/h2>\n<p>L&rsquo;insertion d&rsquo;une annonce officielle pour le Calvados peut \u00eatre r\u00e9alis\u00e9 par Libert\u00e9 Bonhomme libre.<br \/>\nCependant, d&rsquo;autres supports permettent de faire cette formalit\u00e9. Pour r\u00e9duire le co\u00fbt des annonces l\u00e9gales, il est important d&rsquo;utiliser des services sp\u00e9cialis\u00e9s qui proposent un large choix de journaux pour la publication. Bien entendu, nous recommandons notre service en ligne annonces-legales.org<br \/>\nVous pouvez faire un devis en 4 minutes pour une annonce l\u00e9gale dans le Calvados.<\/p>\n<p>&nbsp;<\/p>\n<p>&nbsp;<\/p>\n<p>&nbsp;<\/p>\n","protected":false},"excerpt":{"rendered":"<p>L&rsquo;hebdomadaire de la presse r\u00e9gionale Libert\u00e9 Bonhomme Libre publie des actualit\u00e9s grand publique. Il poss\u00e8de plus de 57 000 lecteurs. [&hellip;]<\/p>\n","protected":false},"author":1,"featured_media":0,"parent":351,"menu_order":0,"comment_status":"closed","ping_status":"closed","template":"","meta":{"inline_featured_image":false,"footnotes":""},"class_list":["post-658","page","type-page","status-publish","hentry"],"yoast_head":"<!-- This site is optimized with the Yoast SEO plugin v26.8 - https:\/\/yoast.com\/product\/yoast-seo-wordpress\/ -->\n<title>Libert\u00e9 Bonhomme libre - Actualit\u00e9 des entreprises<\/title>\n<meta name=\"robots\" content=\"index, follow, max-snippet:-1, max-image-preview:large, max-video-preview:-1\" \/>\n<link rel=\"canonical\" href=\"https:\/\/www.annonces-legales.org\/blog\/liberte-bonhomme-libre\/\" \/>\n<meta property=\"og:locale\" content=\"fr_FR\" \/>\n<meta property=\"og:type\" content=\"article\" \/>\n<meta property=\"og:title\" content=\"Libert\u00e9 Bonhomme libre - Actualit\u00e9 des entreprises\" \/>\n<meta property=\"og:description\" content=\"L&rsquo;hebdomadaire de la presse r\u00e9gionale Libert\u00e9 Bonhomme Libre publie des actualit\u00e9s grand publique. Il poss\u00e8de plus de 57 000 lecteurs. [&hellip;]\" \/>\n<meta property=\"og:url\" content=\"https:\/\/www.annonces-legales.org\/blog\/liberte-bonhomme-libre\/\" \/>\n<meta property=\"og:site_name\" content=\"Actualit\u00e9 des entreprises\" \/>\n<meta property=\"article:modified_time\" content=\"2022-01-26T11:07:23+00:00\" \/>\n<meta property=\"og:image\" content=\"https:\/\/www.annonces-legales.org\/blog\/wp-content\/uploads\/2021\/09\/Liberte-Bonhomme-libre.png\" \/>\n\t<meta property=\"og:image:width\" content=\"450\" \/>\n\t<meta property=\"og:image:height\" content=\"160\" \/>\n\t<meta property=\"og:image:type\" content=\"image\/png\" \/>\n<meta name=\"twitter:card\" content=\"summary_large_image\" \/>\n<meta name=\"twitter:label1\" content=\"Dur\u00e9e de lecture estim\u00e9e\" \/>\n\t<meta name=\"twitter:data1\" content=\"2 minutes\" \/>\n<script type=\"application\/ld+json\" class=\"yoast-schema-graph\">{\"@context\":\"https:\/\/schema.org\",\"@graph\":[{\"@type\":\"WebPage\",\"@id\":\"https:\/\/www.annonces-legales.org\/blog\/liberte-bonhomme-libre\/\",\"url\":\"https:\/\/www.annonces-legales.org\/blog\/liberte-bonhomme-libre\/\",\"name\":\"Libert\u00e9 Bonhomme libre - Actualit\u00e9 des entreprises\",\"isPartOf\":{\"@id\":\"https:\/\/www.annonces-legales.org\/blog\/#website\"},\"primaryImageOfPage\":{\"@id\":\"https:\/\/www.annonces-legales.org\/blog\/liberte-bonhomme-libre\/#primaryimage\"},\"image\":{\"@id\":\"https:\/\/www.annonces-legales.org\/blog\/liberte-bonhomme-libre\/#primaryimage\"},\"thumbnailUrl\":\"https:\/\/www.annonces-legales.org\/blog\/wp-content\/uploads\/2021\/09\/Liberte-Bonhomme-libre.png\",\"datePublished\":\"2021-09-13T17:46:47+00:00\",\"dateModified\":\"2022-01-26T11:07:23+00:00\",\"breadcrumb\":{\"@id\":\"https:\/\/www.annonces-legales.org\/blog\/liberte-bonhomme-libre\/#breadcrumb\"},\"inLanguage\":\"fr-FR\",\"potentialAction\":[{\"@type\":\"ReadAction\",\"target\":[\"https:\/\/www.annonces-legales.org\/blog\/liberte-bonhomme-libre\/\"]}]},{\"@type\":\"ImageObject\",\"inLanguage\":\"fr-FR\",\"@id\":\"https:\/\/www.annonces-legales.org\/blog\/liberte-bonhomme-libre\/#primaryimage\",\"url\":\"https:\/\/www.annonces-legales.org\/blog\/wp-content\/uploads\/2021\/09\/Liberte-Bonhomme-libre.png\",\"contentUrl\":\"https:\/\/www.annonces-legales.org\/blog\/wp-content\/uploads\/2021\/09\/Liberte-Bonhomme-libre.png\",\"width\":450,\"height\":160},{\"@type\":\"BreadcrumbList\",\"@id\":\"https:\/\/www.annonces-legales.org\/blog\/liberte-bonhomme-libre\/#breadcrumb\",\"itemListElement\":[{\"@type\":\"ListItem\",\"position\":1,\"name\":\"Accueil\",\"item\":\"https:\/\/www.annonces-legales.org\/blog\/\"},{\"@type\":\"ListItem\",\"position\":2,\"name\":\"Liste des journaux habilit\u00e9s \u00e0 publier des annonces l\u00e9gales\",\"item\":\"https:\/\/www.annonces-legales.org\/blog\/liste-des-journaux-habilites-a-publier-des-annonces-legales\/\"},{\"@type\":\"ListItem\",\"position\":3,\"name\":\"Libert\u00e9 Bonhomme libre\"}]},{\"@type\":\"WebSite\",\"@id\":\"https:\/\/www.annonces-legales.org\/blog\/#website\",\"url\":\"https:\/\/www.annonces-legales.org\/blog\/\",\"name\":\"Actualit\u00e9 des entreprises\",\"description\":\"\",\"publisher\":{\"@id\":\"https:\/\/www.annonces-legales.org\/blog\/#organization\"},\"potentialAction\":[{\"@type\":\"SearchAction\",\"target\":{\"@type\":\"EntryPoint\",\"urlTemplate\":\"https:\/\/www.annonces-legales.org\/blog\/?s={search_term_string}\"},\"query-input\":{\"@type\":\"PropertyValueSpecification\",\"valueRequired\":true,\"valueName\":\"search_term_string\"}}],\"inLanguage\":\"fr-FR\"},{\"@type\":\"Organization\",\"@id\":\"https:\/\/www.annonces-legales.org\/blog\/#organization\",\"name\":\"Actualit\u00e9 des entreprises\",\"url\":\"https:\/\/www.annonces-legales.org\/blog\/\",\"logo\":{\"@type\":\"ImageObject\",\"inLanguage\":\"fr-FR\",\"@id\":\"https:\/\/www.annonces-legales.org\/blog\/#\/schema\/logo\/image\/\",\"url\":\"https:\/\/www.annonces-legales.org\/blog\/wp-content\/uploads\/2023\/08\/annonces-legales.svg\",\"contentUrl\":\"https:\/\/www.annonces-legales.org\/blog\/wp-content\/uploads\/2023\/08\/annonces-legales.svg\",\"caption\":\"Actualit\u00e9 des entreprises\"},\"image\":{\"@id\":\"https:\/\/www.annonces-legales.org\/blog\/#\/schema\/logo\/image\/\"}}]}<\/script>\n<!-- \/ Yoast SEO plugin. -->","yoast_head_json":{"title":"Libert\u00e9 Bonhomme libre - Actualit\u00e9 des entreprises","robots":{"index":"index","follow":"follow","max-snippet":"max-snippet:-1","max-image-preview":"max-image-preview:large","max-video-preview":"max-video-preview:-1"},"canonical":"https:\/\/www.annonces-legales.org\/blog\/liberte-bonhomme-libre\/","og_locale":"fr_FR","og_type":"article","og_title":"Libert\u00e9 Bonhomme libre - Actualit\u00e9 des entreprises","og_description":"L&rsquo;hebdomadaire de la presse r\u00e9gionale Libert\u00e9 Bonhomme Libre publie des actualit\u00e9s grand publique. Il poss\u00e8de plus de 57 000 lecteurs. [&hellip;]","og_url":"https:\/\/www.annonces-legales.org\/blog\/liberte-bonhomme-libre\/","og_site_name":"Actualit\u00e9 des entreprises","article_modified_time":"2022-01-26T11:07:23+00:00","og_image":[{"width":450,"height":160,"url":"https:\/\/www.annonces-legales.org\/blog\/wp-content\/uploads\/2021\/09\/Liberte-Bonhomme-libre.png","type":"image\/png"}],"twitter_card":"summary_large_image","twitter_misc":{"Dur\u00e9e de lecture estim\u00e9e":"2 minutes"},"schema":{"@context":"https:\/\/schema.org","@graph":[{"@type":"WebPage","@id":"https:\/\/www.annonces-legales.org\/blog\/liberte-bonhomme-libre\/","url":"https:\/\/www.annonces-legales.org\/blog\/liberte-bonhomme-libre\/","name":"Libert\u00e9 Bonhomme libre - Actualit\u00e9 des entreprises","isPartOf":{"@id":"https:\/\/www.annonces-legales.org\/blog\/#website"},"primaryImageOfPage":{"@id":"https:\/\/www.annonces-legales.org\/blog\/liberte-bonhomme-libre\/#primaryimage"},"image":{"@id":"https:\/\/www.annonces-legales.org\/blog\/liberte-bonhomme-libre\/#primaryimage"},"thumbnailUrl":"https:\/\/www.annonces-legales.org\/blog\/wp-content\/uploads\/2021\/09\/Liberte-Bonhomme-libre.png","datePublished":"2021-09-13T17:46:47+00:00","dateModified":"2022-01-26T11:07:23+00:00","breadcrumb":{"@id":"https:\/\/www.annonces-legales.org\/blog\/liberte-bonhomme-libre\/#breadcrumb"},"inLanguage":"fr-FR","potentialAction":[{"@type":"ReadAction","target":["https:\/\/www.annonces-legales.org\/blog\/liberte-bonhomme-libre\/"]}]},{"@type":"ImageObject","inLanguage":"fr-FR","@id":"https:\/\/www.annonces-legales.org\/blog\/liberte-bonhomme-libre\/#primaryimage","url":"https:\/\/www.annonces-legales.org\/blog\/wp-content\/uploads\/2021\/09\/Liberte-Bonhomme-libre.png","contentUrl":"https:\/\/www.annonces-legales.org\/blog\/wp-content\/uploads\/2021\/09\/Liberte-Bonhomme-libre.png","width":450,"height":160},{"@type":"BreadcrumbList","@id":"https:\/\/www.annonces-legales.org\/blog\/liberte-bonhomme-libre\/#breadcrumb","itemListElement":[{"@type":"ListItem","position":1,"name":"Accueil","item":"https:\/\/www.annonces-legales.org\/blog\/"},{"@type":"ListItem","position":2,"name":"Liste des journaux habilit\u00e9s \u00e0 publier des annonces l\u00e9gales","item":"https:\/\/www.annonces-legales.org\/blog\/liste-des-journaux-habilites-a-publier-des-annonces-legales\/"},{"@type":"ListItem","position":3,"name":"Libert\u00e9 Bonhomme libre"}]},{"@type":"WebSite","@id":"https:\/\/www.annonces-legales.org\/blog\/#website","url":"https:\/\/www.annonces-legales.org\/blog\/","name":"Actualit\u00e9 des entreprises","description":"","publisher":{"@id":"https:\/\/www.annonces-legales.org\/blog\/#organization"},"potentialAction":[{"@type":"SearchAction","target":{"@type":"EntryPoint","urlTemplate":"https:\/\/www.annonces-legales.org\/blog\/?s={search_term_string}"},"query-input":{"@type":"PropertyValueSpecification","valueRequired":true,"valueName":"search_term_string"}}],"inLanguage":"fr-FR"},{"@type":"Organization","@id":"https:\/\/www.annonces-legales.org\/blog\/#organization","name":"Actualit\u00e9 des entreprises","url":"https:\/\/www.annonces-legales.org\/blog\/","logo":{"@type":"ImageObject","inLanguage":"fr-FR","@id":"https:\/\/www.annonces-legales.org\/blog\/#\/schema\/logo\/image\/","url":"https:\/\/www.annonces-legales.org\/blog\/wp-content\/uploads\/2023\/08\/annonces-legales.svg","contentUrl":"https:\/\/www.annonces-legales.org\/blog\/wp-content\/uploads\/2023\/08\/annonces-legales.svg","caption":"Actualit\u00e9 des entreprises"},"image":{"@id":"https:\/\/www.annonces-legales.org\/blog\/#\/schema\/logo\/image\/"}}]}},"_links":{"self":[{"href":"https:\/\/www.annonces-legales.org\/blog\/wp-json\/wp\/v2\/pages\/658","targetHints":{"allow":["GET"]}}],"collection":[{"href":"https:\/\/www.annonces-legales.org\/blog\/wp-json\/wp\/v2\/pages"}],"about":[{"href":"https:\/\/www.annonces-legales.org\/blog\/wp-json\/wp\/v2\/types\/page"}],"author":[{"embeddable":true,"href":"https:\/\/www.annonces-legales.org\/blog\/wp-json\/wp\/v2\/users\/1"}],"replies":[{"embeddable":true,"href":"https:\/\/www.annonces-legales.org\/blog\/wp-json\/wp\/v2\/comments?post=658"}],"version-history":[{"count":6,"href":"https:\/\/www.annonces-legales.org\/blog\/wp-json\/wp\/v2\/pages\/658\/revisions"}],"predecessor-version":[{"id":1380,"href":"https:\/\/www.annonces-legales.org\/blog\/wp-json\/wp\/v2\/pages\/658\/revisions\/1380"}],"up":[{"embeddable":true,"href":"https:\/\/www.annonces-legales.org\/blog\/wp-json\/wp\/v2\/pages\/351"}],"wp:attachment":[{"href":"https:\/\/www.annonces-legales.org\/blog\/wp-json\/wp\/v2\/media?parent=658"}],"curies":[{"name":"wp","href":"https:\/\/api.w.org\/{rel}","templated":true}]}}