{"id":662,"date":"2021-09-13T19:52:49","date_gmt":"2021-09-13T17:52:49","guid":{"rendered":"https:\/\/www.annonces-legales.org\/blog\/?page_id=662"},"modified":"2022-01-26T12:09:25","modified_gmt":"2022-01-26T11:09:25","slug":"nouvelles-de-falaise","status":"publish","type":"page","link":"https:\/\/www.annonces-legales.org\/blog\/nouvelles-de-falaise\/","title":{"rendered":"Nouvelles de Falaise"},"content":{"rendered":"<p><strong>Les Nouvelles de Falaise<\/strong> est un hebdomadaire du Calvados qui est vendu 1,40 euros. Il est publi\u00e9 tous les jeudis. Son lectorat est de 14 000 calvadosiens. Un abonnement annuel au journal est de 5,60 euros par mois. La version num\u00e9rique a un co\u00fbt identique.<\/p>\n<p><img loading=\"lazy\" decoding=\"async\" class=\"aligncenter size-full wp-image-683\" src=\"https:\/\/www.annonces-legales.org\/blog\/wp-content\/uploads\/2021\/09\/les-nouvelles-de-falaise.png\" alt=\"\" width=\"400\" height=\"142\" srcset=\"https:\/\/www.annonces-legales.org\/blog\/wp-content\/uploads\/2021\/09\/les-nouvelles-de-falaise.png 400w, https:\/\/www.annonces-legales.org\/blog\/wp-content\/uploads\/2021\/09\/les-nouvelles-de-falaise-300x107.png 300w\" sizes=\"auto, (max-width: 400px) 100vw, 400px\" \/><\/p>\n<p>Ce journal appartient au groupe Publi Hebdo qui poss\u00e8de de nombreux journaux papier et num\u00e9riques. Le groupe poss\u00e8de plusieurs autres journaux r\u00e9gionaux dans le Calvados comme par exemple <a href=\"https:\/\/www.annonces-legales.org\/blog\/liberte-bonhomme-libre\/\">Libert\u00e9 Bonhomme libre.<\/a><\/p>\n<p>L&rsquo;\u00e9quipe de r\u00e9daction est compos\u00e9e entre autres de Francis Gaunaud et de Philippe Rifflet.<\/p>\n<p><strong>Adresse du journal<\/strong> : 13 rue du Breil, Rennes 35051 Cedex.<\/p>\n<p>&nbsp;<\/p>\n<h2>Les Nouvelles de Falaise, JAL du 14<\/h2>\n<p>Les Nouvelles de Falaise est <strong>habilit\u00e9 pour publier des annonces l\u00e9gales dans le Calvados (14)<\/strong>.<\/p>\n<p>Il peut faire les annonces l\u00e9gales et judiciaires des entreprises et des particuliers du d\u00e9partement.<\/p>\n<br\/><br\/><div class=\"entry-content notopmargin\">\n\t<img decoding=\"async\" class=\"img-fluid fleft\" src=\"https:\/\/www.annonces-legales.org\/images\/rapide-economique-tout-departement.png\" alt=\"Journal d'annonce l\u00e9gale habilit\u00e9 du Calvados \"><a href=\"https:\/\/www.annonces-legales.org\/publication-annonce-legale.html\" class=\"button button-desc fright mtop30\"><div>Je publie<br> mon annonce<br> l\u00e9gale<\/div><span>dans un journal habilit\u00e9 du Calvados !<\/span><\/a>\n<\/div><div class=\"clrbth\"><\/div><br\/><br\/>\n<p>&nbsp;<\/p>\n<h2>Combien co\u00fbte une annonce l\u00e9gale sur le journal officiel Les Nouvelles de Falaise ?<\/h2>\n<p>Le prix des annonces l\u00e9gales de cr\u00e9ation est important mais fix\u00e9 nationalement. Qu&rsquo;elle soit r\u00e9alis\u00e9 dans Les Nouvelles de Falaise ou dans tout autre journal le prix sera \u00e0 peu pr\u00e8s le m\u00eame. N\u00e9anmoins, le service en ligne annonces-legales.org propose des services gratuits suppl\u00e9mentaires comme la relecture de l&rsquo;annonce ou l&rsquo;envoi imm\u00e9diat de l&rsquo;attestation de publication.<br \/>\nComptez entre 120 et 400 euros pour une annonce de cr\u00e9ation selon la forme de la soci\u00e9t\u00e9.<\/p>\n<p>Les annonces judiciaires et l\u00e9gales qui ne sont pas des annonces pour la cr\u00e9ation de l&rsquo;entreprise ont un prix fluctuant et in\u00e9gale.<\/p>\n<p>Tous les printemps, la pr\u00e9fecture du Calvados se r\u00e9unit en assembl\u00e9 afin de d\u00e9terminer le prix \u00e0 la ligne (prix de base). Il s\u2019\u00e9tablit entre quatre et six euros hors tva. Selon le contenu de l&rsquo;annonce (sachant que certaines entreprises ont un nom tr\u00e8s long ou une adresse \u00e0 rallonge) le prix va \u00eatre diff\u00e9rent.<\/p>\n<p>Mais la plus grande diff\u00e9rence de co\u00fbt va plut\u00f4t se faire sur la s\u00e9lection du journal d&rsquo;annonce l\u00e9gale ou de l&rsquo;entreprise. En effet, contrairement aux annonces de cr\u00e9ation, toutes les autres annonces ont un prix fix\u00e9 librement par chaque journal. Ces JAL auront des marges diff\u00e9rentes.<br \/>\nIl est pr\u00e9f\u00e9rable de demander un devis aupr\u00e8s de plusieurs journaux afin d&rsquo;\u00eatre s\u00fbr de d\u00e9penser le moins possible. C&rsquo;est facile avec annonces-legales.org<\/p>\n<p>&nbsp;<\/p>\n<h2>Publier une annonce officielle avec notre service de formalit\u00e9 Annonces-legales.org dans le Calvados<\/h2>\n<p>Annonces-legales.org vous donne la possibilit\u00e9 de publier des annonces l\u00e9gales dans l\u2019ensemble des d\u00e9partements fran\u00e7ais au meilleurs prix possible. Vous pouvez voir les prix sur diff\u00e9rents journaux pour tous les d\u00e9partements en demandant un devis.<\/p>\n<p>C&rsquo;est simple, rapide, efficace. Service qui ne n\u00e9cessite pas de connaissances juridiques et sans inscription.<\/p>\n<p>&nbsp;<\/p>\n","protected":false},"excerpt":{"rendered":"<p>Les Nouvelles de Falaise est un hebdomadaire du Calvados qui est vendu 1,40 euros. Il est publi\u00e9 tous les jeudis. [&hellip;]<\/p>\n","protected":false},"author":1,"featured_media":0,"parent":351,"menu_order":0,"comment_status":"closed","ping_status":"closed","template":"","meta":{"inline_featured_image":false,"footnotes":""},"class_list":["post-662","page","type-page","status-publish","hentry"],"yoast_head":"<!-- This site is optimized with the Yoast SEO plugin v26.8 - https:\/\/yoast.com\/product\/yoast-seo-wordpress\/ -->\n<title>Nouvelles de Falaise - Actualit\u00e9 des entreprises<\/title>\n<meta name=\"robots\" content=\"index, follow, max-snippet:-1, max-image-preview:large, max-video-preview:-1\" \/>\n<link rel=\"canonical\" href=\"https:\/\/www.annonces-legales.org\/blog\/nouvelles-de-falaise\/\" \/>\n<meta property=\"og:locale\" content=\"fr_FR\" \/>\n<meta property=\"og:type\" content=\"article\" \/>\n<meta property=\"og:title\" content=\"Nouvelles de Falaise - Actualit\u00e9 des entreprises\" \/>\n<meta property=\"og:description\" content=\"Les Nouvelles de Falaise est un hebdomadaire du Calvados qui est vendu 1,40 euros. Il est publi\u00e9 tous les jeudis. [&hellip;]\" \/>\n<meta property=\"og:url\" content=\"https:\/\/www.annonces-legales.org\/blog\/nouvelles-de-falaise\/\" \/>\n<meta property=\"og:site_name\" content=\"Actualit\u00e9 des entreprises\" \/>\n<meta property=\"article:modified_time\" content=\"2022-01-26T11:09:25+00:00\" \/>\n<meta property=\"og:image\" content=\"https:\/\/www.annonces-legales.org\/blog\/wp-content\/uploads\/2021\/09\/les-nouvelles-de-falaise.png\" \/>\n\t<meta property=\"og:image:width\" content=\"400\" \/>\n\t<meta property=\"og:image:height\" content=\"142\" \/>\n\t<meta property=\"og:image:type\" content=\"image\/png\" \/>\n<meta name=\"twitter:card\" content=\"summary_large_image\" \/>\n<meta name=\"twitter:label1\" content=\"Dur\u00e9e de lecture estim\u00e9e\" \/>\n\t<meta name=\"twitter:data1\" content=\"2 minutes\" \/>\n<script type=\"application\/ld+json\" class=\"yoast-schema-graph\">{\"@context\":\"https:\/\/schema.org\",\"@graph\":[{\"@type\":\"WebPage\",\"@id\":\"https:\/\/www.annonces-legales.org\/blog\/nouvelles-de-falaise\/\",\"url\":\"https:\/\/www.annonces-legales.org\/blog\/nouvelles-de-falaise\/\",\"name\":\"Nouvelles de Falaise - Actualit\u00e9 des entreprises\",\"isPartOf\":{\"@id\":\"https:\/\/www.annonces-legales.org\/blog\/#website\"},\"primaryImageOfPage\":{\"@id\":\"https:\/\/www.annonces-legales.org\/blog\/nouvelles-de-falaise\/#primaryimage\"},\"image\":{\"@id\":\"https:\/\/www.annonces-legales.org\/blog\/nouvelles-de-falaise\/#primaryimage\"},\"thumbnailUrl\":\"https:\/\/www.annonces-legales.org\/blog\/wp-content\/uploads\/2021\/09\/les-nouvelles-de-falaise.png\",\"datePublished\":\"2021-09-13T17:52:49+00:00\",\"dateModified\":\"2022-01-26T11:09:25+00:00\",\"breadcrumb\":{\"@id\":\"https:\/\/www.annonces-legales.org\/blog\/nouvelles-de-falaise\/#breadcrumb\"},\"inLanguage\":\"fr-FR\",\"potentialAction\":[{\"@type\":\"ReadAction\",\"target\":[\"https:\/\/www.annonces-legales.org\/blog\/nouvelles-de-falaise\/\"]}]},{\"@type\":\"ImageObject\",\"inLanguage\":\"fr-FR\",\"@id\":\"https:\/\/www.annonces-legales.org\/blog\/nouvelles-de-falaise\/#primaryimage\",\"url\":\"https:\/\/www.annonces-legales.org\/blog\/wp-content\/uploads\/2021\/09\/les-nouvelles-de-falaise.png\",\"contentUrl\":\"https:\/\/www.annonces-legales.org\/blog\/wp-content\/uploads\/2021\/09\/les-nouvelles-de-falaise.png\",\"width\":400,\"height\":142},{\"@type\":\"BreadcrumbList\",\"@id\":\"https:\/\/www.annonces-legales.org\/blog\/nouvelles-de-falaise\/#breadcrumb\",\"itemListElement\":[{\"@type\":\"ListItem\",\"position\":1,\"name\":\"Accueil\",\"item\":\"https:\/\/www.annonces-legales.org\/blog\/\"},{\"@type\":\"ListItem\",\"position\":2,\"name\":\"Liste des journaux habilit\u00e9s \u00e0 publier des annonces l\u00e9gales\",\"item\":\"https:\/\/www.annonces-legales.org\/blog\/liste-des-journaux-habilites-a-publier-des-annonces-legales\/\"},{\"@type\":\"ListItem\",\"position\":3,\"name\":\"Nouvelles de Falaise\"}]},{\"@type\":\"WebSite\",\"@id\":\"https:\/\/www.annonces-legales.org\/blog\/#website\",\"url\":\"https:\/\/www.annonces-legales.org\/blog\/\",\"name\":\"Actualit\u00e9 des entreprises\",\"description\":\"\",\"publisher\":{\"@id\":\"https:\/\/www.annonces-legales.org\/blog\/#organization\"},\"potentialAction\":[{\"@type\":\"SearchAction\",\"target\":{\"@type\":\"EntryPoint\",\"urlTemplate\":\"https:\/\/www.annonces-legales.org\/blog\/?s={search_term_string}\"},\"query-input\":{\"@type\":\"PropertyValueSpecification\",\"valueRequired\":true,\"valueName\":\"search_term_string\"}}],\"inLanguage\":\"fr-FR\"},{\"@type\":\"Organization\",\"@id\":\"https:\/\/www.annonces-legales.org\/blog\/#organization\",\"name\":\"Actualit\u00e9 des entreprises\",\"url\":\"https:\/\/www.annonces-legales.org\/blog\/\",\"logo\":{\"@type\":\"ImageObject\",\"inLanguage\":\"fr-FR\",\"@id\":\"https:\/\/www.annonces-legales.org\/blog\/#\/schema\/logo\/image\/\",\"url\":\"https:\/\/www.annonces-legales.org\/blog\/wp-content\/uploads\/2023\/08\/annonces-legales.svg\",\"contentUrl\":\"https:\/\/www.annonces-legales.org\/blog\/wp-content\/uploads\/2023\/08\/annonces-legales.svg\",\"caption\":\"Actualit\u00e9 des entreprises\"},\"image\":{\"@id\":\"https:\/\/www.annonces-legales.org\/blog\/#\/schema\/logo\/image\/\"}}]}<\/script>\n<!-- \/ Yoast SEO plugin. -->","yoast_head_json":{"title":"Nouvelles de Falaise - Actualit\u00e9 des entreprises","robots":{"index":"index","follow":"follow","max-snippet":"max-snippet:-1","max-image-preview":"max-image-preview:large","max-video-preview":"max-video-preview:-1"},"canonical":"https:\/\/www.annonces-legales.org\/blog\/nouvelles-de-falaise\/","og_locale":"fr_FR","og_type":"article","og_title":"Nouvelles de Falaise - Actualit\u00e9 des entreprises","og_description":"Les Nouvelles de Falaise est un hebdomadaire du Calvados qui est vendu 1,40 euros. Il est publi\u00e9 tous les jeudis. [&hellip;]","og_url":"https:\/\/www.annonces-legales.org\/blog\/nouvelles-de-falaise\/","og_site_name":"Actualit\u00e9 des entreprises","article_modified_time":"2022-01-26T11:09:25+00:00","og_image":[{"width":400,"height":142,"url":"https:\/\/www.annonces-legales.org\/blog\/wp-content\/uploads\/2021\/09\/les-nouvelles-de-falaise.png","type":"image\/png"}],"twitter_card":"summary_large_image","twitter_misc":{"Dur\u00e9e de lecture estim\u00e9e":"2 minutes"},"schema":{"@context":"https:\/\/schema.org","@graph":[{"@type":"WebPage","@id":"https:\/\/www.annonces-legales.org\/blog\/nouvelles-de-falaise\/","url":"https:\/\/www.annonces-legales.org\/blog\/nouvelles-de-falaise\/","name":"Nouvelles de Falaise - Actualit\u00e9 des entreprises","isPartOf":{"@id":"https:\/\/www.annonces-legales.org\/blog\/#website"},"primaryImageOfPage":{"@id":"https:\/\/www.annonces-legales.org\/blog\/nouvelles-de-falaise\/#primaryimage"},"image":{"@id":"https:\/\/www.annonces-legales.org\/blog\/nouvelles-de-falaise\/#primaryimage"},"thumbnailUrl":"https:\/\/www.annonces-legales.org\/blog\/wp-content\/uploads\/2021\/09\/les-nouvelles-de-falaise.png","datePublished":"2021-09-13T17:52:49+00:00","dateModified":"2022-01-26T11:09:25+00:00","breadcrumb":{"@id":"https:\/\/www.annonces-legales.org\/blog\/nouvelles-de-falaise\/#breadcrumb"},"inLanguage":"fr-FR","potentialAction":[{"@type":"ReadAction","target":["https:\/\/www.annonces-legales.org\/blog\/nouvelles-de-falaise\/"]}]},{"@type":"ImageObject","inLanguage":"fr-FR","@id":"https:\/\/www.annonces-legales.org\/blog\/nouvelles-de-falaise\/#primaryimage","url":"https:\/\/www.annonces-legales.org\/blog\/wp-content\/uploads\/2021\/09\/les-nouvelles-de-falaise.png","contentUrl":"https:\/\/www.annonces-legales.org\/blog\/wp-content\/uploads\/2021\/09\/les-nouvelles-de-falaise.png","width":400,"height":142},{"@type":"BreadcrumbList","@id":"https:\/\/www.annonces-legales.org\/blog\/nouvelles-de-falaise\/#breadcrumb","itemListElement":[{"@type":"ListItem","position":1,"name":"Accueil","item":"https:\/\/www.annonces-legales.org\/blog\/"},{"@type":"ListItem","position":2,"name":"Liste des journaux habilit\u00e9s \u00e0 publier des annonces l\u00e9gales","item":"https:\/\/www.annonces-legales.org\/blog\/liste-des-journaux-habilites-a-publier-des-annonces-legales\/"},{"@type":"ListItem","position":3,"name":"Nouvelles de Falaise"}]},{"@type":"WebSite","@id":"https:\/\/www.annonces-legales.org\/blog\/#website","url":"https:\/\/www.annonces-legales.org\/blog\/","name":"Actualit\u00e9 des entreprises","description":"","publisher":{"@id":"https:\/\/www.annonces-legales.org\/blog\/#organization"},"potentialAction":[{"@type":"SearchAction","target":{"@type":"EntryPoint","urlTemplate":"https:\/\/www.annonces-legales.org\/blog\/?s={search_term_string}"},"query-input":{"@type":"PropertyValueSpecification","valueRequired":true,"valueName":"search_term_string"}}],"inLanguage":"fr-FR"},{"@type":"Organization","@id":"https:\/\/www.annonces-legales.org\/blog\/#organization","name":"Actualit\u00e9 des entreprises","url":"https:\/\/www.annonces-legales.org\/blog\/","logo":{"@type":"ImageObject","inLanguage":"fr-FR","@id":"https:\/\/www.annonces-legales.org\/blog\/#\/schema\/logo\/image\/","url":"https:\/\/www.annonces-legales.org\/blog\/wp-content\/uploads\/2023\/08\/annonces-legales.svg","contentUrl":"https:\/\/www.annonces-legales.org\/blog\/wp-content\/uploads\/2023\/08\/annonces-legales.svg","caption":"Actualit\u00e9 des entreprises"},"image":{"@id":"https:\/\/www.annonces-legales.org\/blog\/#\/schema\/logo\/image\/"}}]}},"_links":{"self":[{"href":"https:\/\/www.annonces-legales.org\/blog\/wp-json\/wp\/v2\/pages\/662","targetHints":{"allow":["GET"]}}],"collection":[{"href":"https:\/\/www.annonces-legales.org\/blog\/wp-json\/wp\/v2\/pages"}],"about":[{"href":"https:\/\/www.annonces-legales.org\/blog\/wp-json\/wp\/v2\/types\/page"}],"author":[{"embeddable":true,"href":"https:\/\/www.annonces-legales.org\/blog\/wp-json\/wp\/v2\/users\/1"}],"replies":[{"embeddable":true,"href":"https:\/\/www.annonces-legales.org\/blog\/wp-json\/wp\/v2\/comments?post=662"}],"version-history":[{"count":5,"href":"https:\/\/www.annonces-legales.org\/blog\/wp-json\/wp\/v2\/pages\/662\/revisions"}],"predecessor-version":[{"id":1337,"href":"https:\/\/www.annonces-legales.org\/blog\/wp-json\/wp\/v2\/pages\/662\/revisions\/1337"}],"up":[{"embeddable":true,"href":"https:\/\/www.annonces-legales.org\/blog\/wp-json\/wp\/v2\/pages\/351"}],"wp:attachment":[{"href":"https:\/\/www.annonces-legales.org\/blog\/wp-json\/wp\/v2\/media?parent=662"}],"curies":[{"name":"wp","href":"https:\/\/api.w.org\/{rel}","templated":true}]}}