{"id":664,"date":"2021-09-13T19:55:36","date_gmt":"2021-09-13T17:55:36","guid":{"rendered":"https:\/\/www.annonces-legales.org\/blog\/?page_id=664"},"modified":"2022-01-26T12:10:14","modified_gmt":"2022-01-26T11:10:14","slug":"pays-dauge","status":"publish","type":"page","link":"https:\/\/www.annonces-legales.org\/blog\/pays-dauge\/","title":{"rendered":"Pays d&rsquo;Auge"},"content":{"rendered":"<p><img loading=\"lazy\" decoding=\"async\" class=\"aligncenter size-full wp-image-685\" src=\"https:\/\/www.annonces-legales.org\/blog\/wp-content\/uploads\/2021\/09\/le-pays-d-auge.png\" alt=\"\" width=\"400\" height=\"142\" srcset=\"https:\/\/www.annonces-legales.org\/blog\/wp-content\/uploads\/2021\/09\/le-pays-d-auge.png 400w, https:\/\/www.annonces-legales.org\/blog\/wp-content\/uploads\/2021\/09\/le-pays-d-auge-300x107.png 300w\" sizes=\"auto, (max-width: 400px) 100vw, 400px\" \/><\/p>\n<p><strong>Le Pays d&rsquo;Auge<\/strong> est un bi-hebdomadaire de la presse payante grand publique qui propose des informations g\u00e9n\u00e9ralistes aux Calvadosiens.<br \/>\nSon prix de vente est de 1,40 euros. Il parait le mardi et le vendredi. Il poss\u00e8de une audience d&rsquo;environ 50 000 lecteurs pour un nombre d&rsquo;exemplaires vendu d&rsquo;environ 10 000.<\/p>\n<p>L&rsquo;abonnement au journal est de 9,70 euros par mois pour la version papier ou la version num\u00e9rique. La version duo qui combine les deux autres versions est vendue 10,50 euros par mois.<\/p>\n<h2>Histoire du journal le Pays d&rsquo;Auge<\/h2>\n<p>En 1974, 5 journaux hebdomadaires du <strong>groupe Hersant<\/strong> (aujourd&rsquo;hui disparu) fusionnent. Il s&rsquo;agit des journaux Le Lexovien, le progr\u00e8s du littoral, le trait d&rsquo;Union, <strong>le pays d&rsquo;auge-Tribune<\/strong> et l&rsquo;ind\u00e9pendant honfleurais.<\/p>\n<p>Le journal poss\u00e8de deux \u00e9ditions : une <strong>\u00e9dition Sud<\/strong> (Cormeilles, Lisieux, Vimoutiers, Beuzeville, Orbec, Livarot&#8230;) et une <strong>\u00e9dition littorale<\/strong> (Cormeilles, Cabourg, Trouville sur mer, Honfleur, Pont-l&rsquo;\u00c9v\u00eaque, Thiberville&#8230;).<\/p>\n<p>&nbsp;<\/p>\n<h2>Le Pays d&rsquo;Auge, journal habilit\u00e9 du Calvados<\/h2>\n<p>C&rsquo;est un journal qui a \u00e9t\u00e9 habilit\u00e9 \u00e0 publier des <strong>annonces judiciaires et l\u00e9gales pour le d\u00e9partement du Calvados<\/strong>.<\/p>\n<p>Il peut donc publier des annonces de changement de nom ou de changement de r\u00e9gime matrimonial pour les personnes physiques. Pour les entreprises, il va pouvoir publier des <a href=\"https:\/\/www.annonces-legales.org\/blog\/avis-de-constitution\/\">avis de constitution de soci\u00e9t\u00e9<\/a> et des annonces l\u00e9gales de changement.<\/p>\n<p>Pour diffuser votre annonce l\u00e9gale dans le Calvados, demandez un devis d\u00e8s \u00e0 pr\u00e9sent.<\/p>\n<br\/><br\/><div class=\"entry-content notopmargin\">\n\t<img decoding=\"async\" class=\"img-fluid fleft\" src=\"https:\/\/www.annonces-legales.org\/images\/rapide-economique-tout-departement.png\" alt=\"Journal d'annonce l\u00e9gale du Calvados \"><a href=\"https:\/\/www.annonces-legales.org\/publication-annonce-legale.html\" class=\"button button-desc fright mtop30\"><div>Je publie<br> mon annonce<br> l\u00e9gale<\/div><span>dans un journal du Calvados !<\/span><\/a>\n<\/div><div class=\"clrbth\"><\/div><br\/><br\/>\n<p>&nbsp;<\/p>\n<h2>Quel est le tarif pour la publication d&rsquo;une annonce officielle sur le journal Le Pays d&rsquo;Auge ?<\/h2>\n<p>Nous vous invitons \u00e0 faire un devis sur notre site pour obtenir un devis pour plusieurs <strong>journaux d&rsquo;annonces l\u00e9gales du Calvados<\/strong>.<\/p>\n<p>En ce qui concerne le tarif sur le journal Le Pays D&rsquo;auge, pour les annonces l\u00e9gales de cr\u00e9ation, il sera identique aux autres supports autoris\u00e9s du Calvados (voir le lien pr\u00e9c\u00e9dent sur les avis de constitution).<br \/>\nPour les annonces l\u00e9gales de changement (changement d&rsquo;adresse, changement de CAC&#8230;), le tarif \u00e9tant calcul\u00e9 selon la longueur du contenu, il est n\u00e9cessaire de faire un devis aupr\u00e8s du journal.<\/p>\n<p>&nbsp;<\/p>\n<h2>Quelles sont les entreprises du Calvados qui ont l&rsquo;obligation de publier des avis officiels et des annonces l\u00e9gales ?<\/h2>\n<p>La globalit\u00e9 des entreprises dite commerciale ont la responsabilit\u00e9 et l\u2019obligation de faire des publications l\u00e9gales.<br \/>\nLes soci\u00e9t\u00e9s de toute taille sont par cons\u00e9quent concern\u00e9es : SA, SAS, SASU, SARL et EURL en font partie.<br \/>\nLes petites soci\u00e9t\u00e9s (microentreprise et autoentrepreneur) n&rsquo;auront pas \u00e0 faire cet formalit\u00e9.<\/p>\n<p>&nbsp;<\/p>\n","protected":false},"excerpt":{"rendered":"<p>Le Pays d&rsquo;Auge est un bi-hebdomadaire de la presse payante grand publique qui propose des informations g\u00e9n\u00e9ralistes aux Calvadosiens. Son [&hellip;]<\/p>\n","protected":false},"author":1,"featured_media":0,"parent":351,"menu_order":0,"comment_status":"closed","ping_status":"closed","template":"","meta":{"inline_featured_image":false,"footnotes":""},"class_list":["post-664","page","type-page","status-publish","hentry"],"yoast_head":"<!-- This site is optimized with the Yoast SEO plugin v26.8 - https:\/\/yoast.com\/product\/yoast-seo-wordpress\/ -->\n<title>Pays d&#039;Auge - Actualit\u00e9 des entreprises<\/title>\n<meta name=\"robots\" content=\"index, follow, max-snippet:-1, max-image-preview:large, max-video-preview:-1\" \/>\n<link rel=\"canonical\" href=\"https:\/\/www.annonces-legales.org\/blog\/pays-dauge\/\" \/>\n<meta property=\"og:locale\" content=\"fr_FR\" \/>\n<meta property=\"og:type\" content=\"article\" \/>\n<meta property=\"og:title\" content=\"Pays d&#039;Auge - Actualit\u00e9 des entreprises\" \/>\n<meta property=\"og:description\" content=\"Le Pays d&rsquo;Auge est un bi-hebdomadaire de la presse payante grand publique qui propose des informations g\u00e9n\u00e9ralistes aux Calvadosiens. Son [&hellip;]\" \/>\n<meta property=\"og:url\" content=\"https:\/\/www.annonces-legales.org\/blog\/pays-dauge\/\" \/>\n<meta property=\"og:site_name\" content=\"Actualit\u00e9 des entreprises\" \/>\n<meta property=\"article:modified_time\" content=\"2022-01-26T11:10:14+00:00\" \/>\n<meta property=\"og:image\" content=\"https:\/\/www.annonces-legales.org\/blog\/wp-content\/uploads\/2021\/09\/le-pays-d-auge.png\" \/>\n\t<meta property=\"og:image:width\" content=\"400\" \/>\n\t<meta property=\"og:image:height\" content=\"142\" \/>\n\t<meta property=\"og:image:type\" content=\"image\/png\" \/>\n<meta name=\"twitter:card\" content=\"summary_large_image\" \/>\n<meta name=\"twitter:label1\" content=\"Dur\u00e9e de lecture estim\u00e9e\" \/>\n\t<meta name=\"twitter:data1\" content=\"2 minutes\" \/>\n<script type=\"application\/ld+json\" class=\"yoast-schema-graph\">{\"@context\":\"https:\/\/schema.org\",\"@graph\":[{\"@type\":\"WebPage\",\"@id\":\"https:\/\/www.annonces-legales.org\/blog\/pays-dauge\/\",\"url\":\"https:\/\/www.annonces-legales.org\/blog\/pays-dauge\/\",\"name\":\"Pays d'Auge - Actualit\u00e9 des entreprises\",\"isPartOf\":{\"@id\":\"https:\/\/www.annonces-legales.org\/blog\/#website\"},\"primaryImageOfPage\":{\"@id\":\"https:\/\/www.annonces-legales.org\/blog\/pays-dauge\/#primaryimage\"},\"image\":{\"@id\":\"https:\/\/www.annonces-legales.org\/blog\/pays-dauge\/#primaryimage\"},\"thumbnailUrl\":\"https:\/\/www.annonces-legales.org\/blog\/wp-content\/uploads\/2021\/09\/le-pays-d-auge.png\",\"datePublished\":\"2021-09-13T17:55:36+00:00\",\"dateModified\":\"2022-01-26T11:10:14+00:00\",\"breadcrumb\":{\"@id\":\"https:\/\/www.annonces-legales.org\/blog\/pays-dauge\/#breadcrumb\"},\"inLanguage\":\"fr-FR\",\"potentialAction\":[{\"@type\":\"ReadAction\",\"target\":[\"https:\/\/www.annonces-legales.org\/blog\/pays-dauge\/\"]}]},{\"@type\":\"ImageObject\",\"inLanguage\":\"fr-FR\",\"@id\":\"https:\/\/www.annonces-legales.org\/blog\/pays-dauge\/#primaryimage\",\"url\":\"https:\/\/www.annonces-legales.org\/blog\/wp-content\/uploads\/2021\/09\/le-pays-d-auge.png\",\"contentUrl\":\"https:\/\/www.annonces-legales.org\/blog\/wp-content\/uploads\/2021\/09\/le-pays-d-auge.png\",\"width\":400,\"height\":142},{\"@type\":\"BreadcrumbList\",\"@id\":\"https:\/\/www.annonces-legales.org\/blog\/pays-dauge\/#breadcrumb\",\"itemListElement\":[{\"@type\":\"ListItem\",\"position\":1,\"name\":\"Accueil\",\"item\":\"https:\/\/www.annonces-legales.org\/blog\/\"},{\"@type\":\"ListItem\",\"position\":2,\"name\":\"Liste des journaux habilit\u00e9s \u00e0 publier des annonces l\u00e9gales\",\"item\":\"https:\/\/www.annonces-legales.org\/blog\/liste-des-journaux-habilites-a-publier-des-annonces-legales\/\"},{\"@type\":\"ListItem\",\"position\":3,\"name\":\"Pays d&rsquo;Auge\"}]},{\"@type\":\"WebSite\",\"@id\":\"https:\/\/www.annonces-legales.org\/blog\/#website\",\"url\":\"https:\/\/www.annonces-legales.org\/blog\/\",\"name\":\"Actualit\u00e9 des entreprises\",\"description\":\"\",\"publisher\":{\"@id\":\"https:\/\/www.annonces-legales.org\/blog\/#organization\"},\"potentialAction\":[{\"@type\":\"SearchAction\",\"target\":{\"@type\":\"EntryPoint\",\"urlTemplate\":\"https:\/\/www.annonces-legales.org\/blog\/?s={search_term_string}\"},\"query-input\":{\"@type\":\"PropertyValueSpecification\",\"valueRequired\":true,\"valueName\":\"search_term_string\"}}],\"inLanguage\":\"fr-FR\"},{\"@type\":\"Organization\",\"@id\":\"https:\/\/www.annonces-legales.org\/blog\/#organization\",\"name\":\"Actualit\u00e9 des entreprises\",\"url\":\"https:\/\/www.annonces-legales.org\/blog\/\",\"logo\":{\"@type\":\"ImageObject\",\"inLanguage\":\"fr-FR\",\"@id\":\"https:\/\/www.annonces-legales.org\/blog\/#\/schema\/logo\/image\/\",\"url\":\"https:\/\/www.annonces-legales.org\/blog\/wp-content\/uploads\/2023\/08\/annonces-legales.svg\",\"contentUrl\":\"https:\/\/www.annonces-legales.org\/blog\/wp-content\/uploads\/2023\/08\/annonces-legales.svg\",\"caption\":\"Actualit\u00e9 des entreprises\"},\"image\":{\"@id\":\"https:\/\/www.annonces-legales.org\/blog\/#\/schema\/logo\/image\/\"}}]}<\/script>\n<!-- \/ Yoast SEO plugin. -->","yoast_head_json":{"title":"Pays d'Auge - Actualit\u00e9 des entreprises","robots":{"index":"index","follow":"follow","max-snippet":"max-snippet:-1","max-image-preview":"max-image-preview:large","max-video-preview":"max-video-preview:-1"},"canonical":"https:\/\/www.annonces-legales.org\/blog\/pays-dauge\/","og_locale":"fr_FR","og_type":"article","og_title":"Pays d'Auge - Actualit\u00e9 des entreprises","og_description":"Le Pays d&rsquo;Auge est un bi-hebdomadaire de la presse payante grand publique qui propose des informations g\u00e9n\u00e9ralistes aux Calvadosiens. Son [&hellip;]","og_url":"https:\/\/www.annonces-legales.org\/blog\/pays-dauge\/","og_site_name":"Actualit\u00e9 des entreprises","article_modified_time":"2022-01-26T11:10:14+00:00","og_image":[{"width":400,"height":142,"url":"https:\/\/www.annonces-legales.org\/blog\/wp-content\/uploads\/2021\/09\/le-pays-d-auge.png","type":"image\/png"}],"twitter_card":"summary_large_image","twitter_misc":{"Dur\u00e9e de lecture estim\u00e9e":"2 minutes"},"schema":{"@context":"https:\/\/schema.org","@graph":[{"@type":"WebPage","@id":"https:\/\/www.annonces-legales.org\/blog\/pays-dauge\/","url":"https:\/\/www.annonces-legales.org\/blog\/pays-dauge\/","name":"Pays d'Auge - Actualit\u00e9 des entreprises","isPartOf":{"@id":"https:\/\/www.annonces-legales.org\/blog\/#website"},"primaryImageOfPage":{"@id":"https:\/\/www.annonces-legales.org\/blog\/pays-dauge\/#primaryimage"},"image":{"@id":"https:\/\/www.annonces-legales.org\/blog\/pays-dauge\/#primaryimage"},"thumbnailUrl":"https:\/\/www.annonces-legales.org\/blog\/wp-content\/uploads\/2021\/09\/le-pays-d-auge.png","datePublished":"2021-09-13T17:55:36+00:00","dateModified":"2022-01-26T11:10:14+00:00","breadcrumb":{"@id":"https:\/\/www.annonces-legales.org\/blog\/pays-dauge\/#breadcrumb"},"inLanguage":"fr-FR","potentialAction":[{"@type":"ReadAction","target":["https:\/\/www.annonces-legales.org\/blog\/pays-dauge\/"]}]},{"@type":"ImageObject","inLanguage":"fr-FR","@id":"https:\/\/www.annonces-legales.org\/blog\/pays-dauge\/#primaryimage","url":"https:\/\/www.annonces-legales.org\/blog\/wp-content\/uploads\/2021\/09\/le-pays-d-auge.png","contentUrl":"https:\/\/www.annonces-legales.org\/blog\/wp-content\/uploads\/2021\/09\/le-pays-d-auge.png","width":400,"height":142},{"@type":"BreadcrumbList","@id":"https:\/\/www.annonces-legales.org\/blog\/pays-dauge\/#breadcrumb","itemListElement":[{"@type":"ListItem","position":1,"name":"Accueil","item":"https:\/\/www.annonces-legales.org\/blog\/"},{"@type":"ListItem","position":2,"name":"Liste des journaux habilit\u00e9s \u00e0 publier des annonces l\u00e9gales","item":"https:\/\/www.annonces-legales.org\/blog\/liste-des-journaux-habilites-a-publier-des-annonces-legales\/"},{"@type":"ListItem","position":3,"name":"Pays d&rsquo;Auge"}]},{"@type":"WebSite","@id":"https:\/\/www.annonces-legales.org\/blog\/#website","url":"https:\/\/www.annonces-legales.org\/blog\/","name":"Actualit\u00e9 des entreprises","description":"","publisher":{"@id":"https:\/\/www.annonces-legales.org\/blog\/#organization"},"potentialAction":[{"@type":"SearchAction","target":{"@type":"EntryPoint","urlTemplate":"https:\/\/www.annonces-legales.org\/blog\/?s={search_term_string}"},"query-input":{"@type":"PropertyValueSpecification","valueRequired":true,"valueName":"search_term_string"}}],"inLanguage":"fr-FR"},{"@type":"Organization","@id":"https:\/\/www.annonces-legales.org\/blog\/#organization","name":"Actualit\u00e9 des entreprises","url":"https:\/\/www.annonces-legales.org\/blog\/","logo":{"@type":"ImageObject","inLanguage":"fr-FR","@id":"https:\/\/www.annonces-legales.org\/blog\/#\/schema\/logo\/image\/","url":"https:\/\/www.annonces-legales.org\/blog\/wp-content\/uploads\/2023\/08\/annonces-legales.svg","contentUrl":"https:\/\/www.annonces-legales.org\/blog\/wp-content\/uploads\/2023\/08\/annonces-legales.svg","caption":"Actualit\u00e9 des entreprises"},"image":{"@id":"https:\/\/www.annonces-legales.org\/blog\/#\/schema\/logo\/image\/"}}]}},"_links":{"self":[{"href":"https:\/\/www.annonces-legales.org\/blog\/wp-json\/wp\/v2\/pages\/664","targetHints":{"allow":["GET"]}}],"collection":[{"href":"https:\/\/www.annonces-legales.org\/blog\/wp-json\/wp\/v2\/pages"}],"about":[{"href":"https:\/\/www.annonces-legales.org\/blog\/wp-json\/wp\/v2\/types\/page"}],"author":[{"embeddable":true,"href":"https:\/\/www.annonces-legales.org\/blog\/wp-json\/wp\/v2\/users\/1"}],"replies":[{"embeddable":true,"href":"https:\/\/www.annonces-legales.org\/blog\/wp-json\/wp\/v2\/comments?post=664"}],"version-history":[{"count":5,"href":"https:\/\/www.annonces-legales.org\/blog\/wp-json\/wp\/v2\/pages\/664\/revisions"}],"predecessor-version":[{"id":1439,"href":"https:\/\/www.annonces-legales.org\/blog\/wp-json\/wp\/v2\/pages\/664\/revisions\/1439"}],"up":[{"embeddable":true,"href":"https:\/\/www.annonces-legales.org\/blog\/wp-json\/wp\/v2\/pages\/351"}],"wp:attachment":[{"href":"https:\/\/www.annonces-legales.org\/blog\/wp-json\/wp\/v2\/media?parent=664"}],"curies":[{"name":"wp","href":"https:\/\/api.w.org\/{rel}","templated":true}]}}