{"id":697,"date":"2021-09-13T20:37:41","date_gmt":"2021-09-13T18:37:41","guid":{"rendered":"https:\/\/www.annonces-legales.org\/blog\/?page_id=697"},"modified":"2022-01-26T12:13:49","modified_gmt":"2022-01-26T11:13:49","slug":"reveil-cantalien","status":"publish","type":"page","link":"https:\/\/www.annonces-legales.org\/blog\/reveil-cantalien\/","title":{"rendered":"R\u00e9veil Cantalien"},"content":{"rendered":"<p>Le <strong>R\u00e9veil Cantalien<\/strong> est un journal qui est situ\u00e9 1, Boulevard Charles-de-Gaulle \u00c0 Mauriac 15 200.<\/p>\n<p>Il poss\u00e8de l&rsquo;habilitation pour publier des annonces judiciaires et l\u00e9gales pour le d\u00e9partement du Cantal (15).<br \/>\nDepuis 2010, il a publi\u00e9 pas loin de 4 000 annonces l\u00e9gales. Ce journal ne poss\u00e8de pas de site Internet.<\/p>\n<h2>Vous souhaitez publier des annonces l\u00e9gales dans un journal habilit\u00e9 du Cantal ?<\/h2>\n<p>Les <strong>entreprises cantali\u00e8nnes<\/strong> doivent faire des publications l\u00e9gales dans un journal habilit\u00e9 du Cantal pour qu&rsquo;elles soient valident.<br \/>\nFort heureusement, il existe de nombreux journaux habilit\u00e9s \u00e0 publier dans ce d\u00e9partement, notamment les journaux la <a href=\"https:\/\/www.annonces-legales.org\/blog\/depeche-dauvergne\/\">D\u00e9p\u00eache d&rsquo;Auvergne<\/a>, l&rsquo;Union du Cantal, la voix du Cantal, encore le journal montagne \u00e9dition Cantal.<\/p>\n<p>La publication d&rsquo;une annonce l\u00e9gale peut donc se faire dans n&rsquo;importe lequel de ces journaux. Comme le titre du journal qui publie l&rsquo;annonce l\u00e9gale n&rsquo;a aucune incidence, il est recommand\u00e9 de publier sur le journal le moins cher. Pour les avis de constitution, les co\u00fbts vont \u00eatre identiques mais pour les autres annonces, il est important d&rsquo;effectuer un devis pour trouver le journal le moins cher.<\/p>\n<p>&nbsp;<\/p>\n<br\/><br\/><div class=\"entry-content notopmargin\">\n\t<img decoding=\"async\" class=\"img-fluid fleft\" src=\"https:\/\/www.annonces-legales.org\/images\/rapide-economique-tout-departement.png\" alt=\"Journal d'annonce l\u00e9gale du Cantal \"><a href=\"https:\/\/www.annonces-legales.org\/publication-annonce-legale.html\" class=\"button button-desc fright mtop30\"><div>Je publie<br> mon annonce<br> l\u00e9gale<\/div><span>dans un journal du Cantal !<\/span><\/a>\n<\/div><div class=\"clrbth\"><\/div><br\/><br\/>\n","protected":false},"excerpt":{"rendered":"<p>Le R\u00e9veil Cantalien est un journal qui est situ\u00e9 1, Boulevard Charles-de-Gaulle \u00c0 Mauriac 15 200. Il poss\u00e8de l&rsquo;habilitation pour [&hellip;]<\/p>\n","protected":false},"author":1,"featured_media":0,"parent":351,"menu_order":0,"comment_status":"closed","ping_status":"closed","template":"","meta":{"inline_featured_image":false,"footnotes":""},"class_list":["post-697","page","type-page","status-publish","hentry"],"yoast_head":"<!-- This site is optimized with the Yoast SEO plugin v26.8 - https:\/\/yoast.com\/product\/yoast-seo-wordpress\/ -->\n<title>R\u00e9veil Cantalien - Actualit\u00e9 des entreprises<\/title>\n<meta name=\"robots\" content=\"index, follow, max-snippet:-1, max-image-preview:large, max-video-preview:-1\" \/>\n<link rel=\"canonical\" href=\"https:\/\/www.annonces-legales.org\/blog\/reveil-cantalien\/\" \/>\n<meta property=\"og:locale\" content=\"fr_FR\" \/>\n<meta property=\"og:type\" content=\"article\" \/>\n<meta property=\"og:title\" content=\"R\u00e9veil Cantalien - Actualit\u00e9 des entreprises\" \/>\n<meta property=\"og:description\" content=\"Le R\u00e9veil Cantalien est un journal qui est situ\u00e9 1, Boulevard Charles-de-Gaulle \u00c0 Mauriac 15 200. Il poss\u00e8de l&rsquo;habilitation pour [&hellip;]\" \/>\n<meta property=\"og:url\" content=\"https:\/\/www.annonces-legales.org\/blog\/reveil-cantalien\/\" \/>\n<meta property=\"og:site_name\" content=\"Actualit\u00e9 des entreprises\" \/>\n<meta property=\"article:modified_time\" content=\"2022-01-26T11:13:49+00:00\" \/>\n<meta name=\"twitter:card\" content=\"summary_large_image\" \/>\n<meta name=\"twitter:label1\" content=\"Dur\u00e9e de lecture estim\u00e9e\" \/>\n\t<meta name=\"twitter:data1\" content=\"1 minute\" \/>\n<script type=\"application\/ld+json\" class=\"yoast-schema-graph\">{\"@context\":\"https:\/\/schema.org\",\"@graph\":[{\"@type\":\"WebPage\",\"@id\":\"https:\/\/www.annonces-legales.org\/blog\/reveil-cantalien\/\",\"url\":\"https:\/\/www.annonces-legales.org\/blog\/reveil-cantalien\/\",\"name\":\"R\u00e9veil Cantalien - Actualit\u00e9 des entreprises\",\"isPartOf\":{\"@id\":\"https:\/\/www.annonces-legales.org\/blog\/#website\"},\"datePublished\":\"2021-09-13T18:37:41+00:00\",\"dateModified\":\"2022-01-26T11:13:49+00:00\",\"breadcrumb\":{\"@id\":\"https:\/\/www.annonces-legales.org\/blog\/reveil-cantalien\/#breadcrumb\"},\"inLanguage\":\"fr-FR\",\"potentialAction\":[{\"@type\":\"ReadAction\",\"target\":[\"https:\/\/www.annonces-legales.org\/blog\/reveil-cantalien\/\"]}]},{\"@type\":\"BreadcrumbList\",\"@id\":\"https:\/\/www.annonces-legales.org\/blog\/reveil-cantalien\/#breadcrumb\",\"itemListElement\":[{\"@type\":\"ListItem\",\"position\":1,\"name\":\"Accueil\",\"item\":\"https:\/\/www.annonces-legales.org\/blog\/\"},{\"@type\":\"ListItem\",\"position\":2,\"name\":\"Liste des journaux habilit\u00e9s \u00e0 publier des annonces l\u00e9gales\",\"item\":\"https:\/\/www.annonces-legales.org\/blog\/liste-des-journaux-habilites-a-publier-des-annonces-legales\/\"},{\"@type\":\"ListItem\",\"position\":3,\"name\":\"R\u00e9veil Cantalien\"}]},{\"@type\":\"WebSite\",\"@id\":\"https:\/\/www.annonces-legales.org\/blog\/#website\",\"url\":\"https:\/\/www.annonces-legales.org\/blog\/\",\"name\":\"Actualit\u00e9 des entreprises\",\"description\":\"\",\"publisher\":{\"@id\":\"https:\/\/www.annonces-legales.org\/blog\/#organization\"},\"potentialAction\":[{\"@type\":\"SearchAction\",\"target\":{\"@type\":\"EntryPoint\",\"urlTemplate\":\"https:\/\/www.annonces-legales.org\/blog\/?s={search_term_string}\"},\"query-input\":{\"@type\":\"PropertyValueSpecification\",\"valueRequired\":true,\"valueName\":\"search_term_string\"}}],\"inLanguage\":\"fr-FR\"},{\"@type\":\"Organization\",\"@id\":\"https:\/\/www.annonces-legales.org\/blog\/#organization\",\"name\":\"Actualit\u00e9 des entreprises\",\"url\":\"https:\/\/www.annonces-legales.org\/blog\/\",\"logo\":{\"@type\":\"ImageObject\",\"inLanguage\":\"fr-FR\",\"@id\":\"https:\/\/www.annonces-legales.org\/blog\/#\/schema\/logo\/image\/\",\"url\":\"https:\/\/www.annonces-legales.org\/blog\/wp-content\/uploads\/2023\/08\/annonces-legales.svg\",\"contentUrl\":\"https:\/\/www.annonces-legales.org\/blog\/wp-content\/uploads\/2023\/08\/annonces-legales.svg\",\"caption\":\"Actualit\u00e9 des entreprises\"},\"image\":{\"@id\":\"https:\/\/www.annonces-legales.org\/blog\/#\/schema\/logo\/image\/\"}}]}<\/script>\n<!-- \/ Yoast SEO plugin. -->","yoast_head_json":{"title":"R\u00e9veil Cantalien - Actualit\u00e9 des entreprises","robots":{"index":"index","follow":"follow","max-snippet":"max-snippet:-1","max-image-preview":"max-image-preview:large","max-video-preview":"max-video-preview:-1"},"canonical":"https:\/\/www.annonces-legales.org\/blog\/reveil-cantalien\/","og_locale":"fr_FR","og_type":"article","og_title":"R\u00e9veil Cantalien - Actualit\u00e9 des entreprises","og_description":"Le R\u00e9veil Cantalien est un journal qui est situ\u00e9 1, Boulevard Charles-de-Gaulle \u00c0 Mauriac 15 200. Il poss\u00e8de l&rsquo;habilitation pour [&hellip;]","og_url":"https:\/\/www.annonces-legales.org\/blog\/reveil-cantalien\/","og_site_name":"Actualit\u00e9 des entreprises","article_modified_time":"2022-01-26T11:13:49+00:00","twitter_card":"summary_large_image","twitter_misc":{"Dur\u00e9e de lecture estim\u00e9e":"1 minute"},"schema":{"@context":"https:\/\/schema.org","@graph":[{"@type":"WebPage","@id":"https:\/\/www.annonces-legales.org\/blog\/reveil-cantalien\/","url":"https:\/\/www.annonces-legales.org\/blog\/reveil-cantalien\/","name":"R\u00e9veil Cantalien - Actualit\u00e9 des entreprises","isPartOf":{"@id":"https:\/\/www.annonces-legales.org\/blog\/#website"},"datePublished":"2021-09-13T18:37:41+00:00","dateModified":"2022-01-26T11:13:49+00:00","breadcrumb":{"@id":"https:\/\/www.annonces-legales.org\/blog\/reveil-cantalien\/#breadcrumb"},"inLanguage":"fr-FR","potentialAction":[{"@type":"ReadAction","target":["https:\/\/www.annonces-legales.org\/blog\/reveil-cantalien\/"]}]},{"@type":"BreadcrumbList","@id":"https:\/\/www.annonces-legales.org\/blog\/reveil-cantalien\/#breadcrumb","itemListElement":[{"@type":"ListItem","position":1,"name":"Accueil","item":"https:\/\/www.annonces-legales.org\/blog\/"},{"@type":"ListItem","position":2,"name":"Liste des journaux habilit\u00e9s \u00e0 publier des annonces l\u00e9gales","item":"https:\/\/www.annonces-legales.org\/blog\/liste-des-journaux-habilites-a-publier-des-annonces-legales\/"},{"@type":"ListItem","position":3,"name":"R\u00e9veil Cantalien"}]},{"@type":"WebSite","@id":"https:\/\/www.annonces-legales.org\/blog\/#website","url":"https:\/\/www.annonces-legales.org\/blog\/","name":"Actualit\u00e9 des entreprises","description":"","publisher":{"@id":"https:\/\/www.annonces-legales.org\/blog\/#organization"},"potentialAction":[{"@type":"SearchAction","target":{"@type":"EntryPoint","urlTemplate":"https:\/\/www.annonces-legales.org\/blog\/?s={search_term_string}"},"query-input":{"@type":"PropertyValueSpecification","valueRequired":true,"valueName":"search_term_string"}}],"inLanguage":"fr-FR"},{"@type":"Organization","@id":"https:\/\/www.annonces-legales.org\/blog\/#organization","name":"Actualit\u00e9 des entreprises","url":"https:\/\/www.annonces-legales.org\/blog\/","logo":{"@type":"ImageObject","inLanguage":"fr-FR","@id":"https:\/\/www.annonces-legales.org\/blog\/#\/schema\/logo\/image\/","url":"https:\/\/www.annonces-legales.org\/blog\/wp-content\/uploads\/2023\/08\/annonces-legales.svg","contentUrl":"https:\/\/www.annonces-legales.org\/blog\/wp-content\/uploads\/2023\/08\/annonces-legales.svg","caption":"Actualit\u00e9 des entreprises"},"image":{"@id":"https:\/\/www.annonces-legales.org\/blog\/#\/schema\/logo\/image\/"}}]}},"_links":{"self":[{"href":"https:\/\/www.annonces-legales.org\/blog\/wp-json\/wp\/v2\/pages\/697","targetHints":{"allow":["GET"]}}],"collection":[{"href":"https:\/\/www.annonces-legales.org\/blog\/wp-json\/wp\/v2\/pages"}],"about":[{"href":"https:\/\/www.annonces-legales.org\/blog\/wp-json\/wp\/v2\/types\/page"}],"author":[{"embeddable":true,"href":"https:\/\/www.annonces-legales.org\/blog\/wp-json\/wp\/v2\/users\/1"}],"replies":[{"embeddable":true,"href":"https:\/\/www.annonces-legales.org\/blog\/wp-json\/wp\/v2\/comments?post=697"}],"version-history":[{"count":2,"href":"https:\/\/www.annonces-legales.org\/blog\/wp-json\/wp\/v2\/pages\/697\/revisions"}],"predecessor-version":[{"id":746,"href":"https:\/\/www.annonces-legales.org\/blog\/wp-json\/wp\/v2\/pages\/697\/revisions\/746"}],"up":[{"embeddable":true,"href":"https:\/\/www.annonces-legales.org\/blog\/wp-json\/wp\/v2\/pages\/351"}],"wp:attachment":[{"href":"https:\/\/www.annonces-legales.org\/blog\/wp-json\/wp\/v2\/media?parent=697"}],"curies":[{"name":"wp","href":"https:\/\/api.w.org\/{rel}","templated":true}]}}