{"id":701,"date":"2021-09-13T20:42:47","date_gmt":"2021-09-13T18:42:47","guid":{"rendered":"https:\/\/www.annonces-legales.org\/blog\/?page_id=701"},"modified":"2022-01-26T11:37:34","modified_gmt":"2022-01-26T10:37:34","slug":"courrier-independant","status":"publish","type":"page","link":"https:\/\/www.annonces-legales.org\/blog\/courrier-independant\/","title":{"rendered":"Courrier Ind\u00e9pendant"},"content":{"rendered":"<p><img loading=\"lazy\" decoding=\"async\" class=\"aligncenter size-full wp-image-717\" src=\"https:\/\/www.annonces-legales.org\/blog\/wp-content\/uploads\/2021\/09\/courrier-independant.png\" alt=\"\" width=\"400\" height=\"127\" srcset=\"https:\/\/www.annonces-legales.org\/blog\/wp-content\/uploads\/2021\/09\/courrier-independant.png 400w, https:\/\/www.annonces-legales.org\/blog\/wp-content\/uploads\/2021\/09\/courrier-independant-300x95.png 300w\" sizes=\"auto, (max-width: 400px) 100vw, 400px\" \/><\/p>\n<p>Le<strong> Courrier Ind\u00e9pendant<\/strong> est un hebdomadaire de la r\u00e9gion des C\u00f4tes-d&rsquo;Armor qui propose des informations locales tous les jeudis. Il est vendu 1,60 \u20ac.<\/p>\n<p>&nbsp;<\/p>\n<h2>Niveau de diffusion du Courrier Ind\u00e9pendant<\/h2>\n<p>Cet hebdomadaire a une audience d&rsquo;environ 28 000 lecteurs. En 2020, sa diffusion totale \u00e9tait de 6665 exemplaires. Plus de la moiti\u00e9 des lecteurs du journal sont des abonn\u00e9s.<\/p>\n<p>&nbsp;<\/p>\n<h2>Mieux conna\u00eetre Le Courrier Ind\u00e9pendant<\/h2>\n<p>Il est la propri\u00e9t\u00e9 du groupe PubliHebdo SAS. Ce grand groupe de presses poss\u00e8de de nombreux journaux r\u00e9gionaux dans les C\u00f4tes-d&rsquo;Armor et dans de nombreux autres d\u00e9partements. PubliHebdo SAS, c&rsquo;est aussi le site internet actu.fr qui h\u00e9berge d&rsquo;ailleurs toutes les versions num\u00e9riques des journaux du groupe.<\/p>\n<p>La r\u00e9daction du journal se trouve au 13 rue du Breil \u00e0 Rennes (35051).<\/p>\n<p>Le <strong>journal le courrier ind\u00e9pendant<\/strong> est habilit\u00e9 pour effectuer la publication d&rsquo;annonce l\u00e9gale pour le d\u00e9partement des C\u00f4tes-d&rsquo;Armor (22).<\/p>\n<p>&nbsp;<\/p>\n<h2>Journal d&rsquo;annonces l\u00e9gales des C\u00f4tes-d&rsquo;Armor<\/h2>\n<p>L&rsquo;hebdomadaire Le Courrier Ind\u00e9pendant peut publier des annonces l\u00e9gales des entreprises et des individus qui r\u00e9sident dans les C\u00f4tes-d&rsquo;Armor.<\/p>\n<p>Il existe d&rsquo;autres journaux qui peuvent \u00e9galement accueillir ces annonces l\u00e9gales notamment <a href=\"https:\/\/www.annonces-legales.org\/blog\/paysan-breton\/\">Paysan Breton<\/a> (\u00e9ditions des C\u00f4tes-d&rsquo;Armor), Ouest-France (\u00e9dition de C\u00f4tes-d&rsquo;Armor), le t\u00e9l\u00e9gramme (\u00e9dition de C\u00f4tes-d&rsquo;Armor), l&rsquo;<a href=\"https:\/\/www.annonces-legales.org\/blog\/echo-de-larmor-et-de-largoat\/\">Echo de L\u2019Armor et de l&rsquo;Argoat<\/a>&#8230;<\/p>\n<br\/><br\/><div class=\"entry-content notopmargin\">\n\t<img decoding=\"async\" class=\"img-fluid fleft\" src=\"https:\/\/www.annonces-legales.org\/images\/rapide-economique-tout-departement.png\" alt=\"Journal d'annonce l\u00e9gale du 22 \"><a href=\"https:\/\/www.annonces-legales.org\/publication-annonce-legale.html\" class=\"button button-desc fright mtop30\"><div>Je publie<br> mon annonce<br> l\u00e9gale<\/div><span>dans un journal du 22 !<\/span><\/a>\n<\/div><div class=\"clrbth\"><\/div><br\/><br\/>\n<p>Chaque journal d&rsquo;annonce l\u00e9gale propose des prix diff\u00e9rents pour la publication d&rsquo;annonce l\u00e9gale modificative pour les entreprises. Selon le journal utilis\u00e9, le prix des publications peut \u00eatre sup\u00e9rieur de plus de 30 % par rapport \u00e0 d&rsquo;autres journaux.<\/p>\n<p>Avec notre service, il est possible de publier une annonce l\u00e9gale facilement dans le d\u00e9partement des C\u00f4tes-d&rsquo;Armor. Pour cela, rien de plus simple, il faut tout simplement remplir le formulaire ad\u00e9quat afin d&rsquo;obtenir un devis. Une fois que vous aurez constat\u00e9 que le prix est inf\u00e9rieur aux autres plates-formes de vente d&rsquo;annonces l\u00e9gales en ligne, il suffit simplement de r\u00e9gler par carte bancaire pour recevoir son <a href=\"https:\/\/www.annonces-legales.org\/attestation-de-parution.html\">attestation de parution<\/a>.<\/p>\n<p>&nbsp;<\/p>\n<h3>Pourquoi seul un nombre restreint de journaux des C\u00f4tes-d&rsquo;Armor peuvent ins\u00e9rer des publications officielles ?<\/h3>\n<p>Seuls les gazettes reconnu dans le d\u00e9partement peuvent effectuer une annonce l\u00e9gale et judiciaire. On entend par \u00ab\u00a0reconnu\u00a0\u00bb le fait que le journal soit lu par un certains nombre d\u2019habitant du d\u00e9partement.<\/p>\n<p>C&rsquo;est une commission annuelle de la pr\u00e9fecture des C\u00f4tes d&rsquo;Armor qui d\u00e9livre une habilitation aux journaux en fonction de diff\u00e9rents \u00e9l\u00e9ments. Le 1er \u00e9l\u00e9ment est le niveau de diffusion. Mais d&rsquo;autres \u00e9l\u00e9ments comme le caract\u00e8re payant ou la quantit\u00e9 d&rsquo;informations locales sont regard\u00e9es de pr\u00e8s.<\/p>\n<p>&nbsp;<\/p>\n<h3>Peut-on dire que la publicit\u00e9 l\u00e9gale et judiciaire est un pr\u00e9l\u00e8vement, une taxe pour les soci\u00e9t\u00e9s du 22 ?<\/h3>\n<p>Il n&rsquo;est pas possible d&rsquo;affirmer r\u00e9ellement que les annonces officielles sont un imp\u00f4t.<br \/>\nOn peut les consid\u00e9rer ainsi car leur format pourrait \u00eatre simplifi\u00e9 et co\u00fbter moins cher.<br \/>\nC&rsquo;est une formalit\u00e9 indispensable pour diffuser des informations valides sur les entreprises des C\u00f4tes d&rsquo;Armor. Aussi, comme les journaux papier ne sont pas les seuls \u00e0 pouvoir effectuer des annonces, on ne peut pas dire que c&rsquo;est une aide pour les hebdomadaires et quotidiens. En effet, les services de presse en ligne peuvent \u00e9galement publier ce genre de publicit\u00e9.<\/p>\n<p>&nbsp;<\/p>\n","protected":false},"excerpt":{"rendered":"<p>Le Courrier Ind\u00e9pendant est un hebdomadaire de la r\u00e9gion des C\u00f4tes-d&rsquo;Armor qui propose des informations locales tous les jeudis. Il [&hellip;]<\/p>\n","protected":false},"author":1,"featured_media":0,"parent":351,"menu_order":0,"comment_status":"closed","ping_status":"closed","template":"","meta":{"inline_featured_image":false,"footnotes":""},"class_list":["post-701","page","type-page","status-publish","hentry"],"yoast_head":"<!-- This site is optimized with the Yoast SEO plugin v26.8 - https:\/\/yoast.com\/product\/yoast-seo-wordpress\/ -->\n<title>Courrier Ind\u00e9pendant - Actualit\u00e9 des entreprises<\/title>\n<meta name=\"robots\" content=\"index, follow, max-snippet:-1, max-image-preview:large, max-video-preview:-1\" \/>\n<link rel=\"canonical\" href=\"https:\/\/www.annonces-legales.org\/blog\/courrier-independant\/\" \/>\n<meta property=\"og:locale\" content=\"fr_FR\" \/>\n<meta property=\"og:type\" content=\"article\" \/>\n<meta property=\"og:title\" content=\"Courrier Ind\u00e9pendant - Actualit\u00e9 des entreprises\" \/>\n<meta property=\"og:description\" content=\"Le Courrier Ind\u00e9pendant est un hebdomadaire de la r\u00e9gion des C\u00f4tes-d&rsquo;Armor qui propose des informations locales tous les jeudis. Il [&hellip;]\" \/>\n<meta property=\"og:url\" content=\"https:\/\/www.annonces-legales.org\/blog\/courrier-independant\/\" \/>\n<meta property=\"og:site_name\" content=\"Actualit\u00e9 des entreprises\" \/>\n<meta property=\"article:modified_time\" content=\"2022-01-26T10:37:34+00:00\" \/>\n<meta property=\"og:image\" content=\"https:\/\/www.annonces-legales.org\/blog\/wp-content\/uploads\/2021\/09\/courrier-independant.png\" \/>\n\t<meta property=\"og:image:width\" content=\"400\" \/>\n\t<meta property=\"og:image:height\" content=\"127\" \/>\n\t<meta property=\"og:image:type\" content=\"image\/png\" \/>\n<meta name=\"twitter:card\" content=\"summary_large_image\" \/>\n<meta name=\"twitter:label1\" content=\"Dur\u00e9e de lecture estim\u00e9e\" \/>\n\t<meta name=\"twitter:data1\" content=\"3 minutes\" \/>\n<script type=\"application\/ld+json\" class=\"yoast-schema-graph\">{\"@context\":\"https:\/\/schema.org\",\"@graph\":[{\"@type\":\"WebPage\",\"@id\":\"https:\/\/www.annonces-legales.org\/blog\/courrier-independant\/\",\"url\":\"https:\/\/www.annonces-legales.org\/blog\/courrier-independant\/\",\"name\":\"Courrier Ind\u00e9pendant - Actualit\u00e9 des entreprises\",\"isPartOf\":{\"@id\":\"https:\/\/www.annonces-legales.org\/blog\/#website\"},\"primaryImageOfPage\":{\"@id\":\"https:\/\/www.annonces-legales.org\/blog\/courrier-independant\/#primaryimage\"},\"image\":{\"@id\":\"https:\/\/www.annonces-legales.org\/blog\/courrier-independant\/#primaryimage\"},\"thumbnailUrl\":\"https:\/\/www.annonces-legales.org\/blog\/wp-content\/uploads\/2021\/09\/courrier-independant.png\",\"datePublished\":\"2021-09-13T18:42:47+00:00\",\"dateModified\":\"2022-01-26T10:37:34+00:00\",\"breadcrumb\":{\"@id\":\"https:\/\/www.annonces-legales.org\/blog\/courrier-independant\/#breadcrumb\"},\"inLanguage\":\"fr-FR\",\"potentialAction\":[{\"@type\":\"ReadAction\",\"target\":[\"https:\/\/www.annonces-legales.org\/blog\/courrier-independant\/\"]}]},{\"@type\":\"ImageObject\",\"inLanguage\":\"fr-FR\",\"@id\":\"https:\/\/www.annonces-legales.org\/blog\/courrier-independant\/#primaryimage\",\"url\":\"https:\/\/www.annonces-legales.org\/blog\/wp-content\/uploads\/2021\/09\/courrier-independant.png\",\"contentUrl\":\"https:\/\/www.annonces-legales.org\/blog\/wp-content\/uploads\/2021\/09\/courrier-independant.png\",\"width\":400,\"height\":127},{\"@type\":\"BreadcrumbList\",\"@id\":\"https:\/\/www.annonces-legales.org\/blog\/courrier-independant\/#breadcrumb\",\"itemListElement\":[{\"@type\":\"ListItem\",\"position\":1,\"name\":\"Accueil\",\"item\":\"https:\/\/www.annonces-legales.org\/blog\/\"},{\"@type\":\"ListItem\",\"position\":2,\"name\":\"Liste des journaux habilit\u00e9s \u00e0 publier des annonces l\u00e9gales\",\"item\":\"https:\/\/www.annonces-legales.org\/blog\/liste-des-journaux-habilites-a-publier-des-annonces-legales\/\"},{\"@type\":\"ListItem\",\"position\":3,\"name\":\"Courrier Ind\u00e9pendant\"}]},{\"@type\":\"WebSite\",\"@id\":\"https:\/\/www.annonces-legales.org\/blog\/#website\",\"url\":\"https:\/\/www.annonces-legales.org\/blog\/\",\"name\":\"Actualit\u00e9 des entreprises\",\"description\":\"\",\"publisher\":{\"@id\":\"https:\/\/www.annonces-legales.org\/blog\/#organization\"},\"potentialAction\":[{\"@type\":\"SearchAction\",\"target\":{\"@type\":\"EntryPoint\",\"urlTemplate\":\"https:\/\/www.annonces-legales.org\/blog\/?s={search_term_string}\"},\"query-input\":{\"@type\":\"PropertyValueSpecification\",\"valueRequired\":true,\"valueName\":\"search_term_string\"}}],\"inLanguage\":\"fr-FR\"},{\"@type\":\"Organization\",\"@id\":\"https:\/\/www.annonces-legales.org\/blog\/#organization\",\"name\":\"Actualit\u00e9 des entreprises\",\"url\":\"https:\/\/www.annonces-legales.org\/blog\/\",\"logo\":{\"@type\":\"ImageObject\",\"inLanguage\":\"fr-FR\",\"@id\":\"https:\/\/www.annonces-legales.org\/blog\/#\/schema\/logo\/image\/\",\"url\":\"https:\/\/www.annonces-legales.org\/blog\/wp-content\/uploads\/2023\/08\/annonces-legales.svg\",\"contentUrl\":\"https:\/\/www.annonces-legales.org\/blog\/wp-content\/uploads\/2023\/08\/annonces-legales.svg\",\"caption\":\"Actualit\u00e9 des entreprises\"},\"image\":{\"@id\":\"https:\/\/www.annonces-legales.org\/blog\/#\/schema\/logo\/image\/\"}}]}<\/script>\n<!-- \/ Yoast SEO plugin. -->","yoast_head_json":{"title":"Courrier Ind\u00e9pendant - Actualit\u00e9 des entreprises","robots":{"index":"index","follow":"follow","max-snippet":"max-snippet:-1","max-image-preview":"max-image-preview:large","max-video-preview":"max-video-preview:-1"},"canonical":"https:\/\/www.annonces-legales.org\/blog\/courrier-independant\/","og_locale":"fr_FR","og_type":"article","og_title":"Courrier Ind\u00e9pendant - Actualit\u00e9 des entreprises","og_description":"Le Courrier Ind\u00e9pendant est un hebdomadaire de la r\u00e9gion des C\u00f4tes-d&rsquo;Armor qui propose des informations locales tous les jeudis. Il [&hellip;]","og_url":"https:\/\/www.annonces-legales.org\/blog\/courrier-independant\/","og_site_name":"Actualit\u00e9 des entreprises","article_modified_time":"2022-01-26T10:37:34+00:00","og_image":[{"width":400,"height":127,"url":"https:\/\/www.annonces-legales.org\/blog\/wp-content\/uploads\/2021\/09\/courrier-independant.png","type":"image\/png"}],"twitter_card":"summary_large_image","twitter_misc":{"Dur\u00e9e de lecture estim\u00e9e":"3 minutes"},"schema":{"@context":"https:\/\/schema.org","@graph":[{"@type":"WebPage","@id":"https:\/\/www.annonces-legales.org\/blog\/courrier-independant\/","url":"https:\/\/www.annonces-legales.org\/blog\/courrier-independant\/","name":"Courrier Ind\u00e9pendant - Actualit\u00e9 des entreprises","isPartOf":{"@id":"https:\/\/www.annonces-legales.org\/blog\/#website"},"primaryImageOfPage":{"@id":"https:\/\/www.annonces-legales.org\/blog\/courrier-independant\/#primaryimage"},"image":{"@id":"https:\/\/www.annonces-legales.org\/blog\/courrier-independant\/#primaryimage"},"thumbnailUrl":"https:\/\/www.annonces-legales.org\/blog\/wp-content\/uploads\/2021\/09\/courrier-independant.png","datePublished":"2021-09-13T18:42:47+00:00","dateModified":"2022-01-26T10:37:34+00:00","breadcrumb":{"@id":"https:\/\/www.annonces-legales.org\/blog\/courrier-independant\/#breadcrumb"},"inLanguage":"fr-FR","potentialAction":[{"@type":"ReadAction","target":["https:\/\/www.annonces-legales.org\/blog\/courrier-independant\/"]}]},{"@type":"ImageObject","inLanguage":"fr-FR","@id":"https:\/\/www.annonces-legales.org\/blog\/courrier-independant\/#primaryimage","url":"https:\/\/www.annonces-legales.org\/blog\/wp-content\/uploads\/2021\/09\/courrier-independant.png","contentUrl":"https:\/\/www.annonces-legales.org\/blog\/wp-content\/uploads\/2021\/09\/courrier-independant.png","width":400,"height":127},{"@type":"BreadcrumbList","@id":"https:\/\/www.annonces-legales.org\/blog\/courrier-independant\/#breadcrumb","itemListElement":[{"@type":"ListItem","position":1,"name":"Accueil","item":"https:\/\/www.annonces-legales.org\/blog\/"},{"@type":"ListItem","position":2,"name":"Liste des journaux habilit\u00e9s \u00e0 publier des annonces l\u00e9gales","item":"https:\/\/www.annonces-legales.org\/blog\/liste-des-journaux-habilites-a-publier-des-annonces-legales\/"},{"@type":"ListItem","position":3,"name":"Courrier Ind\u00e9pendant"}]},{"@type":"WebSite","@id":"https:\/\/www.annonces-legales.org\/blog\/#website","url":"https:\/\/www.annonces-legales.org\/blog\/","name":"Actualit\u00e9 des entreprises","description":"","publisher":{"@id":"https:\/\/www.annonces-legales.org\/blog\/#organization"},"potentialAction":[{"@type":"SearchAction","target":{"@type":"EntryPoint","urlTemplate":"https:\/\/www.annonces-legales.org\/blog\/?s={search_term_string}"},"query-input":{"@type":"PropertyValueSpecification","valueRequired":true,"valueName":"search_term_string"}}],"inLanguage":"fr-FR"},{"@type":"Organization","@id":"https:\/\/www.annonces-legales.org\/blog\/#organization","name":"Actualit\u00e9 des entreprises","url":"https:\/\/www.annonces-legales.org\/blog\/","logo":{"@type":"ImageObject","inLanguage":"fr-FR","@id":"https:\/\/www.annonces-legales.org\/blog\/#\/schema\/logo\/image\/","url":"https:\/\/www.annonces-legales.org\/blog\/wp-content\/uploads\/2023\/08\/annonces-legales.svg","contentUrl":"https:\/\/www.annonces-legales.org\/blog\/wp-content\/uploads\/2023\/08\/annonces-legales.svg","caption":"Actualit\u00e9 des entreprises"},"image":{"@id":"https:\/\/www.annonces-legales.org\/blog\/#\/schema\/logo\/image\/"}}]}},"_links":{"self":[{"href":"https:\/\/www.annonces-legales.org\/blog\/wp-json\/wp\/v2\/pages\/701","targetHints":{"allow":["GET"]}}],"collection":[{"href":"https:\/\/www.annonces-legales.org\/blog\/wp-json\/wp\/v2\/pages"}],"about":[{"href":"https:\/\/www.annonces-legales.org\/blog\/wp-json\/wp\/v2\/types\/page"}],"author":[{"embeddable":true,"href":"https:\/\/www.annonces-legales.org\/blog\/wp-json\/wp\/v2\/users\/1"}],"replies":[{"embeddable":true,"href":"https:\/\/www.annonces-legales.org\/blog\/wp-json\/wp\/v2\/comments?post=701"}],"version-history":[{"count":10,"href":"https:\/\/www.annonces-legales.org\/blog\/wp-json\/wp\/v2\/pages\/701\/revisions"}],"predecessor-version":[{"id":1328,"href":"https:\/\/www.annonces-legales.org\/blog\/wp-json\/wp\/v2\/pages\/701\/revisions\/1328"}],"up":[{"embeddable":true,"href":"https:\/\/www.annonces-legales.org\/blog\/wp-json\/wp\/v2\/pages\/351"}],"wp:attachment":[{"href":"https:\/\/www.annonces-legales.org\/blog\/wp-json\/wp\/v2\/media?parent=701"}],"curies":[{"name":"wp","href":"https:\/\/api.w.org\/{rel}","templated":true}]}}