{"id":707,"date":"2021-09-13T20:48:43","date_gmt":"2021-09-13T18:48:43","guid":{"rendered":"https:\/\/www.annonces-legales.org\/blog\/?page_id=707"},"modified":"2022-01-26T12:10:32","modified_gmt":"2022-01-26T11:10:32","slug":"paysan-breton","status":"publish","type":"page","link":"https:\/\/www.annonces-legales.org\/blog\/paysan-breton\/","title":{"rendered":"Paysan Breton"},"content":{"rendered":"<p><img loading=\"lazy\" decoding=\"async\" class=\"aligncenter size-full wp-image-721\" src=\"https:\/\/www.annonces-legales.org\/blog\/wp-content\/uploads\/2021\/09\/paysan-breton.png\" alt=\"\" width=\"350\" height=\"94\" srcset=\"https:\/\/www.annonces-legales.org\/blog\/wp-content\/uploads\/2021\/09\/paysan-breton.png 350w, https:\/\/www.annonces-legales.org\/blog\/wp-content\/uploads\/2021\/09\/paysan-breton-300x81.png 300w\" sizes=\"auto, (max-width: 350px) 100vw, 350px\" \/><\/p>\n<p>Ce journal hebdomadaire propose des informations agricoles dans la r\u00e9gion des C\u00f4tes-d&rsquo;Armor et de bien d&rsquo;autres d\u00e9partements de Bretagne.<br \/>\nIl a le m\u00eame nom qu&rsquo;une c\u00e9l\u00e8bre marque de beurre. Il publie des informations sur l&rsquo;\u00e9levage la culture de l\u00e9gumes, de bl\u00e9 et d&rsquo;orge. Il publie \u00e9galement des dossiers sur la politique et les \u00e9quipements agricoles.<\/p>\n<p><strong>Paysan breton<\/strong> est imprim\u00e9 \u00e0 plus de 36 000 exemplaires (chiffres pour 2020). Il n&rsquo;est pas disponible en kiosque, il faut s&rsquo;abonner pour pouvoir lire le journal. L&rsquo;abonnement pour un an est factur\u00e9 50 \u20ac pour la version papier et 59,99 \u20ac TTC pour la version papier + num\u00e9rique.<\/p>\n<p>La r\u00e9daction du journal est situ\u00e9e 18, Rue de la croix \u00e0 Pl\u00e9rin 22190.<\/p>\n<p>&nbsp;<\/p>\n<h2>Histoire du journal Paysan breton<\/h2>\n<p>Le premier num\u00e9ro du journal para\u00eet le 23 juin 1945. Il a \u00e9t\u00e9 cr\u00e9\u00e9 par un agriculteur <strong>Pierre Guillou<\/strong>. Le journal est tout d&rsquo;abord bimensuel et n&rsquo;est compos\u00e9 que d&rsquo;une seule feuille. Il est publi\u00e9e par la soci\u00e9t\u00e9 d&rsquo;\u00e9dition du paysan breton. Cette soci\u00e9t\u00e9 appartient \u00e0 diff\u00e9rentes organisations r\u00e9gionales agricoles.<\/p>\n<p>&nbsp;<\/p>\n<h2>Quel est le meilleur journal habilit\u00e9 pour publier une annonce dans les C\u00f4tes d\u2019Armor ?<\/h2>\n<p>Le choix du journal d&rsquo;annonces l\u00e9gales et judiciaires n&rsquo;a aucune importance, une annonce l\u00e9gale n&rsquo;est pas une publicit\u00e9.<br \/>\nLe seul point \u00e0 contr\u00f4ler est la pr\u00e9sence ou non d&rsquo;une habilitation pour le journal. C&rsquo;est le cas pour le Paysan Breton qui est habilit\u00e9 \u00e0 faire des publications officielles pour ce d\u00e9partement.<\/p>\n<p>&nbsp;<\/p>\n","protected":false},"excerpt":{"rendered":"<p>Ce journal hebdomadaire propose des informations agricoles dans la r\u00e9gion des C\u00f4tes-d&rsquo;Armor et de bien d&rsquo;autres d\u00e9partements de Bretagne. Il [&hellip;]<\/p>\n","protected":false},"author":1,"featured_media":0,"parent":351,"menu_order":0,"comment_status":"closed","ping_status":"closed","template":"","meta":{"inline_featured_image":false,"footnotes":""},"class_list":["post-707","page","type-page","status-publish","hentry"],"yoast_head":"<!-- This site is optimized with the Yoast SEO plugin v26.8 - https:\/\/yoast.com\/product\/yoast-seo-wordpress\/ -->\n<title>Paysan Breton - Actualit\u00e9 des entreprises<\/title>\n<meta name=\"robots\" content=\"index, follow, max-snippet:-1, max-image-preview:large, max-video-preview:-1\" \/>\n<link rel=\"canonical\" href=\"https:\/\/www.annonces-legales.org\/blog\/paysan-breton\/\" \/>\n<meta property=\"og:locale\" content=\"fr_FR\" \/>\n<meta property=\"og:type\" content=\"article\" \/>\n<meta property=\"og:title\" content=\"Paysan Breton - Actualit\u00e9 des entreprises\" \/>\n<meta property=\"og:description\" content=\"Ce journal hebdomadaire propose des informations agricoles dans la r\u00e9gion des C\u00f4tes-d&rsquo;Armor et de bien d&rsquo;autres d\u00e9partements de Bretagne. Il [&hellip;]\" \/>\n<meta property=\"og:url\" content=\"https:\/\/www.annonces-legales.org\/blog\/paysan-breton\/\" \/>\n<meta property=\"og:site_name\" content=\"Actualit\u00e9 des entreprises\" \/>\n<meta property=\"article:modified_time\" content=\"2022-01-26T11:10:32+00:00\" \/>\n<meta property=\"og:image\" content=\"https:\/\/www.annonces-legales.org\/blog\/wp-content\/uploads\/2021\/09\/paysan-breton.png\" \/>\n\t<meta property=\"og:image:width\" content=\"350\" \/>\n\t<meta property=\"og:image:height\" content=\"94\" \/>\n\t<meta property=\"og:image:type\" content=\"image\/png\" \/>\n<meta name=\"twitter:card\" content=\"summary_large_image\" \/>\n<meta name=\"twitter:label1\" content=\"Dur\u00e9e de lecture estim\u00e9e\" \/>\n\t<meta name=\"twitter:data1\" content=\"1 minute\" \/>\n<script type=\"application\/ld+json\" class=\"yoast-schema-graph\">{\"@context\":\"https:\/\/schema.org\",\"@graph\":[{\"@type\":\"WebPage\",\"@id\":\"https:\/\/www.annonces-legales.org\/blog\/paysan-breton\/\",\"url\":\"https:\/\/www.annonces-legales.org\/blog\/paysan-breton\/\",\"name\":\"Paysan Breton - Actualit\u00e9 des entreprises\",\"isPartOf\":{\"@id\":\"https:\/\/www.annonces-legales.org\/blog\/#website\"},\"primaryImageOfPage\":{\"@id\":\"https:\/\/www.annonces-legales.org\/blog\/paysan-breton\/#primaryimage\"},\"image\":{\"@id\":\"https:\/\/www.annonces-legales.org\/blog\/paysan-breton\/#primaryimage\"},\"thumbnailUrl\":\"https:\/\/www.annonces-legales.org\/blog\/wp-content\/uploads\/2021\/09\/paysan-breton.png\",\"datePublished\":\"2021-09-13T18:48:43+00:00\",\"dateModified\":\"2022-01-26T11:10:32+00:00\",\"breadcrumb\":{\"@id\":\"https:\/\/www.annonces-legales.org\/blog\/paysan-breton\/#breadcrumb\"},\"inLanguage\":\"fr-FR\",\"potentialAction\":[{\"@type\":\"ReadAction\",\"target\":[\"https:\/\/www.annonces-legales.org\/blog\/paysan-breton\/\"]}]},{\"@type\":\"ImageObject\",\"inLanguage\":\"fr-FR\",\"@id\":\"https:\/\/www.annonces-legales.org\/blog\/paysan-breton\/#primaryimage\",\"url\":\"https:\/\/www.annonces-legales.org\/blog\/wp-content\/uploads\/2021\/09\/paysan-breton.png\",\"contentUrl\":\"https:\/\/www.annonces-legales.org\/blog\/wp-content\/uploads\/2021\/09\/paysan-breton.png\",\"width\":350,\"height\":94},{\"@type\":\"BreadcrumbList\",\"@id\":\"https:\/\/www.annonces-legales.org\/blog\/paysan-breton\/#breadcrumb\",\"itemListElement\":[{\"@type\":\"ListItem\",\"position\":1,\"name\":\"Accueil\",\"item\":\"https:\/\/www.annonces-legales.org\/blog\/\"},{\"@type\":\"ListItem\",\"position\":2,\"name\":\"Liste des journaux habilit\u00e9s \u00e0 publier des annonces l\u00e9gales\",\"item\":\"https:\/\/www.annonces-legales.org\/blog\/liste-des-journaux-habilites-a-publier-des-annonces-legales\/\"},{\"@type\":\"ListItem\",\"position\":3,\"name\":\"Paysan Breton\"}]},{\"@type\":\"WebSite\",\"@id\":\"https:\/\/www.annonces-legales.org\/blog\/#website\",\"url\":\"https:\/\/www.annonces-legales.org\/blog\/\",\"name\":\"Actualit\u00e9 des entreprises\",\"description\":\"\",\"publisher\":{\"@id\":\"https:\/\/www.annonces-legales.org\/blog\/#organization\"},\"potentialAction\":[{\"@type\":\"SearchAction\",\"target\":{\"@type\":\"EntryPoint\",\"urlTemplate\":\"https:\/\/www.annonces-legales.org\/blog\/?s={search_term_string}\"},\"query-input\":{\"@type\":\"PropertyValueSpecification\",\"valueRequired\":true,\"valueName\":\"search_term_string\"}}],\"inLanguage\":\"fr-FR\"},{\"@type\":\"Organization\",\"@id\":\"https:\/\/www.annonces-legales.org\/blog\/#organization\",\"name\":\"Actualit\u00e9 des entreprises\",\"url\":\"https:\/\/www.annonces-legales.org\/blog\/\",\"logo\":{\"@type\":\"ImageObject\",\"inLanguage\":\"fr-FR\",\"@id\":\"https:\/\/www.annonces-legales.org\/blog\/#\/schema\/logo\/image\/\",\"url\":\"https:\/\/www.annonces-legales.org\/blog\/wp-content\/uploads\/2023\/08\/annonces-legales.svg\",\"contentUrl\":\"https:\/\/www.annonces-legales.org\/blog\/wp-content\/uploads\/2023\/08\/annonces-legales.svg\",\"caption\":\"Actualit\u00e9 des entreprises\"},\"image\":{\"@id\":\"https:\/\/www.annonces-legales.org\/blog\/#\/schema\/logo\/image\/\"}}]}<\/script>\n<!-- \/ Yoast SEO plugin. -->","yoast_head_json":{"title":"Paysan Breton - Actualit\u00e9 des entreprises","robots":{"index":"index","follow":"follow","max-snippet":"max-snippet:-1","max-image-preview":"max-image-preview:large","max-video-preview":"max-video-preview:-1"},"canonical":"https:\/\/www.annonces-legales.org\/blog\/paysan-breton\/","og_locale":"fr_FR","og_type":"article","og_title":"Paysan Breton - Actualit\u00e9 des entreprises","og_description":"Ce journal hebdomadaire propose des informations agricoles dans la r\u00e9gion des C\u00f4tes-d&rsquo;Armor et de bien d&rsquo;autres d\u00e9partements de Bretagne. Il [&hellip;]","og_url":"https:\/\/www.annonces-legales.org\/blog\/paysan-breton\/","og_site_name":"Actualit\u00e9 des entreprises","article_modified_time":"2022-01-26T11:10:32+00:00","og_image":[{"width":350,"height":94,"url":"https:\/\/www.annonces-legales.org\/blog\/wp-content\/uploads\/2021\/09\/paysan-breton.png","type":"image\/png"}],"twitter_card":"summary_large_image","twitter_misc":{"Dur\u00e9e de lecture estim\u00e9e":"1 minute"},"schema":{"@context":"https:\/\/schema.org","@graph":[{"@type":"WebPage","@id":"https:\/\/www.annonces-legales.org\/blog\/paysan-breton\/","url":"https:\/\/www.annonces-legales.org\/blog\/paysan-breton\/","name":"Paysan Breton - Actualit\u00e9 des entreprises","isPartOf":{"@id":"https:\/\/www.annonces-legales.org\/blog\/#website"},"primaryImageOfPage":{"@id":"https:\/\/www.annonces-legales.org\/blog\/paysan-breton\/#primaryimage"},"image":{"@id":"https:\/\/www.annonces-legales.org\/blog\/paysan-breton\/#primaryimage"},"thumbnailUrl":"https:\/\/www.annonces-legales.org\/blog\/wp-content\/uploads\/2021\/09\/paysan-breton.png","datePublished":"2021-09-13T18:48:43+00:00","dateModified":"2022-01-26T11:10:32+00:00","breadcrumb":{"@id":"https:\/\/www.annonces-legales.org\/blog\/paysan-breton\/#breadcrumb"},"inLanguage":"fr-FR","potentialAction":[{"@type":"ReadAction","target":["https:\/\/www.annonces-legales.org\/blog\/paysan-breton\/"]}]},{"@type":"ImageObject","inLanguage":"fr-FR","@id":"https:\/\/www.annonces-legales.org\/blog\/paysan-breton\/#primaryimage","url":"https:\/\/www.annonces-legales.org\/blog\/wp-content\/uploads\/2021\/09\/paysan-breton.png","contentUrl":"https:\/\/www.annonces-legales.org\/blog\/wp-content\/uploads\/2021\/09\/paysan-breton.png","width":350,"height":94},{"@type":"BreadcrumbList","@id":"https:\/\/www.annonces-legales.org\/blog\/paysan-breton\/#breadcrumb","itemListElement":[{"@type":"ListItem","position":1,"name":"Accueil","item":"https:\/\/www.annonces-legales.org\/blog\/"},{"@type":"ListItem","position":2,"name":"Liste des journaux habilit\u00e9s \u00e0 publier des annonces l\u00e9gales","item":"https:\/\/www.annonces-legales.org\/blog\/liste-des-journaux-habilites-a-publier-des-annonces-legales\/"},{"@type":"ListItem","position":3,"name":"Paysan Breton"}]},{"@type":"WebSite","@id":"https:\/\/www.annonces-legales.org\/blog\/#website","url":"https:\/\/www.annonces-legales.org\/blog\/","name":"Actualit\u00e9 des entreprises","description":"","publisher":{"@id":"https:\/\/www.annonces-legales.org\/blog\/#organization"},"potentialAction":[{"@type":"SearchAction","target":{"@type":"EntryPoint","urlTemplate":"https:\/\/www.annonces-legales.org\/blog\/?s={search_term_string}"},"query-input":{"@type":"PropertyValueSpecification","valueRequired":true,"valueName":"search_term_string"}}],"inLanguage":"fr-FR"},{"@type":"Organization","@id":"https:\/\/www.annonces-legales.org\/blog\/#organization","name":"Actualit\u00e9 des entreprises","url":"https:\/\/www.annonces-legales.org\/blog\/","logo":{"@type":"ImageObject","inLanguage":"fr-FR","@id":"https:\/\/www.annonces-legales.org\/blog\/#\/schema\/logo\/image\/","url":"https:\/\/www.annonces-legales.org\/blog\/wp-content\/uploads\/2023\/08\/annonces-legales.svg","contentUrl":"https:\/\/www.annonces-legales.org\/blog\/wp-content\/uploads\/2023\/08\/annonces-legales.svg","caption":"Actualit\u00e9 des entreprises"},"image":{"@id":"https:\/\/www.annonces-legales.org\/blog\/#\/schema\/logo\/image\/"}}]}},"_links":{"self":[{"href":"https:\/\/www.annonces-legales.org\/blog\/wp-json\/wp\/v2\/pages\/707","targetHints":{"allow":["GET"]}}],"collection":[{"href":"https:\/\/www.annonces-legales.org\/blog\/wp-json\/wp\/v2\/pages"}],"about":[{"href":"https:\/\/www.annonces-legales.org\/blog\/wp-json\/wp\/v2\/types\/page"}],"author":[{"embeddable":true,"href":"https:\/\/www.annonces-legales.org\/blog\/wp-json\/wp\/v2\/users\/1"}],"replies":[{"embeddable":true,"href":"https:\/\/www.annonces-legales.org\/blog\/wp-json\/wp\/v2\/comments?post=707"}],"version-history":[{"count":3,"href":"https:\/\/www.annonces-legales.org\/blog\/wp-json\/wp\/v2\/pages\/707\/revisions"}],"predecessor-version":[{"id":1451,"href":"https:\/\/www.annonces-legales.org\/blog\/wp-json\/wp\/v2\/pages\/707\/revisions\/1451"}],"up":[{"embeddable":true,"href":"https:\/\/www.annonces-legales.org\/blog\/wp-json\/wp\/v2\/pages\/351"}],"wp:attachment":[{"href":"https:\/\/www.annonces-legales.org\/blog\/wp-json\/wp\/v2\/media?parent=707"}],"curies":[{"name":"wp","href":"https:\/\/api.w.org\/{rel}","templated":true}]}}