{"id":728,"date":"2021-09-13T21:05:32","date_gmt":"2021-09-13T19:05:32","guid":{"rendered":"https:\/\/www.annonces-legales.org\/blog\/?page_id=728"},"modified":"2022-01-26T12:04:10","modified_gmt":"2022-01-26T11:04:10","slug":"journal-le-parisien","status":"publish","type":"page","link":"https:\/\/www.annonces-legales.org\/blog\/journal-le-parisien\/","title":{"rendered":"Le Journal Le Parisien"},"content":{"rendered":"<p>Le parisien est un journal quotidien fran\u00e7ais qui est diffus\u00e9 dans l\u2019Oise et en Ile-de-France.<\/p>\n<p>Ainsi, il poss\u00e8de de nombreuses \u00e9dition: Essonne, Hauts de Seine, Oise, Paris, Seine et Marne, Seine Saint Denis, Val d\u2019Oise, Val de Marne, Yvelines.<\/p>\n<p>Pour l&rsquo;ann\u00e9e 2021, il a re\u00e7u une habilitation pour publier des annonces l\u00e9gales dans tous les d\u00e9partements cit\u00e9s ci-dessus.<\/p>\n<br\/><br\/><div class=\"entry-content notopmargin\">\n\t<img decoding=\"async\" class=\"img-fluid fleft\" src=\"https:\/\/www.annonces-legales.org\/images\/rapide-economique-tout-departement.png\" alt=\"Journal d'annonce l\u00e9gale habilit\u00e9 \"><a href=\"https:\/\/www.annonces-legales.org\/publication-annonce-legale.html\" class=\"button button-desc fright mtop30\"><div>Je publie<br> mon annonce<br> l\u00e9gale<\/div><span>dans un journal habilit\u00e9 !<\/span><\/a>\n<\/div><div class=\"clrbth\"><\/div><br\/><br\/>\n<p>Il a en plus une diffusion nationale connue sous le nom de : Aujourd\u2019hui en France. Ce quotidien a une ligne \u00e9ditoriale g\u00e9n\u00e9raliste qui s\u2019int\u00e9resse en particulier aux faits divers et \u00e0 l\u2019actualit\u00e9 locale. Son but \u00e9tant d\u2019attirer tous les lectorats, m\u00eame ceux peu engag\u00e9s politiquement.<\/p>\n<p>&nbsp;<\/p>\n<h2>Histoire et \u00e9volution<\/h2>\n<p>Mis sur pied le 22 aout 1944, Le Parisien sonnera sa venue en diffusant une annonce stipulant la lib\u00e9ration de Paris sous le titre \u00ab\u2009la lib\u00e9ration de Paris est en marche\u2009\u00bb trois jours plus tard, Paris est en effet lib\u00e9r\u00e9. Il a \u00e9t\u00e9 fond\u00e9 par Emilien Amaury sous forme de coop\u00e9rative ouvri\u00e8re. Il prend ainsi la place du Petit Parisien qui perdit la face pour avoir paru durant la p\u00e9riode d\u2019occupation.<br \/>\nLe journal apr\u00e8s \u00eatre devenu en 1947 une SA cr\u00e9era un prix afin de r\u00e9compenser les reportages ou les r\u00e9cits v\u00e9cus sous l\u2019appellation de grand prix v\u00e9rit\u00e9. Apr\u00e8s la mort d\u2019\u00e9milien Amaury en 1977, ses enfants entreront durant six ans dans un conflit juridique. Ce n\u2019est qu\u2019en 1983 que Philippes Amaury reprendra les rennes du journal. Sa fille, Francine Amaury reprendra les diff\u00e9rents magazines. Avant le 25 janvier 1986, le Parisien se nommait le Parisien lib\u00e9r\u00e9. C\u2019est sous la direction de son fils qui h\u00e9rite de son appellation actuelle. \u00c0 sa mort, c\u2019est Marie Odile A sa veuve qui prendra en 2006 sa direction.<br \/>\nPlusieurs syndicats accuseront le quotidien d\u2019autocensure. Les journalistes du service culture spectacles avaient \u00e0 cette \u00e9poque re\u00e7u l\u2019ordre de ne pas chroniquer le film Merci Patron. Bernard Arnault, principal actionnaire du groupe LMVH auquel appartient d\u00e9sormais le journal aurait \u00e9t\u00e9 fortement index\u00e9 dans le film en question. Ce qui avait valu que les journalistes du Le Parisien ne puissent en parler.<\/p>\n","protected":false},"excerpt":{"rendered":"<p>Le parisien est un journal quotidien fran\u00e7ais qui est diffus\u00e9 dans l\u2019Oise et en Ile-de-France. Ainsi, il poss\u00e8de de nombreuses [&hellip;]<\/p>\n","protected":false},"author":1,"featured_media":0,"parent":351,"menu_order":0,"comment_status":"closed","ping_status":"closed","template":"","meta":{"inline_featured_image":false,"footnotes":""},"class_list":["post-728","page","type-page","status-publish","hentry"],"yoast_head":"<!-- This site is optimized with the Yoast SEO plugin v26.8 - https:\/\/yoast.com\/product\/yoast-seo-wordpress\/ -->\n<title>Le Journal Le Parisien - Actualit\u00e9 des entreprises<\/title>\n<meta name=\"robots\" content=\"index, follow, max-snippet:-1, max-image-preview:large, max-video-preview:-1\" \/>\n<link rel=\"canonical\" href=\"https:\/\/www.annonces-legales.org\/blog\/journal-le-parisien\/\" \/>\n<meta property=\"og:locale\" content=\"fr_FR\" \/>\n<meta property=\"og:type\" content=\"article\" \/>\n<meta property=\"og:title\" content=\"Le Journal Le Parisien - Actualit\u00e9 des entreprises\" \/>\n<meta property=\"og:description\" content=\"Le parisien est un journal quotidien fran\u00e7ais qui est diffus\u00e9 dans l\u2019Oise et en Ile-de-France. Ainsi, il poss\u00e8de de nombreuses [&hellip;]\" \/>\n<meta property=\"og:url\" content=\"https:\/\/www.annonces-legales.org\/blog\/journal-le-parisien\/\" \/>\n<meta property=\"og:site_name\" content=\"Actualit\u00e9 des entreprises\" \/>\n<meta property=\"article:modified_time\" content=\"2022-01-26T11:04:10+00:00\" \/>\n<meta name=\"twitter:card\" content=\"summary_large_image\" \/>\n<meta name=\"twitter:label1\" content=\"Dur\u00e9e de lecture estim\u00e9e\" \/>\n\t<meta name=\"twitter:data1\" content=\"2 minutes\" \/>\n<script type=\"application\/ld+json\" class=\"yoast-schema-graph\">{\"@context\":\"https:\/\/schema.org\",\"@graph\":[{\"@type\":\"WebPage\",\"@id\":\"https:\/\/www.annonces-legales.org\/blog\/journal-le-parisien\/\",\"url\":\"https:\/\/www.annonces-legales.org\/blog\/journal-le-parisien\/\",\"name\":\"Le Journal Le Parisien - Actualit\u00e9 des entreprises\",\"isPartOf\":{\"@id\":\"https:\/\/www.annonces-legales.org\/blog\/#website\"},\"datePublished\":\"2021-09-13T19:05:32+00:00\",\"dateModified\":\"2022-01-26T11:04:10+00:00\",\"breadcrumb\":{\"@id\":\"https:\/\/www.annonces-legales.org\/blog\/journal-le-parisien\/#breadcrumb\"},\"inLanguage\":\"fr-FR\",\"potentialAction\":[{\"@type\":\"ReadAction\",\"target\":[\"https:\/\/www.annonces-legales.org\/blog\/journal-le-parisien\/\"]}]},{\"@type\":\"BreadcrumbList\",\"@id\":\"https:\/\/www.annonces-legales.org\/blog\/journal-le-parisien\/#breadcrumb\",\"itemListElement\":[{\"@type\":\"ListItem\",\"position\":1,\"name\":\"Accueil\",\"item\":\"https:\/\/www.annonces-legales.org\/blog\/\"},{\"@type\":\"ListItem\",\"position\":2,\"name\":\"Liste des journaux habilit\u00e9s \u00e0 publier des annonces l\u00e9gales\",\"item\":\"https:\/\/www.annonces-legales.org\/blog\/liste-des-journaux-habilites-a-publier-des-annonces-legales\/\"},{\"@type\":\"ListItem\",\"position\":3,\"name\":\"Le Journal Le Parisien\"}]},{\"@type\":\"WebSite\",\"@id\":\"https:\/\/www.annonces-legales.org\/blog\/#website\",\"url\":\"https:\/\/www.annonces-legales.org\/blog\/\",\"name\":\"Actualit\u00e9 des entreprises\",\"description\":\"\",\"publisher\":{\"@id\":\"https:\/\/www.annonces-legales.org\/blog\/#organization\"},\"potentialAction\":[{\"@type\":\"SearchAction\",\"target\":{\"@type\":\"EntryPoint\",\"urlTemplate\":\"https:\/\/www.annonces-legales.org\/blog\/?s={search_term_string}\"},\"query-input\":{\"@type\":\"PropertyValueSpecification\",\"valueRequired\":true,\"valueName\":\"search_term_string\"}}],\"inLanguage\":\"fr-FR\"},{\"@type\":\"Organization\",\"@id\":\"https:\/\/www.annonces-legales.org\/blog\/#organization\",\"name\":\"Actualit\u00e9 des entreprises\",\"url\":\"https:\/\/www.annonces-legales.org\/blog\/\",\"logo\":{\"@type\":\"ImageObject\",\"inLanguage\":\"fr-FR\",\"@id\":\"https:\/\/www.annonces-legales.org\/blog\/#\/schema\/logo\/image\/\",\"url\":\"https:\/\/www.annonces-legales.org\/blog\/wp-content\/uploads\/2023\/08\/annonces-legales.svg\",\"contentUrl\":\"https:\/\/www.annonces-legales.org\/blog\/wp-content\/uploads\/2023\/08\/annonces-legales.svg\",\"caption\":\"Actualit\u00e9 des entreprises\"},\"image\":{\"@id\":\"https:\/\/www.annonces-legales.org\/blog\/#\/schema\/logo\/image\/\"}}]}<\/script>\n<!-- \/ Yoast SEO plugin. -->","yoast_head_json":{"title":"Le Journal Le Parisien - Actualit\u00e9 des entreprises","robots":{"index":"index","follow":"follow","max-snippet":"max-snippet:-1","max-image-preview":"max-image-preview:large","max-video-preview":"max-video-preview:-1"},"canonical":"https:\/\/www.annonces-legales.org\/blog\/journal-le-parisien\/","og_locale":"fr_FR","og_type":"article","og_title":"Le Journal Le Parisien - Actualit\u00e9 des entreprises","og_description":"Le parisien est un journal quotidien fran\u00e7ais qui est diffus\u00e9 dans l\u2019Oise et en Ile-de-France. Ainsi, il poss\u00e8de de nombreuses [&hellip;]","og_url":"https:\/\/www.annonces-legales.org\/blog\/journal-le-parisien\/","og_site_name":"Actualit\u00e9 des entreprises","article_modified_time":"2022-01-26T11:04:10+00:00","twitter_card":"summary_large_image","twitter_misc":{"Dur\u00e9e de lecture estim\u00e9e":"2 minutes"},"schema":{"@context":"https:\/\/schema.org","@graph":[{"@type":"WebPage","@id":"https:\/\/www.annonces-legales.org\/blog\/journal-le-parisien\/","url":"https:\/\/www.annonces-legales.org\/blog\/journal-le-parisien\/","name":"Le Journal Le Parisien - Actualit\u00e9 des entreprises","isPartOf":{"@id":"https:\/\/www.annonces-legales.org\/blog\/#website"},"datePublished":"2021-09-13T19:05:32+00:00","dateModified":"2022-01-26T11:04:10+00:00","breadcrumb":{"@id":"https:\/\/www.annonces-legales.org\/blog\/journal-le-parisien\/#breadcrumb"},"inLanguage":"fr-FR","potentialAction":[{"@type":"ReadAction","target":["https:\/\/www.annonces-legales.org\/blog\/journal-le-parisien\/"]}]},{"@type":"BreadcrumbList","@id":"https:\/\/www.annonces-legales.org\/blog\/journal-le-parisien\/#breadcrumb","itemListElement":[{"@type":"ListItem","position":1,"name":"Accueil","item":"https:\/\/www.annonces-legales.org\/blog\/"},{"@type":"ListItem","position":2,"name":"Liste des journaux habilit\u00e9s \u00e0 publier des annonces l\u00e9gales","item":"https:\/\/www.annonces-legales.org\/blog\/liste-des-journaux-habilites-a-publier-des-annonces-legales\/"},{"@type":"ListItem","position":3,"name":"Le Journal Le Parisien"}]},{"@type":"WebSite","@id":"https:\/\/www.annonces-legales.org\/blog\/#website","url":"https:\/\/www.annonces-legales.org\/blog\/","name":"Actualit\u00e9 des entreprises","description":"","publisher":{"@id":"https:\/\/www.annonces-legales.org\/blog\/#organization"},"potentialAction":[{"@type":"SearchAction","target":{"@type":"EntryPoint","urlTemplate":"https:\/\/www.annonces-legales.org\/blog\/?s={search_term_string}"},"query-input":{"@type":"PropertyValueSpecification","valueRequired":true,"valueName":"search_term_string"}}],"inLanguage":"fr-FR"},{"@type":"Organization","@id":"https:\/\/www.annonces-legales.org\/blog\/#organization","name":"Actualit\u00e9 des entreprises","url":"https:\/\/www.annonces-legales.org\/blog\/","logo":{"@type":"ImageObject","inLanguage":"fr-FR","@id":"https:\/\/www.annonces-legales.org\/blog\/#\/schema\/logo\/image\/","url":"https:\/\/www.annonces-legales.org\/blog\/wp-content\/uploads\/2023\/08\/annonces-legales.svg","contentUrl":"https:\/\/www.annonces-legales.org\/blog\/wp-content\/uploads\/2023\/08\/annonces-legales.svg","caption":"Actualit\u00e9 des entreprises"},"image":{"@id":"https:\/\/www.annonces-legales.org\/blog\/#\/schema\/logo\/image\/"}}]}},"_links":{"self":[{"href":"https:\/\/www.annonces-legales.org\/blog\/wp-json\/wp\/v2\/pages\/728","targetHints":{"allow":["GET"]}}],"collection":[{"href":"https:\/\/www.annonces-legales.org\/blog\/wp-json\/wp\/v2\/pages"}],"about":[{"href":"https:\/\/www.annonces-legales.org\/blog\/wp-json\/wp\/v2\/types\/page"}],"author":[{"embeddable":true,"href":"https:\/\/www.annonces-legales.org\/blog\/wp-json\/wp\/v2\/users\/1"}],"replies":[{"embeddable":true,"href":"https:\/\/www.annonces-legales.org\/blog\/wp-json\/wp\/v2\/comments?post=728"}],"version-history":[{"count":3,"href":"https:\/\/www.annonces-legales.org\/blog\/wp-json\/wp\/v2\/pages\/728\/revisions"}],"predecessor-version":[{"id":731,"href":"https:\/\/www.annonces-legales.org\/blog\/wp-json\/wp\/v2\/pages\/728\/revisions\/731"}],"up":[{"embeddable":true,"href":"https:\/\/www.annonces-legales.org\/blog\/wp-json\/wp\/v2\/pages\/351"}],"wp:attachment":[{"href":"https:\/\/www.annonces-legales.org\/blog\/wp-json\/wp\/v2\/media?parent=728"}],"curies":[{"name":"wp","href":"https:\/\/api.w.org\/{rel}","templated":true}]}}