{"id":732,"date":"2021-09-13T21:11:30","date_gmt":"2021-09-13T19:11:30","guid":{"rendered":"https:\/\/www.annonces-legales.org\/blog\/?page_id=732"},"modified":"2022-01-26T12:08:05","modified_gmt":"2022-01-26T11:08:05","slug":"midi-libre","status":"publish","type":"page","link":"https:\/\/www.annonces-legales.org\/blog\/midi-libre\/","title":{"rendered":"Midi libre"},"content":{"rendered":"<p><strong>Midi libre<\/strong> est un journal quotidien dont le si\u00e8ge social est bas\u00e9 \u00e0 Saint-Jean-De-V\u00e9das. Son territoire de diffusion comprend la moiti\u00e9 Est d\u2019Occitanie.<\/p>\n<p>Il poss\u00e8de notamment des \u00e9ditions r\u00e9gionales pour l&rsquo;Aude, l&rsquo;Aveyron, le Gard, l&rsquo;H\u00e9rault, La Loz\u00e8re, Les Pyr\u00e9n\u00e9es Orientales.<\/p>\n<p>Ce poss\u00e8de l&rsquo;habilitation pour publier des annonces l\u00e9gales et judiciaires dans ces 6 d\u00e9partements. Il faut bien s\u00fbr que l&rsquo;annonce l\u00e9gale apparaisse dans la bonne \u00e9dition du journal.<\/p>\n<p>Mais Midi Libre n&rsquo;est pas le seul journal o\u00f9 les entrepreneurs peuvent faire leurs annonces l\u00e9gales. Il en existe bien d&rsquo;autres. Pour obtenir le meilleurs prix, il faut faire un devis.<\/p>\n<br\/><br\/><div class=\"entry-content notopmargin\">\n\t<img decoding=\"async\" class=\"img-fluid fleft\" src=\"https:\/\/www.annonces-legales.org\/images\/rapide-economique-tout-departement.png\" alt=\"Journal d'annonce l\u00e9gale homologu\u00e9 \"><a href=\"https:\/\/www.annonces-legales.org\/publication-annonce-legale.html\" class=\"button button-desc fright mtop30\"><div>Je publie<br> mon annonce<br> l\u00e9gale<\/div><span>dans un journal homologu\u00e9 !<\/span><\/a>\n<\/div><div class=\"clrbth\"><\/div><br\/><br\/>\n<h2>Les offres d\u2019abonnement du Midi Libre<\/h2>\n<p>Le <strong>Midi libre<\/strong> propose 7 offres d\u2019abonnement.<\/p>\n<p>La premi\u00e8re offre est un abonnement 100 % num\u00e9rique qui offre un acc\u00e8s illimit\u00e9 aux contenus, une application pour avoir acc\u00e8s aux informations, la possibilit\u00e9 de lire le journal sur tous les \u00e9crans. Il co\u00fbte 14.99 euros. Puis vient Un abonnement papier num\u00e9rique de 30 euros il offre une livraison de papier journal 7 j\/7, vous avez \u00e9galement droit \u00e0 un TV magazine, un cahier midi le dimanche, un portage t\u00f4t le matin et un acc\u00e8s illimit\u00e9 aux contenus num\u00e9riques. Ensuite viennent deux abonnements num\u00e9riques un de six mois et un autre d\u2019un an. Il est aussi possible pour 399 euros de souscrire \u00e0 un abonnement papier d\u2019un an.<\/p>\n<h2>Histoire et \u00e9volution du journal Midi libre<\/h2>\n<p>Sa premi\u00e8re parution a eu lieu le 27 aout 1944. Il est en ce moment l\u2019organe du comit\u00e9 r\u00e9gional du mouvement de lib\u00e9ration nationale. Il aura cette m\u00eame p\u00e9riode produit et distribu\u00e9 plus de 50.000 exemplaires. Le Midi libre occupera les locaux du Petit m\u00e9ridional et de L\u2019\u00e9clair apr\u00e8s qu\u2019ils aient \u00e9t\u00e9 mis hors services, car ils avaient paru sous l\u2019occupation.<br \/>\nMaurice Bujon deviendra le second PDG de Midi libre apr\u00e8s la mort en 1956 de Jacques Bellon qui c\u00e8dera par la suite \u00e0 son fils qui sera \u00e9vinc\u00e9 par des actionnaires. En 2001 il sera notamment achet\u00e9 par le groupe Le Monde qui le c\u00e8dera en 2007 au Groupe Sud-Ouest qui est bas\u00e9 \u00e0 Bordeaux.<br \/>\nLe Midi libre sera condamn\u00e9 en 2015 par le tribunal correctionnel de N\u00eemes. Le quotidien avait emp\u00each\u00e9 \u00e0 Julien Sanchez alors maire de Beaucaire de jouir de son droit de r\u00e9ponse. Le 29 mai 2019 a lieu une gr\u00e8ve caus\u00e9e par des contraintes de mutation pens\u00e9es par le r\u00e9dacteur en chef dont les directives sont vues d\u2019un mauvais \u0153il.<\/p>\n<p>&nbsp;<\/p>\n<h2>Quel journal utiliser pour publier une annonce l\u00e9gale ?<\/h2>\n<p>Le journal Midi Libre peut \u00eatre utilis\u00e9 pour faire publier une annonce l\u00e9gale dans les d\u00e9partements cit\u00e9s ci-dessus.<br \/>\nMais pour chaque d\u00e9partement, il existe plusieurs journaux papier qui peuvent imprimer ces annonces.<br \/>\nLe choix est laiss\u00e9 \u00e0 la personne qui fait l&rsquo;annonce, qu&rsquo;elle soit une entreprise ou une personne physique.<br \/>\nLe plus logique est d&rsquo;utiliser le journal le moins cher pour la publication de l&rsquo;annonce.<\/p>\n<p>&nbsp;<\/p>\n","protected":false},"excerpt":{"rendered":"<p>Midi libre est un journal quotidien dont le si\u00e8ge social est bas\u00e9 \u00e0 Saint-Jean-De-V\u00e9das. Son territoire de diffusion comprend la [&hellip;]<\/p>\n","protected":false},"author":1,"featured_media":0,"parent":351,"menu_order":0,"comment_status":"closed","ping_status":"closed","template":"","meta":{"inline_featured_image":false,"footnotes":""},"class_list":["post-732","page","type-page","status-publish","hentry"],"yoast_head":"<!-- This site is optimized with the Yoast SEO plugin v26.8 - https:\/\/yoast.com\/product\/yoast-seo-wordpress\/ -->\n<title>Midi libre - Actualit\u00e9 des entreprises<\/title>\n<meta name=\"robots\" content=\"index, follow, max-snippet:-1, max-image-preview:large, max-video-preview:-1\" \/>\n<link rel=\"canonical\" href=\"https:\/\/www.annonces-legales.org\/blog\/midi-libre\/\" \/>\n<meta property=\"og:locale\" content=\"fr_FR\" \/>\n<meta property=\"og:type\" content=\"article\" \/>\n<meta property=\"og:title\" content=\"Midi libre - Actualit\u00e9 des entreprises\" \/>\n<meta property=\"og:description\" content=\"Midi libre est un journal quotidien dont le si\u00e8ge social est bas\u00e9 \u00e0 Saint-Jean-De-V\u00e9das. Son territoire de diffusion comprend la [&hellip;]\" \/>\n<meta property=\"og:url\" content=\"https:\/\/www.annonces-legales.org\/blog\/midi-libre\/\" \/>\n<meta property=\"og:site_name\" content=\"Actualit\u00e9 des entreprises\" \/>\n<meta property=\"article:modified_time\" content=\"2022-01-26T11:08:05+00:00\" \/>\n<meta name=\"twitter:card\" content=\"summary_large_image\" \/>\n<meta name=\"twitter:label1\" content=\"Dur\u00e9e de lecture estim\u00e9e\" \/>\n\t<meta name=\"twitter:data1\" content=\"3 minutes\" \/>\n<script type=\"application\/ld+json\" class=\"yoast-schema-graph\">{\"@context\":\"https:\/\/schema.org\",\"@graph\":[{\"@type\":\"WebPage\",\"@id\":\"https:\/\/www.annonces-legales.org\/blog\/midi-libre\/\",\"url\":\"https:\/\/www.annonces-legales.org\/blog\/midi-libre\/\",\"name\":\"Midi libre - Actualit\u00e9 des entreprises\",\"isPartOf\":{\"@id\":\"https:\/\/www.annonces-legales.org\/blog\/#website\"},\"datePublished\":\"2021-09-13T19:11:30+00:00\",\"dateModified\":\"2022-01-26T11:08:05+00:00\",\"breadcrumb\":{\"@id\":\"https:\/\/www.annonces-legales.org\/blog\/midi-libre\/#breadcrumb\"},\"inLanguage\":\"fr-FR\",\"potentialAction\":[{\"@type\":\"ReadAction\",\"target\":[\"https:\/\/www.annonces-legales.org\/blog\/midi-libre\/\"]}]},{\"@type\":\"BreadcrumbList\",\"@id\":\"https:\/\/www.annonces-legales.org\/blog\/midi-libre\/#breadcrumb\",\"itemListElement\":[{\"@type\":\"ListItem\",\"position\":1,\"name\":\"Accueil\",\"item\":\"https:\/\/www.annonces-legales.org\/blog\/\"},{\"@type\":\"ListItem\",\"position\":2,\"name\":\"Liste des journaux habilit\u00e9s \u00e0 publier des annonces l\u00e9gales\",\"item\":\"https:\/\/www.annonces-legales.org\/blog\/liste-des-journaux-habilites-a-publier-des-annonces-legales\/\"},{\"@type\":\"ListItem\",\"position\":3,\"name\":\"Midi libre\"}]},{\"@type\":\"WebSite\",\"@id\":\"https:\/\/www.annonces-legales.org\/blog\/#website\",\"url\":\"https:\/\/www.annonces-legales.org\/blog\/\",\"name\":\"Actualit\u00e9 des entreprises\",\"description\":\"\",\"publisher\":{\"@id\":\"https:\/\/www.annonces-legales.org\/blog\/#organization\"},\"potentialAction\":[{\"@type\":\"SearchAction\",\"target\":{\"@type\":\"EntryPoint\",\"urlTemplate\":\"https:\/\/www.annonces-legales.org\/blog\/?s={search_term_string}\"},\"query-input\":{\"@type\":\"PropertyValueSpecification\",\"valueRequired\":true,\"valueName\":\"search_term_string\"}}],\"inLanguage\":\"fr-FR\"},{\"@type\":\"Organization\",\"@id\":\"https:\/\/www.annonces-legales.org\/blog\/#organization\",\"name\":\"Actualit\u00e9 des entreprises\",\"url\":\"https:\/\/www.annonces-legales.org\/blog\/\",\"logo\":{\"@type\":\"ImageObject\",\"inLanguage\":\"fr-FR\",\"@id\":\"https:\/\/www.annonces-legales.org\/blog\/#\/schema\/logo\/image\/\",\"url\":\"https:\/\/www.annonces-legales.org\/blog\/wp-content\/uploads\/2023\/08\/annonces-legales.svg\",\"contentUrl\":\"https:\/\/www.annonces-legales.org\/blog\/wp-content\/uploads\/2023\/08\/annonces-legales.svg\",\"caption\":\"Actualit\u00e9 des entreprises\"},\"image\":{\"@id\":\"https:\/\/www.annonces-legales.org\/blog\/#\/schema\/logo\/image\/\"}}]}<\/script>\n<!-- \/ Yoast SEO plugin. -->","yoast_head_json":{"title":"Midi libre - Actualit\u00e9 des entreprises","robots":{"index":"index","follow":"follow","max-snippet":"max-snippet:-1","max-image-preview":"max-image-preview:large","max-video-preview":"max-video-preview:-1"},"canonical":"https:\/\/www.annonces-legales.org\/blog\/midi-libre\/","og_locale":"fr_FR","og_type":"article","og_title":"Midi libre - Actualit\u00e9 des entreprises","og_description":"Midi libre est un journal quotidien dont le si\u00e8ge social est bas\u00e9 \u00e0 Saint-Jean-De-V\u00e9das. Son territoire de diffusion comprend la [&hellip;]","og_url":"https:\/\/www.annonces-legales.org\/blog\/midi-libre\/","og_site_name":"Actualit\u00e9 des entreprises","article_modified_time":"2022-01-26T11:08:05+00:00","twitter_card":"summary_large_image","twitter_misc":{"Dur\u00e9e de lecture estim\u00e9e":"3 minutes"},"schema":{"@context":"https:\/\/schema.org","@graph":[{"@type":"WebPage","@id":"https:\/\/www.annonces-legales.org\/blog\/midi-libre\/","url":"https:\/\/www.annonces-legales.org\/blog\/midi-libre\/","name":"Midi libre - Actualit\u00e9 des entreprises","isPartOf":{"@id":"https:\/\/www.annonces-legales.org\/blog\/#website"},"datePublished":"2021-09-13T19:11:30+00:00","dateModified":"2022-01-26T11:08:05+00:00","breadcrumb":{"@id":"https:\/\/www.annonces-legales.org\/blog\/midi-libre\/#breadcrumb"},"inLanguage":"fr-FR","potentialAction":[{"@type":"ReadAction","target":["https:\/\/www.annonces-legales.org\/blog\/midi-libre\/"]}]},{"@type":"BreadcrumbList","@id":"https:\/\/www.annonces-legales.org\/blog\/midi-libre\/#breadcrumb","itemListElement":[{"@type":"ListItem","position":1,"name":"Accueil","item":"https:\/\/www.annonces-legales.org\/blog\/"},{"@type":"ListItem","position":2,"name":"Liste des journaux habilit\u00e9s \u00e0 publier des annonces l\u00e9gales","item":"https:\/\/www.annonces-legales.org\/blog\/liste-des-journaux-habilites-a-publier-des-annonces-legales\/"},{"@type":"ListItem","position":3,"name":"Midi libre"}]},{"@type":"WebSite","@id":"https:\/\/www.annonces-legales.org\/blog\/#website","url":"https:\/\/www.annonces-legales.org\/blog\/","name":"Actualit\u00e9 des entreprises","description":"","publisher":{"@id":"https:\/\/www.annonces-legales.org\/blog\/#organization"},"potentialAction":[{"@type":"SearchAction","target":{"@type":"EntryPoint","urlTemplate":"https:\/\/www.annonces-legales.org\/blog\/?s={search_term_string}"},"query-input":{"@type":"PropertyValueSpecification","valueRequired":true,"valueName":"search_term_string"}}],"inLanguage":"fr-FR"},{"@type":"Organization","@id":"https:\/\/www.annonces-legales.org\/blog\/#organization","name":"Actualit\u00e9 des entreprises","url":"https:\/\/www.annonces-legales.org\/blog\/","logo":{"@type":"ImageObject","inLanguage":"fr-FR","@id":"https:\/\/www.annonces-legales.org\/blog\/#\/schema\/logo\/image\/","url":"https:\/\/www.annonces-legales.org\/blog\/wp-content\/uploads\/2023\/08\/annonces-legales.svg","contentUrl":"https:\/\/www.annonces-legales.org\/blog\/wp-content\/uploads\/2023\/08\/annonces-legales.svg","caption":"Actualit\u00e9 des entreprises"},"image":{"@id":"https:\/\/www.annonces-legales.org\/blog\/#\/schema\/logo\/image\/"}}]}},"_links":{"self":[{"href":"https:\/\/www.annonces-legales.org\/blog\/wp-json\/wp\/v2\/pages\/732","targetHints":{"allow":["GET"]}}],"collection":[{"href":"https:\/\/www.annonces-legales.org\/blog\/wp-json\/wp\/v2\/pages"}],"about":[{"href":"https:\/\/www.annonces-legales.org\/blog\/wp-json\/wp\/v2\/types\/page"}],"author":[{"embeddable":true,"href":"https:\/\/www.annonces-legales.org\/blog\/wp-json\/wp\/v2\/users\/1"}],"replies":[{"embeddable":true,"href":"https:\/\/www.annonces-legales.org\/blog\/wp-json\/wp\/v2\/comments?post=732"}],"version-history":[{"count":3,"href":"https:\/\/www.annonces-legales.org\/blog\/wp-json\/wp\/v2\/pages\/732\/revisions"}],"predecessor-version":[{"id":1117,"href":"https:\/\/www.annonces-legales.org\/blog\/wp-json\/wp\/v2\/pages\/732\/revisions\/1117"}],"up":[{"embeddable":true,"href":"https:\/\/www.annonces-legales.org\/blog\/wp-json\/wp\/v2\/pages\/351"}],"wp:attachment":[{"href":"https:\/\/www.annonces-legales.org\/blog\/wp-json\/wp\/v2\/media?parent=732"}],"curies":[{"name":"wp","href":"https:\/\/api.w.org\/{rel}","templated":true}]}}