{"id":734,"date":"2021-09-13T21:14:20","date_gmt":"2021-09-13T19:14:20","guid":{"rendered":"https:\/\/www.annonces-legales.org\/blog\/?page_id=734"},"modified":"2022-01-26T12:09:19","modified_gmt":"2022-01-26T11:09:19","slug":"nice-matin","status":"publish","type":"page","link":"https:\/\/www.annonces-legales.org\/blog\/nice-matin\/","title":{"rendered":"Nice Matin"},"content":{"rendered":"<p>Nice-Matin est un journal quotidien bas\u00e9 dans les Alpes-Maritimes dont le si\u00e8ge social est situ\u00e9 \u00e0 Nice. Il a une couverture r\u00e9gionale. C\u2019est une filiale du groupe <strong>Nice matin<\/strong> ayant une ligne de diffusion limit\u00e9e aux <strong>Alpes-Maritimes<\/strong>.<\/p>\n<p>Ce journal Nice Matin\/Edition de Nice est habilit\u00e9 \u00e0 publier des annonces l\u00e9gales pour le d\u00e9partement des Alpes Maritimes (06).<\/p>\n<br\/><br\/><div class=\"entry-content notopmargin\">\n\t<img decoding=\"async\" class=\"img-fluid fleft\" src=\"https:\/\/www.annonces-legales.org\/images\/rapide-economique-tout-departement.png\" alt=\"Journal d'annonce l\u00e9gale des Alpes Maritimes (06) \"><a href=\"https:\/\/www.annonces-legales.org\/publication-annonce-legale.html\" class=\"button button-desc fright mtop30\"><div>Je publie<br> mon annonce<br> l\u00e9gale<\/div><span>dans un journal des Alpes Maritimes (06) !<\/span><\/a>\n<\/div><div class=\"clrbth\"><\/div><br\/><br\/>\n<p>Ce quotidien propose trois formules d\u2019abonnement :<\/p>\n<ul>\n<li>Une formule loisir qui int\u00e8gre un journal papier livr\u00e9 vendredi, samedi et dimanche.<\/li>\n<li>Un journal num\u00e9rique 7 j\/7 ; L\u2019acc\u00e8s illimit\u00e9 \u00e0 tous les articles et des news letters Nice-Matin ;<\/li>\n<li>Une formule qui a tous les avantages de la pr\u00e9c\u00e9dente \u00e0 l\u2019exception du journal papier ;<\/li>\n<\/ul>\n<p>La derni\u00e8re formule et donc la plus compl\u00e8te est la formule int\u00e9grale qui en plus des avantages de la formule loisir int\u00e8gre une livraison hebdomadaire du journal papier.<br \/>\nLa formule loisir co\u00fbte en g\u00e9n\u00e9ral 23\u00a0euros par mois, la formule num\u00e9rique co\u00fbte 9.90\u00a0euros et la formule int\u00e9grale quant \u00e0 elle co\u00fbte 35\u00a0euros. Le tout sans aucun engagement.<\/p>\n<p>&nbsp;<\/p>\n<h2>Histoire et \u00e9volution du journal Nice-Matin<\/h2>\n<p>C\u2019est le 15 septembre 1945 que Michel Bavastro, un ancien journaliste sportif \u00e0 L\u2019\u00e9claireur de Nice fonda Nice-Matin. Il dirigea par la suite son quotidien durant 45 ans. Il reste directeur jusqu\u2019en 1949 pour prendre la place de PDG par la suite. Il gardera ce poste jusqu\u2019en 1996. Ce quotidien rach\u00e8tera de nombreux journaux tels que L\u2019espoir qui est un journal socialiste, le combat de Nice, Sud Est et les locaux de l\u2019ancien journal L\u2019\u00e9claireur.<br \/>\nEn 1949, L\u2019aurore et Le patriote qui se partageaient avec Nice-Matin la r\u00e9gion des Alpes-Maritimes vont s\u2019\u00e9teindre durant la purge stalinienne, car ils \u00e9taient communistes. Apr\u00e8s leur faillite, Nice-Matin se trouve dans une situation de quasi-monopole de la diffusion journalistique. Il s\u2019\u00e9tend m\u00eame sur les d\u00e9partements comme la Var et la Corse. En v\u00e9rit\u00e9 il s\u2019est toujours arrang\u00e9 \u00e0 \u00eatre en \u00e9troite ad\u00e9quation avec le pouvoir en place.<br \/>\nG\u00e9rard Bavastro succ\u00e8dera \u00e0 son p\u00e8re en 1996 au poste de PDG apr\u00e8s avoir \u00e9t\u00e9 depuis 1978 directeur g\u00e9n\u00e9ral du m\u00eame journal.<\/p>\n<h2>Nice-Matin aujourd\u2019hui<\/h2>\n<p>Apr\u00e8s avoir \u00e9t\u00e9 plac\u00e9 en redressement judiciaire en 2014, le Nice-Matin est rachet\u00e9 par les employ\u00e9s. Ceux-ci feront de grandes modifications au niveau de la ligne \u00e9ditoriale. Le but restait celui de mieux vendre. Pour atteindre leurs objectifs, ils ont d\u00e9cid\u00e9 d\u2019inclure de plus en plus les lecteurs dans la cr\u00e9ation des titres et des contenus. Cela s\u2019est sold\u00e9 par un grand succ\u00e8s qui a valu une remont\u00e9e des ventes importante.<br \/>\nApr\u00e8s avoir obtenu en mars 2019 une proc\u00e9dure de sauvegarde du tribunal du commerce, le Nice-Matin va se faire racheter \u00e0 51\u00a0% de son capital par Xavier Niel qui apr\u00e8s de nombreuses tentatives aura r\u00e9ussi \u00e0 obtenir l\u2019autorisation d\u2019acheter 100\u00a0% des actions du quotidien.<\/p>\n","protected":false},"excerpt":{"rendered":"<p>Nice-Matin est un journal quotidien bas\u00e9 dans les Alpes-Maritimes dont le si\u00e8ge social est situ\u00e9 \u00e0 Nice. Il a une [&hellip;]<\/p>\n","protected":false},"author":1,"featured_media":0,"parent":351,"menu_order":0,"comment_status":"closed","ping_status":"closed","template":"","meta":{"inline_featured_image":false,"footnotes":""},"class_list":["post-734","page","type-page","status-publish","hentry"],"yoast_head":"<!-- This site is optimized with the Yoast SEO plugin v26.8 - https:\/\/yoast.com\/product\/yoast-seo-wordpress\/ -->\n<title>Nice Matin - Actualit\u00e9 des entreprises<\/title>\n<meta name=\"robots\" content=\"index, follow, max-snippet:-1, max-image-preview:large, max-video-preview:-1\" \/>\n<link rel=\"canonical\" href=\"https:\/\/www.annonces-legales.org\/blog\/nice-matin\/\" \/>\n<meta property=\"og:locale\" content=\"fr_FR\" \/>\n<meta property=\"og:type\" content=\"article\" \/>\n<meta property=\"og:title\" content=\"Nice Matin - Actualit\u00e9 des entreprises\" \/>\n<meta property=\"og:description\" content=\"Nice-Matin est un journal quotidien bas\u00e9 dans les Alpes-Maritimes dont le si\u00e8ge social est situ\u00e9 \u00e0 Nice. Il a une [&hellip;]\" \/>\n<meta property=\"og:url\" content=\"https:\/\/www.annonces-legales.org\/blog\/nice-matin\/\" \/>\n<meta property=\"og:site_name\" content=\"Actualit\u00e9 des entreprises\" \/>\n<meta property=\"article:modified_time\" content=\"2022-01-26T11:09:19+00:00\" \/>\n<meta name=\"twitter:card\" content=\"summary_large_image\" \/>\n<meta name=\"twitter:label1\" content=\"Dur\u00e9e de lecture estim\u00e9e\" \/>\n\t<meta name=\"twitter:data1\" content=\"2 minutes\" \/>\n<script type=\"application\/ld+json\" class=\"yoast-schema-graph\">{\"@context\":\"https:\/\/schema.org\",\"@graph\":[{\"@type\":\"WebPage\",\"@id\":\"https:\/\/www.annonces-legales.org\/blog\/nice-matin\/\",\"url\":\"https:\/\/www.annonces-legales.org\/blog\/nice-matin\/\",\"name\":\"Nice Matin - Actualit\u00e9 des entreprises\",\"isPartOf\":{\"@id\":\"https:\/\/www.annonces-legales.org\/blog\/#website\"},\"datePublished\":\"2021-09-13T19:14:20+00:00\",\"dateModified\":\"2022-01-26T11:09:19+00:00\",\"breadcrumb\":{\"@id\":\"https:\/\/www.annonces-legales.org\/blog\/nice-matin\/#breadcrumb\"},\"inLanguage\":\"fr-FR\",\"potentialAction\":[{\"@type\":\"ReadAction\",\"target\":[\"https:\/\/www.annonces-legales.org\/blog\/nice-matin\/\"]}]},{\"@type\":\"BreadcrumbList\",\"@id\":\"https:\/\/www.annonces-legales.org\/blog\/nice-matin\/#breadcrumb\",\"itemListElement\":[{\"@type\":\"ListItem\",\"position\":1,\"name\":\"Accueil\",\"item\":\"https:\/\/www.annonces-legales.org\/blog\/\"},{\"@type\":\"ListItem\",\"position\":2,\"name\":\"Liste des journaux habilit\u00e9s \u00e0 publier des annonces l\u00e9gales\",\"item\":\"https:\/\/www.annonces-legales.org\/blog\/liste-des-journaux-habilites-a-publier-des-annonces-legales\/\"},{\"@type\":\"ListItem\",\"position\":3,\"name\":\"Nice Matin\"}]},{\"@type\":\"WebSite\",\"@id\":\"https:\/\/www.annonces-legales.org\/blog\/#website\",\"url\":\"https:\/\/www.annonces-legales.org\/blog\/\",\"name\":\"Actualit\u00e9 des entreprises\",\"description\":\"\",\"publisher\":{\"@id\":\"https:\/\/www.annonces-legales.org\/blog\/#organization\"},\"potentialAction\":[{\"@type\":\"SearchAction\",\"target\":{\"@type\":\"EntryPoint\",\"urlTemplate\":\"https:\/\/www.annonces-legales.org\/blog\/?s={search_term_string}\"},\"query-input\":{\"@type\":\"PropertyValueSpecification\",\"valueRequired\":true,\"valueName\":\"search_term_string\"}}],\"inLanguage\":\"fr-FR\"},{\"@type\":\"Organization\",\"@id\":\"https:\/\/www.annonces-legales.org\/blog\/#organization\",\"name\":\"Actualit\u00e9 des entreprises\",\"url\":\"https:\/\/www.annonces-legales.org\/blog\/\",\"logo\":{\"@type\":\"ImageObject\",\"inLanguage\":\"fr-FR\",\"@id\":\"https:\/\/www.annonces-legales.org\/blog\/#\/schema\/logo\/image\/\",\"url\":\"https:\/\/www.annonces-legales.org\/blog\/wp-content\/uploads\/2023\/08\/annonces-legales.svg\",\"contentUrl\":\"https:\/\/www.annonces-legales.org\/blog\/wp-content\/uploads\/2023\/08\/annonces-legales.svg\",\"caption\":\"Actualit\u00e9 des entreprises\"},\"image\":{\"@id\":\"https:\/\/www.annonces-legales.org\/blog\/#\/schema\/logo\/image\/\"}}]}<\/script>\n<!-- \/ Yoast SEO plugin. -->","yoast_head_json":{"title":"Nice Matin - Actualit\u00e9 des entreprises","robots":{"index":"index","follow":"follow","max-snippet":"max-snippet:-1","max-image-preview":"max-image-preview:large","max-video-preview":"max-video-preview:-1"},"canonical":"https:\/\/www.annonces-legales.org\/blog\/nice-matin\/","og_locale":"fr_FR","og_type":"article","og_title":"Nice Matin - Actualit\u00e9 des entreprises","og_description":"Nice-Matin est un journal quotidien bas\u00e9 dans les Alpes-Maritimes dont le si\u00e8ge social est situ\u00e9 \u00e0 Nice. Il a une [&hellip;]","og_url":"https:\/\/www.annonces-legales.org\/blog\/nice-matin\/","og_site_name":"Actualit\u00e9 des entreprises","article_modified_time":"2022-01-26T11:09:19+00:00","twitter_card":"summary_large_image","twitter_misc":{"Dur\u00e9e de lecture estim\u00e9e":"2 minutes"},"schema":{"@context":"https:\/\/schema.org","@graph":[{"@type":"WebPage","@id":"https:\/\/www.annonces-legales.org\/blog\/nice-matin\/","url":"https:\/\/www.annonces-legales.org\/blog\/nice-matin\/","name":"Nice Matin - Actualit\u00e9 des entreprises","isPartOf":{"@id":"https:\/\/www.annonces-legales.org\/blog\/#website"},"datePublished":"2021-09-13T19:14:20+00:00","dateModified":"2022-01-26T11:09:19+00:00","breadcrumb":{"@id":"https:\/\/www.annonces-legales.org\/blog\/nice-matin\/#breadcrumb"},"inLanguage":"fr-FR","potentialAction":[{"@type":"ReadAction","target":["https:\/\/www.annonces-legales.org\/blog\/nice-matin\/"]}]},{"@type":"BreadcrumbList","@id":"https:\/\/www.annonces-legales.org\/blog\/nice-matin\/#breadcrumb","itemListElement":[{"@type":"ListItem","position":1,"name":"Accueil","item":"https:\/\/www.annonces-legales.org\/blog\/"},{"@type":"ListItem","position":2,"name":"Liste des journaux habilit\u00e9s \u00e0 publier des annonces l\u00e9gales","item":"https:\/\/www.annonces-legales.org\/blog\/liste-des-journaux-habilites-a-publier-des-annonces-legales\/"},{"@type":"ListItem","position":3,"name":"Nice Matin"}]},{"@type":"WebSite","@id":"https:\/\/www.annonces-legales.org\/blog\/#website","url":"https:\/\/www.annonces-legales.org\/blog\/","name":"Actualit\u00e9 des entreprises","description":"","publisher":{"@id":"https:\/\/www.annonces-legales.org\/blog\/#organization"},"potentialAction":[{"@type":"SearchAction","target":{"@type":"EntryPoint","urlTemplate":"https:\/\/www.annonces-legales.org\/blog\/?s={search_term_string}"},"query-input":{"@type":"PropertyValueSpecification","valueRequired":true,"valueName":"search_term_string"}}],"inLanguage":"fr-FR"},{"@type":"Organization","@id":"https:\/\/www.annonces-legales.org\/blog\/#organization","name":"Actualit\u00e9 des entreprises","url":"https:\/\/www.annonces-legales.org\/blog\/","logo":{"@type":"ImageObject","inLanguage":"fr-FR","@id":"https:\/\/www.annonces-legales.org\/blog\/#\/schema\/logo\/image\/","url":"https:\/\/www.annonces-legales.org\/blog\/wp-content\/uploads\/2023\/08\/annonces-legales.svg","contentUrl":"https:\/\/www.annonces-legales.org\/blog\/wp-content\/uploads\/2023\/08\/annonces-legales.svg","caption":"Actualit\u00e9 des entreprises"},"image":{"@id":"https:\/\/www.annonces-legales.org\/blog\/#\/schema\/logo\/image\/"}}]}},"_links":{"self":[{"href":"https:\/\/www.annonces-legales.org\/blog\/wp-json\/wp\/v2\/pages\/734","targetHints":{"allow":["GET"]}}],"collection":[{"href":"https:\/\/www.annonces-legales.org\/blog\/wp-json\/wp\/v2\/pages"}],"about":[{"href":"https:\/\/www.annonces-legales.org\/blog\/wp-json\/wp\/v2\/types\/page"}],"author":[{"embeddable":true,"href":"https:\/\/www.annonces-legales.org\/blog\/wp-json\/wp\/v2\/users\/1"}],"replies":[{"embeddable":true,"href":"https:\/\/www.annonces-legales.org\/blog\/wp-json\/wp\/v2\/comments?post=734"}],"version-history":[{"count":5,"href":"https:\/\/www.annonces-legales.org\/blog\/wp-json\/wp\/v2\/pages\/734\/revisions"}],"predecessor-version":[{"id":2358,"href":"https:\/\/www.annonces-legales.org\/blog\/wp-json\/wp\/v2\/pages\/734\/revisions\/2358"}],"up":[{"embeddable":true,"href":"https:\/\/www.annonces-legales.org\/blog\/wp-json\/wp\/v2\/pages\/351"}],"wp:attachment":[{"href":"https:\/\/www.annonces-legales.org\/blog\/wp-json\/wp\/v2\/media?parent=734"}],"curies":[{"name":"wp","href":"https:\/\/api.w.org\/{rel}","templated":true}]}}