{"id":739,"date":"2021-09-13T21:24:24","date_gmt":"2021-09-13T19:24:24","guid":{"rendered":"https:\/\/www.annonces-legales.org\/blog\/?page_id=739"},"modified":"2022-01-26T12:10:08","modified_gmt":"2022-01-26T11:10:08","slug":"ouest-france","status":"publish","type":"page","link":"https:\/\/www.annonces-legales.org\/blog\/ouest-france\/","title":{"rendered":"Ouest France"},"content":{"rendered":"<p>\u00c9dit\u00e9 \u00e0 Rennes par le groupe Sipa-Ouest France, le<strong> journal Ouest France<\/strong> fait partie des plus grands quotidiens r\u00e9gionaux de France. Ses \u00e9ditions sont distribu\u00e9es dans l\u2019ouest de la France et \u00e9galement \u00e0 Paris.<\/p>\n<p>Parmi les nombreuses \u00e9ditions du journal nous avons :<\/p>\n<ul>\n<li>Ouest France\u00a0 Edition du Calvados (14)<\/li>\n<li>Ouest France Edition des C\u00f4tes d&rsquo;Armor (22)<\/li>\n<li>Ouest France Edition du Finist\u00e8re (29)<\/li>\n<li>Ouest France Edition d&rsquo;Ille et Vilaine (35)<\/li>\n<li>Ouest France Edition Loire Atlantique (44)<\/li>\n<li>Ouest France Edition du Maine et Loire (49)<\/li>\n<li>Ouest France Edition de la Manche (50)<\/li>\n<li>Ouest France Edition de la Mayenne (53)<\/li>\n<li>Ouest France Edition du Morbihan (56)<\/li>\n<li>Ouest France Edition de l&rsquo;Orne (61)<\/li>\n<li>Ouest France Edition de la Sarthe (72)<\/li>\n<li>Ouest France Edition de la Vend\u00e9e<\/li>\n<\/ul>\n<p>&nbsp;<\/p>\n<p>Les diff\u00e9rentes \u00e9ditions de ce journal ont re\u00e7u l\u2019habilitation de leur pr\u00e9fectures respectives pour d\u00e9poser des annonces l\u00e9gales officielles.<\/p>\n<p>Pour d\u00e9poser vos annonces l\u00e9gales et payer moins cher, nous vous conseillons nos services. Cliquez ci-dessous pour plus d&rsquo;informations.<\/p>\n<br\/><br\/><div class=\"entry-content notopmargin\">\n\t<img decoding=\"async\" class=\"img-fluid fleft\" src=\"https:\/\/www.annonces-legales.org\/images\/rapide-economique-tout-departement.png\" alt=\"Journal d'annonce l\u00e9gale habilit\u00e9 \"><a href=\"https:\/\/www.annonces-legales.org\/publication-annonce-legale.html\" class=\"button button-desc fright mtop30\"><div>Je publie<br> mon annonce<br> l\u00e9gale<\/div><span>dans un journal habilit\u00e9 !<\/span><\/a>\n<\/div><div class=\"clrbth\"><\/div><br\/><br\/>\n<p>Ce quotidien est la propri\u00e9t\u00e9 de l\u2019association pour le soutien des principes de la d\u00e9mocratie humanisme dont la famille Hutin a le contr\u00f4le.<\/p>\n<p>Ouest-France propose trois offres d\u2019abonnement. Le premier comprend un acc\u00e8s illimit\u00e9 aux informations via une application et une \u00e9dition France \u00e0 22 heures pour 1\u00a0euro par semaine. Le second est un pack num\u00e9rique \u00e0 8.49\u00a0euros le mois qui donne acc\u00e8s aux archives depuis 1899, aux \u00e9ditions du matin et du soir et \u00e0 un acc\u00e8s illimit\u00e9 aux contenus. Le dernier est un pack qui en plus des autres avantages donne droit \u00e0 une \u00e9dition du journal papier tous les jours \u00e0 7h30.<\/p>\n<p>&nbsp;<\/p>\n<h2>Histoire et \u00e9volution<\/h2>\n<p>La premi\u00e8re parution du journal Ouest-France eut lieu le 7 aout 1944 succ\u00e9dant ainsi \u00e0 L\u2019ouest \u00e9clair. Ce dernier avait en ce moment \u00e9t\u00e9 interdit de parution pour cause de collaboration avec l\u2019ennemi. L\u2019Ouest-France fut fond\u00e9 par Paul Hutin-Desgr\u00e9es et a re\u00e7u le soutien des chr\u00e9tiens d\u00e9mocrates tels que Francisque Gray, Georges Bidault, etc.<br \/>\n\u00c0 l\u2019origine son si\u00e8ge se trouvait dans le centre-ville de Rennes dans la rue du Pr\u00e9-Bott\u00e9. En 1972, c\u2019est \u00e0 Chantepie que la r\u00e9daction, l\u2019administration, le si\u00e8ge et l\u2019imprimerie sont d\u00e9plac\u00e9s. Ils prennent place dans la rue du Breil, situ\u00e9e dans la banlieue de Rennes<br \/>\nOuest-France \u00e9dicte sa propre charte d\u2019information. Dans celle-ci, elle pr\u00e9cise l\u2019importance de la v\u00e9racit\u00e9 de l\u2019information, du respect d\u2019autrui, de l\u2019honn\u00eatet\u00e9 intellectuelle. En juin 1990. Le quotidien la r\u00e9sumera en ces termes \u00ab\u2009dire sans nuire, montrer sans choquer, t\u00e9moigner sans juger, d\u00e9noncer sans condamner.\u2009\u00bb<br \/>\nEn pr\u00e9lude \u00e0 la prochaine r\u00e9unification de la Normandie, Ouest-France lan\u00e7a en fin\u00a02015 sa toute premi\u00e8re \u00e9dition Haute-Normandie et pour la premi\u00e8re fois, elle \u00e9largit son champ de diffusion. Fran\u00e7ois R\u00e9gis Hutin annonce en octobre 2016 qu\u2019il se consacrera uniquement aux fonctions r\u00e9dactionnelles, il abandonnera ainsi ses fonctions op\u00e9rationnelles. C\u2019est Louis Echelard qui prendra sa place au poste de pr\u00e9sident du directoire et directeur de publication. Quant \u00e0 Matthieu Fuchs son gendre, il occupera le poste de vice-pr\u00e9sident du directoire et directeur g\u00e9n\u00e9ral.<\/p>\n<p>&nbsp;<\/p>\n<p>&nbsp;<\/p>\n","protected":false},"excerpt":{"rendered":"<p>\u00c9dit\u00e9 \u00e0 Rennes par le groupe Sipa-Ouest France, le journal Ouest France fait partie des plus grands quotidiens r\u00e9gionaux de [&hellip;]<\/p>\n","protected":false},"author":1,"featured_media":0,"parent":351,"menu_order":0,"comment_status":"closed","ping_status":"closed","template":"","meta":{"inline_featured_image":false,"footnotes":""},"class_list":["post-739","page","type-page","status-publish","hentry"],"yoast_head":"<!-- This site is optimized with the Yoast SEO plugin v26.8 - https:\/\/yoast.com\/product\/yoast-seo-wordpress\/ -->\n<title>Ouest France - Actualit\u00e9 des entreprises<\/title>\n<meta name=\"robots\" content=\"index, follow, max-snippet:-1, max-image-preview:large, max-video-preview:-1\" \/>\n<link rel=\"canonical\" href=\"https:\/\/www.annonces-legales.org\/blog\/ouest-france\/\" \/>\n<meta property=\"og:locale\" content=\"fr_FR\" \/>\n<meta property=\"og:type\" content=\"article\" \/>\n<meta property=\"og:title\" content=\"Ouest France - Actualit\u00e9 des entreprises\" \/>\n<meta property=\"og:description\" content=\"\u00c9dit\u00e9 \u00e0 Rennes par le groupe Sipa-Ouest France, le journal Ouest France fait partie des plus grands quotidiens r\u00e9gionaux de [&hellip;]\" \/>\n<meta property=\"og:url\" content=\"https:\/\/www.annonces-legales.org\/blog\/ouest-france\/\" \/>\n<meta property=\"og:site_name\" content=\"Actualit\u00e9 des entreprises\" \/>\n<meta property=\"article:modified_time\" content=\"2022-01-26T11:10:08+00:00\" \/>\n<meta name=\"twitter:card\" content=\"summary_large_image\" \/>\n<meta name=\"twitter:label1\" content=\"Dur\u00e9e de lecture estim\u00e9e\" \/>\n\t<meta name=\"twitter:data1\" content=\"3 minutes\" \/>\n<script type=\"application\/ld+json\" class=\"yoast-schema-graph\">{\"@context\":\"https:\/\/schema.org\",\"@graph\":[{\"@type\":\"WebPage\",\"@id\":\"https:\/\/www.annonces-legales.org\/blog\/ouest-france\/\",\"url\":\"https:\/\/www.annonces-legales.org\/blog\/ouest-france\/\",\"name\":\"Ouest France - Actualit\u00e9 des entreprises\",\"isPartOf\":{\"@id\":\"https:\/\/www.annonces-legales.org\/blog\/#website\"},\"datePublished\":\"2021-09-13T19:24:24+00:00\",\"dateModified\":\"2022-01-26T11:10:08+00:00\",\"breadcrumb\":{\"@id\":\"https:\/\/www.annonces-legales.org\/blog\/ouest-france\/#breadcrumb\"},\"inLanguage\":\"fr-FR\",\"potentialAction\":[{\"@type\":\"ReadAction\",\"target\":[\"https:\/\/www.annonces-legales.org\/blog\/ouest-france\/\"]}]},{\"@type\":\"BreadcrumbList\",\"@id\":\"https:\/\/www.annonces-legales.org\/blog\/ouest-france\/#breadcrumb\",\"itemListElement\":[{\"@type\":\"ListItem\",\"position\":1,\"name\":\"Accueil\",\"item\":\"https:\/\/www.annonces-legales.org\/blog\/\"},{\"@type\":\"ListItem\",\"position\":2,\"name\":\"Liste des journaux habilit\u00e9s \u00e0 publier des annonces l\u00e9gales\",\"item\":\"https:\/\/www.annonces-legales.org\/blog\/liste-des-journaux-habilites-a-publier-des-annonces-legales\/\"},{\"@type\":\"ListItem\",\"position\":3,\"name\":\"Ouest France\"}]},{\"@type\":\"WebSite\",\"@id\":\"https:\/\/www.annonces-legales.org\/blog\/#website\",\"url\":\"https:\/\/www.annonces-legales.org\/blog\/\",\"name\":\"Actualit\u00e9 des entreprises\",\"description\":\"\",\"publisher\":{\"@id\":\"https:\/\/www.annonces-legales.org\/blog\/#organization\"},\"potentialAction\":[{\"@type\":\"SearchAction\",\"target\":{\"@type\":\"EntryPoint\",\"urlTemplate\":\"https:\/\/www.annonces-legales.org\/blog\/?s={search_term_string}\"},\"query-input\":{\"@type\":\"PropertyValueSpecification\",\"valueRequired\":true,\"valueName\":\"search_term_string\"}}],\"inLanguage\":\"fr-FR\"},{\"@type\":\"Organization\",\"@id\":\"https:\/\/www.annonces-legales.org\/blog\/#organization\",\"name\":\"Actualit\u00e9 des entreprises\",\"url\":\"https:\/\/www.annonces-legales.org\/blog\/\",\"logo\":{\"@type\":\"ImageObject\",\"inLanguage\":\"fr-FR\",\"@id\":\"https:\/\/www.annonces-legales.org\/blog\/#\/schema\/logo\/image\/\",\"url\":\"https:\/\/www.annonces-legales.org\/blog\/wp-content\/uploads\/2023\/08\/annonces-legales.svg\",\"contentUrl\":\"https:\/\/www.annonces-legales.org\/blog\/wp-content\/uploads\/2023\/08\/annonces-legales.svg\",\"caption\":\"Actualit\u00e9 des entreprises\"},\"image\":{\"@id\":\"https:\/\/www.annonces-legales.org\/blog\/#\/schema\/logo\/image\/\"}}]}<\/script>\n<!-- \/ Yoast SEO plugin. -->","yoast_head_json":{"title":"Ouest France - Actualit\u00e9 des entreprises","robots":{"index":"index","follow":"follow","max-snippet":"max-snippet:-1","max-image-preview":"max-image-preview:large","max-video-preview":"max-video-preview:-1"},"canonical":"https:\/\/www.annonces-legales.org\/blog\/ouest-france\/","og_locale":"fr_FR","og_type":"article","og_title":"Ouest France - Actualit\u00e9 des entreprises","og_description":"\u00c9dit\u00e9 \u00e0 Rennes par le groupe Sipa-Ouest France, le journal Ouest France fait partie des plus grands quotidiens r\u00e9gionaux de [&hellip;]","og_url":"https:\/\/www.annonces-legales.org\/blog\/ouest-france\/","og_site_name":"Actualit\u00e9 des entreprises","article_modified_time":"2022-01-26T11:10:08+00:00","twitter_card":"summary_large_image","twitter_misc":{"Dur\u00e9e de lecture estim\u00e9e":"3 minutes"},"schema":{"@context":"https:\/\/schema.org","@graph":[{"@type":"WebPage","@id":"https:\/\/www.annonces-legales.org\/blog\/ouest-france\/","url":"https:\/\/www.annonces-legales.org\/blog\/ouest-france\/","name":"Ouest France - Actualit\u00e9 des entreprises","isPartOf":{"@id":"https:\/\/www.annonces-legales.org\/blog\/#website"},"datePublished":"2021-09-13T19:24:24+00:00","dateModified":"2022-01-26T11:10:08+00:00","breadcrumb":{"@id":"https:\/\/www.annonces-legales.org\/blog\/ouest-france\/#breadcrumb"},"inLanguage":"fr-FR","potentialAction":[{"@type":"ReadAction","target":["https:\/\/www.annonces-legales.org\/blog\/ouest-france\/"]}]},{"@type":"BreadcrumbList","@id":"https:\/\/www.annonces-legales.org\/blog\/ouest-france\/#breadcrumb","itemListElement":[{"@type":"ListItem","position":1,"name":"Accueil","item":"https:\/\/www.annonces-legales.org\/blog\/"},{"@type":"ListItem","position":2,"name":"Liste des journaux habilit\u00e9s \u00e0 publier des annonces l\u00e9gales","item":"https:\/\/www.annonces-legales.org\/blog\/liste-des-journaux-habilites-a-publier-des-annonces-legales\/"},{"@type":"ListItem","position":3,"name":"Ouest France"}]},{"@type":"WebSite","@id":"https:\/\/www.annonces-legales.org\/blog\/#website","url":"https:\/\/www.annonces-legales.org\/blog\/","name":"Actualit\u00e9 des entreprises","description":"","publisher":{"@id":"https:\/\/www.annonces-legales.org\/blog\/#organization"},"potentialAction":[{"@type":"SearchAction","target":{"@type":"EntryPoint","urlTemplate":"https:\/\/www.annonces-legales.org\/blog\/?s={search_term_string}"},"query-input":{"@type":"PropertyValueSpecification","valueRequired":true,"valueName":"search_term_string"}}],"inLanguage":"fr-FR"},{"@type":"Organization","@id":"https:\/\/www.annonces-legales.org\/blog\/#organization","name":"Actualit\u00e9 des entreprises","url":"https:\/\/www.annonces-legales.org\/blog\/","logo":{"@type":"ImageObject","inLanguage":"fr-FR","@id":"https:\/\/www.annonces-legales.org\/blog\/#\/schema\/logo\/image\/","url":"https:\/\/www.annonces-legales.org\/blog\/wp-content\/uploads\/2023\/08\/annonces-legales.svg","contentUrl":"https:\/\/www.annonces-legales.org\/blog\/wp-content\/uploads\/2023\/08\/annonces-legales.svg","caption":"Actualit\u00e9 des entreprises"},"image":{"@id":"https:\/\/www.annonces-legales.org\/blog\/#\/schema\/logo\/image\/"}}]}},"_links":{"self":[{"href":"https:\/\/www.annonces-legales.org\/blog\/wp-json\/wp\/v2\/pages\/739","targetHints":{"allow":["GET"]}}],"collection":[{"href":"https:\/\/www.annonces-legales.org\/blog\/wp-json\/wp\/v2\/pages"}],"about":[{"href":"https:\/\/www.annonces-legales.org\/blog\/wp-json\/wp\/v2\/types\/page"}],"author":[{"embeddable":true,"href":"https:\/\/www.annonces-legales.org\/blog\/wp-json\/wp\/v2\/users\/1"}],"replies":[{"embeddable":true,"href":"https:\/\/www.annonces-legales.org\/blog\/wp-json\/wp\/v2\/comments?post=739"}],"version-history":[{"count":3,"href":"https:\/\/www.annonces-legales.org\/blog\/wp-json\/wp\/v2\/pages\/739\/revisions"}],"predecessor-version":[{"id":742,"href":"https:\/\/www.annonces-legales.org\/blog\/wp-json\/wp\/v2\/pages\/739\/revisions\/742"}],"up":[{"embeddable":true,"href":"https:\/\/www.annonces-legales.org\/blog\/wp-json\/wp\/v2\/pages\/351"}],"wp:attachment":[{"href":"https:\/\/www.annonces-legales.org\/blog\/wp-json\/wp\/v2\/media?parent=739"}],"curies":[{"name":"wp","href":"https:\/\/api.w.org\/{rel}","templated":true}]}}