{"id":747,"date":"2021-09-15T17:49:47","date_gmt":"2021-09-15T15:49:47","guid":{"rendered":"https:\/\/www.annonces-legales.org\/blog\/?page_id=747"},"modified":"2022-01-26T12:16:15","modified_gmt":"2022-01-26T11:16:15","slug":"union-du-cantal","status":"publish","type":"page","link":"https:\/\/www.annonces-legales.org\/blog\/union-du-cantal\/","title":{"rendered":"Union du Cantal"},"content":{"rendered":"<p><strong>L&rsquo;Union du Cantal<\/strong> est un journal bihebdomadaire qui est publi\u00e9, comme son nom l&rsquo;indique, dans le Cantal. Il est vendu 1,40 \u20ac en kiosque.<\/p>\n<p><img loading=\"lazy\" decoding=\"async\" class=\"aligncenter size-full wp-image-799\" src=\"https:\/\/www.annonces-legales.org\/blog\/wp-content\/uploads\/2021\/09\/union-du-cantal.png\" alt=\"\" width=\"360\" height=\"146\" srcset=\"https:\/\/www.annonces-legales.org\/blog\/wp-content\/uploads\/2021\/09\/union-du-cantal.png 360w, https:\/\/www.annonces-legales.org\/blog\/wp-content\/uploads\/2021\/09\/union-du-cantal-300x122.png 300w\" sizes=\"auto, (max-width: 360px) 100vw, 360px\" \/><\/p>\n<p>Le journal propose de nombreux articles sur les fili\u00e8res bovines, sur l&rsquo;\u00e9conomie agricole, sur la politique, sur l&rsquo;environnement, le climat et le tourisme. Le journal existe depuis d\u00e9j\u00e0 plus de 30 ans. Il a d\u00e9j\u00e0 d\u00e9pass\u00e9 le num\u00e9ro 3400.<\/p>\n<p>Ce titre de presse appartient au groupe R\u00e9ussir. Ce groupe, cr\u00e9\u00e9 en 1986, poss\u00e8de une quarantaine de titres quotidiens et hebdomadaires r\u00e9gionaux qui traitent de la fili\u00e8re agricole ou de l&rsquo;\u00e9levage.<\/p>\n<p>Ce titre de presse a \u00e9t\u00e9 habilit\u00e9 pour effectuer le d\u00e9p\u00f4t d&rsquo;annonce l\u00e9gale pour le d\u00e9partement du <strong>Cantal (15)<\/strong>. Il peut donc recevoir les annonces l\u00e9gales des entreprises Cantali\u00e8nnes.<\/p>\n<p>&nbsp;<\/p>\n<h2>Quels sont les avantages \u00e0 ins\u00e9rer une annonce l\u00e9gale avec notre service de formalit\u00e9 Annonces-legales.org ?<\/h2>\n<p>L&rsquo;Union du Cantal fait partie des nombreux journaux habilit\u00e9s dans le Cantal. Pour payer une annonce l\u00e9gale au prix le plus bas, il faut comparer les devis de plusieurs journaux. Cela prend du temps. Aussi, les journaux r\u00e9gionaux sont parfois plus abordable que les journaux \u00e9dit\u00e9s nationalement mais ceux-ci sont plus dur \u00e0 d\u00e9nicher.<\/p>\n<p>Avec notre service, vous pouvez obtenir le prix de votre annonce l\u00e9gale dans diff\u00e9rents journaux. Vous pouvez ainsi comparer et choisir le journal le moins cher.<\/p>\n<p>&nbsp;<\/p>\n<h2>Quelles sont les structures qui ont l&rsquo;imp\u00e9ratif de faire une publication l\u00e9gale dans le Cantal ?<\/h2>\n<p>Chaque entreprise peu importe sa taille devra \u00e0 coup s\u00fbr publier une annonce l\u00e9gale au cours de sa vie . Si le si\u00e8ge de l&rsquo;entreprise est dans le Cantal, elle doit utiliser un journal de ce d\u00e9partement.<\/p>\n<p>C&rsquo;est ainsi pour les \u00e9tablissements \u00e0 responsabilit\u00e9 limit\u00e9e ou les entreprises anonymes.<br \/>\nLes plus petites soci\u00e9t\u00e9s tel que les micro-entreprises ou les autoentrepreneurs ne sont pas oblig\u00e9es de faire ces annonces l\u00e9gales et judiciaires.<\/p>\n<p>&nbsp;<\/p>\n","protected":false},"excerpt":{"rendered":"<p>L&rsquo;Union du Cantal est un journal bihebdomadaire qui est publi\u00e9, comme son nom l&rsquo;indique, dans le Cantal. Il est vendu [&hellip;]<\/p>\n","protected":false},"author":1,"featured_media":0,"parent":351,"menu_order":0,"comment_status":"closed","ping_status":"closed","template":"","meta":{"inline_featured_image":false,"footnotes":""},"class_list":["post-747","page","type-page","status-publish","hentry"],"yoast_head":"<!-- This site is optimized with the Yoast SEO plugin v26.8 - https:\/\/yoast.com\/product\/yoast-seo-wordpress\/ -->\n<title>Union du Cantal - Actualit\u00e9 des entreprises<\/title>\n<meta name=\"robots\" content=\"index, follow, max-snippet:-1, max-image-preview:large, max-video-preview:-1\" \/>\n<link rel=\"canonical\" href=\"https:\/\/www.annonces-legales.org\/blog\/union-du-cantal\/\" \/>\n<meta property=\"og:locale\" content=\"fr_FR\" \/>\n<meta property=\"og:type\" content=\"article\" \/>\n<meta property=\"og:title\" content=\"Union du Cantal - Actualit\u00e9 des entreprises\" \/>\n<meta property=\"og:description\" content=\"L&rsquo;Union du Cantal est un journal bihebdomadaire qui est publi\u00e9, comme son nom l&rsquo;indique, dans le Cantal. Il est vendu [&hellip;]\" \/>\n<meta property=\"og:url\" content=\"https:\/\/www.annonces-legales.org\/blog\/union-du-cantal\/\" \/>\n<meta property=\"og:site_name\" content=\"Actualit\u00e9 des entreprises\" \/>\n<meta property=\"article:modified_time\" content=\"2022-01-26T11:16:15+00:00\" \/>\n<meta property=\"og:image\" content=\"https:\/\/www.annonces-legales.org\/blog\/wp-content\/uploads\/2021\/09\/union-du-cantal.png\" \/>\n\t<meta property=\"og:image:width\" content=\"360\" \/>\n\t<meta property=\"og:image:height\" content=\"146\" \/>\n\t<meta property=\"og:image:type\" content=\"image\/png\" \/>\n<meta name=\"twitter:card\" content=\"summary_large_image\" \/>\n<meta name=\"twitter:label1\" content=\"Dur\u00e9e de lecture estim\u00e9e\" \/>\n\t<meta name=\"twitter:data1\" content=\"2 minutes\" \/>\n<script type=\"application\/ld+json\" class=\"yoast-schema-graph\">{\"@context\":\"https:\/\/schema.org\",\"@graph\":[{\"@type\":\"WebPage\",\"@id\":\"https:\/\/www.annonces-legales.org\/blog\/union-du-cantal\/\",\"url\":\"https:\/\/www.annonces-legales.org\/blog\/union-du-cantal\/\",\"name\":\"Union du Cantal - Actualit\u00e9 des entreprises\",\"isPartOf\":{\"@id\":\"https:\/\/www.annonces-legales.org\/blog\/#website\"},\"primaryImageOfPage\":{\"@id\":\"https:\/\/www.annonces-legales.org\/blog\/union-du-cantal\/#primaryimage\"},\"image\":{\"@id\":\"https:\/\/www.annonces-legales.org\/blog\/union-du-cantal\/#primaryimage\"},\"thumbnailUrl\":\"https:\/\/www.annonces-legales.org\/blog\/wp-content\/uploads\/2021\/09\/union-du-cantal.png\",\"datePublished\":\"2021-09-15T15:49:47+00:00\",\"dateModified\":\"2022-01-26T11:16:15+00:00\",\"breadcrumb\":{\"@id\":\"https:\/\/www.annonces-legales.org\/blog\/union-du-cantal\/#breadcrumb\"},\"inLanguage\":\"fr-FR\",\"potentialAction\":[{\"@type\":\"ReadAction\",\"target\":[\"https:\/\/www.annonces-legales.org\/blog\/union-du-cantal\/\"]}]},{\"@type\":\"ImageObject\",\"inLanguage\":\"fr-FR\",\"@id\":\"https:\/\/www.annonces-legales.org\/blog\/union-du-cantal\/#primaryimage\",\"url\":\"https:\/\/www.annonces-legales.org\/blog\/wp-content\/uploads\/2021\/09\/union-du-cantal.png\",\"contentUrl\":\"https:\/\/www.annonces-legales.org\/blog\/wp-content\/uploads\/2021\/09\/union-du-cantal.png\",\"width\":360,\"height\":146},{\"@type\":\"BreadcrumbList\",\"@id\":\"https:\/\/www.annonces-legales.org\/blog\/union-du-cantal\/#breadcrumb\",\"itemListElement\":[{\"@type\":\"ListItem\",\"position\":1,\"name\":\"Accueil\",\"item\":\"https:\/\/www.annonces-legales.org\/blog\/\"},{\"@type\":\"ListItem\",\"position\":2,\"name\":\"Liste des journaux habilit\u00e9s \u00e0 publier des annonces l\u00e9gales\",\"item\":\"https:\/\/www.annonces-legales.org\/blog\/liste-des-journaux-habilites-a-publier-des-annonces-legales\/\"},{\"@type\":\"ListItem\",\"position\":3,\"name\":\"Union du Cantal\"}]},{\"@type\":\"WebSite\",\"@id\":\"https:\/\/www.annonces-legales.org\/blog\/#website\",\"url\":\"https:\/\/www.annonces-legales.org\/blog\/\",\"name\":\"Actualit\u00e9 des entreprises\",\"description\":\"\",\"publisher\":{\"@id\":\"https:\/\/www.annonces-legales.org\/blog\/#organization\"},\"potentialAction\":[{\"@type\":\"SearchAction\",\"target\":{\"@type\":\"EntryPoint\",\"urlTemplate\":\"https:\/\/www.annonces-legales.org\/blog\/?s={search_term_string}\"},\"query-input\":{\"@type\":\"PropertyValueSpecification\",\"valueRequired\":true,\"valueName\":\"search_term_string\"}}],\"inLanguage\":\"fr-FR\"},{\"@type\":\"Organization\",\"@id\":\"https:\/\/www.annonces-legales.org\/blog\/#organization\",\"name\":\"Actualit\u00e9 des entreprises\",\"url\":\"https:\/\/www.annonces-legales.org\/blog\/\",\"logo\":{\"@type\":\"ImageObject\",\"inLanguage\":\"fr-FR\",\"@id\":\"https:\/\/www.annonces-legales.org\/blog\/#\/schema\/logo\/image\/\",\"url\":\"https:\/\/www.annonces-legales.org\/blog\/wp-content\/uploads\/2023\/08\/annonces-legales.svg\",\"contentUrl\":\"https:\/\/www.annonces-legales.org\/blog\/wp-content\/uploads\/2023\/08\/annonces-legales.svg\",\"caption\":\"Actualit\u00e9 des entreprises\"},\"image\":{\"@id\":\"https:\/\/www.annonces-legales.org\/blog\/#\/schema\/logo\/image\/\"}}]}<\/script>\n<!-- \/ Yoast SEO plugin. -->","yoast_head_json":{"title":"Union du Cantal - Actualit\u00e9 des entreprises","robots":{"index":"index","follow":"follow","max-snippet":"max-snippet:-1","max-image-preview":"max-image-preview:large","max-video-preview":"max-video-preview:-1"},"canonical":"https:\/\/www.annonces-legales.org\/blog\/union-du-cantal\/","og_locale":"fr_FR","og_type":"article","og_title":"Union du Cantal - Actualit\u00e9 des entreprises","og_description":"L&rsquo;Union du Cantal est un journal bihebdomadaire qui est publi\u00e9, comme son nom l&rsquo;indique, dans le Cantal. Il est vendu [&hellip;]","og_url":"https:\/\/www.annonces-legales.org\/blog\/union-du-cantal\/","og_site_name":"Actualit\u00e9 des entreprises","article_modified_time":"2022-01-26T11:16:15+00:00","og_image":[{"width":360,"height":146,"url":"https:\/\/www.annonces-legales.org\/blog\/wp-content\/uploads\/2021\/09\/union-du-cantal.png","type":"image\/png"}],"twitter_card":"summary_large_image","twitter_misc":{"Dur\u00e9e de lecture estim\u00e9e":"2 minutes"},"schema":{"@context":"https:\/\/schema.org","@graph":[{"@type":"WebPage","@id":"https:\/\/www.annonces-legales.org\/blog\/union-du-cantal\/","url":"https:\/\/www.annonces-legales.org\/blog\/union-du-cantal\/","name":"Union du Cantal - Actualit\u00e9 des entreprises","isPartOf":{"@id":"https:\/\/www.annonces-legales.org\/blog\/#website"},"primaryImageOfPage":{"@id":"https:\/\/www.annonces-legales.org\/blog\/union-du-cantal\/#primaryimage"},"image":{"@id":"https:\/\/www.annonces-legales.org\/blog\/union-du-cantal\/#primaryimage"},"thumbnailUrl":"https:\/\/www.annonces-legales.org\/blog\/wp-content\/uploads\/2021\/09\/union-du-cantal.png","datePublished":"2021-09-15T15:49:47+00:00","dateModified":"2022-01-26T11:16:15+00:00","breadcrumb":{"@id":"https:\/\/www.annonces-legales.org\/blog\/union-du-cantal\/#breadcrumb"},"inLanguage":"fr-FR","potentialAction":[{"@type":"ReadAction","target":["https:\/\/www.annonces-legales.org\/blog\/union-du-cantal\/"]}]},{"@type":"ImageObject","inLanguage":"fr-FR","@id":"https:\/\/www.annonces-legales.org\/blog\/union-du-cantal\/#primaryimage","url":"https:\/\/www.annonces-legales.org\/blog\/wp-content\/uploads\/2021\/09\/union-du-cantal.png","contentUrl":"https:\/\/www.annonces-legales.org\/blog\/wp-content\/uploads\/2021\/09\/union-du-cantal.png","width":360,"height":146},{"@type":"BreadcrumbList","@id":"https:\/\/www.annonces-legales.org\/blog\/union-du-cantal\/#breadcrumb","itemListElement":[{"@type":"ListItem","position":1,"name":"Accueil","item":"https:\/\/www.annonces-legales.org\/blog\/"},{"@type":"ListItem","position":2,"name":"Liste des journaux habilit\u00e9s \u00e0 publier des annonces l\u00e9gales","item":"https:\/\/www.annonces-legales.org\/blog\/liste-des-journaux-habilites-a-publier-des-annonces-legales\/"},{"@type":"ListItem","position":3,"name":"Union du Cantal"}]},{"@type":"WebSite","@id":"https:\/\/www.annonces-legales.org\/blog\/#website","url":"https:\/\/www.annonces-legales.org\/blog\/","name":"Actualit\u00e9 des entreprises","description":"","publisher":{"@id":"https:\/\/www.annonces-legales.org\/blog\/#organization"},"potentialAction":[{"@type":"SearchAction","target":{"@type":"EntryPoint","urlTemplate":"https:\/\/www.annonces-legales.org\/blog\/?s={search_term_string}"},"query-input":{"@type":"PropertyValueSpecification","valueRequired":true,"valueName":"search_term_string"}}],"inLanguage":"fr-FR"},{"@type":"Organization","@id":"https:\/\/www.annonces-legales.org\/blog\/#organization","name":"Actualit\u00e9 des entreprises","url":"https:\/\/www.annonces-legales.org\/blog\/","logo":{"@type":"ImageObject","inLanguage":"fr-FR","@id":"https:\/\/www.annonces-legales.org\/blog\/#\/schema\/logo\/image\/","url":"https:\/\/www.annonces-legales.org\/blog\/wp-content\/uploads\/2023\/08\/annonces-legales.svg","contentUrl":"https:\/\/www.annonces-legales.org\/blog\/wp-content\/uploads\/2023\/08\/annonces-legales.svg","caption":"Actualit\u00e9 des entreprises"},"image":{"@id":"https:\/\/www.annonces-legales.org\/blog\/#\/schema\/logo\/image\/"}}]}},"_links":{"self":[{"href":"https:\/\/www.annonces-legales.org\/blog\/wp-json\/wp\/v2\/pages\/747","targetHints":{"allow":["GET"]}}],"collection":[{"href":"https:\/\/www.annonces-legales.org\/blog\/wp-json\/wp\/v2\/pages"}],"about":[{"href":"https:\/\/www.annonces-legales.org\/blog\/wp-json\/wp\/v2\/types\/page"}],"author":[{"embeddable":true,"href":"https:\/\/www.annonces-legales.org\/blog\/wp-json\/wp\/v2\/users\/1"}],"replies":[{"embeddable":true,"href":"https:\/\/www.annonces-legales.org\/blog\/wp-json\/wp\/v2\/comments?post=747"}],"version-history":[{"count":2,"href":"https:\/\/www.annonces-legales.org\/blog\/wp-json\/wp\/v2\/pages\/747\/revisions"}],"predecessor-version":[{"id":800,"href":"https:\/\/www.annonces-legales.org\/blog\/wp-json\/wp\/v2\/pages\/747\/revisions\/800"}],"up":[{"embeddable":true,"href":"https:\/\/www.annonces-legales.org\/blog\/wp-json\/wp\/v2\/pages\/351"}],"wp:attachment":[{"href":"https:\/\/www.annonces-legales.org\/blog\/wp-json\/wp\/v2\/media?parent=747"}],"curies":[{"name":"wp","href":"https:\/\/api.w.org\/{rel}","templated":true}]}}