{"id":753,"date":"2021-09-15T17:56:50","date_gmt":"2021-09-15T15:56:50","guid":{"rendered":"https:\/\/www.annonces-legales.org\/blog\/?page_id=753"},"modified":"2022-01-26T12:16:32","modified_gmt":"2022-01-26T11:16:32","slug":"vie-charentaise","status":"publish","type":"page","link":"https:\/\/www.annonces-legales.org\/blog\/vie-charentaise\/","title":{"rendered":"Vie charentaise"},"content":{"rendered":"<p><img loading=\"lazy\" decoding=\"async\" class=\"aligncenter size-full wp-image-805\" src=\"https:\/\/www.annonces-legales.org\/blog\/wp-content\/uploads\/2021\/09\/Vie-charentaise.png\" alt=\"\" width=\"360\" height=\"146\" srcset=\"https:\/\/www.annonces-legales.org\/blog\/wp-content\/uploads\/2021\/09\/Vie-charentaise.png 360w, https:\/\/www.annonces-legales.org\/blog\/wp-content\/uploads\/2021\/09\/Vie-charentaise-300x122.png 300w\" sizes=\"auto, (max-width: 360px) 100vw, 360px\" \/><\/p>\n<p>Le journal <strong>La Vie Charentaise<\/strong> est un hebdomadaire rural et agricole. Il propose dans ses num\u00e9ros l&rsquo;actualit\u00e9 de la <strong>Charente et du Poitou-Charentes<\/strong> sur des th\u00e9matiques concernant la production v\u00e9g\u00e9tale, la production animale, la viticulture&#8230;<\/p>\n<p>Le journal est vendu 2,18 \u20ac en kiosque. Il est bien entendu possible de s&rsquo;abonner pour 109 \u20ac par an. Cet abonnement est pour la version papier + num\u00e9rique du journal.<br \/>\nLe journal appartient au groupe de presse sp\u00e9cialis\u00e9es dans l&rsquo;agriculture R\u00e9ussir.<\/p>\n<p>L&rsquo;adresse du journal est 64, Impasse Joseph Niepce, Angoul\u00eame 16 024.<\/p>\n<p>Le journal peut \u00eatre contact\u00e9 aux 05 45 61 46 47.<br \/>\nL&rsquo;e-mail du journal est : vie.charentaise@reussir.fr<\/p>\n<p>Le journal Vie Charentaise poss\u00e8de l&rsquo;habilitation qui lui permet de r\u00e9aliser des annonces l\u00e9gales pour les entreprises dont le si\u00e8ge social est en Charente.<\/p>\n<p>&nbsp;<\/p>\n<h2>Comment publier une annonce l\u00e9gale dans la Charente (16) ?<\/h2>\n<p>Afin de <strong>d\u00e9poser une publicit\u00e9 l\u00e9gale dans la Charente<\/strong>, il faut utiliser un journal d&rsquo;annonce l\u00e9gale (JAL) habilit\u00e9 du d\u00e9partement. Le journal La Vie Charentaise peut donc \u00eatre utilis\u00e9. Cependant, il existe beaucoup d&rsquo;autres journaux papiers et num\u00e9riques qui ont la possibilit\u00e9 d&rsquo;ins\u00e9rer des publicit\u00e9s l\u00e9gales.<\/p>\n<p>Pour obtenir le meilleur prix pour une annonce l\u00e9gale dans le <strong>d\u00e9partement de la Charente<\/strong>, il est indispensable d&rsquo;obtenir un devis sur plusieurs journaux. Afin de payer jusqu&rsquo;\u00e0 30 % moins chers, vous pouvez utiliser les services de la plate-forme annonces-legales.org<\/p>\n","protected":false},"excerpt":{"rendered":"<p>Le journal La Vie Charentaise est un hebdomadaire rural et agricole. Il propose dans ses num\u00e9ros l&rsquo;actualit\u00e9 de la Charente [&hellip;]<\/p>\n","protected":false},"author":1,"featured_media":0,"parent":351,"menu_order":0,"comment_status":"closed","ping_status":"closed","template":"","meta":{"inline_featured_image":false,"footnotes":""},"class_list":["post-753","page","type-page","status-publish","hentry"],"yoast_head":"<!-- This site is optimized with the Yoast SEO plugin v26.8 - https:\/\/yoast.com\/product\/yoast-seo-wordpress\/ -->\n<title>Vie charentaise - Actualit\u00e9 des entreprises<\/title>\n<meta name=\"robots\" content=\"index, follow, max-snippet:-1, max-image-preview:large, max-video-preview:-1\" \/>\n<link rel=\"canonical\" href=\"https:\/\/www.annonces-legales.org\/blog\/vie-charentaise\/\" \/>\n<meta property=\"og:locale\" content=\"fr_FR\" \/>\n<meta property=\"og:type\" content=\"article\" \/>\n<meta property=\"og:title\" content=\"Vie charentaise - Actualit\u00e9 des entreprises\" \/>\n<meta property=\"og:description\" content=\"Le journal La Vie Charentaise est un hebdomadaire rural et agricole. Il propose dans ses num\u00e9ros l&rsquo;actualit\u00e9 de la Charente [&hellip;]\" \/>\n<meta property=\"og:url\" content=\"https:\/\/www.annonces-legales.org\/blog\/vie-charentaise\/\" \/>\n<meta property=\"og:site_name\" content=\"Actualit\u00e9 des entreprises\" \/>\n<meta property=\"article:modified_time\" content=\"2022-01-26T11:16:32+00:00\" \/>\n<meta property=\"og:image\" content=\"https:\/\/www.annonces-legales.org\/blog\/wp-content\/uploads\/2021\/09\/Vie-charentaise.png\" \/>\n\t<meta property=\"og:image:width\" content=\"360\" \/>\n\t<meta property=\"og:image:height\" content=\"146\" \/>\n\t<meta property=\"og:image:type\" content=\"image\/png\" \/>\n<meta name=\"twitter:card\" content=\"summary_large_image\" \/>\n<meta name=\"twitter:label1\" content=\"Dur\u00e9e de lecture estim\u00e9e\" \/>\n\t<meta name=\"twitter:data1\" content=\"1 minute\" \/>\n<script type=\"application\/ld+json\" class=\"yoast-schema-graph\">{\"@context\":\"https:\/\/schema.org\",\"@graph\":[{\"@type\":\"WebPage\",\"@id\":\"https:\/\/www.annonces-legales.org\/blog\/vie-charentaise\/\",\"url\":\"https:\/\/www.annonces-legales.org\/blog\/vie-charentaise\/\",\"name\":\"Vie charentaise - Actualit\u00e9 des entreprises\",\"isPartOf\":{\"@id\":\"https:\/\/www.annonces-legales.org\/blog\/#website\"},\"primaryImageOfPage\":{\"@id\":\"https:\/\/www.annonces-legales.org\/blog\/vie-charentaise\/#primaryimage\"},\"image\":{\"@id\":\"https:\/\/www.annonces-legales.org\/blog\/vie-charentaise\/#primaryimage\"},\"thumbnailUrl\":\"https:\/\/www.annonces-legales.org\/blog\/wp-content\/uploads\/2021\/09\/Vie-charentaise.png\",\"datePublished\":\"2021-09-15T15:56:50+00:00\",\"dateModified\":\"2022-01-26T11:16:32+00:00\",\"breadcrumb\":{\"@id\":\"https:\/\/www.annonces-legales.org\/blog\/vie-charentaise\/#breadcrumb\"},\"inLanguage\":\"fr-FR\",\"potentialAction\":[{\"@type\":\"ReadAction\",\"target\":[\"https:\/\/www.annonces-legales.org\/blog\/vie-charentaise\/\"]}]},{\"@type\":\"ImageObject\",\"inLanguage\":\"fr-FR\",\"@id\":\"https:\/\/www.annonces-legales.org\/blog\/vie-charentaise\/#primaryimage\",\"url\":\"https:\/\/www.annonces-legales.org\/blog\/wp-content\/uploads\/2021\/09\/Vie-charentaise.png\",\"contentUrl\":\"https:\/\/www.annonces-legales.org\/blog\/wp-content\/uploads\/2021\/09\/Vie-charentaise.png\",\"width\":360,\"height\":146},{\"@type\":\"BreadcrumbList\",\"@id\":\"https:\/\/www.annonces-legales.org\/blog\/vie-charentaise\/#breadcrumb\",\"itemListElement\":[{\"@type\":\"ListItem\",\"position\":1,\"name\":\"Accueil\",\"item\":\"https:\/\/www.annonces-legales.org\/blog\/\"},{\"@type\":\"ListItem\",\"position\":2,\"name\":\"Liste des journaux habilit\u00e9s \u00e0 publier des annonces l\u00e9gales\",\"item\":\"https:\/\/www.annonces-legales.org\/blog\/liste-des-journaux-habilites-a-publier-des-annonces-legales\/\"},{\"@type\":\"ListItem\",\"position\":3,\"name\":\"Vie charentaise\"}]},{\"@type\":\"WebSite\",\"@id\":\"https:\/\/www.annonces-legales.org\/blog\/#website\",\"url\":\"https:\/\/www.annonces-legales.org\/blog\/\",\"name\":\"Actualit\u00e9 des entreprises\",\"description\":\"\",\"publisher\":{\"@id\":\"https:\/\/www.annonces-legales.org\/blog\/#organization\"},\"potentialAction\":[{\"@type\":\"SearchAction\",\"target\":{\"@type\":\"EntryPoint\",\"urlTemplate\":\"https:\/\/www.annonces-legales.org\/blog\/?s={search_term_string}\"},\"query-input\":{\"@type\":\"PropertyValueSpecification\",\"valueRequired\":true,\"valueName\":\"search_term_string\"}}],\"inLanguage\":\"fr-FR\"},{\"@type\":\"Organization\",\"@id\":\"https:\/\/www.annonces-legales.org\/blog\/#organization\",\"name\":\"Actualit\u00e9 des entreprises\",\"url\":\"https:\/\/www.annonces-legales.org\/blog\/\",\"logo\":{\"@type\":\"ImageObject\",\"inLanguage\":\"fr-FR\",\"@id\":\"https:\/\/www.annonces-legales.org\/blog\/#\/schema\/logo\/image\/\",\"url\":\"https:\/\/www.annonces-legales.org\/blog\/wp-content\/uploads\/2023\/08\/annonces-legales.svg\",\"contentUrl\":\"https:\/\/www.annonces-legales.org\/blog\/wp-content\/uploads\/2023\/08\/annonces-legales.svg\",\"caption\":\"Actualit\u00e9 des entreprises\"},\"image\":{\"@id\":\"https:\/\/www.annonces-legales.org\/blog\/#\/schema\/logo\/image\/\"}}]}<\/script>\n<!-- \/ Yoast SEO plugin. -->","yoast_head_json":{"title":"Vie charentaise - Actualit\u00e9 des entreprises","robots":{"index":"index","follow":"follow","max-snippet":"max-snippet:-1","max-image-preview":"max-image-preview:large","max-video-preview":"max-video-preview:-1"},"canonical":"https:\/\/www.annonces-legales.org\/blog\/vie-charentaise\/","og_locale":"fr_FR","og_type":"article","og_title":"Vie charentaise - Actualit\u00e9 des entreprises","og_description":"Le journal La Vie Charentaise est un hebdomadaire rural et agricole. Il propose dans ses num\u00e9ros l&rsquo;actualit\u00e9 de la Charente [&hellip;]","og_url":"https:\/\/www.annonces-legales.org\/blog\/vie-charentaise\/","og_site_name":"Actualit\u00e9 des entreprises","article_modified_time":"2022-01-26T11:16:32+00:00","og_image":[{"width":360,"height":146,"url":"https:\/\/www.annonces-legales.org\/blog\/wp-content\/uploads\/2021\/09\/Vie-charentaise.png","type":"image\/png"}],"twitter_card":"summary_large_image","twitter_misc":{"Dur\u00e9e de lecture estim\u00e9e":"1 minute"},"schema":{"@context":"https:\/\/schema.org","@graph":[{"@type":"WebPage","@id":"https:\/\/www.annonces-legales.org\/blog\/vie-charentaise\/","url":"https:\/\/www.annonces-legales.org\/blog\/vie-charentaise\/","name":"Vie charentaise - Actualit\u00e9 des entreprises","isPartOf":{"@id":"https:\/\/www.annonces-legales.org\/blog\/#website"},"primaryImageOfPage":{"@id":"https:\/\/www.annonces-legales.org\/blog\/vie-charentaise\/#primaryimage"},"image":{"@id":"https:\/\/www.annonces-legales.org\/blog\/vie-charentaise\/#primaryimage"},"thumbnailUrl":"https:\/\/www.annonces-legales.org\/blog\/wp-content\/uploads\/2021\/09\/Vie-charentaise.png","datePublished":"2021-09-15T15:56:50+00:00","dateModified":"2022-01-26T11:16:32+00:00","breadcrumb":{"@id":"https:\/\/www.annonces-legales.org\/blog\/vie-charentaise\/#breadcrumb"},"inLanguage":"fr-FR","potentialAction":[{"@type":"ReadAction","target":["https:\/\/www.annonces-legales.org\/blog\/vie-charentaise\/"]}]},{"@type":"ImageObject","inLanguage":"fr-FR","@id":"https:\/\/www.annonces-legales.org\/blog\/vie-charentaise\/#primaryimage","url":"https:\/\/www.annonces-legales.org\/blog\/wp-content\/uploads\/2021\/09\/Vie-charentaise.png","contentUrl":"https:\/\/www.annonces-legales.org\/blog\/wp-content\/uploads\/2021\/09\/Vie-charentaise.png","width":360,"height":146},{"@type":"BreadcrumbList","@id":"https:\/\/www.annonces-legales.org\/blog\/vie-charentaise\/#breadcrumb","itemListElement":[{"@type":"ListItem","position":1,"name":"Accueil","item":"https:\/\/www.annonces-legales.org\/blog\/"},{"@type":"ListItem","position":2,"name":"Liste des journaux habilit\u00e9s \u00e0 publier des annonces l\u00e9gales","item":"https:\/\/www.annonces-legales.org\/blog\/liste-des-journaux-habilites-a-publier-des-annonces-legales\/"},{"@type":"ListItem","position":3,"name":"Vie charentaise"}]},{"@type":"WebSite","@id":"https:\/\/www.annonces-legales.org\/blog\/#website","url":"https:\/\/www.annonces-legales.org\/blog\/","name":"Actualit\u00e9 des entreprises","description":"","publisher":{"@id":"https:\/\/www.annonces-legales.org\/blog\/#organization"},"potentialAction":[{"@type":"SearchAction","target":{"@type":"EntryPoint","urlTemplate":"https:\/\/www.annonces-legales.org\/blog\/?s={search_term_string}"},"query-input":{"@type":"PropertyValueSpecification","valueRequired":true,"valueName":"search_term_string"}}],"inLanguage":"fr-FR"},{"@type":"Organization","@id":"https:\/\/www.annonces-legales.org\/blog\/#organization","name":"Actualit\u00e9 des entreprises","url":"https:\/\/www.annonces-legales.org\/blog\/","logo":{"@type":"ImageObject","inLanguage":"fr-FR","@id":"https:\/\/www.annonces-legales.org\/blog\/#\/schema\/logo\/image\/","url":"https:\/\/www.annonces-legales.org\/blog\/wp-content\/uploads\/2023\/08\/annonces-legales.svg","contentUrl":"https:\/\/www.annonces-legales.org\/blog\/wp-content\/uploads\/2023\/08\/annonces-legales.svg","caption":"Actualit\u00e9 des entreprises"},"image":{"@id":"https:\/\/www.annonces-legales.org\/blog\/#\/schema\/logo\/image\/"}}]}},"_links":{"self":[{"href":"https:\/\/www.annonces-legales.org\/blog\/wp-json\/wp\/v2\/pages\/753","targetHints":{"allow":["GET"]}}],"collection":[{"href":"https:\/\/www.annonces-legales.org\/blog\/wp-json\/wp\/v2\/pages"}],"about":[{"href":"https:\/\/www.annonces-legales.org\/blog\/wp-json\/wp\/v2\/types\/page"}],"author":[{"embeddable":true,"href":"https:\/\/www.annonces-legales.org\/blog\/wp-json\/wp\/v2\/users\/1"}],"replies":[{"embeddable":true,"href":"https:\/\/www.annonces-legales.org\/blog\/wp-json\/wp\/v2\/comments?post=753"}],"version-history":[{"count":3,"href":"https:\/\/www.annonces-legales.org\/blog\/wp-json\/wp\/v2\/pages\/753\/revisions"}],"predecessor-version":[{"id":851,"href":"https:\/\/www.annonces-legales.org\/blog\/wp-json\/wp\/v2\/pages\/753\/revisions\/851"}],"up":[{"embeddable":true,"href":"https:\/\/www.annonces-legales.org\/blog\/wp-json\/wp\/v2\/pages\/351"}],"wp:attachment":[{"href":"https:\/\/www.annonces-legales.org\/blog\/wp-json\/wp\/v2\/media?parent=753"}],"curies":[{"name":"wp","href":"https:\/\/api.w.org\/{rel}","templated":true}]}}