{"id":759,"date":"2021-09-15T18:03:28","date_gmt":"2021-09-15T16:03:28","guid":{"rendered":"https:\/\/www.annonces-legales.org\/blog\/?page_id=759"},"modified":"2022-01-26T11:36:01","modified_gmt":"2022-01-26T10:36:01","slug":"angerien-libre","status":"publish","type":"page","link":"https:\/\/www.annonces-legales.org\/blog\/angerien-libre\/","title":{"rendered":"Angerien Libre"},"content":{"rendered":"<p><img loading=\"lazy\" decoding=\"async\" class=\"aligncenter size-full wp-image-809\" src=\"https:\/\/www.annonces-legales.org\/blog\/wp-content\/uploads\/2021\/09\/Angerien-Libre.png\" alt=\"\" width=\"360\" height=\"146\" srcset=\"https:\/\/www.annonces-legales.org\/blog\/wp-content\/uploads\/2021\/09\/Angerien-Libre.png 360w, https:\/\/www.annonces-legales.org\/blog\/wp-content\/uploads\/2021\/09\/Angerien-Libre-300x122.png 300w\" sizes=\"auto, (max-width: 360px) 100vw, 360px\" \/><\/p>\n<p>Le journal l&rsquo;<strong>Ang\u00e9rien Libre<\/strong> est un hebdomadaire qui para\u00eet tous les jeudis. Il est vendu 1,20 euros dans le d\u00e9partement de la Charente-Maritime. Il propose des actualit\u00e9s g\u00e9n\u00e9ralistes sur le d\u00e9partement et sur la r\u00e9gion notamment autour de Saint-Jean, de Matha, d&rsquo;Aulnay, de Saint-Hilaire, de Burie, de Sainte-Savinien ou encore de Tonnay-Boutonne.<\/p>\n<p>L&rsquo;abonnement au journal pour un an co\u00fbte 55 \u20ac pour la version papier et num\u00e9rique. La version num\u00e9rique est moins cher et co\u00fbte seulement 29 \u20ac.<\/p>\n<p>Le journal est imprim\u00e9 \u00e0 plus de 4000 exemplaires. Environ 65 % des lecteurs sont des abonn\u00e9s.<\/p>\n<p>L&rsquo;adresse du journal est 29, Avenue du g\u00e9n\u00e9ral Leclerc, Saint-Jean d&rsquo;Angely 17412.<\/p>\n<p>Ce journal a re\u00e7u l&rsquo;habilitation pour publier des annonces l\u00e9gales concernant les entreprises du d\u00e9partement de Charente-Maritime.<\/p>\n<p>&nbsp;<\/p>\n<h2>Comment publier une annonce l\u00e9gale pour le d\u00e9partement de la Charente-Maritime ?<\/h2>\n<p>Tous les <strong>entrepreneurs charentais-maritimes<\/strong> vont \u00eatre dans l&rsquo;obligation, d\u00e8s la cr\u00e9ation de leur entreprise, de <strong>publier des annonces l\u00e9gales<\/strong>. Dans ce but, il est indispensable d&rsquo;utiliser des journaux habilit\u00e9s. Ces journaux peuvent \u00eatre des journaux papier ou des journaux internet. Il est possible d&rsquo;effectuer l&rsquo;annonce sur le <strong>journal l&rsquo;Ang\u00e9rien Libre<\/strong>. La meilleure solution est cependant de se renseigner sur les prix pratiqu\u00e9s par diff\u00e9rents journaux d&rsquo;annonces l\u00e9gales habilit\u00e9s.<\/p>\n","protected":false},"excerpt":{"rendered":"<p>Le journal l&rsquo;Ang\u00e9rien Libre est un hebdomadaire qui para\u00eet tous les jeudis. Il est vendu 1,20 euros dans le d\u00e9partement [&hellip;]<\/p>\n","protected":false},"author":1,"featured_media":0,"parent":351,"menu_order":0,"comment_status":"closed","ping_status":"closed","template":"","meta":{"inline_featured_image":false,"footnotes":""},"class_list":["post-759","page","type-page","status-publish","hentry"],"yoast_head":"<!-- This site is optimized with the Yoast SEO plugin v26.8 - https:\/\/yoast.com\/product\/yoast-seo-wordpress\/ -->\n<title>Angerien Libre - Actualit\u00e9 des entreprises<\/title>\n<meta name=\"robots\" content=\"index, follow, max-snippet:-1, max-image-preview:large, max-video-preview:-1\" \/>\n<link rel=\"canonical\" href=\"https:\/\/www.annonces-legales.org\/blog\/angerien-libre\/\" \/>\n<meta property=\"og:locale\" content=\"fr_FR\" \/>\n<meta property=\"og:type\" content=\"article\" \/>\n<meta property=\"og:title\" content=\"Angerien Libre - Actualit\u00e9 des entreprises\" \/>\n<meta property=\"og:description\" content=\"Le journal l&rsquo;Ang\u00e9rien Libre est un hebdomadaire qui para\u00eet tous les jeudis. Il est vendu 1,20 euros dans le d\u00e9partement [&hellip;]\" \/>\n<meta property=\"og:url\" content=\"https:\/\/www.annonces-legales.org\/blog\/angerien-libre\/\" \/>\n<meta property=\"og:site_name\" content=\"Actualit\u00e9 des entreprises\" \/>\n<meta property=\"article:modified_time\" content=\"2022-01-26T10:36:01+00:00\" \/>\n<meta property=\"og:image\" content=\"https:\/\/www.annonces-legales.org\/blog\/wp-content\/uploads\/2021\/09\/Angerien-Libre.png\" \/>\n\t<meta property=\"og:image:width\" content=\"360\" \/>\n\t<meta property=\"og:image:height\" content=\"146\" \/>\n\t<meta property=\"og:image:type\" content=\"image\/png\" \/>\n<meta name=\"twitter:card\" content=\"summary_large_image\" \/>\n<meta name=\"twitter:label1\" content=\"Dur\u00e9e de lecture estim\u00e9e\" \/>\n\t<meta name=\"twitter:data1\" content=\"1 minute\" \/>\n<script type=\"application\/ld+json\" class=\"yoast-schema-graph\">{\"@context\":\"https:\/\/schema.org\",\"@graph\":[{\"@type\":\"WebPage\",\"@id\":\"https:\/\/www.annonces-legales.org\/blog\/angerien-libre\/\",\"url\":\"https:\/\/www.annonces-legales.org\/blog\/angerien-libre\/\",\"name\":\"Angerien Libre - Actualit\u00e9 des entreprises\",\"isPartOf\":{\"@id\":\"https:\/\/www.annonces-legales.org\/blog\/#website\"},\"primaryImageOfPage\":{\"@id\":\"https:\/\/www.annonces-legales.org\/blog\/angerien-libre\/#primaryimage\"},\"image\":{\"@id\":\"https:\/\/www.annonces-legales.org\/blog\/angerien-libre\/#primaryimage\"},\"thumbnailUrl\":\"https:\/\/www.annonces-legales.org\/blog\/wp-content\/uploads\/2021\/09\/Angerien-Libre.png\",\"datePublished\":\"2021-09-15T16:03:28+00:00\",\"dateModified\":\"2022-01-26T10:36:01+00:00\",\"breadcrumb\":{\"@id\":\"https:\/\/www.annonces-legales.org\/blog\/angerien-libre\/#breadcrumb\"},\"inLanguage\":\"fr-FR\",\"potentialAction\":[{\"@type\":\"ReadAction\",\"target\":[\"https:\/\/www.annonces-legales.org\/blog\/angerien-libre\/\"]}]},{\"@type\":\"ImageObject\",\"inLanguage\":\"fr-FR\",\"@id\":\"https:\/\/www.annonces-legales.org\/blog\/angerien-libre\/#primaryimage\",\"url\":\"https:\/\/www.annonces-legales.org\/blog\/wp-content\/uploads\/2021\/09\/Angerien-Libre.png\",\"contentUrl\":\"https:\/\/www.annonces-legales.org\/blog\/wp-content\/uploads\/2021\/09\/Angerien-Libre.png\",\"width\":360,\"height\":146},{\"@type\":\"BreadcrumbList\",\"@id\":\"https:\/\/www.annonces-legales.org\/blog\/angerien-libre\/#breadcrumb\",\"itemListElement\":[{\"@type\":\"ListItem\",\"position\":1,\"name\":\"Accueil\",\"item\":\"https:\/\/www.annonces-legales.org\/blog\/\"},{\"@type\":\"ListItem\",\"position\":2,\"name\":\"Liste des journaux habilit\u00e9s \u00e0 publier des annonces l\u00e9gales\",\"item\":\"https:\/\/www.annonces-legales.org\/blog\/liste-des-journaux-habilites-a-publier-des-annonces-legales\/\"},{\"@type\":\"ListItem\",\"position\":3,\"name\":\"Angerien Libre\"}]},{\"@type\":\"WebSite\",\"@id\":\"https:\/\/www.annonces-legales.org\/blog\/#website\",\"url\":\"https:\/\/www.annonces-legales.org\/blog\/\",\"name\":\"Actualit\u00e9 des entreprises\",\"description\":\"\",\"publisher\":{\"@id\":\"https:\/\/www.annonces-legales.org\/blog\/#organization\"},\"potentialAction\":[{\"@type\":\"SearchAction\",\"target\":{\"@type\":\"EntryPoint\",\"urlTemplate\":\"https:\/\/www.annonces-legales.org\/blog\/?s={search_term_string}\"},\"query-input\":{\"@type\":\"PropertyValueSpecification\",\"valueRequired\":true,\"valueName\":\"search_term_string\"}}],\"inLanguage\":\"fr-FR\"},{\"@type\":\"Organization\",\"@id\":\"https:\/\/www.annonces-legales.org\/blog\/#organization\",\"name\":\"Actualit\u00e9 des entreprises\",\"url\":\"https:\/\/www.annonces-legales.org\/blog\/\",\"logo\":{\"@type\":\"ImageObject\",\"inLanguage\":\"fr-FR\",\"@id\":\"https:\/\/www.annonces-legales.org\/blog\/#\/schema\/logo\/image\/\",\"url\":\"https:\/\/www.annonces-legales.org\/blog\/wp-content\/uploads\/2023\/08\/annonces-legales.svg\",\"contentUrl\":\"https:\/\/www.annonces-legales.org\/blog\/wp-content\/uploads\/2023\/08\/annonces-legales.svg\",\"caption\":\"Actualit\u00e9 des entreprises\"},\"image\":{\"@id\":\"https:\/\/www.annonces-legales.org\/blog\/#\/schema\/logo\/image\/\"}}]}<\/script>\n<!-- \/ Yoast SEO plugin. -->","yoast_head_json":{"title":"Angerien Libre - Actualit\u00e9 des entreprises","robots":{"index":"index","follow":"follow","max-snippet":"max-snippet:-1","max-image-preview":"max-image-preview:large","max-video-preview":"max-video-preview:-1"},"canonical":"https:\/\/www.annonces-legales.org\/blog\/angerien-libre\/","og_locale":"fr_FR","og_type":"article","og_title":"Angerien Libre - Actualit\u00e9 des entreprises","og_description":"Le journal l&rsquo;Ang\u00e9rien Libre est un hebdomadaire qui para\u00eet tous les jeudis. Il est vendu 1,20 euros dans le d\u00e9partement [&hellip;]","og_url":"https:\/\/www.annonces-legales.org\/blog\/angerien-libre\/","og_site_name":"Actualit\u00e9 des entreprises","article_modified_time":"2022-01-26T10:36:01+00:00","og_image":[{"width":360,"height":146,"url":"https:\/\/www.annonces-legales.org\/blog\/wp-content\/uploads\/2021\/09\/Angerien-Libre.png","type":"image\/png"}],"twitter_card":"summary_large_image","twitter_misc":{"Dur\u00e9e de lecture estim\u00e9e":"1 minute"},"schema":{"@context":"https:\/\/schema.org","@graph":[{"@type":"WebPage","@id":"https:\/\/www.annonces-legales.org\/blog\/angerien-libre\/","url":"https:\/\/www.annonces-legales.org\/blog\/angerien-libre\/","name":"Angerien Libre - Actualit\u00e9 des entreprises","isPartOf":{"@id":"https:\/\/www.annonces-legales.org\/blog\/#website"},"primaryImageOfPage":{"@id":"https:\/\/www.annonces-legales.org\/blog\/angerien-libre\/#primaryimage"},"image":{"@id":"https:\/\/www.annonces-legales.org\/blog\/angerien-libre\/#primaryimage"},"thumbnailUrl":"https:\/\/www.annonces-legales.org\/blog\/wp-content\/uploads\/2021\/09\/Angerien-Libre.png","datePublished":"2021-09-15T16:03:28+00:00","dateModified":"2022-01-26T10:36:01+00:00","breadcrumb":{"@id":"https:\/\/www.annonces-legales.org\/blog\/angerien-libre\/#breadcrumb"},"inLanguage":"fr-FR","potentialAction":[{"@type":"ReadAction","target":["https:\/\/www.annonces-legales.org\/blog\/angerien-libre\/"]}]},{"@type":"ImageObject","inLanguage":"fr-FR","@id":"https:\/\/www.annonces-legales.org\/blog\/angerien-libre\/#primaryimage","url":"https:\/\/www.annonces-legales.org\/blog\/wp-content\/uploads\/2021\/09\/Angerien-Libre.png","contentUrl":"https:\/\/www.annonces-legales.org\/blog\/wp-content\/uploads\/2021\/09\/Angerien-Libre.png","width":360,"height":146},{"@type":"BreadcrumbList","@id":"https:\/\/www.annonces-legales.org\/blog\/angerien-libre\/#breadcrumb","itemListElement":[{"@type":"ListItem","position":1,"name":"Accueil","item":"https:\/\/www.annonces-legales.org\/blog\/"},{"@type":"ListItem","position":2,"name":"Liste des journaux habilit\u00e9s \u00e0 publier des annonces l\u00e9gales","item":"https:\/\/www.annonces-legales.org\/blog\/liste-des-journaux-habilites-a-publier-des-annonces-legales\/"},{"@type":"ListItem","position":3,"name":"Angerien Libre"}]},{"@type":"WebSite","@id":"https:\/\/www.annonces-legales.org\/blog\/#website","url":"https:\/\/www.annonces-legales.org\/blog\/","name":"Actualit\u00e9 des entreprises","description":"","publisher":{"@id":"https:\/\/www.annonces-legales.org\/blog\/#organization"},"potentialAction":[{"@type":"SearchAction","target":{"@type":"EntryPoint","urlTemplate":"https:\/\/www.annonces-legales.org\/blog\/?s={search_term_string}"},"query-input":{"@type":"PropertyValueSpecification","valueRequired":true,"valueName":"search_term_string"}}],"inLanguage":"fr-FR"},{"@type":"Organization","@id":"https:\/\/www.annonces-legales.org\/blog\/#organization","name":"Actualit\u00e9 des entreprises","url":"https:\/\/www.annonces-legales.org\/blog\/","logo":{"@type":"ImageObject","inLanguage":"fr-FR","@id":"https:\/\/www.annonces-legales.org\/blog\/#\/schema\/logo\/image\/","url":"https:\/\/www.annonces-legales.org\/blog\/wp-content\/uploads\/2023\/08\/annonces-legales.svg","contentUrl":"https:\/\/www.annonces-legales.org\/blog\/wp-content\/uploads\/2023\/08\/annonces-legales.svg","caption":"Actualit\u00e9 des entreprises"},"image":{"@id":"https:\/\/www.annonces-legales.org\/blog\/#\/schema\/logo\/image\/"}}]}},"_links":{"self":[{"href":"https:\/\/www.annonces-legales.org\/blog\/wp-json\/wp\/v2\/pages\/759","targetHints":{"allow":["GET"]}}],"collection":[{"href":"https:\/\/www.annonces-legales.org\/blog\/wp-json\/wp\/v2\/pages"}],"about":[{"href":"https:\/\/www.annonces-legales.org\/blog\/wp-json\/wp\/v2\/types\/page"}],"author":[{"embeddable":true,"href":"https:\/\/www.annonces-legales.org\/blog\/wp-json\/wp\/v2\/users\/1"}],"replies":[{"embeddable":true,"href":"https:\/\/www.annonces-legales.org\/blog\/wp-json\/wp\/v2\/comments?post=759"}],"version-history":[{"count":2,"href":"https:\/\/www.annonces-legales.org\/blog\/wp-json\/wp\/v2\/pages\/759\/revisions"}],"predecessor-version":[{"id":810,"href":"https:\/\/www.annonces-legales.org\/blog\/wp-json\/wp\/v2\/pages\/759\/revisions\/810"}],"up":[{"embeddable":true,"href":"https:\/\/www.annonces-legales.org\/blog\/wp-json\/wp\/v2\/pages\/351"}],"wp:attachment":[{"href":"https:\/\/www.annonces-legales.org\/blog\/wp-json\/wp\/v2\/media?parent=759"}],"curies":[{"name":"wp","href":"https:\/\/api.w.org\/{rel}","templated":true}]}}