{"id":765,"date":"2021-09-15T18:06:25","date_gmt":"2021-09-15T16:06:25","guid":{"rendered":"https:\/\/www.annonces-legales.org\/blog\/?page_id=765"},"modified":"2022-01-26T11:50:47","modified_gmt":"2022-01-26T10:50:47","slug":"hebdo-de-charente-maritime","status":"publish","type":"page","link":"https:\/\/www.annonces-legales.org\/blog\/hebdo-de-charente-maritime\/","title":{"rendered":"Hebdo de Charente-Maritime"},"content":{"rendered":"<p><img loading=\"lazy\" decoding=\"async\" class=\"aligncenter size-full wp-image-813\" src=\"https:\/\/www.annonces-legales.org\/blog\/wp-content\/uploads\/2021\/09\/Hebdo-de-Charente-Maritime.png\" alt=\"\" width=\"400\" height=\"91\" srcset=\"https:\/\/www.annonces-legales.org\/blog\/wp-content\/uploads\/2021\/09\/Hebdo-de-Charente-Maritime.png 400w, https:\/\/www.annonces-legales.org\/blog\/wp-content\/uploads\/2021\/09\/Hebdo-de-Charente-Maritime-300x68.png 300w\" sizes=\"auto, (max-width: 400px) 100vw, 400px\" \/><\/p>\n<p><strong>L&rsquo;Hebdo de Charente-Maritime<\/strong> traite de l&rsquo;actualit\u00e9 g\u00e9n\u00e9raliste de la Charente-Maritime.<br \/>\nIl propose notamment des informations sur la Rochelle et ses alentours, sur le Marrans, sur Rochefort, sur Surg\u00e8res et sur Mauz\u00e9-sur-le-mignon.<br \/>\nSon jour de parution est le mercredi.<\/p>\n<p>Il est vendu 1,60 \u20ac. Il existe depuis presque 25 ans.<br \/>\nIl est imprim\u00e9e \u00e0 presque 6000 exemplaires chaque semaine. Pr\u00e8s de 67 % de ses lecteurs sont des abonn\u00e9s.<\/p>\n<p>Ce journal papier poss\u00e8de un site web que l&rsquo;on peut visiter \u00e0 l&rsquo;adresse suivante lhebdo17.fr<br \/>\nIl est possible de s&rsquo;abonner pour un an pour recevoir 52 num\u00e9ros pour 67 \u20ac.<\/p>\n<p>La pr\u00e9fecture de Charente-Maritime a autoris\u00e9 le journal Hebdo de Charente-Maritime \u00e0 r\u00e9aliser des annonces l\u00e9gales et judiciaires pour les entreprises et les individus qui r\u00e9sident dans le d\u00e9partement.<\/p>\n<p>&nbsp;<\/p>\n<h2>Qui doit publier des annonces l\u00e9gales en Charente-Maritime ?<\/h2>\n<p>Si un particulier (personne physique) ou une entreprise (une soci\u00e9t\u00e9 qui a des statuts d\u00e9pos\u00e9s) poss\u00e8de son adresse sociale ou son adresse de r\u00e9sidence dans le d\u00e9partement de Charente-Maritime, il doit utiliser des journaux comme l&rsquo;Hebdo de Charente-Maritime afin de faire ses annonces l\u00e9gales.<\/p>\n<p>Seul un journal de Charente-Maritime qui a obtenu l&rsquo;habilitation de la pr\u00e9fecture peut diffuser des annonces judiciaires et l\u00e9gales.<\/p>\n<p>&nbsp;<\/p>\n<br\/><br\/><div class=\"entry-content notopmargin\">\n\t<img decoding=\"async\" class=\"img-fluid fleft\" src=\"https:\/\/www.annonces-legales.org\/images\/rapide-economique-tout-departement.png\" alt=\"Journal d'annonce l\u00e9gale de Charente-Maritime \"><a href=\"https:\/\/www.annonces-legales.org\/publication-annonce-legale.html\" class=\"button button-desc fright mtop30\"><div>Je publie<br> mon annonce<br> l\u00e9gale<\/div><span>dans un journal de Charente-Maritime !<\/span><\/a>\n<\/div><div class=\"clrbth\"><\/div><br\/><br\/>\n","protected":false},"excerpt":{"rendered":"<p>L&rsquo;Hebdo de Charente-Maritime traite de l&rsquo;actualit\u00e9 g\u00e9n\u00e9raliste de la Charente-Maritime. Il propose notamment des informations sur la Rochelle et ses [&hellip;]<\/p>\n","protected":false},"author":1,"featured_media":0,"parent":351,"menu_order":0,"comment_status":"closed","ping_status":"closed","template":"","meta":{"inline_featured_image":false,"footnotes":""},"class_list":["post-765","page","type-page","status-publish","hentry"],"yoast_head":"<!-- This site is optimized with the Yoast SEO plugin v26.8 - https:\/\/yoast.com\/product\/yoast-seo-wordpress\/ -->\n<title>Hebdo de Charente-Maritime - Actualit\u00e9 des entreprises<\/title>\n<meta name=\"robots\" content=\"index, follow, max-snippet:-1, max-image-preview:large, max-video-preview:-1\" \/>\n<link rel=\"canonical\" href=\"https:\/\/www.annonces-legales.org\/blog\/hebdo-de-charente-maritime\/\" \/>\n<meta property=\"og:locale\" content=\"fr_FR\" \/>\n<meta property=\"og:type\" content=\"article\" \/>\n<meta property=\"og:title\" content=\"Hebdo de Charente-Maritime - Actualit\u00e9 des entreprises\" \/>\n<meta property=\"og:description\" content=\"L&rsquo;Hebdo de Charente-Maritime traite de l&rsquo;actualit\u00e9 g\u00e9n\u00e9raliste de la Charente-Maritime. Il propose notamment des informations sur la Rochelle et ses [&hellip;]\" \/>\n<meta property=\"og:url\" content=\"https:\/\/www.annonces-legales.org\/blog\/hebdo-de-charente-maritime\/\" \/>\n<meta property=\"og:site_name\" content=\"Actualit\u00e9 des entreprises\" \/>\n<meta property=\"article:modified_time\" content=\"2022-01-26T10:50:47+00:00\" \/>\n<meta property=\"og:image\" content=\"https:\/\/www.annonces-legales.org\/blog\/wp-content\/uploads\/2021\/09\/Hebdo-de-Charente-Maritime.png\" \/>\n\t<meta property=\"og:image:width\" content=\"400\" \/>\n\t<meta property=\"og:image:height\" content=\"91\" \/>\n\t<meta property=\"og:image:type\" content=\"image\/png\" \/>\n<meta name=\"twitter:card\" content=\"summary_large_image\" \/>\n<meta name=\"twitter:label1\" content=\"Dur\u00e9e de lecture estim\u00e9e\" \/>\n\t<meta name=\"twitter:data1\" content=\"1 minute\" \/>\n<script type=\"application\/ld+json\" class=\"yoast-schema-graph\">{\"@context\":\"https:\/\/schema.org\",\"@graph\":[{\"@type\":\"WebPage\",\"@id\":\"https:\/\/www.annonces-legales.org\/blog\/hebdo-de-charente-maritime\/\",\"url\":\"https:\/\/www.annonces-legales.org\/blog\/hebdo-de-charente-maritime\/\",\"name\":\"Hebdo de Charente-Maritime - Actualit\u00e9 des entreprises\",\"isPartOf\":{\"@id\":\"https:\/\/www.annonces-legales.org\/blog\/#website\"},\"primaryImageOfPage\":{\"@id\":\"https:\/\/www.annonces-legales.org\/blog\/hebdo-de-charente-maritime\/#primaryimage\"},\"image\":{\"@id\":\"https:\/\/www.annonces-legales.org\/blog\/hebdo-de-charente-maritime\/#primaryimage\"},\"thumbnailUrl\":\"https:\/\/www.annonces-legales.org\/blog\/wp-content\/uploads\/2021\/09\/Hebdo-de-Charente-Maritime.png\",\"datePublished\":\"2021-09-15T16:06:25+00:00\",\"dateModified\":\"2022-01-26T10:50:47+00:00\",\"breadcrumb\":{\"@id\":\"https:\/\/www.annonces-legales.org\/blog\/hebdo-de-charente-maritime\/#breadcrumb\"},\"inLanguage\":\"fr-FR\",\"potentialAction\":[{\"@type\":\"ReadAction\",\"target\":[\"https:\/\/www.annonces-legales.org\/blog\/hebdo-de-charente-maritime\/\"]}]},{\"@type\":\"ImageObject\",\"inLanguage\":\"fr-FR\",\"@id\":\"https:\/\/www.annonces-legales.org\/blog\/hebdo-de-charente-maritime\/#primaryimage\",\"url\":\"https:\/\/www.annonces-legales.org\/blog\/wp-content\/uploads\/2021\/09\/Hebdo-de-Charente-Maritime.png\",\"contentUrl\":\"https:\/\/www.annonces-legales.org\/blog\/wp-content\/uploads\/2021\/09\/Hebdo-de-Charente-Maritime.png\",\"width\":400,\"height\":91},{\"@type\":\"BreadcrumbList\",\"@id\":\"https:\/\/www.annonces-legales.org\/blog\/hebdo-de-charente-maritime\/#breadcrumb\",\"itemListElement\":[{\"@type\":\"ListItem\",\"position\":1,\"name\":\"Accueil\",\"item\":\"https:\/\/www.annonces-legales.org\/blog\/\"},{\"@type\":\"ListItem\",\"position\":2,\"name\":\"Liste des journaux habilit\u00e9s \u00e0 publier des annonces l\u00e9gales\",\"item\":\"https:\/\/www.annonces-legales.org\/blog\/liste-des-journaux-habilites-a-publier-des-annonces-legales\/\"},{\"@type\":\"ListItem\",\"position\":3,\"name\":\"Hebdo de Charente-Maritime\"}]},{\"@type\":\"WebSite\",\"@id\":\"https:\/\/www.annonces-legales.org\/blog\/#website\",\"url\":\"https:\/\/www.annonces-legales.org\/blog\/\",\"name\":\"Actualit\u00e9 des entreprises\",\"description\":\"\",\"publisher\":{\"@id\":\"https:\/\/www.annonces-legales.org\/blog\/#organization\"},\"potentialAction\":[{\"@type\":\"SearchAction\",\"target\":{\"@type\":\"EntryPoint\",\"urlTemplate\":\"https:\/\/www.annonces-legales.org\/blog\/?s={search_term_string}\"},\"query-input\":{\"@type\":\"PropertyValueSpecification\",\"valueRequired\":true,\"valueName\":\"search_term_string\"}}],\"inLanguage\":\"fr-FR\"},{\"@type\":\"Organization\",\"@id\":\"https:\/\/www.annonces-legales.org\/blog\/#organization\",\"name\":\"Actualit\u00e9 des entreprises\",\"url\":\"https:\/\/www.annonces-legales.org\/blog\/\",\"logo\":{\"@type\":\"ImageObject\",\"inLanguage\":\"fr-FR\",\"@id\":\"https:\/\/www.annonces-legales.org\/blog\/#\/schema\/logo\/image\/\",\"url\":\"https:\/\/www.annonces-legales.org\/blog\/wp-content\/uploads\/2023\/08\/annonces-legales.svg\",\"contentUrl\":\"https:\/\/www.annonces-legales.org\/blog\/wp-content\/uploads\/2023\/08\/annonces-legales.svg\",\"caption\":\"Actualit\u00e9 des entreprises\"},\"image\":{\"@id\":\"https:\/\/www.annonces-legales.org\/blog\/#\/schema\/logo\/image\/\"}}]}<\/script>\n<!-- \/ Yoast SEO plugin. -->","yoast_head_json":{"title":"Hebdo de Charente-Maritime - Actualit\u00e9 des entreprises","robots":{"index":"index","follow":"follow","max-snippet":"max-snippet:-1","max-image-preview":"max-image-preview:large","max-video-preview":"max-video-preview:-1"},"canonical":"https:\/\/www.annonces-legales.org\/blog\/hebdo-de-charente-maritime\/","og_locale":"fr_FR","og_type":"article","og_title":"Hebdo de Charente-Maritime - Actualit\u00e9 des entreprises","og_description":"L&rsquo;Hebdo de Charente-Maritime traite de l&rsquo;actualit\u00e9 g\u00e9n\u00e9raliste de la Charente-Maritime. Il propose notamment des informations sur la Rochelle et ses [&hellip;]","og_url":"https:\/\/www.annonces-legales.org\/blog\/hebdo-de-charente-maritime\/","og_site_name":"Actualit\u00e9 des entreprises","article_modified_time":"2022-01-26T10:50:47+00:00","og_image":[{"width":400,"height":91,"url":"https:\/\/www.annonces-legales.org\/blog\/wp-content\/uploads\/2021\/09\/Hebdo-de-Charente-Maritime.png","type":"image\/png"}],"twitter_card":"summary_large_image","twitter_misc":{"Dur\u00e9e de lecture estim\u00e9e":"1 minute"},"schema":{"@context":"https:\/\/schema.org","@graph":[{"@type":"WebPage","@id":"https:\/\/www.annonces-legales.org\/blog\/hebdo-de-charente-maritime\/","url":"https:\/\/www.annonces-legales.org\/blog\/hebdo-de-charente-maritime\/","name":"Hebdo de Charente-Maritime - Actualit\u00e9 des entreprises","isPartOf":{"@id":"https:\/\/www.annonces-legales.org\/blog\/#website"},"primaryImageOfPage":{"@id":"https:\/\/www.annonces-legales.org\/blog\/hebdo-de-charente-maritime\/#primaryimage"},"image":{"@id":"https:\/\/www.annonces-legales.org\/blog\/hebdo-de-charente-maritime\/#primaryimage"},"thumbnailUrl":"https:\/\/www.annonces-legales.org\/blog\/wp-content\/uploads\/2021\/09\/Hebdo-de-Charente-Maritime.png","datePublished":"2021-09-15T16:06:25+00:00","dateModified":"2022-01-26T10:50:47+00:00","breadcrumb":{"@id":"https:\/\/www.annonces-legales.org\/blog\/hebdo-de-charente-maritime\/#breadcrumb"},"inLanguage":"fr-FR","potentialAction":[{"@type":"ReadAction","target":["https:\/\/www.annonces-legales.org\/blog\/hebdo-de-charente-maritime\/"]}]},{"@type":"ImageObject","inLanguage":"fr-FR","@id":"https:\/\/www.annonces-legales.org\/blog\/hebdo-de-charente-maritime\/#primaryimage","url":"https:\/\/www.annonces-legales.org\/blog\/wp-content\/uploads\/2021\/09\/Hebdo-de-Charente-Maritime.png","contentUrl":"https:\/\/www.annonces-legales.org\/blog\/wp-content\/uploads\/2021\/09\/Hebdo-de-Charente-Maritime.png","width":400,"height":91},{"@type":"BreadcrumbList","@id":"https:\/\/www.annonces-legales.org\/blog\/hebdo-de-charente-maritime\/#breadcrumb","itemListElement":[{"@type":"ListItem","position":1,"name":"Accueil","item":"https:\/\/www.annonces-legales.org\/blog\/"},{"@type":"ListItem","position":2,"name":"Liste des journaux habilit\u00e9s \u00e0 publier des annonces l\u00e9gales","item":"https:\/\/www.annonces-legales.org\/blog\/liste-des-journaux-habilites-a-publier-des-annonces-legales\/"},{"@type":"ListItem","position":3,"name":"Hebdo de Charente-Maritime"}]},{"@type":"WebSite","@id":"https:\/\/www.annonces-legales.org\/blog\/#website","url":"https:\/\/www.annonces-legales.org\/blog\/","name":"Actualit\u00e9 des entreprises","description":"","publisher":{"@id":"https:\/\/www.annonces-legales.org\/blog\/#organization"},"potentialAction":[{"@type":"SearchAction","target":{"@type":"EntryPoint","urlTemplate":"https:\/\/www.annonces-legales.org\/blog\/?s={search_term_string}"},"query-input":{"@type":"PropertyValueSpecification","valueRequired":true,"valueName":"search_term_string"}}],"inLanguage":"fr-FR"},{"@type":"Organization","@id":"https:\/\/www.annonces-legales.org\/blog\/#organization","name":"Actualit\u00e9 des entreprises","url":"https:\/\/www.annonces-legales.org\/blog\/","logo":{"@type":"ImageObject","inLanguage":"fr-FR","@id":"https:\/\/www.annonces-legales.org\/blog\/#\/schema\/logo\/image\/","url":"https:\/\/www.annonces-legales.org\/blog\/wp-content\/uploads\/2023\/08\/annonces-legales.svg","contentUrl":"https:\/\/www.annonces-legales.org\/blog\/wp-content\/uploads\/2023\/08\/annonces-legales.svg","caption":"Actualit\u00e9 des entreprises"},"image":{"@id":"https:\/\/www.annonces-legales.org\/blog\/#\/schema\/logo\/image\/"}}]}},"_links":{"self":[{"href":"https:\/\/www.annonces-legales.org\/blog\/wp-json\/wp\/v2\/pages\/765","targetHints":{"allow":["GET"]}}],"collection":[{"href":"https:\/\/www.annonces-legales.org\/blog\/wp-json\/wp\/v2\/pages"}],"about":[{"href":"https:\/\/www.annonces-legales.org\/blog\/wp-json\/wp\/v2\/types\/page"}],"author":[{"embeddable":true,"href":"https:\/\/www.annonces-legales.org\/blog\/wp-json\/wp\/v2\/users\/1"}],"replies":[{"embeddable":true,"href":"https:\/\/www.annonces-legales.org\/blog\/wp-json\/wp\/v2\/comments?post=765"}],"version-history":[{"count":4,"href":"https:\/\/www.annonces-legales.org\/blog\/wp-json\/wp\/v2\/pages\/765\/revisions"}],"predecessor-version":[{"id":814,"href":"https:\/\/www.annonces-legales.org\/blog\/wp-json\/wp\/v2\/pages\/765\/revisions\/814"}],"up":[{"embeddable":true,"href":"https:\/\/www.annonces-legales.org\/blog\/wp-json\/wp\/v2\/pages\/351"}],"wp:attachment":[{"href":"https:\/\/www.annonces-legales.org\/blog\/wp-json\/wp\/v2\/media?parent=765"}],"curies":[{"name":"wp","href":"https:\/\/api.w.org\/{rel}","templated":true}]}}