{"id":774,"date":"2021-09-15T18:19:30","date_gmt":"2021-09-15T16:19:30","guid":{"rendered":"https:\/\/www.annonces-legales.org\/blog\/?page_id=774"},"modified":"2022-01-26T12:00:40","modified_gmt":"2022-01-26T11:00:40","slug":"berry-republicain","status":"publish","type":"page","link":"https:\/\/www.annonces-legales.org\/blog\/berry-republicain\/","title":{"rendered":"Le Berry R\u00e9publicain"},"content":{"rendered":"<p><img loading=\"lazy\" decoding=\"async\" class=\"aligncenter size-full wp-image-819\" src=\"https:\/\/www.annonces-legales.org\/blog\/wp-content\/uploads\/2021\/09\/berry-republicain.png\" alt=\"\" width=\"400\" height=\"110\" srcset=\"https:\/\/www.annonces-legales.org\/blog\/wp-content\/uploads\/2021\/09\/berry-republicain.png 400w, https:\/\/www.annonces-legales.org\/blog\/wp-content\/uploads\/2021\/09\/berry-republicain-300x83.png 300w\" sizes=\"auto, (max-width: 400px) 100vw, 400px\" \/><\/p>\n<p><strong>Le Berry R\u00e9publicain est un journal quotidien<\/strong> qui est diffus\u00e9 dans le d\u00e9partement du Cher et de l&rsquo;Indre. Il est vendu un peu moins de deux euros et propose des actualit\u00e9s g\u00e9n\u00e9ralistes sur la vie locale du Berry, avec une rubrique sport et une rubrique loisirs.<\/p>\n<p>&nbsp;<\/p>\n<h2>En savoir plus sur le Berry r\u00e9publicain<\/h2>\n<p>Il a \u00e9t\u00e9 cr\u00e9\u00e9 par Claude Fr\u00e9zal en 1944, un ami du g\u00e9n\u00e9ral De Gaulle. Le journal est le r\u00e9sultat de la fusion entre 3 autres journaux : les patriotes berrichons, la voie de la r\u00e9sistance et En avant !.<\/p>\n<p>Le journal est rachet\u00e9 en 1960 par Robert Hersant. Puis, le journal La Montagne va racheter le quotidien en 1981. De nos jour, le journal Berry R\u00e9publicain appartient au groupe\u00a0 <strong>Centre France. <\/strong>Centre France, via ses 30 soci\u00e9t\u00e9s, ses 8 titres de presse (19 \u00e9ditions) et sites d&rsquo;actualit\u00e9s, revendique plus de 1,2 million de lecteurs quotidiens.<strong><br \/>\n<\/strong><\/p>\n<p>Le journal Le Berry R\u00e9publicain est en couleur depuis plus de 35 ans. Il a une diffusion totale de plus de 26 000. Le lectorat du journal est en baisse, la diffusion totale \u00e9tait de plus de 33 000 en 2014.<\/p>\n<h2>Site internet du Berry R\u00e9publicain<\/h2>\n<p><img loading=\"lazy\" decoding=\"async\" class=\"aligncenter size-full wp-image-1403\" src=\"https:\/\/www.annonces-legales.org\/blog\/wp-content\/uploads\/2021\/10\/site-internet-le-berry-republicain.png\" alt=\"\" width=\"800\" height=\"831\" srcset=\"https:\/\/www.annonces-legales.org\/blog\/wp-content\/uploads\/2021\/10\/site-internet-le-berry-republicain.png 800w, https:\/\/www.annonces-legales.org\/blog\/wp-content\/uploads\/2021\/10\/site-internet-le-berry-republicain-289x300.png 289w, https:\/\/www.annonces-legales.org\/blog\/wp-content\/uploads\/2021\/10\/site-internet-le-berry-republicain-768x798.png 768w\" sizes=\"auto, (max-width: 800px) 100vw, 800px\" \/><\/p>\n<p>Le site internet du journal permet de se tenir inform\u00e9 sur l&rsquo;actualit\u00e9 du Berry. Beaucoup d&rsquo;articles sont en clair et sont donc disponibles pour les non abonn\u00e9s.<\/p>\n<p>Une rubrique \u00ab\u00a0vie locale\u00a0\u00bb offre la possibilit\u00e9 de voir des informations locales pour les villes de Bourges, Saint-Germain-du-Puy, Trouy, Saint-Amand-Montrond, La Guerche-sur-l&rsquo;Aubois, Sancoins, Vierzon, La Chapelle-Saint-Ursin, Saint-Florent-sur-Cher, Saint-Doulchard, Sancerre, Mehun-sur-Y\u00e8vre, Dun-sur-Auron, Avord et Aubigny-sur-N\u00e8re.<\/p>\n<p>La rubrique agenda sortie permet aux berrichons de se tenir informer sur les sorties culturelles, les concerts, les expositions, les spectacles, les soir\u00e9es et f\u00eates de village&#8230;<\/p>\n<p>Le site propose une carte avec tous les points de vente du journal qui sont actuellement ouvert. Il y en a plusieurs centaines. Bien entendu, sur le site web du Berry R\u00e9publicain, vous pouvez aussi vous abonner au journal.<\/p>\n<h2>Abonnement au Berry R\u00e9publicain<\/h2>\n<p>Il est possible de s&rsquo;abonner au journal via son site leberry.fr. Un abonnement pour 12 mois pour la version papier et num\u00e9rique est de 312 \u20ac. Il est possible de s&rsquo;abonner mensuellement pour 26 \u20ac par mois.<\/p>\n<h2>Informations de contact<\/h2>\n<p>L&rsquo;adresse du journal est 1 rue du g\u00e9n\u00e9ral Ferrier, \u00e0 Bourges 18\u00a0000. Le t\u00e9l\u00e9phone du journal est : 02 48 27 63 63.<\/p>\n<p>Les contacts par voie num\u00e9rique peuvent se faire par l&rsquo;envoi d&rsquo;un message sur le site du journal.<\/p>\n<p>&nbsp;<\/p>\n<h2>Le Berry R\u00e9publicain, journal d&rsquo;annonces l\u00e9gales (JAL)<\/h2>\n<p>Le journal le Berry r\u00e9publicain peut publier des <strong>annonces l\u00e9gales pour le d\u00e9partement du Cher (18)<\/strong>. Il a effectivement re\u00e7u une habilitation annuelle qui lui donne le droit de faire ce type de publicit\u00e9 l\u00e9gale.<\/p>\n<p>&nbsp;<\/p>\n<h2>Se servir du journal Le Berry R\u00e9publicain pour diffuser des annonces l\u00e9gales<\/h2>\n<p>\u00c9tant donn\u00e9 que le journal Berry R\u00e9publicain respecte les conditions n\u00e9cessaire \u00e0 l&rsquo;attribution d&rsquo;une licence pour publier des annonces l\u00e9gales il peut \u00eatre utilis\u00e9 pour :<\/p>\n<p>&#8211; faire des annonces l\u00e9gales de cr\u00e9ation d&rsquo;une entreprise du Cher<br \/>\n&#8211; faire des annonces modificatives pour les entreprises du Cher<br \/>\n&#8211; faire des annonces l\u00e9gales pour les personnes physiques dont le domicile est dans le Cher<\/p>\n<br\/><br\/><div class=\"entry-content notopmargin\">\n\t<img decoding=\"async\" class=\"img-fluid fleft\" src=\"https:\/\/www.annonces-legales.org\/images\/rapide-economique-tout-departement.png\" alt=\"Journal d'annonce l\u00e9gale habilit\u00e9 du Cher \"><a href=\"https:\/\/www.annonces-legales.org\/publication-annonce-legale.html\" class=\"button button-desc fright mtop30\"><div>Je publie<br> mon annonce<br> l\u00e9gale<\/div><span>dans un journal habilit\u00e9 du Cher !<\/span><\/a>\n<\/div><div class=\"clrbth\"><\/div><br\/><br\/>\n<h2>Vos annonces l\u00e9gales au meilleurs prix dans le Cher<\/h2>\n<p>Afin de limiter les frais pour votre annonce l\u00e9gale, il s&rsquo;av\u00e8re indispensable d&rsquo;utiliser les services d&rsquo;annonces l\u00e9gales les moins cher.<br \/>\nAvec annonces-legales.org, b\u00e9n\u00e9ficiez du meilleurs tarif pour votre annonce dans le Cher. Prenez quelques minutes pour remplir le formulaire afin d&rsquo;obtenir un <a href=\"https:\/\/www.annonces-legales.org\/devis-annonce-legale.html\">devis pour votre annonce l\u00e9gale<\/a>.<\/p>\n<p>&nbsp;<\/p>\n<h2>Quels sont les journaux habilit\u00e9s \u00e0 publier une annonce l\u00e9gale dans le Cher ?<\/h2>\n<p>Les supports habilit\u00e9s pour effectuer le d\u00e9p\u00f4t d&rsquo;une annonce l\u00e9gale dans le Cher pour l&rsquo;ann\u00e9e 2021 sont les suivants:<\/p>\n<ul>\n<li><a href=\"https:\/\/www.annonces-legales.org\/blog\/voix-du-sancerrois\/\">La Voix du Sancerrois , de la Sologne et du Val de Loire<\/a><\/li>\n<li><a href=\"https:\/\/www.annonces-legales.org\/blog\/journal-de-gien\/\">Le Journal de Gien<\/a><\/li>\n<li><a href=\"https:\/\/www.annonces-legales.org\/blog\/echo-du-berry\/\">L&rsquo; \u00c9cho du Berry<\/a><\/li>\n<li><a href=\"https:\/\/www.annonces-legales.org\/blog\/information-agricole-du-cher\/\">L&rsquo; Information Agricole du Cher<\/a><\/li>\n<li><a href=\"https:\/\/www.annonces-legales.org\/blog\/berry-republicain\/\">Le Berry R\u00e9publicain<\/a><\/li>\n<\/ul>\n<p>Ces journaux poss\u00e8de un num\u00e9ro de CPPAP et r\u00e9pondent positivement aux crit\u00e8res fix\u00e9s par la loi et par la pr\u00e9fecture du Cher.<\/p>\n<p>Les crit\u00e8res d&rsquo;habilitation concernent notamment le niveau de diffusion des journaux et le nombre d&rsquo;exemplaire vendu.<\/p>\n<p>&nbsp;<\/p>\n","protected":false},"excerpt":{"rendered":"<p>Le Berry R\u00e9publicain est un journal quotidien qui est diffus\u00e9 dans le d\u00e9partement du Cher et de l&rsquo;Indre. Il est [&hellip;]<\/p>\n","protected":false},"author":1,"featured_media":0,"parent":351,"menu_order":0,"comment_status":"closed","ping_status":"closed","template":"","meta":{"inline_featured_image":false,"footnotes":""},"class_list":["post-774","page","type-page","status-publish","hentry"],"yoast_head":"<!-- This site is optimized with the Yoast SEO plugin v26.8 - https:\/\/yoast.com\/product\/yoast-seo-wordpress\/ -->\n<title>Le Berry R\u00e9publicain - Actualit\u00e9 des entreprises<\/title>\n<meta name=\"robots\" content=\"index, follow, max-snippet:-1, max-image-preview:large, max-video-preview:-1\" \/>\n<link rel=\"canonical\" href=\"https:\/\/www.annonces-legales.org\/blog\/berry-republicain\/\" \/>\n<meta property=\"og:locale\" content=\"fr_FR\" \/>\n<meta property=\"og:type\" content=\"article\" \/>\n<meta property=\"og:title\" content=\"Le Berry R\u00e9publicain - Actualit\u00e9 des entreprises\" \/>\n<meta property=\"og:description\" content=\"Le Berry R\u00e9publicain est un journal quotidien qui est diffus\u00e9 dans le d\u00e9partement du Cher et de l&rsquo;Indre. Il est [&hellip;]\" \/>\n<meta property=\"og:url\" content=\"https:\/\/www.annonces-legales.org\/blog\/berry-republicain\/\" \/>\n<meta property=\"og:site_name\" content=\"Actualit\u00e9 des entreprises\" \/>\n<meta property=\"article:modified_time\" content=\"2022-01-26T11:00:40+00:00\" \/>\n<meta property=\"og:image\" content=\"https:\/\/www.annonces-legales.org\/blog\/wp-content\/uploads\/2021\/09\/berry-republicain.png\" \/>\n\t<meta property=\"og:image:width\" content=\"400\" \/>\n\t<meta property=\"og:image:height\" content=\"110\" \/>\n\t<meta property=\"og:image:type\" content=\"image\/png\" \/>\n<meta name=\"twitter:card\" content=\"summary_large_image\" \/>\n<meta name=\"twitter:label1\" content=\"Dur\u00e9e de lecture estim\u00e9e\" \/>\n\t<meta name=\"twitter:data1\" content=\"4 minutes\" \/>\n<script type=\"application\/ld+json\" class=\"yoast-schema-graph\">{\"@context\":\"https:\/\/schema.org\",\"@graph\":[{\"@type\":\"WebPage\",\"@id\":\"https:\/\/www.annonces-legales.org\/blog\/berry-republicain\/\",\"url\":\"https:\/\/www.annonces-legales.org\/blog\/berry-republicain\/\",\"name\":\"Le Berry R\u00e9publicain - Actualit\u00e9 des entreprises\",\"isPartOf\":{\"@id\":\"https:\/\/www.annonces-legales.org\/blog\/#website\"},\"primaryImageOfPage\":{\"@id\":\"https:\/\/www.annonces-legales.org\/blog\/berry-republicain\/#primaryimage\"},\"image\":{\"@id\":\"https:\/\/www.annonces-legales.org\/blog\/berry-republicain\/#primaryimage\"},\"thumbnailUrl\":\"https:\/\/www.annonces-legales.org\/blog\/wp-content\/uploads\/2021\/09\/berry-republicain.png\",\"datePublished\":\"2021-09-15T16:19:30+00:00\",\"dateModified\":\"2022-01-26T11:00:40+00:00\",\"breadcrumb\":{\"@id\":\"https:\/\/www.annonces-legales.org\/blog\/berry-republicain\/#breadcrumb\"},\"inLanguage\":\"fr-FR\",\"potentialAction\":[{\"@type\":\"ReadAction\",\"target\":[\"https:\/\/www.annonces-legales.org\/blog\/berry-republicain\/\"]}]},{\"@type\":\"ImageObject\",\"inLanguage\":\"fr-FR\",\"@id\":\"https:\/\/www.annonces-legales.org\/blog\/berry-republicain\/#primaryimage\",\"url\":\"https:\/\/www.annonces-legales.org\/blog\/wp-content\/uploads\/2021\/09\/berry-republicain.png\",\"contentUrl\":\"https:\/\/www.annonces-legales.org\/blog\/wp-content\/uploads\/2021\/09\/berry-republicain.png\",\"width\":400,\"height\":110},{\"@type\":\"BreadcrumbList\",\"@id\":\"https:\/\/www.annonces-legales.org\/blog\/berry-republicain\/#breadcrumb\",\"itemListElement\":[{\"@type\":\"ListItem\",\"position\":1,\"name\":\"Accueil\",\"item\":\"https:\/\/www.annonces-legales.org\/blog\/\"},{\"@type\":\"ListItem\",\"position\":2,\"name\":\"Liste des journaux habilit\u00e9s \u00e0 publier des annonces l\u00e9gales\",\"item\":\"https:\/\/www.annonces-legales.org\/blog\/liste-des-journaux-habilites-a-publier-des-annonces-legales\/\"},{\"@type\":\"ListItem\",\"position\":3,\"name\":\"Le Berry R\u00e9publicain\"}]},{\"@type\":\"WebSite\",\"@id\":\"https:\/\/www.annonces-legales.org\/blog\/#website\",\"url\":\"https:\/\/www.annonces-legales.org\/blog\/\",\"name\":\"Actualit\u00e9 des entreprises\",\"description\":\"\",\"publisher\":{\"@id\":\"https:\/\/www.annonces-legales.org\/blog\/#organization\"},\"potentialAction\":[{\"@type\":\"SearchAction\",\"target\":{\"@type\":\"EntryPoint\",\"urlTemplate\":\"https:\/\/www.annonces-legales.org\/blog\/?s={search_term_string}\"},\"query-input\":{\"@type\":\"PropertyValueSpecification\",\"valueRequired\":true,\"valueName\":\"search_term_string\"}}],\"inLanguage\":\"fr-FR\"},{\"@type\":\"Organization\",\"@id\":\"https:\/\/www.annonces-legales.org\/blog\/#organization\",\"name\":\"Actualit\u00e9 des entreprises\",\"url\":\"https:\/\/www.annonces-legales.org\/blog\/\",\"logo\":{\"@type\":\"ImageObject\",\"inLanguage\":\"fr-FR\",\"@id\":\"https:\/\/www.annonces-legales.org\/blog\/#\/schema\/logo\/image\/\",\"url\":\"https:\/\/www.annonces-legales.org\/blog\/wp-content\/uploads\/2023\/08\/annonces-legales.svg\",\"contentUrl\":\"https:\/\/www.annonces-legales.org\/blog\/wp-content\/uploads\/2023\/08\/annonces-legales.svg\",\"caption\":\"Actualit\u00e9 des entreprises\"},\"image\":{\"@id\":\"https:\/\/www.annonces-legales.org\/blog\/#\/schema\/logo\/image\/\"}}]}<\/script>\n<!-- \/ Yoast SEO plugin. -->","yoast_head_json":{"title":"Le Berry R\u00e9publicain - Actualit\u00e9 des entreprises","robots":{"index":"index","follow":"follow","max-snippet":"max-snippet:-1","max-image-preview":"max-image-preview:large","max-video-preview":"max-video-preview:-1"},"canonical":"https:\/\/www.annonces-legales.org\/blog\/berry-republicain\/","og_locale":"fr_FR","og_type":"article","og_title":"Le Berry R\u00e9publicain - Actualit\u00e9 des entreprises","og_description":"Le Berry R\u00e9publicain est un journal quotidien qui est diffus\u00e9 dans le d\u00e9partement du Cher et de l&rsquo;Indre. Il est [&hellip;]","og_url":"https:\/\/www.annonces-legales.org\/blog\/berry-republicain\/","og_site_name":"Actualit\u00e9 des entreprises","article_modified_time":"2022-01-26T11:00:40+00:00","og_image":[{"width":400,"height":110,"url":"https:\/\/www.annonces-legales.org\/blog\/wp-content\/uploads\/2021\/09\/berry-republicain.png","type":"image\/png"}],"twitter_card":"summary_large_image","twitter_misc":{"Dur\u00e9e de lecture estim\u00e9e":"4 minutes"},"schema":{"@context":"https:\/\/schema.org","@graph":[{"@type":"WebPage","@id":"https:\/\/www.annonces-legales.org\/blog\/berry-republicain\/","url":"https:\/\/www.annonces-legales.org\/blog\/berry-republicain\/","name":"Le Berry R\u00e9publicain - Actualit\u00e9 des entreprises","isPartOf":{"@id":"https:\/\/www.annonces-legales.org\/blog\/#website"},"primaryImageOfPage":{"@id":"https:\/\/www.annonces-legales.org\/blog\/berry-republicain\/#primaryimage"},"image":{"@id":"https:\/\/www.annonces-legales.org\/blog\/berry-republicain\/#primaryimage"},"thumbnailUrl":"https:\/\/www.annonces-legales.org\/blog\/wp-content\/uploads\/2021\/09\/berry-republicain.png","datePublished":"2021-09-15T16:19:30+00:00","dateModified":"2022-01-26T11:00:40+00:00","breadcrumb":{"@id":"https:\/\/www.annonces-legales.org\/blog\/berry-republicain\/#breadcrumb"},"inLanguage":"fr-FR","potentialAction":[{"@type":"ReadAction","target":["https:\/\/www.annonces-legales.org\/blog\/berry-republicain\/"]}]},{"@type":"ImageObject","inLanguage":"fr-FR","@id":"https:\/\/www.annonces-legales.org\/blog\/berry-republicain\/#primaryimage","url":"https:\/\/www.annonces-legales.org\/blog\/wp-content\/uploads\/2021\/09\/berry-republicain.png","contentUrl":"https:\/\/www.annonces-legales.org\/blog\/wp-content\/uploads\/2021\/09\/berry-republicain.png","width":400,"height":110},{"@type":"BreadcrumbList","@id":"https:\/\/www.annonces-legales.org\/blog\/berry-republicain\/#breadcrumb","itemListElement":[{"@type":"ListItem","position":1,"name":"Accueil","item":"https:\/\/www.annonces-legales.org\/blog\/"},{"@type":"ListItem","position":2,"name":"Liste des journaux habilit\u00e9s \u00e0 publier des annonces l\u00e9gales","item":"https:\/\/www.annonces-legales.org\/blog\/liste-des-journaux-habilites-a-publier-des-annonces-legales\/"},{"@type":"ListItem","position":3,"name":"Le Berry R\u00e9publicain"}]},{"@type":"WebSite","@id":"https:\/\/www.annonces-legales.org\/blog\/#website","url":"https:\/\/www.annonces-legales.org\/blog\/","name":"Actualit\u00e9 des entreprises","description":"","publisher":{"@id":"https:\/\/www.annonces-legales.org\/blog\/#organization"},"potentialAction":[{"@type":"SearchAction","target":{"@type":"EntryPoint","urlTemplate":"https:\/\/www.annonces-legales.org\/blog\/?s={search_term_string}"},"query-input":{"@type":"PropertyValueSpecification","valueRequired":true,"valueName":"search_term_string"}}],"inLanguage":"fr-FR"},{"@type":"Organization","@id":"https:\/\/www.annonces-legales.org\/blog\/#organization","name":"Actualit\u00e9 des entreprises","url":"https:\/\/www.annonces-legales.org\/blog\/","logo":{"@type":"ImageObject","inLanguage":"fr-FR","@id":"https:\/\/www.annonces-legales.org\/blog\/#\/schema\/logo\/image\/","url":"https:\/\/www.annonces-legales.org\/blog\/wp-content\/uploads\/2023\/08\/annonces-legales.svg","contentUrl":"https:\/\/www.annonces-legales.org\/blog\/wp-content\/uploads\/2023\/08\/annonces-legales.svg","caption":"Actualit\u00e9 des entreprises"},"image":{"@id":"https:\/\/www.annonces-legales.org\/blog\/#\/schema\/logo\/image\/"}}]}},"_links":{"self":[{"href":"https:\/\/www.annonces-legales.org\/blog\/wp-json\/wp\/v2\/pages\/774","targetHints":{"allow":["GET"]}}],"collection":[{"href":"https:\/\/www.annonces-legales.org\/blog\/wp-json\/wp\/v2\/pages"}],"about":[{"href":"https:\/\/www.annonces-legales.org\/blog\/wp-json\/wp\/v2\/types\/page"}],"author":[{"embeddable":true,"href":"https:\/\/www.annonces-legales.org\/blog\/wp-json\/wp\/v2\/users\/1"}],"replies":[{"embeddable":true,"href":"https:\/\/www.annonces-legales.org\/blog\/wp-json\/wp\/v2\/comments?post=774"}],"version-history":[{"count":12,"href":"https:\/\/www.annonces-legales.org\/blog\/wp-json\/wp\/v2\/pages\/774\/revisions"}],"predecessor-version":[{"id":1409,"href":"https:\/\/www.annonces-legales.org\/blog\/wp-json\/wp\/v2\/pages\/774\/revisions\/1409"}],"up":[{"embeddable":true,"href":"https:\/\/www.annonces-legales.org\/blog\/wp-json\/wp\/v2\/pages\/351"}],"wp:attachment":[{"href":"https:\/\/www.annonces-legales.org\/blog\/wp-json\/wp\/v2\/media?parent=774"}],"curies":[{"name":"wp","href":"https:\/\/api.w.org\/{rel}","templated":true}]}}