{"id":778,"date":"2021-09-15T18:24:35","date_gmt":"2021-09-15T16:24:35","guid":{"rendered":"https:\/\/www.annonces-legales.org\/blog\/?page_id=778"},"modified":"2022-01-26T12:00:21","modified_gmt":"2022-01-26T11:00:21","slug":"voix-du-sancerrois","status":"publish","type":"page","link":"https:\/\/www.annonces-legales.org\/blog\/voix-du-sancerrois\/","title":{"rendered":"La Voix du Sancerrois, de la Sologne et du Val de Loire"},"content":{"rendered":"<p><img loading=\"lazy\" decoding=\"async\" class=\"aligncenter size-full wp-image-823\" src=\"https:\/\/www.annonces-legales.org\/blog\/wp-content\/uploads\/2021\/09\/La-Voix-du-Sancerrois-de-la-Sologne-et-du-Val-de-Loire.png\" width=\"400\" height=\"100\" srcset=\"https:\/\/www.annonces-legales.org\/blog\/wp-content\/uploads\/2021\/09\/La-Voix-du-Sancerrois-de-la-Sologne-et-du-Val-de-Loire.png 400w, https:\/\/www.annonces-legales.org\/blog\/wp-content\/uploads\/2021\/09\/La-Voix-du-Sancerrois-de-la-Sologne-et-du-Val-de-Loire-300x75.png 300w\" sizes=\"auto, (max-width: 400px) 100vw, 400px\" \/><\/p>\n<p><strong>La Voix du Sancerrois<\/strong> est un journal hebdomadaire situ\u00e9 dans le d\u00e9partement du Cher (18). Il para\u00eet tous les mercredis. Les informations publi\u00e9es par le journal sont locales et concernent principalement Sancerre, Vailly sur Sauldre, Henrichemont, la Chapelle d&rsquo;Anguillon, Pouilly sur Loire et Sancergues. Il est habilit\u00e9 \u00e0 publier des annonces officielles pour le d\u00e9partement du Cher.<\/p>\n<p>&nbsp;<\/p>\n<h2>Plus d&rsquo;infos sur La Voix du Sancerrois<\/h2>\n<p>L&rsquo;adresse du journal La Voix du Sancerrois, de la Sologne et du Val de Loire est la suivante : 48, Rue Paul Cannier 18300 \u00e0 Saint Satur. Le journal peut \u00eatre contact\u00e9 par t\u00e9l\u00e9phone aux 02 48 54 10 01.<\/p>\n<p>Le directeur de la publication est Olivier Bonnichon. Le r\u00e9dacteur en chef est Jean-Baptiste Botella.<\/p>\n<p>Le journal ne poss\u00e8de pas de site Internet mais une page Facebook assez active. Sur la page facebook du journal, on peut visualiser la une du journal chaque semaine. Elle lie \u00e9galement les articles r\u00e9dig\u00e9s par la r\u00e9daction du journal et publi\u00e9 sur le site internet du <a href=\"https:\/\/www.annonces-legales.org\/blog\/berry-republicain\/\">Berry R\u00e9publicain<\/a>.<\/p>\n<p>&nbsp;<\/p>\n<h2>La diffusion de La voix du Sancerrois<\/h2>\n<p>Le journal est tir\u00e9 \u00e0 environ 3800 exemplaires en moyenne pour l&rsquo;ann\u00e9e 2021, en l\u00e9g\u00e8re baisse par rapport \u00e0 2019 (source ACPM\/OJD).<\/p>\n<p>Les abonn\u00e9s repr\u00e9sentent plus de 50% des lecteurs du journal.<\/p>\n<p>&nbsp;<\/p>\n<h2>Vous souhaitez publier une annonce l\u00e9gale et judiciaire dans le d\u00e9partement du Cher (18) ?<\/h2>\n<p>Les ch\u00e9riens doivent se servir d&rsquo;un <strong>journal d&rsquo;annonces l\u00e9gales du 18<\/strong> pour r\u00e9aliser la diffusion de leur annonce l\u00e9gale.<\/p>\n<p>Les JAL du Cher sont les suivants: <a href=\"https:\/\/www.annonces-legales.org\/blog\/echo-du-berry\/\">L&rsquo;Echo du Berry<\/a>, L&rsquo;<a href=\"https:\/\/www.annonces-legales.org\/blog\/information-agricole-du-cher\/\">Information Agricole du Cher<\/a>, <a href=\"https:\/\/www.annonces-legales.org\/blog\/berry-republicain\/\">Le Berry R\u00e9publicain<\/a>, <a href=\"https:\/\/www.annonces-legales.org\/blog\/journal-de-gien\/\">Le journal de Gien<\/a> et bien entendu <strong>La Voix du Sancerrois<\/strong>.<br \/>\nNous vous invitons \u00e0 faire un devis sans inscription pour obtenir le co\u00fbt le plus bas possible.<\/p>\n<br\/><br\/><div class=\"entry-content notopmargin\">\n\t<img decoding=\"async\" class=\"img-fluid fleft\" src=\"https:\/\/www.annonces-legales.org\/images\/rapide-economique-tout-departement.png\" alt=\"Journal d'annonce l\u00e9gale journal du 18 \"><a href=\"https:\/\/www.annonces-legales.org\/publication-annonce-legale.html\" class=\"button button-desc fright mtop30\"><div>Je publie<br> mon annonce<br> l\u00e9gale<\/div><span>dans un journal journal du 18 !<\/span><\/a>\n<\/div><div class=\"clrbth\"><\/div><br\/><br\/>\n<p>&nbsp;<\/p>\n","protected":false},"excerpt":{"rendered":"<p>La Voix du Sancerrois est un journal hebdomadaire situ\u00e9 dans le d\u00e9partement du Cher (18). Il para\u00eet tous les mercredis. [&hellip;]<\/p>\n","protected":false},"author":1,"featured_media":0,"parent":351,"menu_order":0,"comment_status":"closed","ping_status":"closed","template":"","meta":{"inline_featured_image":false,"footnotes":""},"class_list":["post-778","page","type-page","status-publish","hentry"],"yoast_head":"<!-- This site is optimized with the Yoast SEO plugin v26.8 - https:\/\/yoast.com\/product\/yoast-seo-wordpress\/ -->\n<title>La Voix du Sancerrois, de la Sologne et du Val de Loire - Actualit\u00e9 des entreprises<\/title>\n<meta name=\"robots\" content=\"index, follow, max-snippet:-1, max-image-preview:large, max-video-preview:-1\" \/>\n<link rel=\"canonical\" href=\"https:\/\/www.annonces-legales.org\/blog\/voix-du-sancerrois\/\" \/>\n<meta property=\"og:locale\" content=\"fr_FR\" \/>\n<meta property=\"og:type\" content=\"article\" \/>\n<meta property=\"og:title\" content=\"La Voix du Sancerrois, de la Sologne et du Val de Loire - Actualit\u00e9 des entreprises\" \/>\n<meta property=\"og:description\" content=\"La Voix du Sancerrois est un journal hebdomadaire situ\u00e9 dans le d\u00e9partement du Cher (18). Il para\u00eet tous les mercredis. [&hellip;]\" \/>\n<meta property=\"og:url\" content=\"https:\/\/www.annonces-legales.org\/blog\/voix-du-sancerrois\/\" \/>\n<meta property=\"og:site_name\" content=\"Actualit\u00e9 des entreprises\" \/>\n<meta property=\"article:modified_time\" content=\"2022-01-26T11:00:21+00:00\" \/>\n<meta property=\"og:image\" content=\"https:\/\/www.annonces-legales.org\/blog\/wp-content\/uploads\/2021\/09\/La-Voix-du-Sancerrois-de-la-Sologne-et-du-Val-de-Loire.png\" \/>\n\t<meta property=\"og:image:width\" content=\"400\" \/>\n\t<meta property=\"og:image:height\" content=\"100\" \/>\n\t<meta property=\"og:image:type\" content=\"image\/png\" \/>\n<meta name=\"twitter:card\" content=\"summary_large_image\" \/>\n<meta name=\"twitter:label1\" content=\"Dur\u00e9e de lecture estim\u00e9e\" \/>\n\t<meta name=\"twitter:data1\" content=\"1 minute\" \/>\n<script type=\"application\/ld+json\" class=\"yoast-schema-graph\">{\"@context\":\"https:\/\/schema.org\",\"@graph\":[{\"@type\":\"WebPage\",\"@id\":\"https:\/\/www.annonces-legales.org\/blog\/voix-du-sancerrois\/\",\"url\":\"https:\/\/www.annonces-legales.org\/blog\/voix-du-sancerrois\/\",\"name\":\"La Voix du Sancerrois, de la Sologne et du Val de Loire - Actualit\u00e9 des entreprises\",\"isPartOf\":{\"@id\":\"https:\/\/www.annonces-legales.org\/blog\/#website\"},\"primaryImageOfPage\":{\"@id\":\"https:\/\/www.annonces-legales.org\/blog\/voix-du-sancerrois\/#primaryimage\"},\"image\":{\"@id\":\"https:\/\/www.annonces-legales.org\/blog\/voix-du-sancerrois\/#primaryimage\"},\"thumbnailUrl\":\"https:\/\/www.annonces-legales.org\/blog\/wp-content\/uploads\/2021\/09\/La-Voix-du-Sancerrois-de-la-Sologne-et-du-Val-de-Loire.png\",\"datePublished\":\"2021-09-15T16:24:35+00:00\",\"dateModified\":\"2022-01-26T11:00:21+00:00\",\"breadcrumb\":{\"@id\":\"https:\/\/www.annonces-legales.org\/blog\/voix-du-sancerrois\/#breadcrumb\"},\"inLanguage\":\"fr-FR\",\"potentialAction\":[{\"@type\":\"ReadAction\",\"target\":[\"https:\/\/www.annonces-legales.org\/blog\/voix-du-sancerrois\/\"]}]},{\"@type\":\"ImageObject\",\"inLanguage\":\"fr-FR\",\"@id\":\"https:\/\/www.annonces-legales.org\/blog\/voix-du-sancerrois\/#primaryimage\",\"url\":\"https:\/\/www.annonces-legales.org\/blog\/wp-content\/uploads\/2021\/09\/La-Voix-du-Sancerrois-de-la-Sologne-et-du-Val-de-Loire.png\",\"contentUrl\":\"https:\/\/www.annonces-legales.org\/blog\/wp-content\/uploads\/2021\/09\/La-Voix-du-Sancerrois-de-la-Sologne-et-du-Val-de-Loire.png\",\"width\":400,\"height\":100},{\"@type\":\"BreadcrumbList\",\"@id\":\"https:\/\/www.annonces-legales.org\/blog\/voix-du-sancerrois\/#breadcrumb\",\"itemListElement\":[{\"@type\":\"ListItem\",\"position\":1,\"name\":\"Accueil\",\"item\":\"https:\/\/www.annonces-legales.org\/blog\/\"},{\"@type\":\"ListItem\",\"position\":2,\"name\":\"Liste des journaux habilit\u00e9s \u00e0 publier des annonces l\u00e9gales\",\"item\":\"https:\/\/www.annonces-legales.org\/blog\/liste-des-journaux-habilites-a-publier-des-annonces-legales\/\"},{\"@type\":\"ListItem\",\"position\":3,\"name\":\"La Voix du Sancerrois, de la Sologne et du Val de Loire\"}]},{\"@type\":\"WebSite\",\"@id\":\"https:\/\/www.annonces-legales.org\/blog\/#website\",\"url\":\"https:\/\/www.annonces-legales.org\/blog\/\",\"name\":\"Actualit\u00e9 des entreprises\",\"description\":\"\",\"publisher\":{\"@id\":\"https:\/\/www.annonces-legales.org\/blog\/#organization\"},\"potentialAction\":[{\"@type\":\"SearchAction\",\"target\":{\"@type\":\"EntryPoint\",\"urlTemplate\":\"https:\/\/www.annonces-legales.org\/blog\/?s={search_term_string}\"},\"query-input\":{\"@type\":\"PropertyValueSpecification\",\"valueRequired\":true,\"valueName\":\"search_term_string\"}}],\"inLanguage\":\"fr-FR\"},{\"@type\":\"Organization\",\"@id\":\"https:\/\/www.annonces-legales.org\/blog\/#organization\",\"name\":\"Actualit\u00e9 des entreprises\",\"url\":\"https:\/\/www.annonces-legales.org\/blog\/\",\"logo\":{\"@type\":\"ImageObject\",\"inLanguage\":\"fr-FR\",\"@id\":\"https:\/\/www.annonces-legales.org\/blog\/#\/schema\/logo\/image\/\",\"url\":\"https:\/\/www.annonces-legales.org\/blog\/wp-content\/uploads\/2023\/08\/annonces-legales.svg\",\"contentUrl\":\"https:\/\/www.annonces-legales.org\/blog\/wp-content\/uploads\/2023\/08\/annonces-legales.svg\",\"caption\":\"Actualit\u00e9 des entreprises\"},\"image\":{\"@id\":\"https:\/\/www.annonces-legales.org\/blog\/#\/schema\/logo\/image\/\"}}]}<\/script>\n<!-- \/ Yoast SEO plugin. -->","yoast_head_json":{"title":"La Voix du Sancerrois, de la Sologne et du Val de Loire - Actualit\u00e9 des entreprises","robots":{"index":"index","follow":"follow","max-snippet":"max-snippet:-1","max-image-preview":"max-image-preview:large","max-video-preview":"max-video-preview:-1"},"canonical":"https:\/\/www.annonces-legales.org\/blog\/voix-du-sancerrois\/","og_locale":"fr_FR","og_type":"article","og_title":"La Voix du Sancerrois, de la Sologne et du Val de Loire - Actualit\u00e9 des entreprises","og_description":"La Voix du Sancerrois est un journal hebdomadaire situ\u00e9 dans le d\u00e9partement du Cher (18). Il para\u00eet tous les mercredis. [&hellip;]","og_url":"https:\/\/www.annonces-legales.org\/blog\/voix-du-sancerrois\/","og_site_name":"Actualit\u00e9 des entreprises","article_modified_time":"2022-01-26T11:00:21+00:00","og_image":[{"width":400,"height":100,"url":"https:\/\/www.annonces-legales.org\/blog\/wp-content\/uploads\/2021\/09\/La-Voix-du-Sancerrois-de-la-Sologne-et-du-Val-de-Loire.png","type":"image\/png"}],"twitter_card":"summary_large_image","twitter_misc":{"Dur\u00e9e de lecture estim\u00e9e":"1 minute"},"schema":{"@context":"https:\/\/schema.org","@graph":[{"@type":"WebPage","@id":"https:\/\/www.annonces-legales.org\/blog\/voix-du-sancerrois\/","url":"https:\/\/www.annonces-legales.org\/blog\/voix-du-sancerrois\/","name":"La Voix du Sancerrois, de la Sologne et du Val de Loire - Actualit\u00e9 des entreprises","isPartOf":{"@id":"https:\/\/www.annonces-legales.org\/blog\/#website"},"primaryImageOfPage":{"@id":"https:\/\/www.annonces-legales.org\/blog\/voix-du-sancerrois\/#primaryimage"},"image":{"@id":"https:\/\/www.annonces-legales.org\/blog\/voix-du-sancerrois\/#primaryimage"},"thumbnailUrl":"https:\/\/www.annonces-legales.org\/blog\/wp-content\/uploads\/2021\/09\/La-Voix-du-Sancerrois-de-la-Sologne-et-du-Val-de-Loire.png","datePublished":"2021-09-15T16:24:35+00:00","dateModified":"2022-01-26T11:00:21+00:00","breadcrumb":{"@id":"https:\/\/www.annonces-legales.org\/blog\/voix-du-sancerrois\/#breadcrumb"},"inLanguage":"fr-FR","potentialAction":[{"@type":"ReadAction","target":["https:\/\/www.annonces-legales.org\/blog\/voix-du-sancerrois\/"]}]},{"@type":"ImageObject","inLanguage":"fr-FR","@id":"https:\/\/www.annonces-legales.org\/blog\/voix-du-sancerrois\/#primaryimage","url":"https:\/\/www.annonces-legales.org\/blog\/wp-content\/uploads\/2021\/09\/La-Voix-du-Sancerrois-de-la-Sologne-et-du-Val-de-Loire.png","contentUrl":"https:\/\/www.annonces-legales.org\/blog\/wp-content\/uploads\/2021\/09\/La-Voix-du-Sancerrois-de-la-Sologne-et-du-Val-de-Loire.png","width":400,"height":100},{"@type":"BreadcrumbList","@id":"https:\/\/www.annonces-legales.org\/blog\/voix-du-sancerrois\/#breadcrumb","itemListElement":[{"@type":"ListItem","position":1,"name":"Accueil","item":"https:\/\/www.annonces-legales.org\/blog\/"},{"@type":"ListItem","position":2,"name":"Liste des journaux habilit\u00e9s \u00e0 publier des annonces l\u00e9gales","item":"https:\/\/www.annonces-legales.org\/blog\/liste-des-journaux-habilites-a-publier-des-annonces-legales\/"},{"@type":"ListItem","position":3,"name":"La Voix du Sancerrois, de la Sologne et du Val de Loire"}]},{"@type":"WebSite","@id":"https:\/\/www.annonces-legales.org\/blog\/#website","url":"https:\/\/www.annonces-legales.org\/blog\/","name":"Actualit\u00e9 des entreprises","description":"","publisher":{"@id":"https:\/\/www.annonces-legales.org\/blog\/#organization"},"potentialAction":[{"@type":"SearchAction","target":{"@type":"EntryPoint","urlTemplate":"https:\/\/www.annonces-legales.org\/blog\/?s={search_term_string}"},"query-input":{"@type":"PropertyValueSpecification","valueRequired":true,"valueName":"search_term_string"}}],"inLanguage":"fr-FR"},{"@type":"Organization","@id":"https:\/\/www.annonces-legales.org\/blog\/#organization","name":"Actualit\u00e9 des entreprises","url":"https:\/\/www.annonces-legales.org\/blog\/","logo":{"@type":"ImageObject","inLanguage":"fr-FR","@id":"https:\/\/www.annonces-legales.org\/blog\/#\/schema\/logo\/image\/","url":"https:\/\/www.annonces-legales.org\/blog\/wp-content\/uploads\/2023\/08\/annonces-legales.svg","contentUrl":"https:\/\/www.annonces-legales.org\/blog\/wp-content\/uploads\/2023\/08\/annonces-legales.svg","caption":"Actualit\u00e9 des entreprises"},"image":{"@id":"https:\/\/www.annonces-legales.org\/blog\/#\/schema\/logo\/image\/"}}]}},"_links":{"self":[{"href":"https:\/\/www.annonces-legales.org\/blog\/wp-json\/wp\/v2\/pages\/778","targetHints":{"allow":["GET"]}}],"collection":[{"href":"https:\/\/www.annonces-legales.org\/blog\/wp-json\/wp\/v2\/pages"}],"about":[{"href":"https:\/\/www.annonces-legales.org\/blog\/wp-json\/wp\/v2\/types\/page"}],"author":[{"embeddable":true,"href":"https:\/\/www.annonces-legales.org\/blog\/wp-json\/wp\/v2\/users\/1"}],"replies":[{"embeddable":true,"href":"https:\/\/www.annonces-legales.org\/blog\/wp-json\/wp\/v2\/comments?post=778"}],"version-history":[{"count":10,"href":"https:\/\/www.annonces-legales.org\/blog\/wp-json\/wp\/v2\/pages\/778\/revisions"}],"predecessor-version":[{"id":1321,"href":"https:\/\/www.annonces-legales.org\/blog\/wp-json\/wp\/v2\/pages\/778\/revisions\/1321"}],"up":[{"embeddable":true,"href":"https:\/\/www.annonces-legales.org\/blog\/wp-json\/wp\/v2\/pages\/351"}],"wp:attachment":[{"href":"https:\/\/www.annonces-legales.org\/blog\/wp-json\/wp\/v2\/media?parent=778"}],"curies":[{"name":"wp","href":"https:\/\/api.w.org\/{rel}","templated":true}]}}