{"id":780,"date":"2021-09-15T18:27:19","date_gmt":"2021-09-15T16:27:19","guid":{"rendered":"https:\/\/www.annonces-legales.org\/blog\/?page_id=780"},"modified":"2022-01-26T11:47:24","modified_gmt":"2022-01-26T10:47:24","slug":"echo-du-berry","status":"publish","type":"page","link":"https:\/\/www.annonces-legales.org\/blog\/echo-du-berry\/","title":{"rendered":"\u00c9cho du Berry"},"content":{"rendered":"<p><img loading=\"lazy\" decoding=\"async\" class=\"aligncenter size-full wp-image-825\" src=\"https:\/\/www.annonces-legales.org\/blog\/wp-content\/uploads\/2021\/09\/Echo-du-Berry.png\" alt=\"\" width=\"400\" height=\"65\" srcset=\"https:\/\/www.annonces-legales.org\/blog\/wp-content\/uploads\/2021\/09\/Echo-du-Berry.png 400w, https:\/\/www.annonces-legales.org\/blog\/wp-content\/uploads\/2021\/09\/Echo-du-Berry-300x49.png 300w\" sizes=\"auto, (max-width: 400px) 100vw, 400px\" \/><\/p>\n<p>Le journal hebdomadaire <strong>l\u2019\u00c9cho du Berry<\/strong> propose des informations de nature g\u00e9n\u00e9rale et locale, en particulier sur l&rsquo;Indre et sur le Cher.<br \/>\nLe journal est diffus\u00e9 tous les jeudis au prix de 1,50 euros. Il est vendu \u00e0 plus de 13\u00a0000 exemplaires. C&rsquo;est l&rsquo;un des hebdomadaires r\u00e9gionaux fran\u00e7ais les plus importants.<\/p>\n<p>Le journal poss\u00e8de un site internet <em>echoduberry.fr<\/em> sur lequel il est possible, pour les abonn\u00e9s, de lire le journal. Le site propose \u00e9galement des actualit\u00e9s gratuites disponibles pour tout le monde. L&rsquo;abonnement pour un an est possible pour 71\u20ac, quelque soit l&rsquo;\u00e9dition choisie.<\/p>\n<p>Le journal poss\u00e8de deux bureaux de r\u00e9daction, un pour chaque \u00e9dition. L&rsquo;adresse de la r\u00e9daction de l&rsquo;\u00e9dition pour l&rsquo;Indre est 3 rue Ajasson de Grandsagne \u00e0 la Chatre (T\u00e9l\u00e9phone : 02 54 06 11 99). L&rsquo;adresse pour la r\u00e9daction de l&rsquo;\u00e9dition du Cher est : 40, Rue Porte Mutin \u00e0 Saint Armand (T\u00e9l\u00e9phone : 02 48 82 11 21).<\/p>\n<p>Le journal est autoris\u00e9 \u00e0 <strong>d\u00e9poser des annonces l\u00e9gales<\/strong> pour les d\u00e9partements du Cher (18), de la Creuse (23), de l&rsquo;Indre (36). Les entreprises situ\u00e9es dans l&rsquo;un de ces trois d\u00e9partements peuvent donc utiliser les services de ce journal pour effectuer leur obligation de publication d&rsquo;avis.<\/p>\n<p>&nbsp;<\/p>\n<h2>Les 2 \u00e9ditions de l\u2019\u00c9cho du Berry<\/h2>\n<p>Le journal propose deux \u00e9ditions : une \u00e9dition pour l&rsquo;Indre et une \u00e9dition pour le Cher.<\/p>\n<p>L&rsquo;\u00e9dition \u00ab l&rsquo;Indre et sa r\u00e9gion \u00bb propose des actualit\u00e9s sur Aigurande, La Ch\u00e2tre, Neuvy-Saint-S\u00e9pulchre, Sainte s\u00e9v\u00e8re, Eguzon, Argenton sur Creuse, Boussac, Bonnat, Ardente, Dun-le-Pastel, La Souterraine, Le Ch\u00e2telet, Ligni\u00e8res, Ch\u00e2teaumeillant.<\/p>\n<p>L&rsquo;\u00e9dition \u00ab le Cher et sa r\u00e9gion \u00bb regroupe les actualit\u00e9s sur les villes et les zones suivantes: C\u00e9rilly, La Guerche-sur-l&rsquo;Aubois, Saint-Florent sur Cher, Sancoins, Levet-Trouy, Ch\u00e2teauneuf sur Cher, Dun-sur-Auron, le Ch\u00e2telet, Ligni\u00e8res, Chateaumeillant, Saulzais-le-Potier, Charenton-du-Cher et Saint-Armand-Montrond.<\/p>\n<p>&nbsp;<\/p>\n<h2>L&rsquo;histoire du journal de l&rsquo;Echo du Berry<\/h2>\n<p>L&rsquo;hebdomadaire l&rsquo;Echo Berry est n\u00e9 en 1819 sous l&rsquo;appellation \u00ab petites affiches et avis divers de l&rsquo;arrondissement de la Ch\u00e2tre \u00bb. Il \u00e9tait surnomm\u00e9 \u00ab Petites affiches \u00bb. Il fut cr\u00e9\u00e9 par Marcelle Arnault et fut repris par son fils Armand Arnaud. Suite \u00e0 la r\u00e9volution de f\u00e9vrier 1948, le journal change de titre et devient \u00ab l\u2019\u00c9cho de l&rsquo;Indre \u00bb. C&rsquo;\u00e9tait alors le journal le plus dans la r\u00e9gion de la Ch\u00e2tre.<\/p>\n<p>Jusqu&rsquo;\u00e0 la seconde guerre mondiale, le journal va changer plusieurs fois de propri\u00e9taires. Il change alors de nom pour devenir \u00ab l&rsquo;\u00e9cho du Berry \u00bb.<\/p>\n<p>En 1993, le journal est pr\u00e8s de la faillite. Il est alors repris par <strong>Nicolas et Florence Forissier,<\/strong> un politicien parisien et sa femme. Le couple ne s&rsquo;arr\u00eate pas l\u00e0 et reprend \u00e9galement l&rsquo;imprimerie de George Sand \u00e9galement situ\u00e9e \u00e0 la Ch\u00e2tre. Nicolas Forissier sera d&rsquo;ailleurs maire de la Ch\u00e2tre entre 1995 et 2017.<br \/>\nSous l&rsquo;impulsion du couple, le journal est redress\u00e9 et se modernise. Une deuxi\u00e8me \u00e9dition, l&rsquo;\u00e9dition du Cher, est cr\u00e9\u00e9e en 1999. La r\u00e9daction de cette \u00e9dition sera situ\u00e9e \u00e0 Saint Armand Montrond.<\/p>\n<p>\u00c0 partir de 2001, le journal continue sa progression sous la houlette de Daniel Juillard. aujourd&rsquo;hui, l&rsquo;hebdomadaire est d\u00e9tenu par la soci\u00e9t\u00e9 la Manche libre, un autre hebdomadaire de Normandie.<\/p>\n<p>Le journal a f\u00eat\u00e9 en 2019 sa 200\u00e8me ann\u00e9e d&rsquo;existence.<\/p>\n<p>&nbsp;<\/p>\n<h2>Pour quel type d&rsquo;entreprise doit-on faire des annonces officielles ?<\/h2>\n<p>L&rsquo;annonce l\u00e9gale est n\u00e9cessaire pour toutes les entreprises fran\u00e7aises immatricul\u00e9s au RCS et qui ont r\u00e9dig\u00e9s des statuts juridiques.<br \/>\nUne annonce sera faite le jour de la cr\u00e9ation de la soci\u00e9t\u00e9. Puis, selon les changements op\u00e9r\u00e9s dans la soci\u00e9t\u00e9, d&rsquo;autres devront \u00eatre faites.<\/p>\n<p>&nbsp;<\/p>\n<h2>Comment choisir entre plusieurs journaux officiels ?<\/h2>\n<p>Le plus simple est de choisir le journal le moins cher. La diff\u00e9rence de prix entre 2 journaux habilit\u00e9s peut \u00eatre tr\u00e8s importante. il faut donc faire plusieurs devis.<\/p>\n<p>&nbsp;<\/p>\n<br\/><br\/><div class=\"entry-content notopmargin\">\n\t<img decoding=\"async\" class=\"img-fluid fleft\" src=\"https:\/\/www.annonces-legales.org\/images\/rapide-economique-tout-departement.png\" alt=\"Journal d'annonce l\u00e9gale habilit\u00e9 \"><a href=\"https:\/\/www.annonces-legales.org\/publication-annonce-legale.html\" class=\"button button-desc fright mtop30\"><div>Je publie<br> mon annonce<br> l\u00e9gale<\/div><span>dans un journal habilit\u00e9 !<\/span><\/a>\n<\/div><div class=\"clrbth\"><\/div><br\/><br\/>\n<p>&nbsp;<\/p>\n<p>&nbsp;<\/p>\n<p>&nbsp;<\/p>\n","protected":false},"excerpt":{"rendered":"<p>Le journal hebdomadaire l\u2019\u00c9cho du Berry propose des informations de nature g\u00e9n\u00e9rale et locale, en particulier sur l&rsquo;Indre et sur [&hellip;]<\/p>\n","protected":false},"author":1,"featured_media":0,"parent":351,"menu_order":0,"comment_status":"closed","ping_status":"closed","template":"","meta":{"inline_featured_image":false,"footnotes":""},"class_list":["post-780","page","type-page","status-publish","hentry"],"yoast_head":"<!-- This site is optimized with the Yoast SEO plugin v26.8 - https:\/\/yoast.com\/product\/yoast-seo-wordpress\/ -->\n<title>\u00c9cho du Berry - Actualit\u00e9 des entreprises<\/title>\n<meta name=\"robots\" content=\"index, follow, max-snippet:-1, max-image-preview:large, max-video-preview:-1\" \/>\n<link rel=\"canonical\" href=\"https:\/\/www.annonces-legales.org\/blog\/echo-du-berry\/\" \/>\n<meta property=\"og:locale\" content=\"fr_FR\" \/>\n<meta property=\"og:type\" content=\"article\" \/>\n<meta property=\"og:title\" content=\"\u00c9cho du Berry - Actualit\u00e9 des entreprises\" \/>\n<meta property=\"og:description\" content=\"Le journal hebdomadaire l\u2019\u00c9cho du Berry propose des informations de nature g\u00e9n\u00e9rale et locale, en particulier sur l&rsquo;Indre et sur [&hellip;]\" \/>\n<meta property=\"og:url\" content=\"https:\/\/www.annonces-legales.org\/blog\/echo-du-berry\/\" \/>\n<meta property=\"og:site_name\" content=\"Actualit\u00e9 des entreprises\" \/>\n<meta property=\"article:modified_time\" content=\"2022-01-26T10:47:24+00:00\" \/>\n<meta property=\"og:image\" content=\"https:\/\/www.annonces-legales.org\/blog\/wp-content\/uploads\/2021\/09\/Echo-du-Berry.png\" \/>\n\t<meta property=\"og:image:width\" content=\"400\" \/>\n\t<meta property=\"og:image:height\" content=\"65\" \/>\n\t<meta property=\"og:image:type\" content=\"image\/png\" \/>\n<meta name=\"twitter:card\" content=\"summary_large_image\" \/>\n<meta name=\"twitter:label1\" content=\"Dur\u00e9e de lecture estim\u00e9e\" \/>\n\t<meta name=\"twitter:data1\" content=\"3 minutes\" \/>\n<script type=\"application\/ld+json\" class=\"yoast-schema-graph\">{\"@context\":\"https:\/\/schema.org\",\"@graph\":[{\"@type\":\"WebPage\",\"@id\":\"https:\/\/www.annonces-legales.org\/blog\/echo-du-berry\/\",\"url\":\"https:\/\/www.annonces-legales.org\/blog\/echo-du-berry\/\",\"name\":\"\u00c9cho du Berry - Actualit\u00e9 des entreprises\",\"isPartOf\":{\"@id\":\"https:\/\/www.annonces-legales.org\/blog\/#website\"},\"primaryImageOfPage\":{\"@id\":\"https:\/\/www.annonces-legales.org\/blog\/echo-du-berry\/#primaryimage\"},\"image\":{\"@id\":\"https:\/\/www.annonces-legales.org\/blog\/echo-du-berry\/#primaryimage\"},\"thumbnailUrl\":\"https:\/\/www.annonces-legales.org\/blog\/wp-content\/uploads\/2021\/09\/Echo-du-Berry.png\",\"datePublished\":\"2021-09-15T16:27:19+00:00\",\"dateModified\":\"2022-01-26T10:47:24+00:00\",\"breadcrumb\":{\"@id\":\"https:\/\/www.annonces-legales.org\/blog\/echo-du-berry\/#breadcrumb\"},\"inLanguage\":\"fr-FR\",\"potentialAction\":[{\"@type\":\"ReadAction\",\"target\":[\"https:\/\/www.annonces-legales.org\/blog\/echo-du-berry\/\"]}]},{\"@type\":\"ImageObject\",\"inLanguage\":\"fr-FR\",\"@id\":\"https:\/\/www.annonces-legales.org\/blog\/echo-du-berry\/#primaryimage\",\"url\":\"https:\/\/www.annonces-legales.org\/blog\/wp-content\/uploads\/2021\/09\/Echo-du-Berry.png\",\"contentUrl\":\"https:\/\/www.annonces-legales.org\/blog\/wp-content\/uploads\/2021\/09\/Echo-du-Berry.png\",\"width\":400,\"height\":65},{\"@type\":\"BreadcrumbList\",\"@id\":\"https:\/\/www.annonces-legales.org\/blog\/echo-du-berry\/#breadcrumb\",\"itemListElement\":[{\"@type\":\"ListItem\",\"position\":1,\"name\":\"Accueil\",\"item\":\"https:\/\/www.annonces-legales.org\/blog\/\"},{\"@type\":\"ListItem\",\"position\":2,\"name\":\"Liste des journaux habilit\u00e9s \u00e0 publier des annonces l\u00e9gales\",\"item\":\"https:\/\/www.annonces-legales.org\/blog\/liste-des-journaux-habilites-a-publier-des-annonces-legales\/\"},{\"@type\":\"ListItem\",\"position\":3,\"name\":\"\u00c9cho du Berry\"}]},{\"@type\":\"WebSite\",\"@id\":\"https:\/\/www.annonces-legales.org\/blog\/#website\",\"url\":\"https:\/\/www.annonces-legales.org\/blog\/\",\"name\":\"Actualit\u00e9 des entreprises\",\"description\":\"\",\"publisher\":{\"@id\":\"https:\/\/www.annonces-legales.org\/blog\/#organization\"},\"potentialAction\":[{\"@type\":\"SearchAction\",\"target\":{\"@type\":\"EntryPoint\",\"urlTemplate\":\"https:\/\/www.annonces-legales.org\/blog\/?s={search_term_string}\"},\"query-input\":{\"@type\":\"PropertyValueSpecification\",\"valueRequired\":true,\"valueName\":\"search_term_string\"}}],\"inLanguage\":\"fr-FR\"},{\"@type\":\"Organization\",\"@id\":\"https:\/\/www.annonces-legales.org\/blog\/#organization\",\"name\":\"Actualit\u00e9 des entreprises\",\"url\":\"https:\/\/www.annonces-legales.org\/blog\/\",\"logo\":{\"@type\":\"ImageObject\",\"inLanguage\":\"fr-FR\",\"@id\":\"https:\/\/www.annonces-legales.org\/blog\/#\/schema\/logo\/image\/\",\"url\":\"https:\/\/www.annonces-legales.org\/blog\/wp-content\/uploads\/2023\/08\/annonces-legales.svg\",\"contentUrl\":\"https:\/\/www.annonces-legales.org\/blog\/wp-content\/uploads\/2023\/08\/annonces-legales.svg\",\"caption\":\"Actualit\u00e9 des entreprises\"},\"image\":{\"@id\":\"https:\/\/www.annonces-legales.org\/blog\/#\/schema\/logo\/image\/\"}}]}<\/script>\n<!-- \/ Yoast SEO plugin. -->","yoast_head_json":{"title":"\u00c9cho du Berry - Actualit\u00e9 des entreprises","robots":{"index":"index","follow":"follow","max-snippet":"max-snippet:-1","max-image-preview":"max-image-preview:large","max-video-preview":"max-video-preview:-1"},"canonical":"https:\/\/www.annonces-legales.org\/blog\/echo-du-berry\/","og_locale":"fr_FR","og_type":"article","og_title":"\u00c9cho du Berry - Actualit\u00e9 des entreprises","og_description":"Le journal hebdomadaire l\u2019\u00c9cho du Berry propose des informations de nature g\u00e9n\u00e9rale et locale, en particulier sur l&rsquo;Indre et sur [&hellip;]","og_url":"https:\/\/www.annonces-legales.org\/blog\/echo-du-berry\/","og_site_name":"Actualit\u00e9 des entreprises","article_modified_time":"2022-01-26T10:47:24+00:00","og_image":[{"width":400,"height":65,"url":"https:\/\/www.annonces-legales.org\/blog\/wp-content\/uploads\/2021\/09\/Echo-du-Berry.png","type":"image\/png"}],"twitter_card":"summary_large_image","twitter_misc":{"Dur\u00e9e de lecture estim\u00e9e":"3 minutes"},"schema":{"@context":"https:\/\/schema.org","@graph":[{"@type":"WebPage","@id":"https:\/\/www.annonces-legales.org\/blog\/echo-du-berry\/","url":"https:\/\/www.annonces-legales.org\/blog\/echo-du-berry\/","name":"\u00c9cho du Berry - Actualit\u00e9 des entreprises","isPartOf":{"@id":"https:\/\/www.annonces-legales.org\/blog\/#website"},"primaryImageOfPage":{"@id":"https:\/\/www.annonces-legales.org\/blog\/echo-du-berry\/#primaryimage"},"image":{"@id":"https:\/\/www.annonces-legales.org\/blog\/echo-du-berry\/#primaryimage"},"thumbnailUrl":"https:\/\/www.annonces-legales.org\/blog\/wp-content\/uploads\/2021\/09\/Echo-du-Berry.png","datePublished":"2021-09-15T16:27:19+00:00","dateModified":"2022-01-26T10:47:24+00:00","breadcrumb":{"@id":"https:\/\/www.annonces-legales.org\/blog\/echo-du-berry\/#breadcrumb"},"inLanguage":"fr-FR","potentialAction":[{"@type":"ReadAction","target":["https:\/\/www.annonces-legales.org\/blog\/echo-du-berry\/"]}]},{"@type":"ImageObject","inLanguage":"fr-FR","@id":"https:\/\/www.annonces-legales.org\/blog\/echo-du-berry\/#primaryimage","url":"https:\/\/www.annonces-legales.org\/blog\/wp-content\/uploads\/2021\/09\/Echo-du-Berry.png","contentUrl":"https:\/\/www.annonces-legales.org\/blog\/wp-content\/uploads\/2021\/09\/Echo-du-Berry.png","width":400,"height":65},{"@type":"BreadcrumbList","@id":"https:\/\/www.annonces-legales.org\/blog\/echo-du-berry\/#breadcrumb","itemListElement":[{"@type":"ListItem","position":1,"name":"Accueil","item":"https:\/\/www.annonces-legales.org\/blog\/"},{"@type":"ListItem","position":2,"name":"Liste des journaux habilit\u00e9s \u00e0 publier des annonces l\u00e9gales","item":"https:\/\/www.annonces-legales.org\/blog\/liste-des-journaux-habilites-a-publier-des-annonces-legales\/"},{"@type":"ListItem","position":3,"name":"\u00c9cho du Berry"}]},{"@type":"WebSite","@id":"https:\/\/www.annonces-legales.org\/blog\/#website","url":"https:\/\/www.annonces-legales.org\/blog\/","name":"Actualit\u00e9 des entreprises","description":"","publisher":{"@id":"https:\/\/www.annonces-legales.org\/blog\/#organization"},"potentialAction":[{"@type":"SearchAction","target":{"@type":"EntryPoint","urlTemplate":"https:\/\/www.annonces-legales.org\/blog\/?s={search_term_string}"},"query-input":{"@type":"PropertyValueSpecification","valueRequired":true,"valueName":"search_term_string"}}],"inLanguage":"fr-FR"},{"@type":"Organization","@id":"https:\/\/www.annonces-legales.org\/blog\/#organization","name":"Actualit\u00e9 des entreprises","url":"https:\/\/www.annonces-legales.org\/blog\/","logo":{"@type":"ImageObject","inLanguage":"fr-FR","@id":"https:\/\/www.annonces-legales.org\/blog\/#\/schema\/logo\/image\/","url":"https:\/\/www.annonces-legales.org\/blog\/wp-content\/uploads\/2023\/08\/annonces-legales.svg","contentUrl":"https:\/\/www.annonces-legales.org\/blog\/wp-content\/uploads\/2023\/08\/annonces-legales.svg","caption":"Actualit\u00e9 des entreprises"},"image":{"@id":"https:\/\/www.annonces-legales.org\/blog\/#\/schema\/logo\/image\/"}}]}},"_links":{"self":[{"href":"https:\/\/www.annonces-legales.org\/blog\/wp-json\/wp\/v2\/pages\/780","targetHints":{"allow":["GET"]}}],"collection":[{"href":"https:\/\/www.annonces-legales.org\/blog\/wp-json\/wp\/v2\/pages"}],"about":[{"href":"https:\/\/www.annonces-legales.org\/blog\/wp-json\/wp\/v2\/types\/page"}],"author":[{"embeddable":true,"href":"https:\/\/www.annonces-legales.org\/blog\/wp-json\/wp\/v2\/users\/1"}],"replies":[{"embeddable":true,"href":"https:\/\/www.annonces-legales.org\/blog\/wp-json\/wp\/v2\/comments?post=780"}],"version-history":[{"count":7,"href":"https:\/\/www.annonces-legales.org\/blog\/wp-json\/wp\/v2\/pages\/780\/revisions"}],"predecessor-version":[{"id":1318,"href":"https:\/\/www.annonces-legales.org\/blog\/wp-json\/wp\/v2\/pages\/780\/revisions\/1318"}],"up":[{"embeddable":true,"href":"https:\/\/www.annonces-legales.org\/blog\/wp-json\/wp\/v2\/pages\/351"}],"wp:attachment":[{"href":"https:\/\/www.annonces-legales.org\/blog\/wp-json\/wp\/v2\/media?parent=780"}],"curies":[{"name":"wp","href":"https:\/\/api.w.org\/{rel}","templated":true}]}}