{"id":786,"date":"2021-09-15T18:33:43","date_gmt":"2021-09-15T16:33:43","guid":{"rendered":"https:\/\/www.annonces-legales.org\/blog\/?page_id=786"},"modified":"2022-01-26T12:03:34","modified_gmt":"2022-01-26T11:03:34","slug":"journal-de-gien","status":"publish","type":"page","link":"https:\/\/www.annonces-legales.org\/blog\/journal-de-gien\/","title":{"rendered":"Le journal de Gien"},"content":{"rendered":"<p><img loading=\"lazy\" decoding=\"async\" class=\"aligncenter size-full wp-image-827\" src=\"https:\/\/www.annonces-legales.org\/blog\/wp-content\/uploads\/2021\/09\/Le-journal-de-Gien.png\" alt=\"\" width=\"350\" height=\"95\" srcset=\"https:\/\/www.annonces-legales.org\/blog\/wp-content\/uploads\/2021\/09\/Le-journal-de-Gien.png 350w, https:\/\/www.annonces-legales.org\/blog\/wp-content\/uploads\/2021\/09\/Le-journal-de-Gien-300x81.png 300w\" sizes=\"auto, (max-width: 350px) 100vw, 350px\" \/><\/p>\n<p>L&rsquo;hebdomadaire <strong>Le journal de Gien<\/strong> propose des informations r\u00e9gionales sur le d\u00e9partement du Loiret et sur une partie du Cher.<br \/>\nLe journal emploi cinq journalistes et poss\u00e8de une vingtaine de correspondants. Pour l&rsquo;ann\u00e9e 2020, la diffusion moyenne totale est d&rsquo;environ 10\u00a0760.<\/p>\n<p>L&rsquo;adresse du journal est 45, Rue du clos four, \u00e0 Clermont-Ferrand 63\u00a0020. le journal peut \u00eatre contact\u00e9 au 04 73 17 30 24.<\/p>\n<p>&nbsp;<\/p>\n<h2>A propos du journal de Gien<\/h2>\n<p>Cet hebdomadaire a \u00e9t\u00e9 cr\u00e9\u00e9 en 1945 par Georges Gauthier et Raymond Jatteau. Le premier d\u00e9missionne quelques ann\u00e9es plus tard et laisse son acolyte g\u00e9rer seul le journal. Le journal est alors situ\u00e9 dans la rue Georges Cl\u00e9menceau \u00e0 Gien.<br \/>\nEn 1974, le journal inaugure des nouveaux locaux en face de l&rsquo;imprimerie Jeanne d&rsquo;Arc qui imprime le journal depuis ses d\u00e9buts.<br \/>\nEn 1984, les descendants de Raymond Jatteau, Dominique et Jean-Pierre, reprennent le journal.<br \/>\nLe journal de Gien est aujourd&rsquo;hui la propri\u00e9t\u00e9 du groupe de presse fran\u00e7ais Centre-France qui l&rsquo;a rachet\u00e9 en 2012.<\/p>\n<p>&nbsp;<\/p>\n<h2>Le journal de Gien, JAL du Cher et du Loiret<\/h2>\n<p>Ce journal est officiel, ce qui veut dire qu&rsquo;il peut publier des annonces l\u00e9gales pour deux d\u00e9partements : le Cher et le Loiret. Il publie environ 1000 annonces l\u00e9gales par an pour ces deux d\u00e9partements. C&rsquo;est donc un JAL: un journal d&rsquo;annonces l\u00e9gales.<\/p>\n<br\/><br\/><div class=\"entry-content notopmargin\">\n\t<img decoding=\"async\" class=\"img-fluid fleft\" src=\"https:\/\/www.annonces-legales.org\/images\/rapide-economique-tout-departement.png\" alt=\"Journal d'annonce l\u00e9gale du Cher ou du Loiret \"><a href=\"https:\/\/www.annonces-legales.org\/publication-annonce-legale.html\" class=\"button button-desc fright mtop30\"><div>Je publie<br> mon annonce<br> l\u00e9gale<\/div><span>dans un journal du Cher ou du Loiret !<\/span><\/a>\n<\/div><div class=\"clrbth\"><\/div><br\/><br\/>\n<p>&nbsp;<\/p>\n<h3>Les avantages \u00e0 faire une annonce avec notre service de formalit\u00e9 Annonces-legales.org<\/h3>\n<p>Notre plateforme collabore avec des journaux de la r\u00e9gion du Cher et du Loiret et vous offre la possibilit\u00e9 de choisir le journal que vous souhaitez (choix des journaux diff\u00e9rents selon les d\u00e9partements).<\/p>\n<p>Ainsi, il est possible de comparer les prix de nombreux journaux habilit\u00e9s du d\u00e9partement de votre entreprise tr\u00e8s rapidement.<\/p>\n<p>Annonces-legales.org c&rsquo;est aussi un service client \u00e0 l&rsquo;\u00e9coute qu&rsquo;il est possible de contacter par t\u00e9l\u00e9phone ou par email tous les jours ouvr\u00e9s de la semaine.<\/p>\n<p>&nbsp;<\/p>\n<h2>Le choix du journal d&rsquo;annonce l\u00e9gale est-il important ?<\/h2>\n<p>Le choix de l&rsquo;hebdomadaire ou du quotidien sur lequel vous allez rendre publique votre annonce l\u00e9gale n&rsquo;est pas important.<br \/>\nBien entendu, il est indispensable qu&rsquo;il soit autoris\u00e9 \u00e0 publier au sein du d\u00e9partement o\u00f9 se trouve la domiciliation de votre entreprise.<\/p>\n<p>Comme les prix diff\u00e8rent entre les journaux, le mieux est de cr\u00e9er une annonce l\u00e9gale en ligne avec Annonces-legales.org<br \/>\nAinsi, vous pourrez comparer et choisir le journal le moins cher ou celui que vous pr\u00e9f\u00e9rez.<\/p>\n<p>&nbsp;<\/p>\n<p>&nbsp;<\/p>\n","protected":false},"excerpt":{"rendered":"<p>L&rsquo;hebdomadaire Le journal de Gien propose des informations r\u00e9gionales sur le d\u00e9partement du Loiret et sur une partie du Cher. [&hellip;]<\/p>\n","protected":false},"author":1,"featured_media":0,"parent":351,"menu_order":0,"comment_status":"closed","ping_status":"closed","template":"","meta":{"inline_featured_image":false,"footnotes":""},"class_list":["post-786","page","type-page","status-publish","hentry"],"yoast_head":"<!-- This site is optimized with the Yoast SEO plugin v26.8 - https:\/\/yoast.com\/product\/yoast-seo-wordpress\/ -->\n<title>Le journal de Gien - Actualit\u00e9 des entreprises<\/title>\n<meta name=\"robots\" content=\"index, follow, max-snippet:-1, max-image-preview:large, max-video-preview:-1\" \/>\n<link rel=\"canonical\" href=\"https:\/\/www.annonces-legales.org\/blog\/journal-de-gien\/\" \/>\n<meta property=\"og:locale\" content=\"fr_FR\" \/>\n<meta property=\"og:type\" content=\"article\" \/>\n<meta property=\"og:title\" content=\"Le journal de Gien - Actualit\u00e9 des entreprises\" \/>\n<meta property=\"og:description\" content=\"L&rsquo;hebdomadaire Le journal de Gien propose des informations r\u00e9gionales sur le d\u00e9partement du Loiret et sur une partie du Cher. [&hellip;]\" \/>\n<meta property=\"og:url\" content=\"https:\/\/www.annonces-legales.org\/blog\/journal-de-gien\/\" \/>\n<meta property=\"og:site_name\" content=\"Actualit\u00e9 des entreprises\" \/>\n<meta property=\"article:modified_time\" content=\"2022-01-26T11:03:34+00:00\" \/>\n<meta property=\"og:image\" content=\"https:\/\/www.annonces-legales.org\/blog\/wp-content\/uploads\/2021\/09\/Le-journal-de-Gien.png\" \/>\n\t<meta property=\"og:image:width\" content=\"350\" \/>\n\t<meta property=\"og:image:height\" content=\"95\" \/>\n\t<meta property=\"og:image:type\" content=\"image\/png\" \/>\n<meta name=\"twitter:card\" content=\"summary_large_image\" \/>\n<meta name=\"twitter:label1\" content=\"Dur\u00e9e de lecture estim\u00e9e\" \/>\n\t<meta name=\"twitter:data1\" content=\"2 minutes\" \/>\n<script type=\"application\/ld+json\" class=\"yoast-schema-graph\">{\"@context\":\"https:\/\/schema.org\",\"@graph\":[{\"@type\":\"WebPage\",\"@id\":\"https:\/\/www.annonces-legales.org\/blog\/journal-de-gien\/\",\"url\":\"https:\/\/www.annonces-legales.org\/blog\/journal-de-gien\/\",\"name\":\"Le journal de Gien - Actualit\u00e9 des entreprises\",\"isPartOf\":{\"@id\":\"https:\/\/www.annonces-legales.org\/blog\/#website\"},\"primaryImageOfPage\":{\"@id\":\"https:\/\/www.annonces-legales.org\/blog\/journal-de-gien\/#primaryimage\"},\"image\":{\"@id\":\"https:\/\/www.annonces-legales.org\/blog\/journal-de-gien\/#primaryimage\"},\"thumbnailUrl\":\"https:\/\/www.annonces-legales.org\/blog\/wp-content\/uploads\/2021\/09\/Le-journal-de-Gien.png\",\"datePublished\":\"2021-09-15T16:33:43+00:00\",\"dateModified\":\"2022-01-26T11:03:34+00:00\",\"breadcrumb\":{\"@id\":\"https:\/\/www.annonces-legales.org\/blog\/journal-de-gien\/#breadcrumb\"},\"inLanguage\":\"fr-FR\",\"potentialAction\":[{\"@type\":\"ReadAction\",\"target\":[\"https:\/\/www.annonces-legales.org\/blog\/journal-de-gien\/\"]}]},{\"@type\":\"ImageObject\",\"inLanguage\":\"fr-FR\",\"@id\":\"https:\/\/www.annonces-legales.org\/blog\/journal-de-gien\/#primaryimage\",\"url\":\"https:\/\/www.annonces-legales.org\/blog\/wp-content\/uploads\/2021\/09\/Le-journal-de-Gien.png\",\"contentUrl\":\"https:\/\/www.annonces-legales.org\/blog\/wp-content\/uploads\/2021\/09\/Le-journal-de-Gien.png\",\"width\":350,\"height\":95},{\"@type\":\"BreadcrumbList\",\"@id\":\"https:\/\/www.annonces-legales.org\/blog\/journal-de-gien\/#breadcrumb\",\"itemListElement\":[{\"@type\":\"ListItem\",\"position\":1,\"name\":\"Accueil\",\"item\":\"https:\/\/www.annonces-legales.org\/blog\/\"},{\"@type\":\"ListItem\",\"position\":2,\"name\":\"Liste des journaux habilit\u00e9s \u00e0 publier des annonces l\u00e9gales\",\"item\":\"https:\/\/www.annonces-legales.org\/blog\/liste-des-journaux-habilites-a-publier-des-annonces-legales\/\"},{\"@type\":\"ListItem\",\"position\":3,\"name\":\"Le journal de Gien\"}]},{\"@type\":\"WebSite\",\"@id\":\"https:\/\/www.annonces-legales.org\/blog\/#website\",\"url\":\"https:\/\/www.annonces-legales.org\/blog\/\",\"name\":\"Actualit\u00e9 des entreprises\",\"description\":\"\",\"publisher\":{\"@id\":\"https:\/\/www.annonces-legales.org\/blog\/#organization\"},\"potentialAction\":[{\"@type\":\"SearchAction\",\"target\":{\"@type\":\"EntryPoint\",\"urlTemplate\":\"https:\/\/www.annonces-legales.org\/blog\/?s={search_term_string}\"},\"query-input\":{\"@type\":\"PropertyValueSpecification\",\"valueRequired\":true,\"valueName\":\"search_term_string\"}}],\"inLanguage\":\"fr-FR\"},{\"@type\":\"Organization\",\"@id\":\"https:\/\/www.annonces-legales.org\/blog\/#organization\",\"name\":\"Actualit\u00e9 des entreprises\",\"url\":\"https:\/\/www.annonces-legales.org\/blog\/\",\"logo\":{\"@type\":\"ImageObject\",\"inLanguage\":\"fr-FR\",\"@id\":\"https:\/\/www.annonces-legales.org\/blog\/#\/schema\/logo\/image\/\",\"url\":\"https:\/\/www.annonces-legales.org\/blog\/wp-content\/uploads\/2023\/08\/annonces-legales.svg\",\"contentUrl\":\"https:\/\/www.annonces-legales.org\/blog\/wp-content\/uploads\/2023\/08\/annonces-legales.svg\",\"caption\":\"Actualit\u00e9 des entreprises\"},\"image\":{\"@id\":\"https:\/\/www.annonces-legales.org\/blog\/#\/schema\/logo\/image\/\"}}]}<\/script>\n<!-- \/ Yoast SEO plugin. -->","yoast_head_json":{"title":"Le journal de Gien - Actualit\u00e9 des entreprises","robots":{"index":"index","follow":"follow","max-snippet":"max-snippet:-1","max-image-preview":"max-image-preview:large","max-video-preview":"max-video-preview:-1"},"canonical":"https:\/\/www.annonces-legales.org\/blog\/journal-de-gien\/","og_locale":"fr_FR","og_type":"article","og_title":"Le journal de Gien - Actualit\u00e9 des entreprises","og_description":"L&rsquo;hebdomadaire Le journal de Gien propose des informations r\u00e9gionales sur le d\u00e9partement du Loiret et sur une partie du Cher. [&hellip;]","og_url":"https:\/\/www.annonces-legales.org\/blog\/journal-de-gien\/","og_site_name":"Actualit\u00e9 des entreprises","article_modified_time":"2022-01-26T11:03:34+00:00","og_image":[{"width":350,"height":95,"url":"https:\/\/www.annonces-legales.org\/blog\/wp-content\/uploads\/2021\/09\/Le-journal-de-Gien.png","type":"image\/png"}],"twitter_card":"summary_large_image","twitter_misc":{"Dur\u00e9e de lecture estim\u00e9e":"2 minutes"},"schema":{"@context":"https:\/\/schema.org","@graph":[{"@type":"WebPage","@id":"https:\/\/www.annonces-legales.org\/blog\/journal-de-gien\/","url":"https:\/\/www.annonces-legales.org\/blog\/journal-de-gien\/","name":"Le journal de Gien - Actualit\u00e9 des entreprises","isPartOf":{"@id":"https:\/\/www.annonces-legales.org\/blog\/#website"},"primaryImageOfPage":{"@id":"https:\/\/www.annonces-legales.org\/blog\/journal-de-gien\/#primaryimage"},"image":{"@id":"https:\/\/www.annonces-legales.org\/blog\/journal-de-gien\/#primaryimage"},"thumbnailUrl":"https:\/\/www.annonces-legales.org\/blog\/wp-content\/uploads\/2021\/09\/Le-journal-de-Gien.png","datePublished":"2021-09-15T16:33:43+00:00","dateModified":"2022-01-26T11:03:34+00:00","breadcrumb":{"@id":"https:\/\/www.annonces-legales.org\/blog\/journal-de-gien\/#breadcrumb"},"inLanguage":"fr-FR","potentialAction":[{"@type":"ReadAction","target":["https:\/\/www.annonces-legales.org\/blog\/journal-de-gien\/"]}]},{"@type":"ImageObject","inLanguage":"fr-FR","@id":"https:\/\/www.annonces-legales.org\/blog\/journal-de-gien\/#primaryimage","url":"https:\/\/www.annonces-legales.org\/blog\/wp-content\/uploads\/2021\/09\/Le-journal-de-Gien.png","contentUrl":"https:\/\/www.annonces-legales.org\/blog\/wp-content\/uploads\/2021\/09\/Le-journal-de-Gien.png","width":350,"height":95},{"@type":"BreadcrumbList","@id":"https:\/\/www.annonces-legales.org\/blog\/journal-de-gien\/#breadcrumb","itemListElement":[{"@type":"ListItem","position":1,"name":"Accueil","item":"https:\/\/www.annonces-legales.org\/blog\/"},{"@type":"ListItem","position":2,"name":"Liste des journaux habilit\u00e9s \u00e0 publier des annonces l\u00e9gales","item":"https:\/\/www.annonces-legales.org\/blog\/liste-des-journaux-habilites-a-publier-des-annonces-legales\/"},{"@type":"ListItem","position":3,"name":"Le journal de Gien"}]},{"@type":"WebSite","@id":"https:\/\/www.annonces-legales.org\/blog\/#website","url":"https:\/\/www.annonces-legales.org\/blog\/","name":"Actualit\u00e9 des entreprises","description":"","publisher":{"@id":"https:\/\/www.annonces-legales.org\/blog\/#organization"},"potentialAction":[{"@type":"SearchAction","target":{"@type":"EntryPoint","urlTemplate":"https:\/\/www.annonces-legales.org\/blog\/?s={search_term_string}"},"query-input":{"@type":"PropertyValueSpecification","valueRequired":true,"valueName":"search_term_string"}}],"inLanguage":"fr-FR"},{"@type":"Organization","@id":"https:\/\/www.annonces-legales.org\/blog\/#organization","name":"Actualit\u00e9 des entreprises","url":"https:\/\/www.annonces-legales.org\/blog\/","logo":{"@type":"ImageObject","inLanguage":"fr-FR","@id":"https:\/\/www.annonces-legales.org\/blog\/#\/schema\/logo\/image\/","url":"https:\/\/www.annonces-legales.org\/blog\/wp-content\/uploads\/2023\/08\/annonces-legales.svg","contentUrl":"https:\/\/www.annonces-legales.org\/blog\/wp-content\/uploads\/2023\/08\/annonces-legales.svg","caption":"Actualit\u00e9 des entreprises"},"image":{"@id":"https:\/\/www.annonces-legales.org\/blog\/#\/schema\/logo\/image\/"}}]}},"_links":{"self":[{"href":"https:\/\/www.annonces-legales.org\/blog\/wp-json\/wp\/v2\/pages\/786","targetHints":{"allow":["GET"]}}],"collection":[{"href":"https:\/\/www.annonces-legales.org\/blog\/wp-json\/wp\/v2\/pages"}],"about":[{"href":"https:\/\/www.annonces-legales.org\/blog\/wp-json\/wp\/v2\/types\/page"}],"author":[{"embeddable":true,"href":"https:\/\/www.annonces-legales.org\/blog\/wp-json\/wp\/v2\/users\/1"}],"replies":[{"embeddable":true,"href":"https:\/\/www.annonces-legales.org\/blog\/wp-json\/wp\/v2\/comments?post=786"}],"version-history":[{"count":5,"href":"https:\/\/www.annonces-legales.org\/blog\/wp-json\/wp\/v2\/pages\/786\/revisions"}],"predecessor-version":[{"id":1436,"href":"https:\/\/www.annonces-legales.org\/blog\/wp-json\/wp\/v2\/pages\/786\/revisions\/1436"}],"up":[{"embeddable":true,"href":"https:\/\/www.annonces-legales.org\/blog\/wp-json\/wp\/v2\/pages\/351"}],"wp:attachment":[{"href":"https:\/\/www.annonces-legales.org\/blog\/wp-json\/wp\/v2\/media?parent=786"}],"curies":[{"name":"wp","href":"https:\/\/api.w.org\/{rel}","templated":true}]}}