{"id":837,"date":"2021-09-15T19:07:27","date_gmt":"2021-09-15T17:07:27","guid":{"rendered":"https:\/\/www.annonces-legales.org\/blog\/?page_id=837"},"modified":"2022-01-26T11:47:38","modified_gmt":"2022-01-26T10:47:38","slug":"echo-republicain","status":"publish","type":"page","link":"https:\/\/www.annonces-legales.org\/blog\/echo-republicain\/","title":{"rendered":"\u00c9cho R\u00e9publicain"},"content":{"rendered":"<p>Le journal <strong>l&rsquo;\u00c9cho R\u00e9publicain<\/strong> est un quotidien qui propose des informations locales sur la r\u00e9gion de Chartres.<br \/>\nLes informations publi\u00e9es concernent entre autres les villes de Chartres, Ch\u00e2teaudun, \u00c9pernon, Vernouillet, Rambouillet, Dreux, Bonneval, Luc\u00e9, Nogent le Rotrou, L\u00e8ves&#8230;<\/p>\n<p>Sur le site Internet du journal (lechorepublicain.fr), il est possible de s&rsquo;abonner \u00e0 la version papier et num\u00e9rique pour 26 \u20ac par mois.<br \/>\nLe journal est habilit\u00e9 \u00e0 publier des annonces l\u00e9gales pour le d\u00e9partement de l&rsquo;Eure-et-Loir (28).<\/p>\n<h2>\u00c0 propos du journal \u00c9cho R\u00e9publicain<\/h2>\n<p>Le premier num\u00e9ro du journal \u00c9cho R\u00e9publicain est apparu en mars 1929. Il \u00e9tait vendu 0,20 \u20ac de francs et il \u00e9tait compos\u00e9 de quatre pages sans photo.<br \/>\nAujourd&rsquo;hui, le quotidien est bien entendu disponible en version num\u00e9rique. Le journal est imprim\u00e9 \u00e0 plus de 22\u00a0000 exemplaires en 2020.<\/p>\n<p>L&rsquo;adresse du journal est 45 clos du four, 63 020 \u00e0 Clermont-Ferrand. Le journal appartient aujourd&rsquo;hui au groupe de presse Centre-France qui publie d&rsquo;autres journaux, notamment le journal La Montagne.<\/p>\n<p>&nbsp;<\/p>\n<h2>Faire para\u00eetre une annonce l\u00e9gale en Eure-et-Loire<\/h2>\n<p>Pour faire diffuser une annonce l\u00e9gale dans le d\u00e9partement d&rsquo;Eure-et-Loire, les entrepreneurs ont le choix entre de nombreux journaux habilit\u00e9s dont le journal l&rsquo;\u00c9cho R\u00e9publicain.<\/p>\n<p>Afin de conna\u00eetre le prix d&rsquo;une annonce dans le d\u00e9partement d&rsquo;Eure-et-Loire, il suffit de faire une demande de devis en ligne sans inscription sur notre site en cliquant ci-dessous.<br \/>\n<br\/><br\/><div class=\"entry-content notopmargin\">\n\t<img decoding=\"async\" class=\"img-fluid fleft\" src=\"https:\/\/www.annonces-legales.org\/images\/rapide-economique-tout-departement.png\" alt=\"Journal d'annonce l\u00e9gale de l'Eure et Loire \"><a href=\"https:\/\/www.annonces-legales.org\/publication-annonce-legale.html\" class=\"button button-desc fright mtop30\"><div>Je publie<br> mon annonce<br> l\u00e9gale<\/div><span>dans un journal de l'Eure et Loire !<\/span><\/a>\n<\/div><div class=\"clrbth\"><\/div><br\/><br\/><\/p>\n<p>Il n&rsquo;est pas obligatoire de r\u00e9diger l&rsquo;annonce l\u00e9gale vous-m\u00eame. Notre algorithme cr\u00e9\u00e9 automatiquement une annonce \u00e0 partir des informations que vous fournissez. Cette annonce sera relu pour \u00e9viter tout refuser de la par du greffe.<\/p>\n","protected":false},"excerpt":{"rendered":"<p>Le journal l&rsquo;\u00c9cho R\u00e9publicain est un quotidien qui propose des informations locales sur la r\u00e9gion de Chartres. Les informations publi\u00e9es [&hellip;]<\/p>\n","protected":false},"author":1,"featured_media":0,"parent":351,"menu_order":0,"comment_status":"closed","ping_status":"closed","template":"","meta":{"inline_featured_image":false,"footnotes":""},"class_list":["post-837","page","type-page","status-publish","hentry"],"yoast_head":"<!-- This site is optimized with the Yoast SEO plugin v26.8 - https:\/\/yoast.com\/product\/yoast-seo-wordpress\/ -->\n<title>\u00c9cho R\u00e9publicain - Actualit\u00e9 des entreprises<\/title>\n<meta name=\"robots\" content=\"index, follow, max-snippet:-1, max-image-preview:large, max-video-preview:-1\" \/>\n<link rel=\"canonical\" href=\"https:\/\/www.annonces-legales.org\/blog\/echo-republicain\/\" \/>\n<meta property=\"og:locale\" content=\"fr_FR\" \/>\n<meta property=\"og:type\" content=\"article\" \/>\n<meta property=\"og:title\" content=\"\u00c9cho R\u00e9publicain - Actualit\u00e9 des entreprises\" \/>\n<meta property=\"og:description\" content=\"Le journal l&rsquo;\u00c9cho R\u00e9publicain est un quotidien qui propose des informations locales sur la r\u00e9gion de Chartres. Les informations publi\u00e9es [&hellip;]\" \/>\n<meta property=\"og:url\" content=\"https:\/\/www.annonces-legales.org\/blog\/echo-republicain\/\" \/>\n<meta property=\"og:site_name\" content=\"Actualit\u00e9 des entreprises\" \/>\n<meta property=\"article:modified_time\" content=\"2022-01-26T10:47:38+00:00\" \/>\n<meta name=\"twitter:card\" content=\"summary_large_image\" \/>\n<meta name=\"twitter:label1\" content=\"Dur\u00e9e de lecture estim\u00e9e\" \/>\n\t<meta name=\"twitter:data1\" content=\"1 minute\" \/>\n<script type=\"application\/ld+json\" class=\"yoast-schema-graph\">{\"@context\":\"https:\/\/schema.org\",\"@graph\":[{\"@type\":\"WebPage\",\"@id\":\"https:\/\/www.annonces-legales.org\/blog\/echo-republicain\/\",\"url\":\"https:\/\/www.annonces-legales.org\/blog\/echo-republicain\/\",\"name\":\"\u00c9cho R\u00e9publicain - Actualit\u00e9 des entreprises\",\"isPartOf\":{\"@id\":\"https:\/\/www.annonces-legales.org\/blog\/#website\"},\"datePublished\":\"2021-09-15T17:07:27+00:00\",\"dateModified\":\"2022-01-26T10:47:38+00:00\",\"breadcrumb\":{\"@id\":\"https:\/\/www.annonces-legales.org\/blog\/echo-republicain\/#breadcrumb\"},\"inLanguage\":\"fr-FR\",\"potentialAction\":[{\"@type\":\"ReadAction\",\"target\":[\"https:\/\/www.annonces-legales.org\/blog\/echo-republicain\/\"]}]},{\"@type\":\"BreadcrumbList\",\"@id\":\"https:\/\/www.annonces-legales.org\/blog\/echo-republicain\/#breadcrumb\",\"itemListElement\":[{\"@type\":\"ListItem\",\"position\":1,\"name\":\"Accueil\",\"item\":\"https:\/\/www.annonces-legales.org\/blog\/\"},{\"@type\":\"ListItem\",\"position\":2,\"name\":\"Liste des journaux habilit\u00e9s \u00e0 publier des annonces l\u00e9gales\",\"item\":\"https:\/\/www.annonces-legales.org\/blog\/liste-des-journaux-habilites-a-publier-des-annonces-legales\/\"},{\"@type\":\"ListItem\",\"position\":3,\"name\":\"\u00c9cho R\u00e9publicain\"}]},{\"@type\":\"WebSite\",\"@id\":\"https:\/\/www.annonces-legales.org\/blog\/#website\",\"url\":\"https:\/\/www.annonces-legales.org\/blog\/\",\"name\":\"Actualit\u00e9 des entreprises\",\"description\":\"\",\"publisher\":{\"@id\":\"https:\/\/www.annonces-legales.org\/blog\/#organization\"},\"potentialAction\":[{\"@type\":\"SearchAction\",\"target\":{\"@type\":\"EntryPoint\",\"urlTemplate\":\"https:\/\/www.annonces-legales.org\/blog\/?s={search_term_string}\"},\"query-input\":{\"@type\":\"PropertyValueSpecification\",\"valueRequired\":true,\"valueName\":\"search_term_string\"}}],\"inLanguage\":\"fr-FR\"},{\"@type\":\"Organization\",\"@id\":\"https:\/\/www.annonces-legales.org\/blog\/#organization\",\"name\":\"Actualit\u00e9 des entreprises\",\"url\":\"https:\/\/www.annonces-legales.org\/blog\/\",\"logo\":{\"@type\":\"ImageObject\",\"inLanguage\":\"fr-FR\",\"@id\":\"https:\/\/www.annonces-legales.org\/blog\/#\/schema\/logo\/image\/\",\"url\":\"https:\/\/www.annonces-legales.org\/blog\/wp-content\/uploads\/2023\/08\/annonces-legales.svg\",\"contentUrl\":\"https:\/\/www.annonces-legales.org\/blog\/wp-content\/uploads\/2023\/08\/annonces-legales.svg\",\"caption\":\"Actualit\u00e9 des entreprises\"},\"image\":{\"@id\":\"https:\/\/www.annonces-legales.org\/blog\/#\/schema\/logo\/image\/\"}}]}<\/script>\n<!-- \/ Yoast SEO plugin. -->","yoast_head_json":{"title":"\u00c9cho R\u00e9publicain - Actualit\u00e9 des entreprises","robots":{"index":"index","follow":"follow","max-snippet":"max-snippet:-1","max-image-preview":"max-image-preview:large","max-video-preview":"max-video-preview:-1"},"canonical":"https:\/\/www.annonces-legales.org\/blog\/echo-republicain\/","og_locale":"fr_FR","og_type":"article","og_title":"\u00c9cho R\u00e9publicain - Actualit\u00e9 des entreprises","og_description":"Le journal l&rsquo;\u00c9cho R\u00e9publicain est un quotidien qui propose des informations locales sur la r\u00e9gion de Chartres. Les informations publi\u00e9es [&hellip;]","og_url":"https:\/\/www.annonces-legales.org\/blog\/echo-republicain\/","og_site_name":"Actualit\u00e9 des entreprises","article_modified_time":"2022-01-26T10:47:38+00:00","twitter_card":"summary_large_image","twitter_misc":{"Dur\u00e9e de lecture estim\u00e9e":"1 minute"},"schema":{"@context":"https:\/\/schema.org","@graph":[{"@type":"WebPage","@id":"https:\/\/www.annonces-legales.org\/blog\/echo-republicain\/","url":"https:\/\/www.annonces-legales.org\/blog\/echo-republicain\/","name":"\u00c9cho R\u00e9publicain - Actualit\u00e9 des entreprises","isPartOf":{"@id":"https:\/\/www.annonces-legales.org\/blog\/#website"},"datePublished":"2021-09-15T17:07:27+00:00","dateModified":"2022-01-26T10:47:38+00:00","breadcrumb":{"@id":"https:\/\/www.annonces-legales.org\/blog\/echo-republicain\/#breadcrumb"},"inLanguage":"fr-FR","potentialAction":[{"@type":"ReadAction","target":["https:\/\/www.annonces-legales.org\/blog\/echo-republicain\/"]}]},{"@type":"BreadcrumbList","@id":"https:\/\/www.annonces-legales.org\/blog\/echo-republicain\/#breadcrumb","itemListElement":[{"@type":"ListItem","position":1,"name":"Accueil","item":"https:\/\/www.annonces-legales.org\/blog\/"},{"@type":"ListItem","position":2,"name":"Liste des journaux habilit\u00e9s \u00e0 publier des annonces l\u00e9gales","item":"https:\/\/www.annonces-legales.org\/blog\/liste-des-journaux-habilites-a-publier-des-annonces-legales\/"},{"@type":"ListItem","position":3,"name":"\u00c9cho R\u00e9publicain"}]},{"@type":"WebSite","@id":"https:\/\/www.annonces-legales.org\/blog\/#website","url":"https:\/\/www.annonces-legales.org\/blog\/","name":"Actualit\u00e9 des entreprises","description":"","publisher":{"@id":"https:\/\/www.annonces-legales.org\/blog\/#organization"},"potentialAction":[{"@type":"SearchAction","target":{"@type":"EntryPoint","urlTemplate":"https:\/\/www.annonces-legales.org\/blog\/?s={search_term_string}"},"query-input":{"@type":"PropertyValueSpecification","valueRequired":true,"valueName":"search_term_string"}}],"inLanguage":"fr-FR"},{"@type":"Organization","@id":"https:\/\/www.annonces-legales.org\/blog\/#organization","name":"Actualit\u00e9 des entreprises","url":"https:\/\/www.annonces-legales.org\/blog\/","logo":{"@type":"ImageObject","inLanguage":"fr-FR","@id":"https:\/\/www.annonces-legales.org\/blog\/#\/schema\/logo\/image\/","url":"https:\/\/www.annonces-legales.org\/blog\/wp-content\/uploads\/2023\/08\/annonces-legales.svg","contentUrl":"https:\/\/www.annonces-legales.org\/blog\/wp-content\/uploads\/2023\/08\/annonces-legales.svg","caption":"Actualit\u00e9 des entreprises"},"image":{"@id":"https:\/\/www.annonces-legales.org\/blog\/#\/schema\/logo\/image\/"}}]}},"_links":{"self":[{"href":"https:\/\/www.annonces-legales.org\/blog\/wp-json\/wp\/v2\/pages\/837","targetHints":{"allow":["GET"]}}],"collection":[{"href":"https:\/\/www.annonces-legales.org\/blog\/wp-json\/wp\/v2\/pages"}],"about":[{"href":"https:\/\/www.annonces-legales.org\/blog\/wp-json\/wp\/v2\/types\/page"}],"author":[{"embeddable":true,"href":"https:\/\/www.annonces-legales.org\/blog\/wp-json\/wp\/v2\/users\/1"}],"replies":[{"embeddable":true,"href":"https:\/\/www.annonces-legales.org\/blog\/wp-json\/wp\/v2\/comments?post=837"}],"version-history":[{"count":4,"href":"https:\/\/www.annonces-legales.org\/blog\/wp-json\/wp\/v2\/pages\/837\/revisions"}],"predecessor-version":[{"id":1115,"href":"https:\/\/www.annonces-legales.org\/blog\/wp-json\/wp\/v2\/pages\/837\/revisions\/1115"}],"up":[{"embeddable":true,"href":"https:\/\/www.annonces-legales.org\/blog\/wp-json\/wp\/v2\/pages\/351"}],"wp:attachment":[{"href":"https:\/\/www.annonces-legales.org\/blog\/wp-json\/wp\/v2\/media?parent=837"}],"curies":[{"name":"wp","href":"https:\/\/api.w.org\/{rel}","templated":true}]}}