{"id":841,"date":"2021-09-15T19:08:32","date_gmt":"2021-09-15T17:08:32","guid":{"rendered":"https:\/\/www.annonces-legales.org\/blog\/?page_id=841"},"modified":"2022-01-26T11:37:09","modified_gmt":"2022-01-26T10:37:09","slug":"cevennes-magazine","status":"publish","type":"page","link":"https:\/\/www.annonces-legales.org\/blog\/cevennes-magazine\/","title":{"rendered":"C\u00e9vennes Magazine"},"content":{"rendered":"<p>Le journal C\u00e9vennes magazines est un hebdomadaire qui est distribu\u00e9 tous les samedis. Il offre \u00e0 ses lecteurs des informations sur les C\u00e9vennes et le Gard. Il est vendu 1,60 \u20ac. Il existe depuis plus de 40 ans.<br \/>\nL&rsquo;adresse du journal est 31 chemins de la plaine de Larnac, Saint-Hilaire de Brethmas 30560.<\/p>\n<h2>Histoire du journal<\/h2>\n<p>Le journal \u00ab\u00a0C\u00e9vennes Magazine revue du patriomoine\u00a0\u00bb tel que l&rsquo;on le conna\u00eet, a \u00e9t\u00e9 cr\u00e9\u00e9 en 1973. Mais son histoire est plus ancienne. En 1966, Lucien Andr\u00e9, un passionn\u00e9 d&rsquo;art et d&rsquo;\u00e9criture qui avait d\u00e9j\u00e0 publi\u00e9 l&rsquo;almanach Cevenol, d\u00e9cida de lancer son propre journal : C\u00e9vennes magazine. le premier num\u00e9ro fut publi\u00e9 en octobre 1966. Le journal \u00e9tait alors petit et Lucien Andr\u00e9 le finan\u00e7ait gr\u00e2ce \u00e0 ses \u00e9conomies. Suite \u00e0 sa rencontre avec le docteur Ren\u00e9 Bresson, Lucien d\u00e9cide de lui c\u00e9der le journal et devient alors un r\u00e9dacteur b\u00e9n\u00e9vole.<br \/>\nLe journal peut alors se d\u00e9velopper car le docteur Bresson poss\u00e8de de grands moyens financiers ainsi qu&rsquo;une imprimerie \u00e0 Marseille o\u00f9 le journal \u00e9tait imprim\u00e9.<\/p>\n<p>\u00c0 partir de 1976, pour financer le d\u00e9veloppement du journal, le journal devient un journal d&rsquo;annonce l\u00e9gale officielle. En 1992, une nouvelle soci\u00e9t\u00e9 est cr\u00e9\u00e9e par Lucien pour le journal : les \u00e9ditions C\u00e9vennes magazine. A ce moment-l\u00e0, il poss\u00e8de suffisamment d&rsquo;argent pour pouvoir embaucher des journalistes. Car avant, seuls des b\u00e9n\u00e9voles contribuait \u00e0 \u00e9crire pour le journal.<br \/>\nAujourd&rsquo;hui, le journal poss\u00e8de quelques salari\u00e9s et de nombreux r\u00e9dacteurs b\u00e9n\u00e9voles de la r\u00e9gion.<\/p>\n","protected":false},"excerpt":{"rendered":"<p>Le journal C\u00e9vennes magazines est un hebdomadaire qui est distribu\u00e9 tous les samedis. Il offre \u00e0 ses lecteurs des informations [&hellip;]<\/p>\n","protected":false},"author":1,"featured_media":0,"parent":351,"menu_order":0,"comment_status":"closed","ping_status":"closed","template":"","meta":{"inline_featured_image":false,"footnotes":""},"class_list":["post-841","page","type-page","status-publish","hentry"],"yoast_head":"<!-- This site is optimized with the Yoast SEO plugin v26.8 - https:\/\/yoast.com\/product\/yoast-seo-wordpress\/ -->\n<title>C\u00e9vennes Magazine - Actualit\u00e9 des entreprises<\/title>\n<meta name=\"robots\" content=\"index, follow, max-snippet:-1, max-image-preview:large, max-video-preview:-1\" \/>\n<link rel=\"canonical\" href=\"https:\/\/www.annonces-legales.org\/blog\/cevennes-magazine\/\" \/>\n<meta property=\"og:locale\" content=\"fr_FR\" \/>\n<meta property=\"og:type\" content=\"article\" \/>\n<meta property=\"og:title\" content=\"C\u00e9vennes Magazine - Actualit\u00e9 des entreprises\" \/>\n<meta property=\"og:description\" content=\"Le journal C\u00e9vennes magazines est un hebdomadaire qui est distribu\u00e9 tous les samedis. Il offre \u00e0 ses lecteurs des informations [&hellip;]\" \/>\n<meta property=\"og:url\" content=\"https:\/\/www.annonces-legales.org\/blog\/cevennes-magazine\/\" \/>\n<meta property=\"og:site_name\" content=\"Actualit\u00e9 des entreprises\" \/>\n<meta property=\"article:modified_time\" content=\"2022-01-26T10:37:09+00:00\" \/>\n<meta name=\"twitter:card\" content=\"summary_large_image\" \/>\n<meta name=\"twitter:label1\" content=\"Dur\u00e9e de lecture estim\u00e9e\" \/>\n\t<meta name=\"twitter:data1\" content=\"1 minute\" \/>\n<script type=\"application\/ld+json\" class=\"yoast-schema-graph\">{\"@context\":\"https:\/\/schema.org\",\"@graph\":[{\"@type\":\"WebPage\",\"@id\":\"https:\/\/www.annonces-legales.org\/blog\/cevennes-magazine\/\",\"url\":\"https:\/\/www.annonces-legales.org\/blog\/cevennes-magazine\/\",\"name\":\"C\u00e9vennes Magazine - Actualit\u00e9 des entreprises\",\"isPartOf\":{\"@id\":\"https:\/\/www.annonces-legales.org\/blog\/#website\"},\"datePublished\":\"2021-09-15T17:08:32+00:00\",\"dateModified\":\"2022-01-26T10:37:09+00:00\",\"breadcrumb\":{\"@id\":\"https:\/\/www.annonces-legales.org\/blog\/cevennes-magazine\/#breadcrumb\"},\"inLanguage\":\"fr-FR\",\"potentialAction\":[{\"@type\":\"ReadAction\",\"target\":[\"https:\/\/www.annonces-legales.org\/blog\/cevennes-magazine\/\"]}]},{\"@type\":\"BreadcrumbList\",\"@id\":\"https:\/\/www.annonces-legales.org\/blog\/cevennes-magazine\/#breadcrumb\",\"itemListElement\":[{\"@type\":\"ListItem\",\"position\":1,\"name\":\"Accueil\",\"item\":\"https:\/\/www.annonces-legales.org\/blog\/\"},{\"@type\":\"ListItem\",\"position\":2,\"name\":\"Liste des journaux habilit\u00e9s \u00e0 publier des annonces l\u00e9gales\",\"item\":\"https:\/\/www.annonces-legales.org\/blog\/liste-des-journaux-habilites-a-publier-des-annonces-legales\/\"},{\"@type\":\"ListItem\",\"position\":3,\"name\":\"C\u00e9vennes Magazine\"}]},{\"@type\":\"WebSite\",\"@id\":\"https:\/\/www.annonces-legales.org\/blog\/#website\",\"url\":\"https:\/\/www.annonces-legales.org\/blog\/\",\"name\":\"Actualit\u00e9 des entreprises\",\"description\":\"\",\"publisher\":{\"@id\":\"https:\/\/www.annonces-legales.org\/blog\/#organization\"},\"potentialAction\":[{\"@type\":\"SearchAction\",\"target\":{\"@type\":\"EntryPoint\",\"urlTemplate\":\"https:\/\/www.annonces-legales.org\/blog\/?s={search_term_string}\"},\"query-input\":{\"@type\":\"PropertyValueSpecification\",\"valueRequired\":true,\"valueName\":\"search_term_string\"}}],\"inLanguage\":\"fr-FR\"},{\"@type\":\"Organization\",\"@id\":\"https:\/\/www.annonces-legales.org\/blog\/#organization\",\"name\":\"Actualit\u00e9 des entreprises\",\"url\":\"https:\/\/www.annonces-legales.org\/blog\/\",\"logo\":{\"@type\":\"ImageObject\",\"inLanguage\":\"fr-FR\",\"@id\":\"https:\/\/www.annonces-legales.org\/blog\/#\/schema\/logo\/image\/\",\"url\":\"https:\/\/www.annonces-legales.org\/blog\/wp-content\/uploads\/2023\/08\/annonces-legales.svg\",\"contentUrl\":\"https:\/\/www.annonces-legales.org\/blog\/wp-content\/uploads\/2023\/08\/annonces-legales.svg\",\"caption\":\"Actualit\u00e9 des entreprises\"},\"image\":{\"@id\":\"https:\/\/www.annonces-legales.org\/blog\/#\/schema\/logo\/image\/\"}}]}<\/script>\n<!-- \/ Yoast SEO plugin. -->","yoast_head_json":{"title":"C\u00e9vennes Magazine - Actualit\u00e9 des entreprises","robots":{"index":"index","follow":"follow","max-snippet":"max-snippet:-1","max-image-preview":"max-image-preview:large","max-video-preview":"max-video-preview:-1"},"canonical":"https:\/\/www.annonces-legales.org\/blog\/cevennes-magazine\/","og_locale":"fr_FR","og_type":"article","og_title":"C\u00e9vennes Magazine - Actualit\u00e9 des entreprises","og_description":"Le journal C\u00e9vennes magazines est un hebdomadaire qui est distribu\u00e9 tous les samedis. Il offre \u00e0 ses lecteurs des informations [&hellip;]","og_url":"https:\/\/www.annonces-legales.org\/blog\/cevennes-magazine\/","og_site_name":"Actualit\u00e9 des entreprises","article_modified_time":"2022-01-26T10:37:09+00:00","twitter_card":"summary_large_image","twitter_misc":{"Dur\u00e9e de lecture estim\u00e9e":"1 minute"},"schema":{"@context":"https:\/\/schema.org","@graph":[{"@type":"WebPage","@id":"https:\/\/www.annonces-legales.org\/blog\/cevennes-magazine\/","url":"https:\/\/www.annonces-legales.org\/blog\/cevennes-magazine\/","name":"C\u00e9vennes Magazine - Actualit\u00e9 des entreprises","isPartOf":{"@id":"https:\/\/www.annonces-legales.org\/blog\/#website"},"datePublished":"2021-09-15T17:08:32+00:00","dateModified":"2022-01-26T10:37:09+00:00","breadcrumb":{"@id":"https:\/\/www.annonces-legales.org\/blog\/cevennes-magazine\/#breadcrumb"},"inLanguage":"fr-FR","potentialAction":[{"@type":"ReadAction","target":["https:\/\/www.annonces-legales.org\/blog\/cevennes-magazine\/"]}]},{"@type":"BreadcrumbList","@id":"https:\/\/www.annonces-legales.org\/blog\/cevennes-magazine\/#breadcrumb","itemListElement":[{"@type":"ListItem","position":1,"name":"Accueil","item":"https:\/\/www.annonces-legales.org\/blog\/"},{"@type":"ListItem","position":2,"name":"Liste des journaux habilit\u00e9s \u00e0 publier des annonces l\u00e9gales","item":"https:\/\/www.annonces-legales.org\/blog\/liste-des-journaux-habilites-a-publier-des-annonces-legales\/"},{"@type":"ListItem","position":3,"name":"C\u00e9vennes Magazine"}]},{"@type":"WebSite","@id":"https:\/\/www.annonces-legales.org\/blog\/#website","url":"https:\/\/www.annonces-legales.org\/blog\/","name":"Actualit\u00e9 des entreprises","description":"","publisher":{"@id":"https:\/\/www.annonces-legales.org\/blog\/#organization"},"potentialAction":[{"@type":"SearchAction","target":{"@type":"EntryPoint","urlTemplate":"https:\/\/www.annonces-legales.org\/blog\/?s={search_term_string}"},"query-input":{"@type":"PropertyValueSpecification","valueRequired":true,"valueName":"search_term_string"}}],"inLanguage":"fr-FR"},{"@type":"Organization","@id":"https:\/\/www.annonces-legales.org\/blog\/#organization","name":"Actualit\u00e9 des entreprises","url":"https:\/\/www.annonces-legales.org\/blog\/","logo":{"@type":"ImageObject","inLanguage":"fr-FR","@id":"https:\/\/www.annonces-legales.org\/blog\/#\/schema\/logo\/image\/","url":"https:\/\/www.annonces-legales.org\/blog\/wp-content\/uploads\/2023\/08\/annonces-legales.svg","contentUrl":"https:\/\/www.annonces-legales.org\/blog\/wp-content\/uploads\/2023\/08\/annonces-legales.svg","caption":"Actualit\u00e9 des entreprises"},"image":{"@id":"https:\/\/www.annonces-legales.org\/blog\/#\/schema\/logo\/image\/"}}]}},"_links":{"self":[{"href":"https:\/\/www.annonces-legales.org\/blog\/wp-json\/wp\/v2\/pages\/841","targetHints":{"allow":["GET"]}}],"collection":[{"href":"https:\/\/www.annonces-legales.org\/blog\/wp-json\/wp\/v2\/pages"}],"about":[{"href":"https:\/\/www.annonces-legales.org\/blog\/wp-json\/wp\/v2\/types\/page"}],"author":[{"embeddable":true,"href":"https:\/\/www.annonces-legales.org\/blog\/wp-json\/wp\/v2\/users\/1"}],"replies":[{"embeddable":true,"href":"https:\/\/www.annonces-legales.org\/blog\/wp-json\/wp\/v2\/comments?post=841"}],"version-history":[{"count":1,"href":"https:\/\/www.annonces-legales.org\/blog\/wp-json\/wp\/v2\/pages\/841\/revisions"}],"predecessor-version":[{"id":842,"href":"https:\/\/www.annonces-legales.org\/blog\/wp-json\/wp\/v2\/pages\/841\/revisions\/842"}],"up":[{"embeddable":true,"href":"https:\/\/www.annonces-legales.org\/blog\/wp-json\/wp\/v2\/pages\/351"}],"wp:attachment":[{"href":"https:\/\/www.annonces-legales.org\/blog\/wp-json\/wp\/v2\/media?parent=841"}],"curies":[{"name":"wp","href":"https:\/\/api.w.org\/{rel}","templated":true}]}}