{"id":864,"date":"2021-09-21T16:46:17","date_gmt":"2021-09-21T14:46:17","guid":{"rendered":"https:\/\/www.annonces-legales.org\/blog\/?page_id=864"},"modified":"2022-01-26T11:34:50","modified_gmt":"2022-01-26T10:34:50","slug":"agriculture-dromoise","status":"publish","type":"page","link":"https:\/\/www.annonces-legales.org\/blog\/agriculture-dromoise\/","title":{"rendered":"Agriculture Dr\u00f4moise"},"content":{"rendered":"<p><img loading=\"lazy\" decoding=\"async\" class=\"aligncenter size-full wp-image-865\" src=\"https:\/\/www.annonces-legales.org\/blog\/wp-content\/uploads\/2021\/09\/Lagriculture-Dromoise.png\" alt=\"\" width=\"380\" height=\"123\" srcset=\"https:\/\/www.annonces-legales.org\/blog\/wp-content\/uploads\/2021\/09\/Lagriculture-Dromoise.png 380w, https:\/\/www.annonces-legales.org\/blog\/wp-content\/uploads\/2021\/09\/Lagriculture-Dromoise-300x97.png 300w\" sizes=\"auto, (max-width: 380px) 100vw, 380px\" \/><\/p>\n<p>Le journal hebdomadaire l&rsquo;<strong>Agriculture Dr\u00f4moise<\/strong> propose l&rsquo;actualit\u00e9 agricole et rurale de la Dr\u00f4me. Chaque semaine le journal propose des informations \u00e9conomiques et techniques sur le vin, l&rsquo;\u00e9levage les grandes cultures et tout ce qui se rapproche de l&rsquo;agriculture.<br \/>\nLe lectorat du journal est donc compos\u00e9 d&rsquo;agriculteurs et d&rsquo;\u00e9leveurs dr\u00f4mois. En 2020, on compte environ 3000 exemplaires du journal vendu chaque semaine.<br \/>\nLe jour de parution du journal est le jeudi. Le journal est vendu au prix de 2,70 \u20ac. Le journal est adh\u00e9rent au syndicat national de la presse agricole et rurale qui regroupe tous les journaux de la presse-papier proposant des informations agricoles et rurales.<\/p>\n<p>C&rsquo;est un journal d&rsquo;annonces l\u00e9gales habilit\u00e9s du d\u00e9partement de la Dr\u00f4me. Il a une autorisation de la pr\u00e9fecture pour faire des annonces l\u00e9gales pour les entreprises ou les habitants dr\u00f4mois.<\/p>\n<p>La r\u00e9daction du journal se trouve 95, Avenue Georges Brassens \u00e0 Bourg-l\u00e8s-Valence 26\u00a0504.<\/p>\n<p>&nbsp;<\/p>\n<h2>En savoir plus sur le journal l&rsquo;Agriculture Dr\u00f4moise<\/h2>\n<p>Cr\u00e9\u00e9 en 1952, le journal est tout d&rsquo;abord un mensuel. Il devient bimensuel puis hebdomadaire en 1984. Dans les ann\u00e9es 50 puis dans les ann\u00e9es 70\/80, le journal va changer plusieurs fois de logos et de formats. Le journal changera \u00e9galement de logo en 2011 et en 2018. Le journal est ind\u00e9pendant car il n&rsquo;appartient \u00e0 aucun grand groupe de presse fran\u00e7ais. Il poss\u00e8de quatre salari\u00e9s.<\/p>\n<br\/><br\/><div class=\"entry-content notopmargin\">\n\t<img decoding=\"async\" class=\"img-fluid fleft\" src=\"https:\/\/www.annonces-legales.org\/images\/rapide-economique-tout-departement.png\" alt=\"Journal d'annonce l\u00e9gale de la Dr\u00f4me \"><a href=\"https:\/\/www.annonces-legales.org\/publication-annonce-legale.html\" class=\"button button-desc fright mtop30\"><div>Je publie<br> mon annonce<br> l\u00e9gale<\/div><span>dans un journal de la Dr\u00f4me !<\/span><\/a>\n<\/div><div class=\"clrbth\"><\/div><br\/><br\/>\n","protected":false},"excerpt":{"rendered":"<p>Le journal hebdomadaire l&rsquo;Agriculture Dr\u00f4moise propose l&rsquo;actualit\u00e9 agricole et rurale de la Dr\u00f4me. Chaque semaine le journal propose des informations [&hellip;]<\/p>\n","protected":false},"author":1,"featured_media":0,"parent":351,"menu_order":0,"comment_status":"closed","ping_status":"closed","template":"","meta":{"inline_featured_image":false,"footnotes":""},"class_list":["post-864","page","type-page","status-publish","hentry"],"yoast_head":"<!-- This site is optimized with the Yoast SEO plugin v26.8 - https:\/\/yoast.com\/product\/yoast-seo-wordpress\/ -->\n<title>Agriculture Dr\u00f4moise - Actualit\u00e9 des entreprises<\/title>\n<meta name=\"robots\" content=\"index, follow, max-snippet:-1, max-image-preview:large, max-video-preview:-1\" \/>\n<link rel=\"canonical\" href=\"https:\/\/www.annonces-legales.org\/blog\/agriculture-dromoise\/\" \/>\n<meta property=\"og:locale\" content=\"fr_FR\" \/>\n<meta property=\"og:type\" content=\"article\" \/>\n<meta property=\"og:title\" content=\"Agriculture Dr\u00f4moise - Actualit\u00e9 des entreprises\" \/>\n<meta property=\"og:description\" content=\"Le journal hebdomadaire l&rsquo;Agriculture Dr\u00f4moise propose l&rsquo;actualit\u00e9 agricole et rurale de la Dr\u00f4me. Chaque semaine le journal propose des informations [&hellip;]\" \/>\n<meta property=\"og:url\" content=\"https:\/\/www.annonces-legales.org\/blog\/agriculture-dromoise\/\" \/>\n<meta property=\"og:site_name\" content=\"Actualit\u00e9 des entreprises\" \/>\n<meta property=\"article:modified_time\" content=\"2022-01-26T10:34:50+00:00\" \/>\n<meta property=\"og:image\" content=\"https:\/\/www.annonces-legales.org\/blog\/wp-content\/uploads\/2021\/09\/Lagriculture-Dromoise.png\" \/>\n\t<meta property=\"og:image:width\" content=\"380\" \/>\n\t<meta property=\"og:image:height\" content=\"123\" \/>\n\t<meta property=\"og:image:type\" content=\"image\/png\" \/>\n<meta name=\"twitter:card\" content=\"summary_large_image\" \/>\n<meta name=\"twitter:label1\" content=\"Dur\u00e9e de lecture estim\u00e9e\" \/>\n\t<meta name=\"twitter:data1\" content=\"1 minute\" \/>\n<script type=\"application\/ld+json\" class=\"yoast-schema-graph\">{\"@context\":\"https:\/\/schema.org\",\"@graph\":[{\"@type\":\"WebPage\",\"@id\":\"https:\/\/www.annonces-legales.org\/blog\/agriculture-dromoise\/\",\"url\":\"https:\/\/www.annonces-legales.org\/blog\/agriculture-dromoise\/\",\"name\":\"Agriculture Dr\u00f4moise - Actualit\u00e9 des entreprises\",\"isPartOf\":{\"@id\":\"https:\/\/www.annonces-legales.org\/blog\/#website\"},\"primaryImageOfPage\":{\"@id\":\"https:\/\/www.annonces-legales.org\/blog\/agriculture-dromoise\/#primaryimage\"},\"image\":{\"@id\":\"https:\/\/www.annonces-legales.org\/blog\/agriculture-dromoise\/#primaryimage\"},\"thumbnailUrl\":\"https:\/\/www.annonces-legales.org\/blog\/wp-content\/uploads\/2021\/09\/Lagriculture-Dromoise.png\",\"datePublished\":\"2021-09-21T14:46:17+00:00\",\"dateModified\":\"2022-01-26T10:34:50+00:00\",\"breadcrumb\":{\"@id\":\"https:\/\/www.annonces-legales.org\/blog\/agriculture-dromoise\/#breadcrumb\"},\"inLanguage\":\"fr-FR\",\"potentialAction\":[{\"@type\":\"ReadAction\",\"target\":[\"https:\/\/www.annonces-legales.org\/blog\/agriculture-dromoise\/\"]}]},{\"@type\":\"ImageObject\",\"inLanguage\":\"fr-FR\",\"@id\":\"https:\/\/www.annonces-legales.org\/blog\/agriculture-dromoise\/#primaryimage\",\"url\":\"https:\/\/www.annonces-legales.org\/blog\/wp-content\/uploads\/2021\/09\/Lagriculture-Dromoise.png\",\"contentUrl\":\"https:\/\/www.annonces-legales.org\/blog\/wp-content\/uploads\/2021\/09\/Lagriculture-Dromoise.png\",\"width\":380,\"height\":123},{\"@type\":\"BreadcrumbList\",\"@id\":\"https:\/\/www.annonces-legales.org\/blog\/agriculture-dromoise\/#breadcrumb\",\"itemListElement\":[{\"@type\":\"ListItem\",\"position\":1,\"name\":\"Accueil\",\"item\":\"https:\/\/www.annonces-legales.org\/blog\/\"},{\"@type\":\"ListItem\",\"position\":2,\"name\":\"Liste des journaux habilit\u00e9s \u00e0 publier des annonces l\u00e9gales\",\"item\":\"https:\/\/www.annonces-legales.org\/blog\/liste-des-journaux-habilites-a-publier-des-annonces-legales\/\"},{\"@type\":\"ListItem\",\"position\":3,\"name\":\"Agriculture Dr\u00f4moise\"}]},{\"@type\":\"WebSite\",\"@id\":\"https:\/\/www.annonces-legales.org\/blog\/#website\",\"url\":\"https:\/\/www.annonces-legales.org\/blog\/\",\"name\":\"Actualit\u00e9 des entreprises\",\"description\":\"\",\"publisher\":{\"@id\":\"https:\/\/www.annonces-legales.org\/blog\/#organization\"},\"potentialAction\":[{\"@type\":\"SearchAction\",\"target\":{\"@type\":\"EntryPoint\",\"urlTemplate\":\"https:\/\/www.annonces-legales.org\/blog\/?s={search_term_string}\"},\"query-input\":{\"@type\":\"PropertyValueSpecification\",\"valueRequired\":true,\"valueName\":\"search_term_string\"}}],\"inLanguage\":\"fr-FR\"},{\"@type\":\"Organization\",\"@id\":\"https:\/\/www.annonces-legales.org\/blog\/#organization\",\"name\":\"Actualit\u00e9 des entreprises\",\"url\":\"https:\/\/www.annonces-legales.org\/blog\/\",\"logo\":{\"@type\":\"ImageObject\",\"inLanguage\":\"fr-FR\",\"@id\":\"https:\/\/www.annonces-legales.org\/blog\/#\/schema\/logo\/image\/\",\"url\":\"https:\/\/www.annonces-legales.org\/blog\/wp-content\/uploads\/2023\/08\/annonces-legales.svg\",\"contentUrl\":\"https:\/\/www.annonces-legales.org\/blog\/wp-content\/uploads\/2023\/08\/annonces-legales.svg\",\"caption\":\"Actualit\u00e9 des entreprises\"},\"image\":{\"@id\":\"https:\/\/www.annonces-legales.org\/blog\/#\/schema\/logo\/image\/\"}}]}<\/script>\n<!-- \/ Yoast SEO plugin. -->","yoast_head_json":{"title":"Agriculture Dr\u00f4moise - Actualit\u00e9 des entreprises","robots":{"index":"index","follow":"follow","max-snippet":"max-snippet:-1","max-image-preview":"max-image-preview:large","max-video-preview":"max-video-preview:-1"},"canonical":"https:\/\/www.annonces-legales.org\/blog\/agriculture-dromoise\/","og_locale":"fr_FR","og_type":"article","og_title":"Agriculture Dr\u00f4moise - Actualit\u00e9 des entreprises","og_description":"Le journal hebdomadaire l&rsquo;Agriculture Dr\u00f4moise propose l&rsquo;actualit\u00e9 agricole et rurale de la Dr\u00f4me. Chaque semaine le journal propose des informations [&hellip;]","og_url":"https:\/\/www.annonces-legales.org\/blog\/agriculture-dromoise\/","og_site_name":"Actualit\u00e9 des entreprises","article_modified_time":"2022-01-26T10:34:50+00:00","og_image":[{"width":380,"height":123,"url":"https:\/\/www.annonces-legales.org\/blog\/wp-content\/uploads\/2021\/09\/Lagriculture-Dromoise.png","type":"image\/png"}],"twitter_card":"summary_large_image","twitter_misc":{"Dur\u00e9e de lecture estim\u00e9e":"1 minute"},"schema":{"@context":"https:\/\/schema.org","@graph":[{"@type":"WebPage","@id":"https:\/\/www.annonces-legales.org\/blog\/agriculture-dromoise\/","url":"https:\/\/www.annonces-legales.org\/blog\/agriculture-dromoise\/","name":"Agriculture Dr\u00f4moise - Actualit\u00e9 des entreprises","isPartOf":{"@id":"https:\/\/www.annonces-legales.org\/blog\/#website"},"primaryImageOfPage":{"@id":"https:\/\/www.annonces-legales.org\/blog\/agriculture-dromoise\/#primaryimage"},"image":{"@id":"https:\/\/www.annonces-legales.org\/blog\/agriculture-dromoise\/#primaryimage"},"thumbnailUrl":"https:\/\/www.annonces-legales.org\/blog\/wp-content\/uploads\/2021\/09\/Lagriculture-Dromoise.png","datePublished":"2021-09-21T14:46:17+00:00","dateModified":"2022-01-26T10:34:50+00:00","breadcrumb":{"@id":"https:\/\/www.annonces-legales.org\/blog\/agriculture-dromoise\/#breadcrumb"},"inLanguage":"fr-FR","potentialAction":[{"@type":"ReadAction","target":["https:\/\/www.annonces-legales.org\/blog\/agriculture-dromoise\/"]}]},{"@type":"ImageObject","inLanguage":"fr-FR","@id":"https:\/\/www.annonces-legales.org\/blog\/agriculture-dromoise\/#primaryimage","url":"https:\/\/www.annonces-legales.org\/blog\/wp-content\/uploads\/2021\/09\/Lagriculture-Dromoise.png","contentUrl":"https:\/\/www.annonces-legales.org\/blog\/wp-content\/uploads\/2021\/09\/Lagriculture-Dromoise.png","width":380,"height":123},{"@type":"BreadcrumbList","@id":"https:\/\/www.annonces-legales.org\/blog\/agriculture-dromoise\/#breadcrumb","itemListElement":[{"@type":"ListItem","position":1,"name":"Accueil","item":"https:\/\/www.annonces-legales.org\/blog\/"},{"@type":"ListItem","position":2,"name":"Liste des journaux habilit\u00e9s \u00e0 publier des annonces l\u00e9gales","item":"https:\/\/www.annonces-legales.org\/blog\/liste-des-journaux-habilites-a-publier-des-annonces-legales\/"},{"@type":"ListItem","position":3,"name":"Agriculture Dr\u00f4moise"}]},{"@type":"WebSite","@id":"https:\/\/www.annonces-legales.org\/blog\/#website","url":"https:\/\/www.annonces-legales.org\/blog\/","name":"Actualit\u00e9 des entreprises","description":"","publisher":{"@id":"https:\/\/www.annonces-legales.org\/blog\/#organization"},"potentialAction":[{"@type":"SearchAction","target":{"@type":"EntryPoint","urlTemplate":"https:\/\/www.annonces-legales.org\/blog\/?s={search_term_string}"},"query-input":{"@type":"PropertyValueSpecification","valueRequired":true,"valueName":"search_term_string"}}],"inLanguage":"fr-FR"},{"@type":"Organization","@id":"https:\/\/www.annonces-legales.org\/blog\/#organization","name":"Actualit\u00e9 des entreprises","url":"https:\/\/www.annonces-legales.org\/blog\/","logo":{"@type":"ImageObject","inLanguage":"fr-FR","@id":"https:\/\/www.annonces-legales.org\/blog\/#\/schema\/logo\/image\/","url":"https:\/\/www.annonces-legales.org\/blog\/wp-content\/uploads\/2023\/08\/annonces-legales.svg","contentUrl":"https:\/\/www.annonces-legales.org\/blog\/wp-content\/uploads\/2023\/08\/annonces-legales.svg","caption":"Actualit\u00e9 des entreprises"},"image":{"@id":"https:\/\/www.annonces-legales.org\/blog\/#\/schema\/logo\/image\/"}}]}},"_links":{"self":[{"href":"https:\/\/www.annonces-legales.org\/blog\/wp-json\/wp\/v2\/pages\/864","targetHints":{"allow":["GET"]}}],"collection":[{"href":"https:\/\/www.annonces-legales.org\/blog\/wp-json\/wp\/v2\/pages"}],"about":[{"href":"https:\/\/www.annonces-legales.org\/blog\/wp-json\/wp\/v2\/types\/page"}],"author":[{"embeddable":true,"href":"https:\/\/www.annonces-legales.org\/blog\/wp-json\/wp\/v2\/users\/1"}],"replies":[{"embeddable":true,"href":"https:\/\/www.annonces-legales.org\/blog\/wp-json\/wp\/v2\/comments?post=864"}],"version-history":[{"count":1,"href":"https:\/\/www.annonces-legales.org\/blog\/wp-json\/wp\/v2\/pages\/864\/revisions"}],"predecessor-version":[{"id":866,"href":"https:\/\/www.annonces-legales.org\/blog\/wp-json\/wp\/v2\/pages\/864\/revisions\/866"}],"up":[{"embeddable":true,"href":"https:\/\/www.annonces-legales.org\/blog\/wp-json\/wp\/v2\/pages\/351"}],"wp:attachment":[{"href":"https:\/\/www.annonces-legales.org\/blog\/wp-json\/wp\/v2\/media?parent=864"}],"curies":[{"name":"wp","href":"https:\/\/api.w.org\/{rel}","templated":true}]}}