{"id":867,"date":"2021-09-21T16:48:56","date_gmt":"2021-09-21T14:48:56","guid":{"rendered":"https:\/\/www.annonces-legales.org\/blog\/?page_id=867"},"modified":"2022-01-26T11:51:27","modified_gmt":"2022-01-26T10:51:27","slug":"impartial-de-la-drome","status":"publish","type":"page","link":"https:\/\/www.annonces-legales.org\/blog\/impartial-de-la-drome\/","title":{"rendered":"Impartial de la Dr\u00f4me"},"content":{"rendered":"<p><img loading=\"lazy\" decoding=\"async\" class=\"aligncenter size-full wp-image-869\" src=\"https:\/\/www.annonces-legales.org\/blog\/wp-content\/uploads\/2021\/09\/impartial-de-la-Drome-1.png\" alt=\"\" width=\"300\" height=\"75\" \/><\/p>\n<p>Le journal L&rsquo;<strong>Impartial de la Dr\u00f4me<\/strong> para\u00eet tous les jeudis dans la majorit\u00e9 des kiosques de la Dr\u00f4me. Il est vendu 1,60 euros et offre \u00e0 ses lecteurs son point de vue sur les actualit\u00e9s \u00e9conomiques, culturelles, associatives, positifs et sportifs de la vie r\u00e9gionale et locale.<br \/>\nLe journal est diffus\u00e9 \u00e0 plus de 3500 exemplaires chaque semaine. Le journal a \u00e9t\u00e9 cr\u00e9\u00e9 en 1883. Il a \u00e9t\u00e9 ensuite rachet\u00e9 par Henri Deval en 1908. Les descendants de Henri Deval poss\u00e8dent toujours le journal via leur entreprise Groupe Deval. Ce groupe poss\u00e8de \u00e9galement le journal l&rsquo;<a href=\"https:\/\/www.annonces-legales.org\/blog\/echo-drome-ardeche\/\">\u00e9cho Dr\u00f4me Ard\u00e8che le valentinois<\/a>.<br \/>\nL&rsquo;\u00e9quipe du journal se compose de quatre journalistes et d&rsquo;une multitude de correspondants.<\/p>\n<p>C&rsquo;est un journal qui poss\u00e8de l&rsquo;habilitation pour<strong> ins\u00e9rer des annonces l\u00e9gales pour le d\u00e9partement de la Dr\u00f4me<\/strong>.<\/p>\n<p>Pour 3,75 \u20ac par mois, les dr\u00f4mois peut s&rsquo;abonner \u00e0 la version num\u00e9rique du journal. L&rsquo;abonnement pour recevoir l&rsquo;Impartial de la Dr\u00f4me dans sa bo\u00eete aux lettres chaque semaine est de 6,25 \u20ac par mois.<\/p>\n<p>Le si\u00e8ge social du journal et 45, Place Jean-Jaur\u00e8s \u00e0 Romans-sur-Is\u00e8re (26100).<br \/>\nAdresse mail du journal : redaction@limpartial.fr<br \/>\nT\u00e9l\u00e9phone du journal : 04 75 72 72 20<\/p>\n","protected":false},"excerpt":{"rendered":"<p>Le journal L&rsquo;Impartial de la Dr\u00f4me para\u00eet tous les jeudis dans la majorit\u00e9 des kiosques de la Dr\u00f4me. Il est [&hellip;]<\/p>\n","protected":false},"author":1,"featured_media":0,"parent":351,"menu_order":0,"comment_status":"closed","ping_status":"closed","template":"","meta":{"inline_featured_image":false,"footnotes":""},"class_list":["post-867","page","type-page","status-publish","hentry"],"yoast_head":"<!-- This site is optimized with the Yoast SEO plugin v26.8 - https:\/\/yoast.com\/product\/yoast-seo-wordpress\/ -->\n<title>Impartial de la Dr\u00f4me - Actualit\u00e9 des entreprises<\/title>\n<meta name=\"robots\" content=\"index, follow, max-snippet:-1, max-image-preview:large, max-video-preview:-1\" \/>\n<link rel=\"canonical\" href=\"https:\/\/www.annonces-legales.org\/blog\/impartial-de-la-drome\/\" \/>\n<meta property=\"og:locale\" content=\"fr_FR\" \/>\n<meta property=\"og:type\" content=\"article\" \/>\n<meta property=\"og:title\" content=\"Impartial de la Dr\u00f4me - Actualit\u00e9 des entreprises\" \/>\n<meta property=\"og:description\" content=\"Le journal L&rsquo;Impartial de la Dr\u00f4me para\u00eet tous les jeudis dans la majorit\u00e9 des kiosques de la Dr\u00f4me. Il est [&hellip;]\" \/>\n<meta property=\"og:url\" content=\"https:\/\/www.annonces-legales.org\/blog\/impartial-de-la-drome\/\" \/>\n<meta property=\"og:site_name\" content=\"Actualit\u00e9 des entreprises\" \/>\n<meta property=\"article:modified_time\" content=\"2022-01-26T10:51:27+00:00\" \/>\n<meta property=\"og:image\" content=\"https:\/\/www.annonces-legales.org\/blog\/wp-content\/uploads\/2021\/09\/impartial-de-la-Drome-1.png\" \/>\n\t<meta property=\"og:image:width\" content=\"300\" \/>\n\t<meta property=\"og:image:height\" content=\"75\" \/>\n\t<meta property=\"og:image:type\" content=\"image\/png\" \/>\n<meta name=\"twitter:card\" content=\"summary_large_image\" \/>\n<meta name=\"twitter:label1\" content=\"Dur\u00e9e de lecture estim\u00e9e\" \/>\n\t<meta name=\"twitter:data1\" content=\"1 minute\" \/>\n<script type=\"application\/ld+json\" class=\"yoast-schema-graph\">{\"@context\":\"https:\/\/schema.org\",\"@graph\":[{\"@type\":\"WebPage\",\"@id\":\"https:\/\/www.annonces-legales.org\/blog\/impartial-de-la-drome\/\",\"url\":\"https:\/\/www.annonces-legales.org\/blog\/impartial-de-la-drome\/\",\"name\":\"Impartial de la Dr\u00f4me - Actualit\u00e9 des entreprises\",\"isPartOf\":{\"@id\":\"https:\/\/www.annonces-legales.org\/blog\/#website\"},\"primaryImageOfPage\":{\"@id\":\"https:\/\/www.annonces-legales.org\/blog\/impartial-de-la-drome\/#primaryimage\"},\"image\":{\"@id\":\"https:\/\/www.annonces-legales.org\/blog\/impartial-de-la-drome\/#primaryimage\"},\"thumbnailUrl\":\"https:\/\/www.annonces-legales.org\/blog\/wp-content\/uploads\/2021\/09\/impartial-de-la-Drome-1.png\",\"datePublished\":\"2021-09-21T14:48:56+00:00\",\"dateModified\":\"2022-01-26T10:51:27+00:00\",\"breadcrumb\":{\"@id\":\"https:\/\/www.annonces-legales.org\/blog\/impartial-de-la-drome\/#breadcrumb\"},\"inLanguage\":\"fr-FR\",\"potentialAction\":[{\"@type\":\"ReadAction\",\"target\":[\"https:\/\/www.annonces-legales.org\/blog\/impartial-de-la-drome\/\"]}]},{\"@type\":\"ImageObject\",\"inLanguage\":\"fr-FR\",\"@id\":\"https:\/\/www.annonces-legales.org\/blog\/impartial-de-la-drome\/#primaryimage\",\"url\":\"https:\/\/www.annonces-legales.org\/blog\/wp-content\/uploads\/2021\/09\/impartial-de-la-Drome-1.png\",\"contentUrl\":\"https:\/\/www.annonces-legales.org\/blog\/wp-content\/uploads\/2021\/09\/impartial-de-la-Drome-1.png\",\"width\":300,\"height\":75},{\"@type\":\"BreadcrumbList\",\"@id\":\"https:\/\/www.annonces-legales.org\/blog\/impartial-de-la-drome\/#breadcrumb\",\"itemListElement\":[{\"@type\":\"ListItem\",\"position\":1,\"name\":\"Accueil\",\"item\":\"https:\/\/www.annonces-legales.org\/blog\/\"},{\"@type\":\"ListItem\",\"position\":2,\"name\":\"Liste des journaux habilit\u00e9s \u00e0 publier des annonces l\u00e9gales\",\"item\":\"https:\/\/www.annonces-legales.org\/blog\/liste-des-journaux-habilites-a-publier-des-annonces-legales\/\"},{\"@type\":\"ListItem\",\"position\":3,\"name\":\"Impartial de la Dr\u00f4me\"}]},{\"@type\":\"WebSite\",\"@id\":\"https:\/\/www.annonces-legales.org\/blog\/#website\",\"url\":\"https:\/\/www.annonces-legales.org\/blog\/\",\"name\":\"Actualit\u00e9 des entreprises\",\"description\":\"\",\"publisher\":{\"@id\":\"https:\/\/www.annonces-legales.org\/blog\/#organization\"},\"potentialAction\":[{\"@type\":\"SearchAction\",\"target\":{\"@type\":\"EntryPoint\",\"urlTemplate\":\"https:\/\/www.annonces-legales.org\/blog\/?s={search_term_string}\"},\"query-input\":{\"@type\":\"PropertyValueSpecification\",\"valueRequired\":true,\"valueName\":\"search_term_string\"}}],\"inLanguage\":\"fr-FR\"},{\"@type\":\"Organization\",\"@id\":\"https:\/\/www.annonces-legales.org\/blog\/#organization\",\"name\":\"Actualit\u00e9 des entreprises\",\"url\":\"https:\/\/www.annonces-legales.org\/blog\/\",\"logo\":{\"@type\":\"ImageObject\",\"inLanguage\":\"fr-FR\",\"@id\":\"https:\/\/www.annonces-legales.org\/blog\/#\/schema\/logo\/image\/\",\"url\":\"https:\/\/www.annonces-legales.org\/blog\/wp-content\/uploads\/2023\/08\/annonces-legales.svg\",\"contentUrl\":\"https:\/\/www.annonces-legales.org\/blog\/wp-content\/uploads\/2023\/08\/annonces-legales.svg\",\"caption\":\"Actualit\u00e9 des entreprises\"},\"image\":{\"@id\":\"https:\/\/www.annonces-legales.org\/blog\/#\/schema\/logo\/image\/\"}}]}<\/script>\n<!-- \/ Yoast SEO plugin. -->","yoast_head_json":{"title":"Impartial de la Dr\u00f4me - Actualit\u00e9 des entreprises","robots":{"index":"index","follow":"follow","max-snippet":"max-snippet:-1","max-image-preview":"max-image-preview:large","max-video-preview":"max-video-preview:-1"},"canonical":"https:\/\/www.annonces-legales.org\/blog\/impartial-de-la-drome\/","og_locale":"fr_FR","og_type":"article","og_title":"Impartial de la Dr\u00f4me - Actualit\u00e9 des entreprises","og_description":"Le journal L&rsquo;Impartial de la Dr\u00f4me para\u00eet tous les jeudis dans la majorit\u00e9 des kiosques de la Dr\u00f4me. Il est [&hellip;]","og_url":"https:\/\/www.annonces-legales.org\/blog\/impartial-de-la-drome\/","og_site_name":"Actualit\u00e9 des entreprises","article_modified_time":"2022-01-26T10:51:27+00:00","og_image":[{"width":300,"height":75,"url":"https:\/\/www.annonces-legales.org\/blog\/wp-content\/uploads\/2021\/09\/impartial-de-la-Drome-1.png","type":"image\/png"}],"twitter_card":"summary_large_image","twitter_misc":{"Dur\u00e9e de lecture estim\u00e9e":"1 minute"},"schema":{"@context":"https:\/\/schema.org","@graph":[{"@type":"WebPage","@id":"https:\/\/www.annonces-legales.org\/blog\/impartial-de-la-drome\/","url":"https:\/\/www.annonces-legales.org\/blog\/impartial-de-la-drome\/","name":"Impartial de la Dr\u00f4me - Actualit\u00e9 des entreprises","isPartOf":{"@id":"https:\/\/www.annonces-legales.org\/blog\/#website"},"primaryImageOfPage":{"@id":"https:\/\/www.annonces-legales.org\/blog\/impartial-de-la-drome\/#primaryimage"},"image":{"@id":"https:\/\/www.annonces-legales.org\/blog\/impartial-de-la-drome\/#primaryimage"},"thumbnailUrl":"https:\/\/www.annonces-legales.org\/blog\/wp-content\/uploads\/2021\/09\/impartial-de-la-Drome-1.png","datePublished":"2021-09-21T14:48:56+00:00","dateModified":"2022-01-26T10:51:27+00:00","breadcrumb":{"@id":"https:\/\/www.annonces-legales.org\/blog\/impartial-de-la-drome\/#breadcrumb"},"inLanguage":"fr-FR","potentialAction":[{"@type":"ReadAction","target":["https:\/\/www.annonces-legales.org\/blog\/impartial-de-la-drome\/"]}]},{"@type":"ImageObject","inLanguage":"fr-FR","@id":"https:\/\/www.annonces-legales.org\/blog\/impartial-de-la-drome\/#primaryimage","url":"https:\/\/www.annonces-legales.org\/blog\/wp-content\/uploads\/2021\/09\/impartial-de-la-Drome-1.png","contentUrl":"https:\/\/www.annonces-legales.org\/blog\/wp-content\/uploads\/2021\/09\/impartial-de-la-Drome-1.png","width":300,"height":75},{"@type":"BreadcrumbList","@id":"https:\/\/www.annonces-legales.org\/blog\/impartial-de-la-drome\/#breadcrumb","itemListElement":[{"@type":"ListItem","position":1,"name":"Accueil","item":"https:\/\/www.annonces-legales.org\/blog\/"},{"@type":"ListItem","position":2,"name":"Liste des journaux habilit\u00e9s \u00e0 publier des annonces l\u00e9gales","item":"https:\/\/www.annonces-legales.org\/blog\/liste-des-journaux-habilites-a-publier-des-annonces-legales\/"},{"@type":"ListItem","position":3,"name":"Impartial de la Dr\u00f4me"}]},{"@type":"WebSite","@id":"https:\/\/www.annonces-legales.org\/blog\/#website","url":"https:\/\/www.annonces-legales.org\/blog\/","name":"Actualit\u00e9 des entreprises","description":"","publisher":{"@id":"https:\/\/www.annonces-legales.org\/blog\/#organization"},"potentialAction":[{"@type":"SearchAction","target":{"@type":"EntryPoint","urlTemplate":"https:\/\/www.annonces-legales.org\/blog\/?s={search_term_string}"},"query-input":{"@type":"PropertyValueSpecification","valueRequired":true,"valueName":"search_term_string"}}],"inLanguage":"fr-FR"},{"@type":"Organization","@id":"https:\/\/www.annonces-legales.org\/blog\/#organization","name":"Actualit\u00e9 des entreprises","url":"https:\/\/www.annonces-legales.org\/blog\/","logo":{"@type":"ImageObject","inLanguage":"fr-FR","@id":"https:\/\/www.annonces-legales.org\/blog\/#\/schema\/logo\/image\/","url":"https:\/\/www.annonces-legales.org\/blog\/wp-content\/uploads\/2023\/08\/annonces-legales.svg","contentUrl":"https:\/\/www.annonces-legales.org\/blog\/wp-content\/uploads\/2023\/08\/annonces-legales.svg","caption":"Actualit\u00e9 des entreprises"},"image":{"@id":"https:\/\/www.annonces-legales.org\/blog\/#\/schema\/logo\/image\/"}}]}},"_links":{"self":[{"href":"https:\/\/www.annonces-legales.org\/blog\/wp-json\/wp\/v2\/pages\/867","targetHints":{"allow":["GET"]}}],"collection":[{"href":"https:\/\/www.annonces-legales.org\/blog\/wp-json\/wp\/v2\/pages"}],"about":[{"href":"https:\/\/www.annonces-legales.org\/blog\/wp-json\/wp\/v2\/types\/page"}],"author":[{"embeddable":true,"href":"https:\/\/www.annonces-legales.org\/blog\/wp-json\/wp\/v2\/users\/1"}],"replies":[{"embeddable":true,"href":"https:\/\/www.annonces-legales.org\/blog\/wp-json\/wp\/v2\/comments?post=867"}],"version-history":[{"count":1,"href":"https:\/\/www.annonces-legales.org\/blog\/wp-json\/wp\/v2\/pages\/867\/revisions"}],"predecessor-version":[{"id":870,"href":"https:\/\/www.annonces-legales.org\/blog\/wp-json\/wp\/v2\/pages\/867\/revisions\/870"}],"up":[{"embeddable":true,"href":"https:\/\/www.annonces-legales.org\/blog\/wp-json\/wp\/v2\/pages\/351"}],"wp:attachment":[{"href":"https:\/\/www.annonces-legales.org\/blog\/wp-json\/wp\/v2\/media?parent=867"}],"curies":[{"name":"wp","href":"https:\/\/api.w.org\/{rel}","templated":true}]}}