{"id":871,"date":"2021-09-21T16:50:54","date_gmt":"2021-09-21T14:50:54","guid":{"rendered":"https:\/\/www.annonces-legales.org\/blog\/?page_id=871"},"modified":"2022-01-26T11:51:08","modified_gmt":"2022-01-26T10:51:08","slug":"hebdomadaire-darmor","status":"publish","type":"page","link":"https:\/\/www.annonces-legales.org\/blog\/hebdomadaire-darmor\/","title":{"rendered":"Hebdomadaire d&rsquo;Armor"},"content":{"rendered":"<p><img loading=\"lazy\" decoding=\"async\" class=\"aligncenter size-full wp-image-872\" src=\"https:\/\/www.annonces-legales.org\/blog\/wp-content\/uploads\/2021\/09\/Lhebdomadaire-dArmor.png\" alt=\"\" width=\"225\" height=\"225\" srcset=\"https:\/\/www.annonces-legales.org\/blog\/wp-content\/uploads\/2021\/09\/Lhebdomadaire-dArmor.png 225w, https:\/\/www.annonces-legales.org\/blog\/wp-content\/uploads\/2021\/09\/Lhebdomadaire-dArmor-150x150.png 150w\" sizes=\"auto, (max-width: 225px) 100vw, 225px\" \/><\/p>\n<p>L&rsquo;<strong>Hebdomadaire d&rsquo;Armor<\/strong> publie des informations sur la vie associative, politique et sportive des d\u00e9partements de C\u00f4tes-d&rsquo;Armor, d&rsquo;Ille-et-Vilaine et du Morbihan. De mani\u00e8re plus pr\u00e9cise, le journal propose des actualit\u00e9s sur le pays de Broc\u00e9liande, de Rance, de Men\u00e9, de Loud\u00e9ac, de Penthi\u00e8vre,de Porho\u00ebt, du Gueslin et d&rsquo;Arguenon Hunaudaye.<br \/>\nLe journal para\u00eet chaque vendredi au prix de 1,50 euros.<br \/>\nC&rsquo;est un <strong>journal ind\u00e9pendant<\/strong> \u00e9dit\u00e9 par l&rsquo;imprimerie Le Maire situ\u00e9 elle aussi \u00e0 Merdrignac.<\/p>\n<p>L&rsquo;adresse du journal est 64, Rue de la pommeraie \u00e0 Merdrignac (22230).<\/p>\n<p>Cet hebdomadaire poss\u00e8de l&rsquo;habilitation pour publier des annonces l\u00e9gales dans les d\u00e9partements d&rsquo;Ille-et-Vilaine et des C\u00f4tes-d&rsquo;Armor.<\/p>\n<h2>Vous souhaitez publier une annonce l\u00e9gale en Ille-et-Vilaine ou en C\u00f4tes-d&rsquo;Armor ?<\/h2>\n<p>Pour cela, il faut utiliser un journal d&rsquo;annonce l\u00e9gale habilit\u00e9 comme l&rsquo;hebdomadaire d&rsquo;Armor. Cependant, il y a beaucoup d&rsquo;autres journaux habilit\u00e9s pour faire ce type d&rsquo;annonce dans ces deux d\u00e9partements.<br \/>\nPour obtenir le meilleur prix pour une annonce officielle, nous vous conseillons de faire un devis en cliquant ci-dessous.<\/p>\n<p>&nbsp;<\/p>\n<br\/><br\/><div class=\"entry-content notopmargin\">\n\t<img decoding=\"async\" class=\"img-fluid fleft\" src=\"https:\/\/www.annonces-legales.org\/images\/rapide-economique-tout-departement.png\" alt=\"Journal d'annonce l\u00e9gale habilit\u00e9 \"><a href=\"https:\/\/www.annonces-legales.org\/publication-annonce-legale.html\" class=\"button button-desc fright mtop30\"><div>Je publie<br> mon annonce<br> l\u00e9gale<\/div><span>dans un journal habilit\u00e9 !<\/span><\/a>\n<\/div><div class=\"clrbth\"><\/div><br\/><br\/>\n","protected":false},"excerpt":{"rendered":"<p>L&rsquo;Hebdomadaire d&rsquo;Armor publie des informations sur la vie associative, politique et sportive des d\u00e9partements de C\u00f4tes-d&rsquo;Armor, d&rsquo;Ille-et-Vilaine et du Morbihan. [&hellip;]<\/p>\n","protected":false},"author":1,"featured_media":0,"parent":351,"menu_order":0,"comment_status":"closed","ping_status":"closed","template":"","meta":{"inline_featured_image":false,"footnotes":""},"class_list":["post-871","page","type-page","status-publish","hentry"],"yoast_head":"<!-- This site is optimized with the Yoast SEO plugin v26.8 - https:\/\/yoast.com\/product\/yoast-seo-wordpress\/ -->\n<title>Hebdomadaire d&#039;Armor - Actualit\u00e9 des entreprises<\/title>\n<meta name=\"robots\" content=\"index, follow, max-snippet:-1, max-image-preview:large, max-video-preview:-1\" \/>\n<link rel=\"canonical\" href=\"https:\/\/www.annonces-legales.org\/blog\/hebdomadaire-darmor\/\" \/>\n<meta property=\"og:locale\" content=\"fr_FR\" \/>\n<meta property=\"og:type\" content=\"article\" \/>\n<meta property=\"og:title\" content=\"Hebdomadaire d&#039;Armor - Actualit\u00e9 des entreprises\" \/>\n<meta property=\"og:description\" content=\"L&rsquo;Hebdomadaire d&rsquo;Armor publie des informations sur la vie associative, politique et sportive des d\u00e9partements de C\u00f4tes-d&rsquo;Armor, d&rsquo;Ille-et-Vilaine et du Morbihan. [&hellip;]\" \/>\n<meta property=\"og:url\" content=\"https:\/\/www.annonces-legales.org\/blog\/hebdomadaire-darmor\/\" \/>\n<meta property=\"og:site_name\" content=\"Actualit\u00e9 des entreprises\" \/>\n<meta property=\"article:modified_time\" content=\"2022-01-26T10:51:08+00:00\" \/>\n<meta property=\"og:image\" content=\"https:\/\/www.annonces-legales.org\/blog\/wp-content\/uploads\/2021\/09\/Lhebdomadaire-dArmor.png\" \/>\n\t<meta property=\"og:image:width\" content=\"225\" \/>\n\t<meta property=\"og:image:height\" content=\"225\" \/>\n\t<meta property=\"og:image:type\" content=\"image\/png\" \/>\n<meta name=\"twitter:card\" content=\"summary_large_image\" \/>\n<meta name=\"twitter:label1\" content=\"Dur\u00e9e de lecture estim\u00e9e\" \/>\n\t<meta name=\"twitter:data1\" content=\"1 minute\" \/>\n<script type=\"application\/ld+json\" class=\"yoast-schema-graph\">{\"@context\":\"https:\/\/schema.org\",\"@graph\":[{\"@type\":\"WebPage\",\"@id\":\"https:\/\/www.annonces-legales.org\/blog\/hebdomadaire-darmor\/\",\"url\":\"https:\/\/www.annonces-legales.org\/blog\/hebdomadaire-darmor\/\",\"name\":\"Hebdomadaire d'Armor - Actualit\u00e9 des entreprises\",\"isPartOf\":{\"@id\":\"https:\/\/www.annonces-legales.org\/blog\/#website\"},\"primaryImageOfPage\":{\"@id\":\"https:\/\/www.annonces-legales.org\/blog\/hebdomadaire-darmor\/#primaryimage\"},\"image\":{\"@id\":\"https:\/\/www.annonces-legales.org\/blog\/hebdomadaire-darmor\/#primaryimage\"},\"thumbnailUrl\":\"https:\/\/www.annonces-legales.org\/blog\/wp-content\/uploads\/2021\/09\/Lhebdomadaire-dArmor.png\",\"datePublished\":\"2021-09-21T14:50:54+00:00\",\"dateModified\":\"2022-01-26T10:51:08+00:00\",\"breadcrumb\":{\"@id\":\"https:\/\/www.annonces-legales.org\/blog\/hebdomadaire-darmor\/#breadcrumb\"},\"inLanguage\":\"fr-FR\",\"potentialAction\":[{\"@type\":\"ReadAction\",\"target\":[\"https:\/\/www.annonces-legales.org\/blog\/hebdomadaire-darmor\/\"]}]},{\"@type\":\"ImageObject\",\"inLanguage\":\"fr-FR\",\"@id\":\"https:\/\/www.annonces-legales.org\/blog\/hebdomadaire-darmor\/#primaryimage\",\"url\":\"https:\/\/www.annonces-legales.org\/blog\/wp-content\/uploads\/2021\/09\/Lhebdomadaire-dArmor.png\",\"contentUrl\":\"https:\/\/www.annonces-legales.org\/blog\/wp-content\/uploads\/2021\/09\/Lhebdomadaire-dArmor.png\",\"width\":225,\"height\":225},{\"@type\":\"BreadcrumbList\",\"@id\":\"https:\/\/www.annonces-legales.org\/blog\/hebdomadaire-darmor\/#breadcrumb\",\"itemListElement\":[{\"@type\":\"ListItem\",\"position\":1,\"name\":\"Accueil\",\"item\":\"https:\/\/www.annonces-legales.org\/blog\/\"},{\"@type\":\"ListItem\",\"position\":2,\"name\":\"Liste des journaux habilit\u00e9s \u00e0 publier des annonces l\u00e9gales\",\"item\":\"https:\/\/www.annonces-legales.org\/blog\/liste-des-journaux-habilites-a-publier-des-annonces-legales\/\"},{\"@type\":\"ListItem\",\"position\":3,\"name\":\"Hebdomadaire d&rsquo;Armor\"}]},{\"@type\":\"WebSite\",\"@id\":\"https:\/\/www.annonces-legales.org\/blog\/#website\",\"url\":\"https:\/\/www.annonces-legales.org\/blog\/\",\"name\":\"Actualit\u00e9 des entreprises\",\"description\":\"\",\"publisher\":{\"@id\":\"https:\/\/www.annonces-legales.org\/blog\/#organization\"},\"potentialAction\":[{\"@type\":\"SearchAction\",\"target\":{\"@type\":\"EntryPoint\",\"urlTemplate\":\"https:\/\/www.annonces-legales.org\/blog\/?s={search_term_string}\"},\"query-input\":{\"@type\":\"PropertyValueSpecification\",\"valueRequired\":true,\"valueName\":\"search_term_string\"}}],\"inLanguage\":\"fr-FR\"},{\"@type\":\"Organization\",\"@id\":\"https:\/\/www.annonces-legales.org\/blog\/#organization\",\"name\":\"Actualit\u00e9 des entreprises\",\"url\":\"https:\/\/www.annonces-legales.org\/blog\/\",\"logo\":{\"@type\":\"ImageObject\",\"inLanguage\":\"fr-FR\",\"@id\":\"https:\/\/www.annonces-legales.org\/blog\/#\/schema\/logo\/image\/\",\"url\":\"https:\/\/www.annonces-legales.org\/blog\/wp-content\/uploads\/2023\/08\/annonces-legales.svg\",\"contentUrl\":\"https:\/\/www.annonces-legales.org\/blog\/wp-content\/uploads\/2023\/08\/annonces-legales.svg\",\"caption\":\"Actualit\u00e9 des entreprises\"},\"image\":{\"@id\":\"https:\/\/www.annonces-legales.org\/blog\/#\/schema\/logo\/image\/\"}}]}<\/script>\n<!-- \/ Yoast SEO plugin. -->","yoast_head_json":{"title":"Hebdomadaire d'Armor - Actualit\u00e9 des entreprises","robots":{"index":"index","follow":"follow","max-snippet":"max-snippet:-1","max-image-preview":"max-image-preview:large","max-video-preview":"max-video-preview:-1"},"canonical":"https:\/\/www.annonces-legales.org\/blog\/hebdomadaire-darmor\/","og_locale":"fr_FR","og_type":"article","og_title":"Hebdomadaire d'Armor - Actualit\u00e9 des entreprises","og_description":"L&rsquo;Hebdomadaire d&rsquo;Armor publie des informations sur la vie associative, politique et sportive des d\u00e9partements de C\u00f4tes-d&rsquo;Armor, d&rsquo;Ille-et-Vilaine et du Morbihan. [&hellip;]","og_url":"https:\/\/www.annonces-legales.org\/blog\/hebdomadaire-darmor\/","og_site_name":"Actualit\u00e9 des entreprises","article_modified_time":"2022-01-26T10:51:08+00:00","og_image":[{"width":225,"height":225,"url":"https:\/\/www.annonces-legales.org\/blog\/wp-content\/uploads\/2021\/09\/Lhebdomadaire-dArmor.png","type":"image\/png"}],"twitter_card":"summary_large_image","twitter_misc":{"Dur\u00e9e de lecture estim\u00e9e":"1 minute"},"schema":{"@context":"https:\/\/schema.org","@graph":[{"@type":"WebPage","@id":"https:\/\/www.annonces-legales.org\/blog\/hebdomadaire-darmor\/","url":"https:\/\/www.annonces-legales.org\/blog\/hebdomadaire-darmor\/","name":"Hebdomadaire d'Armor - Actualit\u00e9 des entreprises","isPartOf":{"@id":"https:\/\/www.annonces-legales.org\/blog\/#website"},"primaryImageOfPage":{"@id":"https:\/\/www.annonces-legales.org\/blog\/hebdomadaire-darmor\/#primaryimage"},"image":{"@id":"https:\/\/www.annonces-legales.org\/blog\/hebdomadaire-darmor\/#primaryimage"},"thumbnailUrl":"https:\/\/www.annonces-legales.org\/blog\/wp-content\/uploads\/2021\/09\/Lhebdomadaire-dArmor.png","datePublished":"2021-09-21T14:50:54+00:00","dateModified":"2022-01-26T10:51:08+00:00","breadcrumb":{"@id":"https:\/\/www.annonces-legales.org\/blog\/hebdomadaire-darmor\/#breadcrumb"},"inLanguage":"fr-FR","potentialAction":[{"@type":"ReadAction","target":["https:\/\/www.annonces-legales.org\/blog\/hebdomadaire-darmor\/"]}]},{"@type":"ImageObject","inLanguage":"fr-FR","@id":"https:\/\/www.annonces-legales.org\/blog\/hebdomadaire-darmor\/#primaryimage","url":"https:\/\/www.annonces-legales.org\/blog\/wp-content\/uploads\/2021\/09\/Lhebdomadaire-dArmor.png","contentUrl":"https:\/\/www.annonces-legales.org\/blog\/wp-content\/uploads\/2021\/09\/Lhebdomadaire-dArmor.png","width":225,"height":225},{"@type":"BreadcrumbList","@id":"https:\/\/www.annonces-legales.org\/blog\/hebdomadaire-darmor\/#breadcrumb","itemListElement":[{"@type":"ListItem","position":1,"name":"Accueil","item":"https:\/\/www.annonces-legales.org\/blog\/"},{"@type":"ListItem","position":2,"name":"Liste des journaux habilit\u00e9s \u00e0 publier des annonces l\u00e9gales","item":"https:\/\/www.annonces-legales.org\/blog\/liste-des-journaux-habilites-a-publier-des-annonces-legales\/"},{"@type":"ListItem","position":3,"name":"Hebdomadaire d&rsquo;Armor"}]},{"@type":"WebSite","@id":"https:\/\/www.annonces-legales.org\/blog\/#website","url":"https:\/\/www.annonces-legales.org\/blog\/","name":"Actualit\u00e9 des entreprises","description":"","publisher":{"@id":"https:\/\/www.annonces-legales.org\/blog\/#organization"},"potentialAction":[{"@type":"SearchAction","target":{"@type":"EntryPoint","urlTemplate":"https:\/\/www.annonces-legales.org\/blog\/?s={search_term_string}"},"query-input":{"@type":"PropertyValueSpecification","valueRequired":true,"valueName":"search_term_string"}}],"inLanguage":"fr-FR"},{"@type":"Organization","@id":"https:\/\/www.annonces-legales.org\/blog\/#organization","name":"Actualit\u00e9 des entreprises","url":"https:\/\/www.annonces-legales.org\/blog\/","logo":{"@type":"ImageObject","inLanguage":"fr-FR","@id":"https:\/\/www.annonces-legales.org\/blog\/#\/schema\/logo\/image\/","url":"https:\/\/www.annonces-legales.org\/blog\/wp-content\/uploads\/2023\/08\/annonces-legales.svg","contentUrl":"https:\/\/www.annonces-legales.org\/blog\/wp-content\/uploads\/2023\/08\/annonces-legales.svg","caption":"Actualit\u00e9 des entreprises"},"image":{"@id":"https:\/\/www.annonces-legales.org\/blog\/#\/schema\/logo\/image\/"}}]}},"_links":{"self":[{"href":"https:\/\/www.annonces-legales.org\/blog\/wp-json\/wp\/v2\/pages\/871","targetHints":{"allow":["GET"]}}],"collection":[{"href":"https:\/\/www.annonces-legales.org\/blog\/wp-json\/wp\/v2\/pages"}],"about":[{"href":"https:\/\/www.annonces-legales.org\/blog\/wp-json\/wp\/v2\/types\/page"}],"author":[{"embeddable":true,"href":"https:\/\/www.annonces-legales.org\/blog\/wp-json\/wp\/v2\/users\/1"}],"replies":[{"embeddable":true,"href":"https:\/\/www.annonces-legales.org\/blog\/wp-json\/wp\/v2\/comments?post=871"}],"version-history":[{"count":1,"href":"https:\/\/www.annonces-legales.org\/blog\/wp-json\/wp\/v2\/pages\/871\/revisions"}],"predecessor-version":[{"id":873,"href":"https:\/\/www.annonces-legales.org\/blog\/wp-json\/wp\/v2\/pages\/871\/revisions\/873"}],"up":[{"embeddable":true,"href":"https:\/\/www.annonces-legales.org\/blog\/wp-json\/wp\/v2\/pages\/351"}],"wp:attachment":[{"href":"https:\/\/www.annonces-legales.org\/blog\/wp-json\/wp\/v2\/media?parent=871"}],"curies":[{"name":"wp","href":"https:\/\/api.w.org\/{rel}","templated":true}]}}