{"id":874,"date":"2021-09-21T16:52:54","date_gmt":"2021-09-21T14:52:54","guid":{"rendered":"https:\/\/www.annonces-legales.org\/blog\/?page_id=874"},"modified":"2022-01-26T11:37:47","modified_gmt":"2022-01-26T10:37:47","slug":"creuse-agricole-et-rurale","status":"publish","type":"page","link":"https:\/\/www.annonces-legales.org\/blog\/creuse-agricole-et-rurale\/","title":{"rendered":"Creuse agricole et rurale"},"content":{"rendered":"<p><img loading=\"lazy\" decoding=\"async\" class=\"aligncenter size-full wp-image-877\" src=\"https:\/\/www.annonces-legales.org\/blog\/wp-content\/uploads\/2021\/09\/La-Creuse-agricole-et-rurale.png\" alt=\"\" width=\"220\" height=\"220\" srcset=\"https:\/\/www.annonces-legales.org\/blog\/wp-content\/uploads\/2021\/09\/La-Creuse-agricole-et-rurale.png 220w, https:\/\/www.annonces-legales.org\/blog\/wp-content\/uploads\/2021\/09\/La-Creuse-agricole-et-rurale-150x150.png 150w\" sizes=\"auto, (max-width: 220px) 100vw, 220px\" \/><\/p>\n<p>Le journal <strong>La Creuse agricole et rurale<\/strong> est un hebdomadaire que l&rsquo;on peut trouver en kiosque tous les vendredis dans le d\u00e9partement de la Creuse.<br \/>\nSelon le syndicat FNPS, le tirage moyen du journal et 2700 exemplaires. Le lectorat du journal est compos\u00e9 principalement d&rsquo;<strong>agriculteurs Creusois<\/strong>.<\/p>\n<p>L&rsquo;adresse du journal est 2, Rue Martinet \u00e0 Gu\u00e9ret 23005. Son t\u00e9l\u00e9phone est le 05 55 41 71 24.<\/p>\n<p>Le journal appartient au groupe de presse R\u00e9ussir qui poss\u00e8de plus de 40 titre de presse agricole qui couvre plus de 59 d\u00e9partements fran\u00e7ais. Parmi les titres publi\u00e9es par cette entreprise, on retrouve par exemple l&rsquo;<a href=\"https:\/\/www.annonces-legales.org\/blog\/information-agricole-du-cher\/\">information agricole du Cher<\/a>, l&rsquo;<a href=\"https:\/\/www.annonces-legales.org\/blog\/allier-agricole\/\">Allier agricole<\/a>, La Vend\u00e9e agricole, Agri 72, l&rsquo;Agriculteur Normand\u2026<\/p>\n<p>Les entreprises creusoises peuvent utiliser ce journal afin de faire <strong>publier leurs annonces judiciaires et l\u00e9gales<\/strong>. En effet, la pr\u00e9fecture de la Creuse a fourni une habilitation \u00e0 cet hebdomadaire pour ins\u00e9rer des textes officiels.<\/p>\n<p>&nbsp;<\/p>\n<p>&nbsp;<\/p>\n<h2>Vous voulez publier une annonce officielle ou un avis de constitution dans dans un JAL de la Creuse ?<\/h2>\n<p>Vous pouvez demander un devis sans inscription et ainsi obtenir les meilleurs prix possibles.<\/p>\n<br\/><br\/><div class=\"entry-content notopmargin\">\n\t<img decoding=\"async\" class=\"img-fluid fleft\" src=\"https:\/\/www.annonces-legales.org\/images\/rapide-economique-tout-departement.png\" alt=\"Journal d'annonce l\u00e9gale de la Creuse \"><a href=\"https:\/\/www.annonces-legales.org\/publication-annonce-legale.html\" class=\"button button-desc fright mtop30\"><div>Je publie<br> mon annonce<br> l\u00e9gale<\/div><span>dans un journal de la Creuse !<\/span><\/a>\n<\/div><div class=\"clrbth\"><\/div><br\/><br\/>\n<p>&nbsp;<\/p>\n<h2>Selon quels crit\u00e8res s\u00e9lectionner un journal d&rsquo;annonce l\u00e9gale et judiciaire pour la Creuse ?<\/h2>\n<p>Le journal choisi pour publier une annonce l\u00e9gale n&rsquo;a pas d&rsquo;importance.<br \/>\nCependant, il est indispensable de v\u00e9rifier qu&rsquo;il poss\u00e8de l&rsquo;homologation de la pr\u00e9fecture du 23 pour r\u00e9aliser une annonce l\u00e9gale.<\/p>\n<p>&nbsp;<\/p>\n<h2>Est-il juste de dire que cette formalit\u00e9 d&rsquo;annonce l\u00e9gale est seulement un pr\u00e9l\u00e8vement fiscal ?<\/h2>\n<p>&nbsp;<\/p>\n<p>Il n&rsquo;est pas possible de dire objectivement que les annonces l\u00e9gales sont une contribution fiscale.<br \/>\nOn peut les juger ainsi car leur fonctionnement pourrait \u00eatre simplifi\u00e9 et co\u00fbter moins d&rsquo;argent. La loi PACTE de 2020, a d\u00e9j\u00e0 modifi\u00e9 profond\u00e9ment la nature et le fonctionnement de cette formalit\u00e9.\u00a0 Gageons qu&rsquo;\u00e0 l&rsquo;avenir, de nouveaux changements pourront permettre de simplifier cette formalit\u00e9.<\/p>\n<p>&nbsp;<\/p>\n","protected":false},"excerpt":{"rendered":"<p>Le journal La Creuse agricole et rurale est un hebdomadaire que l&rsquo;on peut trouver en kiosque tous les vendredis dans [&hellip;]<\/p>\n","protected":false},"author":1,"featured_media":0,"parent":351,"menu_order":0,"comment_status":"closed","ping_status":"closed","template":"","meta":{"inline_featured_image":false,"footnotes":""},"class_list":["post-874","page","type-page","status-publish","hentry"],"yoast_head":"<!-- This site is optimized with the Yoast SEO plugin v26.8 - https:\/\/yoast.com\/product\/yoast-seo-wordpress\/ -->\n<title>Creuse agricole et rurale - Actualit\u00e9 des entreprises<\/title>\n<meta name=\"robots\" content=\"index, follow, max-snippet:-1, max-image-preview:large, max-video-preview:-1\" \/>\n<link rel=\"canonical\" href=\"https:\/\/www.annonces-legales.org\/blog\/creuse-agricole-et-rurale\/\" \/>\n<meta property=\"og:locale\" content=\"fr_FR\" \/>\n<meta property=\"og:type\" content=\"article\" \/>\n<meta property=\"og:title\" content=\"Creuse agricole et rurale - Actualit\u00e9 des entreprises\" \/>\n<meta property=\"og:description\" content=\"Le journal La Creuse agricole et rurale est un hebdomadaire que l&rsquo;on peut trouver en kiosque tous les vendredis dans [&hellip;]\" \/>\n<meta property=\"og:url\" content=\"https:\/\/www.annonces-legales.org\/blog\/creuse-agricole-et-rurale\/\" \/>\n<meta property=\"og:site_name\" content=\"Actualit\u00e9 des entreprises\" \/>\n<meta property=\"article:modified_time\" content=\"2022-01-26T10:37:47+00:00\" \/>\n<meta property=\"og:image\" content=\"https:\/\/www.annonces-legales.org\/blog\/wp-content\/uploads\/2021\/09\/La-Creuse-agricole-et-rurale.png\" \/>\n\t<meta property=\"og:image:width\" content=\"220\" \/>\n\t<meta property=\"og:image:height\" content=\"220\" \/>\n\t<meta property=\"og:image:type\" content=\"image\/png\" \/>\n<meta name=\"twitter:card\" content=\"summary_large_image\" \/>\n<meta name=\"twitter:label1\" content=\"Dur\u00e9e de lecture estim\u00e9e\" \/>\n\t<meta name=\"twitter:data1\" content=\"2 minutes\" \/>\n<script type=\"application\/ld+json\" class=\"yoast-schema-graph\">{\"@context\":\"https:\/\/schema.org\",\"@graph\":[{\"@type\":\"WebPage\",\"@id\":\"https:\/\/www.annonces-legales.org\/blog\/creuse-agricole-et-rurale\/\",\"url\":\"https:\/\/www.annonces-legales.org\/blog\/creuse-agricole-et-rurale\/\",\"name\":\"Creuse agricole et rurale - Actualit\u00e9 des entreprises\",\"isPartOf\":{\"@id\":\"https:\/\/www.annonces-legales.org\/blog\/#website\"},\"primaryImageOfPage\":{\"@id\":\"https:\/\/www.annonces-legales.org\/blog\/creuse-agricole-et-rurale\/#primaryimage\"},\"image\":{\"@id\":\"https:\/\/www.annonces-legales.org\/blog\/creuse-agricole-et-rurale\/#primaryimage\"},\"thumbnailUrl\":\"https:\/\/www.annonces-legales.org\/blog\/wp-content\/uploads\/2021\/09\/La-Creuse-agricole-et-rurale.png\",\"datePublished\":\"2021-09-21T14:52:54+00:00\",\"dateModified\":\"2022-01-26T10:37:47+00:00\",\"breadcrumb\":{\"@id\":\"https:\/\/www.annonces-legales.org\/blog\/creuse-agricole-et-rurale\/#breadcrumb\"},\"inLanguage\":\"fr-FR\",\"potentialAction\":[{\"@type\":\"ReadAction\",\"target\":[\"https:\/\/www.annonces-legales.org\/blog\/creuse-agricole-et-rurale\/\"]}]},{\"@type\":\"ImageObject\",\"inLanguage\":\"fr-FR\",\"@id\":\"https:\/\/www.annonces-legales.org\/blog\/creuse-agricole-et-rurale\/#primaryimage\",\"url\":\"https:\/\/www.annonces-legales.org\/blog\/wp-content\/uploads\/2021\/09\/La-Creuse-agricole-et-rurale.png\",\"contentUrl\":\"https:\/\/www.annonces-legales.org\/blog\/wp-content\/uploads\/2021\/09\/La-Creuse-agricole-et-rurale.png\",\"width\":220,\"height\":220},{\"@type\":\"BreadcrumbList\",\"@id\":\"https:\/\/www.annonces-legales.org\/blog\/creuse-agricole-et-rurale\/#breadcrumb\",\"itemListElement\":[{\"@type\":\"ListItem\",\"position\":1,\"name\":\"Accueil\",\"item\":\"https:\/\/www.annonces-legales.org\/blog\/\"},{\"@type\":\"ListItem\",\"position\":2,\"name\":\"Liste des journaux habilit\u00e9s \u00e0 publier des annonces l\u00e9gales\",\"item\":\"https:\/\/www.annonces-legales.org\/blog\/liste-des-journaux-habilites-a-publier-des-annonces-legales\/\"},{\"@type\":\"ListItem\",\"position\":3,\"name\":\"Creuse agricole et rurale\"}]},{\"@type\":\"WebSite\",\"@id\":\"https:\/\/www.annonces-legales.org\/blog\/#website\",\"url\":\"https:\/\/www.annonces-legales.org\/blog\/\",\"name\":\"Actualit\u00e9 des entreprises\",\"description\":\"\",\"publisher\":{\"@id\":\"https:\/\/www.annonces-legales.org\/blog\/#organization\"},\"potentialAction\":[{\"@type\":\"SearchAction\",\"target\":{\"@type\":\"EntryPoint\",\"urlTemplate\":\"https:\/\/www.annonces-legales.org\/blog\/?s={search_term_string}\"},\"query-input\":{\"@type\":\"PropertyValueSpecification\",\"valueRequired\":true,\"valueName\":\"search_term_string\"}}],\"inLanguage\":\"fr-FR\"},{\"@type\":\"Organization\",\"@id\":\"https:\/\/www.annonces-legales.org\/blog\/#organization\",\"name\":\"Actualit\u00e9 des entreprises\",\"url\":\"https:\/\/www.annonces-legales.org\/blog\/\",\"logo\":{\"@type\":\"ImageObject\",\"inLanguage\":\"fr-FR\",\"@id\":\"https:\/\/www.annonces-legales.org\/blog\/#\/schema\/logo\/image\/\",\"url\":\"https:\/\/www.annonces-legales.org\/blog\/wp-content\/uploads\/2023\/08\/annonces-legales.svg\",\"contentUrl\":\"https:\/\/www.annonces-legales.org\/blog\/wp-content\/uploads\/2023\/08\/annonces-legales.svg\",\"caption\":\"Actualit\u00e9 des entreprises\"},\"image\":{\"@id\":\"https:\/\/www.annonces-legales.org\/blog\/#\/schema\/logo\/image\/\"}}]}<\/script>\n<!-- \/ Yoast SEO plugin. -->","yoast_head_json":{"title":"Creuse agricole et rurale - Actualit\u00e9 des entreprises","robots":{"index":"index","follow":"follow","max-snippet":"max-snippet:-1","max-image-preview":"max-image-preview:large","max-video-preview":"max-video-preview:-1"},"canonical":"https:\/\/www.annonces-legales.org\/blog\/creuse-agricole-et-rurale\/","og_locale":"fr_FR","og_type":"article","og_title":"Creuse agricole et rurale - Actualit\u00e9 des entreprises","og_description":"Le journal La Creuse agricole et rurale est un hebdomadaire que l&rsquo;on peut trouver en kiosque tous les vendredis dans [&hellip;]","og_url":"https:\/\/www.annonces-legales.org\/blog\/creuse-agricole-et-rurale\/","og_site_name":"Actualit\u00e9 des entreprises","article_modified_time":"2022-01-26T10:37:47+00:00","og_image":[{"width":220,"height":220,"url":"https:\/\/www.annonces-legales.org\/blog\/wp-content\/uploads\/2021\/09\/La-Creuse-agricole-et-rurale.png","type":"image\/png"}],"twitter_card":"summary_large_image","twitter_misc":{"Dur\u00e9e de lecture estim\u00e9e":"2 minutes"},"schema":{"@context":"https:\/\/schema.org","@graph":[{"@type":"WebPage","@id":"https:\/\/www.annonces-legales.org\/blog\/creuse-agricole-et-rurale\/","url":"https:\/\/www.annonces-legales.org\/blog\/creuse-agricole-et-rurale\/","name":"Creuse agricole et rurale - Actualit\u00e9 des entreprises","isPartOf":{"@id":"https:\/\/www.annonces-legales.org\/blog\/#website"},"primaryImageOfPage":{"@id":"https:\/\/www.annonces-legales.org\/blog\/creuse-agricole-et-rurale\/#primaryimage"},"image":{"@id":"https:\/\/www.annonces-legales.org\/blog\/creuse-agricole-et-rurale\/#primaryimage"},"thumbnailUrl":"https:\/\/www.annonces-legales.org\/blog\/wp-content\/uploads\/2021\/09\/La-Creuse-agricole-et-rurale.png","datePublished":"2021-09-21T14:52:54+00:00","dateModified":"2022-01-26T10:37:47+00:00","breadcrumb":{"@id":"https:\/\/www.annonces-legales.org\/blog\/creuse-agricole-et-rurale\/#breadcrumb"},"inLanguage":"fr-FR","potentialAction":[{"@type":"ReadAction","target":["https:\/\/www.annonces-legales.org\/blog\/creuse-agricole-et-rurale\/"]}]},{"@type":"ImageObject","inLanguage":"fr-FR","@id":"https:\/\/www.annonces-legales.org\/blog\/creuse-agricole-et-rurale\/#primaryimage","url":"https:\/\/www.annonces-legales.org\/blog\/wp-content\/uploads\/2021\/09\/La-Creuse-agricole-et-rurale.png","contentUrl":"https:\/\/www.annonces-legales.org\/blog\/wp-content\/uploads\/2021\/09\/La-Creuse-agricole-et-rurale.png","width":220,"height":220},{"@type":"BreadcrumbList","@id":"https:\/\/www.annonces-legales.org\/blog\/creuse-agricole-et-rurale\/#breadcrumb","itemListElement":[{"@type":"ListItem","position":1,"name":"Accueil","item":"https:\/\/www.annonces-legales.org\/blog\/"},{"@type":"ListItem","position":2,"name":"Liste des journaux habilit\u00e9s \u00e0 publier des annonces l\u00e9gales","item":"https:\/\/www.annonces-legales.org\/blog\/liste-des-journaux-habilites-a-publier-des-annonces-legales\/"},{"@type":"ListItem","position":3,"name":"Creuse agricole et rurale"}]},{"@type":"WebSite","@id":"https:\/\/www.annonces-legales.org\/blog\/#website","url":"https:\/\/www.annonces-legales.org\/blog\/","name":"Actualit\u00e9 des entreprises","description":"","publisher":{"@id":"https:\/\/www.annonces-legales.org\/blog\/#organization"},"potentialAction":[{"@type":"SearchAction","target":{"@type":"EntryPoint","urlTemplate":"https:\/\/www.annonces-legales.org\/blog\/?s={search_term_string}"},"query-input":{"@type":"PropertyValueSpecification","valueRequired":true,"valueName":"search_term_string"}}],"inLanguage":"fr-FR"},{"@type":"Organization","@id":"https:\/\/www.annonces-legales.org\/blog\/#organization","name":"Actualit\u00e9 des entreprises","url":"https:\/\/www.annonces-legales.org\/blog\/","logo":{"@type":"ImageObject","inLanguage":"fr-FR","@id":"https:\/\/www.annonces-legales.org\/blog\/#\/schema\/logo\/image\/","url":"https:\/\/www.annonces-legales.org\/blog\/wp-content\/uploads\/2023\/08\/annonces-legales.svg","contentUrl":"https:\/\/www.annonces-legales.org\/blog\/wp-content\/uploads\/2023\/08\/annonces-legales.svg","caption":"Actualit\u00e9 des entreprises"},"image":{"@id":"https:\/\/www.annonces-legales.org\/blog\/#\/schema\/logo\/image\/"}}]}},"_links":{"self":[{"href":"https:\/\/www.annonces-legales.org\/blog\/wp-json\/wp\/v2\/pages\/874","targetHints":{"allow":["GET"]}}],"collection":[{"href":"https:\/\/www.annonces-legales.org\/blog\/wp-json\/wp\/v2\/pages"}],"about":[{"href":"https:\/\/www.annonces-legales.org\/blog\/wp-json\/wp\/v2\/types\/page"}],"author":[{"embeddable":true,"href":"https:\/\/www.annonces-legales.org\/blog\/wp-json\/wp\/v2\/users\/1"}],"replies":[{"embeddable":true,"href":"https:\/\/www.annonces-legales.org\/blog\/wp-json\/wp\/v2\/comments?post=874"}],"version-history":[{"count":7,"href":"https:\/\/www.annonces-legales.org\/blog\/wp-json\/wp\/v2\/pages\/874\/revisions"}],"predecessor-version":[{"id":1489,"href":"https:\/\/www.annonces-legales.org\/blog\/wp-json\/wp\/v2\/pages\/874\/revisions\/1489"}],"up":[{"embeddable":true,"href":"https:\/\/www.annonces-legales.org\/blog\/wp-json\/wp\/v2\/pages\/351"}],"wp:attachment":[{"href":"https:\/\/www.annonces-legales.org\/blog\/wp-json\/wp\/v2\/media?parent=874"}],"curies":[{"name":"wp","href":"https:\/\/api.w.org\/{rel}","templated":true}]}}