{"id":876,"date":"2021-09-21T16:55:32","date_gmt":"2021-09-21T14:55:32","guid":{"rendered":"https:\/\/www.annonces-legales.org\/blog\/?page_id=876"},"modified":"2022-01-26T11:34:21","modified_gmt":"2022-01-26T10:34:21","slug":"agri-informations-79","status":"publish","type":"page","link":"https:\/\/www.annonces-legales.org\/blog\/agri-informations-79\/","title":{"rendered":"Agri-informations 79"},"content":{"rendered":"<p><img loading=\"lazy\" decoding=\"async\" class=\"aligncenter size-full wp-image-879\" src=\"https:\/\/www.annonces-legales.org\/blog\/wp-content\/uploads\/2021\/09\/Agri-informations-79.png\" alt=\"\" width=\"220\" height=\"115\" \/><\/p>\n<p>L&rsquo;hebdomadaire <strong>Agri-informations 79<\/strong> publie des informations agricoles et rurales dans les d\u00e9partements des Deux-S\u00e8vres. Les articles du journal concernent principalement l&rsquo;\u00e9levage, la production v\u00e9g\u00e9tale, la r\u00e9glementation sur l&rsquo;agriculture et la ruralit\u00e9.<\/p>\n<p>La plupart des lecteurs de l&rsquo;hebdomadaire sont des agriculteurs, des \u00e9leveurs ou des professionnels de la fili\u00e8re agricole et alimentaire des <strong>Deux-S\u00e8vres<\/strong>.<\/p>\n<p>Le journal Agri-informations 79 est autoris\u00e9 \u00e0 publier des annonces l\u00e9gales pour les entreprises et les personnes physiques du d\u00e9partement des Deux-S\u00e8vres. Il publie environ 1000 annonces l\u00e9gales chaque ann\u00e9e, soit une vingtaine d&rsquo;annonces par num\u00e9ro.<\/p>\n<p>L&rsquo;adresse du journal : Maison de l&rsquo;agriculture Prahecq, 79231.<\/p>\n<p>C&rsquo;est un journal du groupe R\u00e9ussir, leader fran\u00e7ais de la presse sp\u00e9cialis\u00e9e dans l&rsquo;agriculture et l&rsquo;alimentaire. La soci\u00e9t\u00e9 R\u00e9ussir poss\u00e8de plus de 110 salari\u00e9s dont 60 journalistes, r\u00e9partie dans leurs nombreux journaux et publications de presse.<\/p>\n<p>&nbsp;<\/p>\n<br\/><br\/><div class=\"entry-content notopmargin\">\n\t<img decoding=\"async\" class=\"img-fluid fleft\" src=\"https:\/\/www.annonces-legales.org\/images\/rapide-economique-tout-departement.png\" alt=\"Journal d'annonce l\u00e9gale du 79 \"><a href=\"https:\/\/www.annonces-legales.org\/publication-annonce-legale.html\" class=\"button button-desc fright mtop30\"><div>Je publie<br> mon annonce<br> l\u00e9gale<\/div><span>dans un journal du 79 !<\/span><\/a>\n<\/div><div class=\"clrbth\"><\/div><br\/><br\/>\n<p>&nbsp;<\/p>\n<h2>Pourquoi avoir recours \u00e0 un journal plut\u00f4t qu&rsquo;un autre journal ?<\/h2>\n<p>Il n&rsquo;est pas essentiel d&rsquo;utiliser un journal habilit\u00e9 plus c\u00e9l\u00e8bre qu&rsquo;un autre, l&rsquo;aboutissement sera identique : l&rsquo;obtention d&rsquo;une <a href=\"https:\/\/www.annonces-legales.org\/attestation-de-parution.html\">attestation de parution<\/a>.<br \/>\nLe seul crit\u00e8re qu&rsquo;il faut regarder de pr\u00e8s est l&rsquo;homologation par la pr\u00e9fecture du 79. Chez annonces-legales.org, nous utilisons bien entendu uniquement des journaux homologu\u00e9s par les pr\u00e9fectures.<\/p>\n<h2>Quel est le prix d&rsquo;une annonce sur notre plateforme ?<\/h2>\n<p>Le prix de vente des avis de constitution est disponible sur la page d\u00e9di\u00e9e. Il varie de 140 euros \u00e0 400 euros HT selon le type de forme juridique de l&rsquo;entreprise.<\/p>\n<p>Pour les annonces l\u00e9gales modificative, on calcule le tarif\u00a0 en multipliant le nombre de lignes par le prix \u00e0 la ligne de la pr\u00e9fecture. Ce prix \u00e0 la ligne est de 4,07 euros HT pour 2021.<br \/>\nCe tarif\u00a0 par ligne est choisi par chaque d\u00e9partement.<\/p>\n<p>Pour ne pas passer plusieurs heures \u00e0 trouver le meilleur prestataire pour publier une annonce l\u00e9gale, nous vous invitons \u00e0 faire une demande de prix en ligne.<\/p>\n<p>&nbsp;<\/p>\n<p>&nbsp;<\/p>\n<p>&nbsp;<\/p>\n","protected":false},"excerpt":{"rendered":"<p>L&rsquo;hebdomadaire Agri-informations 79 publie des informations agricoles et rurales dans les d\u00e9partements des Deux-S\u00e8vres. Les articles du journal concernent principalement [&hellip;]<\/p>\n","protected":false},"author":1,"featured_media":0,"parent":351,"menu_order":0,"comment_status":"closed","ping_status":"closed","template":"","meta":{"inline_featured_image":false,"footnotes":""},"class_list":["post-876","page","type-page","status-publish","hentry"],"yoast_head":"<!-- This site is optimized with the Yoast SEO plugin v26.8 - https:\/\/yoast.com\/product\/yoast-seo-wordpress\/ -->\n<title>Agri-informations 79 - Actualit\u00e9 des entreprises<\/title>\n<meta name=\"robots\" content=\"index, follow, max-snippet:-1, max-image-preview:large, max-video-preview:-1\" \/>\n<link rel=\"canonical\" href=\"https:\/\/www.annonces-legales.org\/blog\/agri-informations-79\/\" \/>\n<meta property=\"og:locale\" content=\"fr_FR\" \/>\n<meta property=\"og:type\" content=\"article\" \/>\n<meta property=\"og:title\" content=\"Agri-informations 79 - Actualit\u00e9 des entreprises\" \/>\n<meta property=\"og:description\" content=\"L&rsquo;hebdomadaire Agri-informations 79 publie des informations agricoles et rurales dans les d\u00e9partements des Deux-S\u00e8vres. Les articles du journal concernent principalement [&hellip;]\" \/>\n<meta property=\"og:url\" content=\"https:\/\/www.annonces-legales.org\/blog\/agri-informations-79\/\" \/>\n<meta property=\"og:site_name\" content=\"Actualit\u00e9 des entreprises\" \/>\n<meta property=\"article:modified_time\" content=\"2022-01-26T10:34:21+00:00\" \/>\n<meta property=\"og:image\" content=\"https:\/\/www.annonces-legales.org\/blog\/wp-content\/uploads\/2021\/09\/Agri-informations-79.png\" \/>\n\t<meta property=\"og:image:width\" content=\"220\" \/>\n\t<meta property=\"og:image:height\" content=\"115\" \/>\n\t<meta property=\"og:image:type\" content=\"image\/png\" \/>\n<meta name=\"twitter:card\" content=\"summary_large_image\" \/>\n<meta name=\"twitter:label1\" content=\"Dur\u00e9e de lecture estim\u00e9e\" \/>\n\t<meta name=\"twitter:data1\" content=\"2 minutes\" \/>\n<script type=\"application\/ld+json\" class=\"yoast-schema-graph\">{\"@context\":\"https:\/\/schema.org\",\"@graph\":[{\"@type\":\"WebPage\",\"@id\":\"https:\/\/www.annonces-legales.org\/blog\/agri-informations-79\/\",\"url\":\"https:\/\/www.annonces-legales.org\/blog\/agri-informations-79\/\",\"name\":\"Agri-informations 79 - Actualit\u00e9 des entreprises\",\"isPartOf\":{\"@id\":\"https:\/\/www.annonces-legales.org\/blog\/#website\"},\"primaryImageOfPage\":{\"@id\":\"https:\/\/www.annonces-legales.org\/blog\/agri-informations-79\/#primaryimage\"},\"image\":{\"@id\":\"https:\/\/www.annonces-legales.org\/blog\/agri-informations-79\/#primaryimage\"},\"thumbnailUrl\":\"https:\/\/www.annonces-legales.org\/blog\/wp-content\/uploads\/2021\/09\/Agri-informations-79.png\",\"datePublished\":\"2021-09-21T14:55:32+00:00\",\"dateModified\":\"2022-01-26T10:34:21+00:00\",\"breadcrumb\":{\"@id\":\"https:\/\/www.annonces-legales.org\/blog\/agri-informations-79\/#breadcrumb\"},\"inLanguage\":\"fr-FR\",\"potentialAction\":[{\"@type\":\"ReadAction\",\"target\":[\"https:\/\/www.annonces-legales.org\/blog\/agri-informations-79\/\"]}]},{\"@type\":\"ImageObject\",\"inLanguage\":\"fr-FR\",\"@id\":\"https:\/\/www.annonces-legales.org\/blog\/agri-informations-79\/#primaryimage\",\"url\":\"https:\/\/www.annonces-legales.org\/blog\/wp-content\/uploads\/2021\/09\/Agri-informations-79.png\",\"contentUrl\":\"https:\/\/www.annonces-legales.org\/blog\/wp-content\/uploads\/2021\/09\/Agri-informations-79.png\",\"width\":220,\"height\":115},{\"@type\":\"BreadcrumbList\",\"@id\":\"https:\/\/www.annonces-legales.org\/blog\/agri-informations-79\/#breadcrumb\",\"itemListElement\":[{\"@type\":\"ListItem\",\"position\":1,\"name\":\"Accueil\",\"item\":\"https:\/\/www.annonces-legales.org\/blog\/\"},{\"@type\":\"ListItem\",\"position\":2,\"name\":\"Liste des journaux habilit\u00e9s \u00e0 publier des annonces l\u00e9gales\",\"item\":\"https:\/\/www.annonces-legales.org\/blog\/liste-des-journaux-habilites-a-publier-des-annonces-legales\/\"},{\"@type\":\"ListItem\",\"position\":3,\"name\":\"Agri-informations 79\"}]},{\"@type\":\"WebSite\",\"@id\":\"https:\/\/www.annonces-legales.org\/blog\/#website\",\"url\":\"https:\/\/www.annonces-legales.org\/blog\/\",\"name\":\"Actualit\u00e9 des entreprises\",\"description\":\"\",\"publisher\":{\"@id\":\"https:\/\/www.annonces-legales.org\/blog\/#organization\"},\"potentialAction\":[{\"@type\":\"SearchAction\",\"target\":{\"@type\":\"EntryPoint\",\"urlTemplate\":\"https:\/\/www.annonces-legales.org\/blog\/?s={search_term_string}\"},\"query-input\":{\"@type\":\"PropertyValueSpecification\",\"valueRequired\":true,\"valueName\":\"search_term_string\"}}],\"inLanguage\":\"fr-FR\"},{\"@type\":\"Organization\",\"@id\":\"https:\/\/www.annonces-legales.org\/blog\/#organization\",\"name\":\"Actualit\u00e9 des entreprises\",\"url\":\"https:\/\/www.annonces-legales.org\/blog\/\",\"logo\":{\"@type\":\"ImageObject\",\"inLanguage\":\"fr-FR\",\"@id\":\"https:\/\/www.annonces-legales.org\/blog\/#\/schema\/logo\/image\/\",\"url\":\"https:\/\/www.annonces-legales.org\/blog\/wp-content\/uploads\/2023\/08\/annonces-legales.svg\",\"contentUrl\":\"https:\/\/www.annonces-legales.org\/blog\/wp-content\/uploads\/2023\/08\/annonces-legales.svg\",\"caption\":\"Actualit\u00e9 des entreprises\"},\"image\":{\"@id\":\"https:\/\/www.annonces-legales.org\/blog\/#\/schema\/logo\/image\/\"}}]}<\/script>\n<!-- \/ Yoast SEO plugin. -->","yoast_head_json":{"title":"Agri-informations 79 - Actualit\u00e9 des entreprises","robots":{"index":"index","follow":"follow","max-snippet":"max-snippet:-1","max-image-preview":"max-image-preview:large","max-video-preview":"max-video-preview:-1"},"canonical":"https:\/\/www.annonces-legales.org\/blog\/agri-informations-79\/","og_locale":"fr_FR","og_type":"article","og_title":"Agri-informations 79 - Actualit\u00e9 des entreprises","og_description":"L&rsquo;hebdomadaire Agri-informations 79 publie des informations agricoles et rurales dans les d\u00e9partements des Deux-S\u00e8vres. Les articles du journal concernent principalement [&hellip;]","og_url":"https:\/\/www.annonces-legales.org\/blog\/agri-informations-79\/","og_site_name":"Actualit\u00e9 des entreprises","article_modified_time":"2022-01-26T10:34:21+00:00","og_image":[{"width":220,"height":115,"url":"https:\/\/www.annonces-legales.org\/blog\/wp-content\/uploads\/2021\/09\/Agri-informations-79.png","type":"image\/png"}],"twitter_card":"summary_large_image","twitter_misc":{"Dur\u00e9e de lecture estim\u00e9e":"2 minutes"},"schema":{"@context":"https:\/\/schema.org","@graph":[{"@type":"WebPage","@id":"https:\/\/www.annonces-legales.org\/blog\/agri-informations-79\/","url":"https:\/\/www.annonces-legales.org\/blog\/agri-informations-79\/","name":"Agri-informations 79 - Actualit\u00e9 des entreprises","isPartOf":{"@id":"https:\/\/www.annonces-legales.org\/blog\/#website"},"primaryImageOfPage":{"@id":"https:\/\/www.annonces-legales.org\/blog\/agri-informations-79\/#primaryimage"},"image":{"@id":"https:\/\/www.annonces-legales.org\/blog\/agri-informations-79\/#primaryimage"},"thumbnailUrl":"https:\/\/www.annonces-legales.org\/blog\/wp-content\/uploads\/2021\/09\/Agri-informations-79.png","datePublished":"2021-09-21T14:55:32+00:00","dateModified":"2022-01-26T10:34:21+00:00","breadcrumb":{"@id":"https:\/\/www.annonces-legales.org\/blog\/agri-informations-79\/#breadcrumb"},"inLanguage":"fr-FR","potentialAction":[{"@type":"ReadAction","target":["https:\/\/www.annonces-legales.org\/blog\/agri-informations-79\/"]}]},{"@type":"ImageObject","inLanguage":"fr-FR","@id":"https:\/\/www.annonces-legales.org\/blog\/agri-informations-79\/#primaryimage","url":"https:\/\/www.annonces-legales.org\/blog\/wp-content\/uploads\/2021\/09\/Agri-informations-79.png","contentUrl":"https:\/\/www.annonces-legales.org\/blog\/wp-content\/uploads\/2021\/09\/Agri-informations-79.png","width":220,"height":115},{"@type":"BreadcrumbList","@id":"https:\/\/www.annonces-legales.org\/blog\/agri-informations-79\/#breadcrumb","itemListElement":[{"@type":"ListItem","position":1,"name":"Accueil","item":"https:\/\/www.annonces-legales.org\/blog\/"},{"@type":"ListItem","position":2,"name":"Liste des journaux habilit\u00e9s \u00e0 publier des annonces l\u00e9gales","item":"https:\/\/www.annonces-legales.org\/blog\/liste-des-journaux-habilites-a-publier-des-annonces-legales\/"},{"@type":"ListItem","position":3,"name":"Agri-informations 79"}]},{"@type":"WebSite","@id":"https:\/\/www.annonces-legales.org\/blog\/#website","url":"https:\/\/www.annonces-legales.org\/blog\/","name":"Actualit\u00e9 des entreprises","description":"","publisher":{"@id":"https:\/\/www.annonces-legales.org\/blog\/#organization"},"potentialAction":[{"@type":"SearchAction","target":{"@type":"EntryPoint","urlTemplate":"https:\/\/www.annonces-legales.org\/blog\/?s={search_term_string}"},"query-input":{"@type":"PropertyValueSpecification","valueRequired":true,"valueName":"search_term_string"}}],"inLanguage":"fr-FR"},{"@type":"Organization","@id":"https:\/\/www.annonces-legales.org\/blog\/#organization","name":"Actualit\u00e9 des entreprises","url":"https:\/\/www.annonces-legales.org\/blog\/","logo":{"@type":"ImageObject","inLanguage":"fr-FR","@id":"https:\/\/www.annonces-legales.org\/blog\/#\/schema\/logo\/image\/","url":"https:\/\/www.annonces-legales.org\/blog\/wp-content\/uploads\/2023\/08\/annonces-legales.svg","contentUrl":"https:\/\/www.annonces-legales.org\/blog\/wp-content\/uploads\/2023\/08\/annonces-legales.svg","caption":"Actualit\u00e9 des entreprises"},"image":{"@id":"https:\/\/www.annonces-legales.org\/blog\/#\/schema\/logo\/image\/"}}]}},"_links":{"self":[{"href":"https:\/\/www.annonces-legales.org\/blog\/wp-json\/wp\/v2\/pages\/876","targetHints":{"allow":["GET"]}}],"collection":[{"href":"https:\/\/www.annonces-legales.org\/blog\/wp-json\/wp\/v2\/pages"}],"about":[{"href":"https:\/\/www.annonces-legales.org\/blog\/wp-json\/wp\/v2\/types\/page"}],"author":[{"embeddable":true,"href":"https:\/\/www.annonces-legales.org\/blog\/wp-json\/wp\/v2\/users\/1"}],"replies":[{"embeddable":true,"href":"https:\/\/www.annonces-legales.org\/blog\/wp-json\/wp\/v2\/comments?post=876"}],"version-history":[{"count":4,"href":"https:\/\/www.annonces-legales.org\/blog\/wp-json\/wp\/v2\/pages\/876\/revisions"}],"predecessor-version":[{"id":2347,"href":"https:\/\/www.annonces-legales.org\/blog\/wp-json\/wp\/v2\/pages\/876\/revisions\/2347"}],"up":[{"embeddable":true,"href":"https:\/\/www.annonces-legales.org\/blog\/wp-json\/wp\/v2\/pages\/351"}],"wp:attachment":[{"href":"https:\/\/www.annonces-legales.org\/blog\/wp-json\/wp\/v2\/media?parent=876"}],"curies":[{"name":"wp","href":"https:\/\/api.w.org\/{rel}","templated":true}]}}