{"id":888,"date":"2021-09-21T17:00:24","date_gmt":"2021-09-21T15:00:24","guid":{"rendered":"https:\/\/www.annonces-legales.org\/blog\/?page_id=888"},"modified":"2022-01-26T11:48:22","modified_gmt":"2022-01-26T10:48:22","slug":"essor-sarladais","status":"publish","type":"page","link":"https:\/\/www.annonces-legales.org\/blog\/essor-sarladais\/","title":{"rendered":"Essor Sarladais"},"content":{"rendered":"<p><img loading=\"lazy\" decoding=\"async\" class=\"aligncenter size-full wp-image-890\" src=\"https:\/\/www.annonces-legales.org\/blog\/wp-content\/uploads\/2021\/09\/essor-Sarladais.png\" alt=\"\" width=\"450\" height=\"61\" srcset=\"https:\/\/www.annonces-legales.org\/blog\/wp-content\/uploads\/2021\/09\/essor-Sarladais.png 450w, https:\/\/www.annonces-legales.org\/blog\/wp-content\/uploads\/2021\/09\/essor-Sarladais-300x41.png 300w\" sizes=\"auto, (max-width: 450px) 100vw, 450px\" \/><\/p>\n<p>L&rsquo;hebdomadaire d&rsquo;information locale l&rsquo;<strong>Essor Sarladais<\/strong> publie des informations locales de Dordogne et plus pr\u00e9cis\u00e9ment de l&rsquo;arrondissement de <strong>Sarlat<\/strong>.<br \/>\nLe journal sort tous les vendredis au prix de 1,40 euros. Il peut \u00eatre trouv\u00e9 dans les communes de Le Buisson, Montignac, Terrasson, Gourdon, Salviac, Martel, Souillac, Villefranche. Il est vendu \u00e0 plus de 6000 exemplaires chaque semaine.<br \/>\nLe directeur de la publication est Michel Delpech. La r\u00e9dactrice en chef est Josette Delpech.<\/p>\n<p>&nbsp;<\/p>\n<h2>Informations de contact pour l&rsquo;Essor Sarladais<\/h2>\n<p>La r\u00e9daction du journal peut \u00eatre trouv\u00e9 au 29, Avenue Thiers \u00e0 Sarlat (24202). L&rsquo;\u00e9quipe du journal peut \u00eatre contact\u00e9e au 05 53 59 00 38 ou par mail contact@essorsarladais.com.<\/p>\n<p>&nbsp;<\/p>\n<h2>L&rsquo;Essor Sarladais, journal habilit\u00e9<\/h2>\n<p>C&rsquo;est un journal habilit\u00e9 \u00e0 publier des annonces l\u00e9gales pour le d\u00e9partement de la Dordogne. Les entreprises p\u00e9rigourdines peuvent donc utiliser ce journal pour faire leurs publicit\u00e9s l\u00e9gales.<\/p>\n<br\/><br\/><div class=\"entry-content notopmargin\">\n\t<img decoding=\"async\" class=\"img-fluid fleft\" src=\"https:\/\/www.annonces-legales.org\/images\/rapide-economique-tout-departement.png\" alt=\"Journal d'annonce l\u00e9gale du 24 \"><a href=\"https:\/\/www.annonces-legales.org\/publication-annonce-legale.html\" class=\"button button-desc fright mtop30\"><div>Je publie<br> mon annonce<br> l\u00e9gale<\/div><span>dans un journal du 24 !<\/span><\/a>\n<\/div><div class=\"clrbth\"><\/div><br\/><br\/>\n<p>&nbsp;<\/p>\n<h2>Combien va co\u00fbter une annonce officielle en Dordogne ?<\/h2>\n<p>Les journaux dordognais comme l&rsquo;Essor Sarladais doivent respecter les directives fix\u00e9es par le minist\u00e8re de la culture et par la pr\u00e9fecture de la Dordogne.<br \/>\nUne annonce l\u00e9gale de cr\u00e9ation aura donc un co\u00fbt forfaitaire. Le prix sera sensiblement le m\u00eame donc dans l&rsquo;Essor Sarladais ou dans un autre journal du d\u00e9partement. Les journaux n&rsquo;ont pas le droit de majorer ce prix forfaitaire. Il peuvent n\u00e9anmoins prendre quelques euros suppl\u00e9mentaires pour les frais de dossier.<\/p>\n<p>Pour les annonces l\u00e9gales \u00e0 publier apr\u00e8s la cr\u00e9ation, le prix se calcule par ligne : le nombre de ligne multipli\u00e9 par le prix par ligne fix\u00e9 par la pr\u00e9fecture de la Dordogne pour l&rsquo;ann\u00e9e. Contrairement aux annonce l\u00e9gales de cr\u00e9ations, ces annonces n&rsquo;ont pas de plafond. Les journaux peuvent donc facturer ce qu&rsquo;ils souhaitent.<br \/>\nC&rsquo;est pourquoi il vaut mieux comparer les prix des annonces l\u00e9gales si vous souhaiter obtenir le meilleur prix.<\/p>\n","protected":false},"excerpt":{"rendered":"<p>L&rsquo;hebdomadaire d&rsquo;information locale l&rsquo;Essor Sarladais publie des informations locales de Dordogne et plus pr\u00e9cis\u00e9ment de l&rsquo;arrondissement de Sarlat. Le journal [&hellip;]<\/p>\n","protected":false},"author":1,"featured_media":0,"parent":351,"menu_order":0,"comment_status":"closed","ping_status":"closed","template":"","meta":{"inline_featured_image":false,"footnotes":""},"class_list":["post-888","page","type-page","status-publish","hentry"],"yoast_head":"<!-- This site is optimized with the Yoast SEO plugin v26.8 - https:\/\/yoast.com\/product\/yoast-seo-wordpress\/ -->\n<title>Essor Sarladais - Actualit\u00e9 des entreprises<\/title>\n<meta name=\"robots\" content=\"index, follow, max-snippet:-1, max-image-preview:large, max-video-preview:-1\" \/>\n<link rel=\"canonical\" href=\"https:\/\/www.annonces-legales.org\/blog\/essor-sarladais\/\" \/>\n<meta property=\"og:locale\" content=\"fr_FR\" \/>\n<meta property=\"og:type\" content=\"article\" \/>\n<meta property=\"og:title\" content=\"Essor Sarladais - Actualit\u00e9 des entreprises\" \/>\n<meta property=\"og:description\" content=\"L&rsquo;hebdomadaire d&rsquo;information locale l&rsquo;Essor Sarladais publie des informations locales de Dordogne et plus pr\u00e9cis\u00e9ment de l&rsquo;arrondissement de Sarlat. Le journal [&hellip;]\" \/>\n<meta property=\"og:url\" content=\"https:\/\/www.annonces-legales.org\/blog\/essor-sarladais\/\" \/>\n<meta property=\"og:site_name\" content=\"Actualit\u00e9 des entreprises\" \/>\n<meta property=\"article:modified_time\" content=\"2022-01-26T10:48:22+00:00\" \/>\n<meta property=\"og:image\" content=\"https:\/\/www.annonces-legales.org\/blog\/wp-content\/uploads\/2021\/09\/essor-Sarladais.png\" \/>\n\t<meta property=\"og:image:width\" content=\"450\" \/>\n\t<meta property=\"og:image:height\" content=\"61\" \/>\n\t<meta property=\"og:image:type\" content=\"image\/png\" \/>\n<meta name=\"twitter:card\" content=\"summary_large_image\" \/>\n<meta name=\"twitter:label1\" content=\"Dur\u00e9e de lecture estim\u00e9e\" \/>\n\t<meta name=\"twitter:data1\" content=\"2 minutes\" \/>\n<script type=\"application\/ld+json\" class=\"yoast-schema-graph\">{\"@context\":\"https:\/\/schema.org\",\"@graph\":[{\"@type\":\"WebPage\",\"@id\":\"https:\/\/www.annonces-legales.org\/blog\/essor-sarladais\/\",\"url\":\"https:\/\/www.annonces-legales.org\/blog\/essor-sarladais\/\",\"name\":\"Essor Sarladais - Actualit\u00e9 des entreprises\",\"isPartOf\":{\"@id\":\"https:\/\/www.annonces-legales.org\/blog\/#website\"},\"primaryImageOfPage\":{\"@id\":\"https:\/\/www.annonces-legales.org\/blog\/essor-sarladais\/#primaryimage\"},\"image\":{\"@id\":\"https:\/\/www.annonces-legales.org\/blog\/essor-sarladais\/#primaryimage\"},\"thumbnailUrl\":\"https:\/\/www.annonces-legales.org\/blog\/wp-content\/uploads\/2021\/09\/essor-Sarladais.png\",\"datePublished\":\"2021-09-21T15:00:24+00:00\",\"dateModified\":\"2022-01-26T10:48:22+00:00\",\"breadcrumb\":{\"@id\":\"https:\/\/www.annonces-legales.org\/blog\/essor-sarladais\/#breadcrumb\"},\"inLanguage\":\"fr-FR\",\"potentialAction\":[{\"@type\":\"ReadAction\",\"target\":[\"https:\/\/www.annonces-legales.org\/blog\/essor-sarladais\/\"]}]},{\"@type\":\"ImageObject\",\"inLanguage\":\"fr-FR\",\"@id\":\"https:\/\/www.annonces-legales.org\/blog\/essor-sarladais\/#primaryimage\",\"url\":\"https:\/\/www.annonces-legales.org\/blog\/wp-content\/uploads\/2021\/09\/essor-Sarladais.png\",\"contentUrl\":\"https:\/\/www.annonces-legales.org\/blog\/wp-content\/uploads\/2021\/09\/essor-Sarladais.png\",\"width\":450,\"height\":61},{\"@type\":\"BreadcrumbList\",\"@id\":\"https:\/\/www.annonces-legales.org\/blog\/essor-sarladais\/#breadcrumb\",\"itemListElement\":[{\"@type\":\"ListItem\",\"position\":1,\"name\":\"Accueil\",\"item\":\"https:\/\/www.annonces-legales.org\/blog\/\"},{\"@type\":\"ListItem\",\"position\":2,\"name\":\"Liste des journaux habilit\u00e9s \u00e0 publier des annonces l\u00e9gales\",\"item\":\"https:\/\/www.annonces-legales.org\/blog\/liste-des-journaux-habilites-a-publier-des-annonces-legales\/\"},{\"@type\":\"ListItem\",\"position\":3,\"name\":\"Essor Sarladais\"}]},{\"@type\":\"WebSite\",\"@id\":\"https:\/\/www.annonces-legales.org\/blog\/#website\",\"url\":\"https:\/\/www.annonces-legales.org\/blog\/\",\"name\":\"Actualit\u00e9 des entreprises\",\"description\":\"\",\"publisher\":{\"@id\":\"https:\/\/www.annonces-legales.org\/blog\/#organization\"},\"potentialAction\":[{\"@type\":\"SearchAction\",\"target\":{\"@type\":\"EntryPoint\",\"urlTemplate\":\"https:\/\/www.annonces-legales.org\/blog\/?s={search_term_string}\"},\"query-input\":{\"@type\":\"PropertyValueSpecification\",\"valueRequired\":true,\"valueName\":\"search_term_string\"}}],\"inLanguage\":\"fr-FR\"},{\"@type\":\"Organization\",\"@id\":\"https:\/\/www.annonces-legales.org\/blog\/#organization\",\"name\":\"Actualit\u00e9 des entreprises\",\"url\":\"https:\/\/www.annonces-legales.org\/blog\/\",\"logo\":{\"@type\":\"ImageObject\",\"inLanguage\":\"fr-FR\",\"@id\":\"https:\/\/www.annonces-legales.org\/blog\/#\/schema\/logo\/image\/\",\"url\":\"https:\/\/www.annonces-legales.org\/blog\/wp-content\/uploads\/2023\/08\/annonces-legales.svg\",\"contentUrl\":\"https:\/\/www.annonces-legales.org\/blog\/wp-content\/uploads\/2023\/08\/annonces-legales.svg\",\"caption\":\"Actualit\u00e9 des entreprises\"},\"image\":{\"@id\":\"https:\/\/www.annonces-legales.org\/blog\/#\/schema\/logo\/image\/\"}}]}<\/script>\n<!-- \/ Yoast SEO plugin. -->","yoast_head_json":{"title":"Essor Sarladais - Actualit\u00e9 des entreprises","robots":{"index":"index","follow":"follow","max-snippet":"max-snippet:-1","max-image-preview":"max-image-preview:large","max-video-preview":"max-video-preview:-1"},"canonical":"https:\/\/www.annonces-legales.org\/blog\/essor-sarladais\/","og_locale":"fr_FR","og_type":"article","og_title":"Essor Sarladais - Actualit\u00e9 des entreprises","og_description":"L&rsquo;hebdomadaire d&rsquo;information locale l&rsquo;Essor Sarladais publie des informations locales de Dordogne et plus pr\u00e9cis\u00e9ment de l&rsquo;arrondissement de Sarlat. Le journal [&hellip;]","og_url":"https:\/\/www.annonces-legales.org\/blog\/essor-sarladais\/","og_site_name":"Actualit\u00e9 des entreprises","article_modified_time":"2022-01-26T10:48:22+00:00","og_image":[{"width":450,"height":61,"url":"https:\/\/www.annonces-legales.org\/blog\/wp-content\/uploads\/2021\/09\/essor-Sarladais.png","type":"image\/png"}],"twitter_card":"summary_large_image","twitter_misc":{"Dur\u00e9e de lecture estim\u00e9e":"2 minutes"},"schema":{"@context":"https:\/\/schema.org","@graph":[{"@type":"WebPage","@id":"https:\/\/www.annonces-legales.org\/blog\/essor-sarladais\/","url":"https:\/\/www.annonces-legales.org\/blog\/essor-sarladais\/","name":"Essor Sarladais - Actualit\u00e9 des entreprises","isPartOf":{"@id":"https:\/\/www.annonces-legales.org\/blog\/#website"},"primaryImageOfPage":{"@id":"https:\/\/www.annonces-legales.org\/blog\/essor-sarladais\/#primaryimage"},"image":{"@id":"https:\/\/www.annonces-legales.org\/blog\/essor-sarladais\/#primaryimage"},"thumbnailUrl":"https:\/\/www.annonces-legales.org\/blog\/wp-content\/uploads\/2021\/09\/essor-Sarladais.png","datePublished":"2021-09-21T15:00:24+00:00","dateModified":"2022-01-26T10:48:22+00:00","breadcrumb":{"@id":"https:\/\/www.annonces-legales.org\/blog\/essor-sarladais\/#breadcrumb"},"inLanguage":"fr-FR","potentialAction":[{"@type":"ReadAction","target":["https:\/\/www.annonces-legales.org\/blog\/essor-sarladais\/"]}]},{"@type":"ImageObject","inLanguage":"fr-FR","@id":"https:\/\/www.annonces-legales.org\/blog\/essor-sarladais\/#primaryimage","url":"https:\/\/www.annonces-legales.org\/blog\/wp-content\/uploads\/2021\/09\/essor-Sarladais.png","contentUrl":"https:\/\/www.annonces-legales.org\/blog\/wp-content\/uploads\/2021\/09\/essor-Sarladais.png","width":450,"height":61},{"@type":"BreadcrumbList","@id":"https:\/\/www.annonces-legales.org\/blog\/essor-sarladais\/#breadcrumb","itemListElement":[{"@type":"ListItem","position":1,"name":"Accueil","item":"https:\/\/www.annonces-legales.org\/blog\/"},{"@type":"ListItem","position":2,"name":"Liste des journaux habilit\u00e9s \u00e0 publier des annonces l\u00e9gales","item":"https:\/\/www.annonces-legales.org\/blog\/liste-des-journaux-habilites-a-publier-des-annonces-legales\/"},{"@type":"ListItem","position":3,"name":"Essor Sarladais"}]},{"@type":"WebSite","@id":"https:\/\/www.annonces-legales.org\/blog\/#website","url":"https:\/\/www.annonces-legales.org\/blog\/","name":"Actualit\u00e9 des entreprises","description":"","publisher":{"@id":"https:\/\/www.annonces-legales.org\/blog\/#organization"},"potentialAction":[{"@type":"SearchAction","target":{"@type":"EntryPoint","urlTemplate":"https:\/\/www.annonces-legales.org\/blog\/?s={search_term_string}"},"query-input":{"@type":"PropertyValueSpecification","valueRequired":true,"valueName":"search_term_string"}}],"inLanguage":"fr-FR"},{"@type":"Organization","@id":"https:\/\/www.annonces-legales.org\/blog\/#organization","name":"Actualit\u00e9 des entreprises","url":"https:\/\/www.annonces-legales.org\/blog\/","logo":{"@type":"ImageObject","inLanguage":"fr-FR","@id":"https:\/\/www.annonces-legales.org\/blog\/#\/schema\/logo\/image\/","url":"https:\/\/www.annonces-legales.org\/blog\/wp-content\/uploads\/2023\/08\/annonces-legales.svg","contentUrl":"https:\/\/www.annonces-legales.org\/blog\/wp-content\/uploads\/2023\/08\/annonces-legales.svg","caption":"Actualit\u00e9 des entreprises"},"image":{"@id":"https:\/\/www.annonces-legales.org\/blog\/#\/schema\/logo\/image\/"}}]}},"_links":{"self":[{"href":"https:\/\/www.annonces-legales.org\/blog\/wp-json\/wp\/v2\/pages\/888","targetHints":{"allow":["GET"]}}],"collection":[{"href":"https:\/\/www.annonces-legales.org\/blog\/wp-json\/wp\/v2\/pages"}],"about":[{"href":"https:\/\/www.annonces-legales.org\/blog\/wp-json\/wp\/v2\/types\/page"}],"author":[{"embeddable":true,"href":"https:\/\/www.annonces-legales.org\/blog\/wp-json\/wp\/v2\/users\/1"}],"replies":[{"embeddable":true,"href":"https:\/\/www.annonces-legales.org\/blog\/wp-json\/wp\/v2\/comments?post=888"}],"version-history":[{"count":5,"href":"https:\/\/www.annonces-legales.org\/blog\/wp-json\/wp\/v2\/pages\/888\/revisions"}],"predecessor-version":[{"id":1370,"href":"https:\/\/www.annonces-legales.org\/blog\/wp-json\/wp\/v2\/pages\/888\/revisions\/1370"}],"up":[{"embeddable":true,"href":"https:\/\/www.annonces-legales.org\/blog\/wp-json\/wp\/v2\/pages\/351"}],"wp:attachment":[{"href":"https:\/\/www.annonces-legales.org\/blog\/wp-json\/wp\/v2\/media?parent=888"}],"curies":[{"name":"wp","href":"https:\/\/api.w.org\/{rel}","templated":true}]}}