{"id":892,"date":"2021-09-21T17:02:57","date_gmt":"2021-09-21T15:02:57","guid":{"rendered":"https:\/\/www.annonces-legales.org\/blog\/?page_id=892"},"modified":"2022-01-26T12:13:44","modified_gmt":"2022-01-26T11:13:44","slug":"reussir-le-perigord","status":"publish","type":"page","link":"https:\/\/www.annonces-legales.org\/blog\/reussir-le-perigord\/","title":{"rendered":"R\u00e9ussir le P\u00e9rigord"},"content":{"rendered":"<p><img loading=\"lazy\" decoding=\"async\" class=\"aligncenter size-full wp-image-893\" src=\"https:\/\/www.annonces-legales.org\/blog\/wp-content\/uploads\/2021\/09\/Reussir-le-Perigord.png\" alt=\"\" width=\"450\" height=\"184\" srcset=\"https:\/\/www.annonces-legales.org\/blog\/wp-content\/uploads\/2021\/09\/Reussir-le-Perigord.png 450w, https:\/\/www.annonces-legales.org\/blog\/wp-content\/uploads\/2021\/09\/Reussir-le-Perigord-300x123.png 300w\" sizes=\"auto, (max-width: 450px) 100vw, 450px\" \/><\/p>\n<p>L&rsquo;hebdomadaire <strong>R\u00e9ussir le P\u00e9rigord<\/strong> propose des informations locales et rurales sur le d\u00e9partement de la Dordogne, dans le P\u00e9rigord.<\/p>\n<h2>R\u00e9ussir le P\u00e9rigord, journal rurale<\/h2>\n<p>Il traite un peu de l&rsquo;actualit\u00e9 locale g\u00e9n\u00e9raliste mais poss\u00e8de surtout de nombreuses informations au sujet de l&rsquo;agriculture, de l&rsquo;artisanat ou encore de l&rsquo;\u00e9conomie. Il sort tous les jeudis et il est imprim\u00e9 \u00e0 environ 6000 exemplaires. Il y a quelques ann\u00e9es, le jour de sortie du journal \u00e9tait le vendredi.<br \/>\nCe journal fut cr\u00e9\u00e9 en 1955. Il remplace le journal de coop\u00e9ration agricole \u00ab\u00a0<strong>Le Coop\u00e9rateur<\/strong>\u00ab\u00a0. A ce moment-l\u00e0, le journal s&rsquo;appelle l&rsquo;agriculteur de la Dordogne. Il a chang\u00e9 de nom pour devenir R\u00e9ussir Le P\u00e9rigord en 2003.<\/p>\n<p>C&rsquo;est un journal habilit\u00e9 pour ins\u00e9rer des annonces l\u00e9gales dans le d\u00e9partement de la Dordogne. Le journal publie environ 20 annonces l\u00e9gales locales chaque semaine.<\/p>\n<p>Le journal en est bient\u00f4t \u00e0 son 2500\u00e8me num\u00e9ro (en 2022). L&rsquo;\u00e9quipe du journal publie \u00e9galement un magazine pour les femmes du P\u00e9rigord appel\u00e9 <strong>Famosa<\/strong>.<\/p>\n<h2>Le site web R\u00e9ussir le P\u00e9rigord<\/h2>\n<p><img loading=\"lazy\" decoding=\"async\" class=\"aligncenter size-full wp-image-1374\" src=\"https:\/\/www.annonces-legales.org\/blog\/wp-content\/uploads\/2021\/10\/site-web-reussir-le-perigord.jpg\" alt=\"\" width=\"650\" height=\"697\" srcset=\"https:\/\/www.annonces-legales.org\/blog\/wp-content\/uploads\/2021\/10\/site-web-reussir-le-perigord.jpg 650w, https:\/\/www.annonces-legales.org\/blog\/wp-content\/uploads\/2021\/10\/site-web-reussir-le-perigord-280x300.jpg 280w\" sizes=\"auto, (max-width: 650px) 100vw, 650px\" \/><\/p>\n<p>L&rsquo;hebdomadaire p\u00e9rigourdin poss\u00e8de un site Web <em>reussirleperigord.fr<\/em> sur lequel il est possible de prendre un abonnement papier ou num\u00e9rique.<\/p>\n<p>Le co\u00fbt de l&rsquo;abonnement papier et num\u00e9rique est de 76 euros pour un an. L&rsquo;abonnement exclusivement num\u00e9rique est propos\u00e9 pour 51 euros.<\/p>\n<p>L&rsquo;adresse du journal et 7, Rue du jardin publique \u00e0 P\u00e9rigueux (24 000).<\/p>\n<p>&nbsp;<\/p>\n<h2>Comment publier une annonce l\u00e9gale en Dordogne ?<\/h2>\n<p>Pour faire ins\u00e9rer une annonce l\u00e9gale pour une entreprise du d\u00e9partement de la Dordogne, il est n\u00e9cessaire d&rsquo;utiliser un journal habilit\u00e9 comme R\u00e9ussir le P\u00e9rigord. Vous trouverez d&rsquo;autres journaux d&rsquo;annonce l\u00e9gale peuvent faire cette formalit\u00e9 pour le d\u00e9partement de la Dordogne. Pour cela vous pouvez visiter le site de la pr\u00e9fecture ou vous rendre sur notre page d\u00e9di\u00e9e.<\/p>\n<p>Pour publier une annonce l\u00e9gale moins cher en Dordogne, il est n\u00e9cessaire d&rsquo;utiliser nos services. Il vous permettrons de r\u00e9duire votre facture de 20 \u00e0 40 % selon le type d&rsquo;annonce.<\/p>\n<br\/><br\/><div class=\"entry-content notopmargin\">\n\t<img decoding=\"async\" class=\"img-fluid fleft\" src=\"https:\/\/www.annonces-legales.org\/images\/rapide-economique-tout-departement.png\" alt=\"Journal d'annonce l\u00e9gale de Dordogne \"><a href=\"https:\/\/www.annonces-legales.org\/publication-annonce-legale.html\" class=\"button button-desc fright mtop30\"><div>Je publie<br> mon annonce<br> l\u00e9gale<\/div><span>dans un journal de Dordogne !<\/span><\/a>\n<\/div><div class=\"clrbth\"><\/div><br\/><br\/>\n<p>&nbsp;<\/p>\n<h2>Annonces l\u00e9gales avec R\u00e9ussir le P\u00e9rigord<\/h2>\n<p>Les exploitants agricoles du p\u00e9rigord peuvent utiliser le journal R\u00e9ussir Le P\u00e9rigord pour publier leurs annonces l\u00e9gales de cr\u00e9ation ou celles modificatives.<br \/>\nPour cela, il faut se rendre sur le site web du journal.<\/p>\n","protected":false},"excerpt":{"rendered":"<p>L&rsquo;hebdomadaire R\u00e9ussir le P\u00e9rigord propose des informations locales et rurales sur le d\u00e9partement de la Dordogne, dans le P\u00e9rigord. R\u00e9ussir [&hellip;]<\/p>\n","protected":false},"author":1,"featured_media":0,"parent":351,"menu_order":0,"comment_status":"closed","ping_status":"closed","template":"","meta":{"inline_featured_image":false,"footnotes":""},"class_list":["post-892","page","type-page","status-publish","hentry"],"yoast_head":"<!-- This site is optimized with the Yoast SEO plugin v26.8 - https:\/\/yoast.com\/product\/yoast-seo-wordpress\/ -->\n<title>R\u00e9ussir le P\u00e9rigord - Actualit\u00e9 des entreprises<\/title>\n<meta name=\"robots\" content=\"index, follow, max-snippet:-1, max-image-preview:large, max-video-preview:-1\" \/>\n<link rel=\"canonical\" href=\"https:\/\/www.annonces-legales.org\/blog\/reussir-le-perigord\/\" \/>\n<meta property=\"og:locale\" content=\"fr_FR\" \/>\n<meta property=\"og:type\" content=\"article\" \/>\n<meta property=\"og:title\" content=\"R\u00e9ussir le P\u00e9rigord - Actualit\u00e9 des entreprises\" \/>\n<meta property=\"og:description\" content=\"L&rsquo;hebdomadaire R\u00e9ussir le P\u00e9rigord propose des informations locales et rurales sur le d\u00e9partement de la Dordogne, dans le P\u00e9rigord. R\u00e9ussir [&hellip;]\" \/>\n<meta property=\"og:url\" content=\"https:\/\/www.annonces-legales.org\/blog\/reussir-le-perigord\/\" \/>\n<meta property=\"og:site_name\" content=\"Actualit\u00e9 des entreprises\" \/>\n<meta property=\"article:modified_time\" content=\"2022-01-26T11:13:44+00:00\" \/>\n<meta property=\"og:image\" content=\"https:\/\/www.annonces-legales.org\/blog\/wp-content\/uploads\/2021\/09\/Reussir-le-Perigord.png\" \/>\n\t<meta property=\"og:image:width\" content=\"450\" \/>\n\t<meta property=\"og:image:height\" content=\"184\" \/>\n\t<meta property=\"og:image:type\" content=\"image\/png\" \/>\n<meta name=\"twitter:card\" content=\"summary_large_image\" \/>\n<meta name=\"twitter:label1\" content=\"Dur\u00e9e de lecture estim\u00e9e\" \/>\n\t<meta name=\"twitter:data1\" content=\"2 minutes\" \/>\n<script type=\"application\/ld+json\" class=\"yoast-schema-graph\">{\"@context\":\"https:\/\/schema.org\",\"@graph\":[{\"@type\":\"WebPage\",\"@id\":\"https:\/\/www.annonces-legales.org\/blog\/reussir-le-perigord\/\",\"url\":\"https:\/\/www.annonces-legales.org\/blog\/reussir-le-perigord\/\",\"name\":\"R\u00e9ussir le P\u00e9rigord - Actualit\u00e9 des entreprises\",\"isPartOf\":{\"@id\":\"https:\/\/www.annonces-legales.org\/blog\/#website\"},\"primaryImageOfPage\":{\"@id\":\"https:\/\/www.annonces-legales.org\/blog\/reussir-le-perigord\/#primaryimage\"},\"image\":{\"@id\":\"https:\/\/www.annonces-legales.org\/blog\/reussir-le-perigord\/#primaryimage\"},\"thumbnailUrl\":\"https:\/\/www.annonces-legales.org\/blog\/wp-content\/uploads\/2021\/09\/Reussir-le-Perigord.png\",\"datePublished\":\"2021-09-21T15:02:57+00:00\",\"dateModified\":\"2022-01-26T11:13:44+00:00\",\"breadcrumb\":{\"@id\":\"https:\/\/www.annonces-legales.org\/blog\/reussir-le-perigord\/#breadcrumb\"},\"inLanguage\":\"fr-FR\",\"potentialAction\":[{\"@type\":\"ReadAction\",\"target\":[\"https:\/\/www.annonces-legales.org\/blog\/reussir-le-perigord\/\"]}]},{\"@type\":\"ImageObject\",\"inLanguage\":\"fr-FR\",\"@id\":\"https:\/\/www.annonces-legales.org\/blog\/reussir-le-perigord\/#primaryimage\",\"url\":\"https:\/\/www.annonces-legales.org\/blog\/wp-content\/uploads\/2021\/09\/Reussir-le-Perigord.png\",\"contentUrl\":\"https:\/\/www.annonces-legales.org\/blog\/wp-content\/uploads\/2021\/09\/Reussir-le-Perigord.png\",\"width\":450,\"height\":184},{\"@type\":\"BreadcrumbList\",\"@id\":\"https:\/\/www.annonces-legales.org\/blog\/reussir-le-perigord\/#breadcrumb\",\"itemListElement\":[{\"@type\":\"ListItem\",\"position\":1,\"name\":\"Accueil\",\"item\":\"https:\/\/www.annonces-legales.org\/blog\/\"},{\"@type\":\"ListItem\",\"position\":2,\"name\":\"Liste des journaux habilit\u00e9s \u00e0 publier des annonces l\u00e9gales\",\"item\":\"https:\/\/www.annonces-legales.org\/blog\/liste-des-journaux-habilites-a-publier-des-annonces-legales\/\"},{\"@type\":\"ListItem\",\"position\":3,\"name\":\"R\u00e9ussir le P\u00e9rigord\"}]},{\"@type\":\"WebSite\",\"@id\":\"https:\/\/www.annonces-legales.org\/blog\/#website\",\"url\":\"https:\/\/www.annonces-legales.org\/blog\/\",\"name\":\"Actualit\u00e9 des entreprises\",\"description\":\"\",\"publisher\":{\"@id\":\"https:\/\/www.annonces-legales.org\/blog\/#organization\"},\"potentialAction\":[{\"@type\":\"SearchAction\",\"target\":{\"@type\":\"EntryPoint\",\"urlTemplate\":\"https:\/\/www.annonces-legales.org\/blog\/?s={search_term_string}\"},\"query-input\":{\"@type\":\"PropertyValueSpecification\",\"valueRequired\":true,\"valueName\":\"search_term_string\"}}],\"inLanguage\":\"fr-FR\"},{\"@type\":\"Organization\",\"@id\":\"https:\/\/www.annonces-legales.org\/blog\/#organization\",\"name\":\"Actualit\u00e9 des entreprises\",\"url\":\"https:\/\/www.annonces-legales.org\/blog\/\",\"logo\":{\"@type\":\"ImageObject\",\"inLanguage\":\"fr-FR\",\"@id\":\"https:\/\/www.annonces-legales.org\/blog\/#\/schema\/logo\/image\/\",\"url\":\"https:\/\/www.annonces-legales.org\/blog\/wp-content\/uploads\/2023\/08\/annonces-legales.svg\",\"contentUrl\":\"https:\/\/www.annonces-legales.org\/blog\/wp-content\/uploads\/2023\/08\/annonces-legales.svg\",\"caption\":\"Actualit\u00e9 des entreprises\"},\"image\":{\"@id\":\"https:\/\/www.annonces-legales.org\/blog\/#\/schema\/logo\/image\/\"}}]}<\/script>\n<!-- \/ Yoast SEO plugin. -->","yoast_head_json":{"title":"R\u00e9ussir le P\u00e9rigord - Actualit\u00e9 des entreprises","robots":{"index":"index","follow":"follow","max-snippet":"max-snippet:-1","max-image-preview":"max-image-preview:large","max-video-preview":"max-video-preview:-1"},"canonical":"https:\/\/www.annonces-legales.org\/blog\/reussir-le-perigord\/","og_locale":"fr_FR","og_type":"article","og_title":"R\u00e9ussir le P\u00e9rigord - Actualit\u00e9 des entreprises","og_description":"L&rsquo;hebdomadaire R\u00e9ussir le P\u00e9rigord propose des informations locales et rurales sur le d\u00e9partement de la Dordogne, dans le P\u00e9rigord. R\u00e9ussir [&hellip;]","og_url":"https:\/\/www.annonces-legales.org\/blog\/reussir-le-perigord\/","og_site_name":"Actualit\u00e9 des entreprises","article_modified_time":"2022-01-26T11:13:44+00:00","og_image":[{"width":450,"height":184,"url":"https:\/\/www.annonces-legales.org\/blog\/wp-content\/uploads\/2021\/09\/Reussir-le-Perigord.png","type":"image\/png"}],"twitter_card":"summary_large_image","twitter_misc":{"Dur\u00e9e de lecture estim\u00e9e":"2 minutes"},"schema":{"@context":"https:\/\/schema.org","@graph":[{"@type":"WebPage","@id":"https:\/\/www.annonces-legales.org\/blog\/reussir-le-perigord\/","url":"https:\/\/www.annonces-legales.org\/blog\/reussir-le-perigord\/","name":"R\u00e9ussir le P\u00e9rigord - Actualit\u00e9 des entreprises","isPartOf":{"@id":"https:\/\/www.annonces-legales.org\/blog\/#website"},"primaryImageOfPage":{"@id":"https:\/\/www.annonces-legales.org\/blog\/reussir-le-perigord\/#primaryimage"},"image":{"@id":"https:\/\/www.annonces-legales.org\/blog\/reussir-le-perigord\/#primaryimage"},"thumbnailUrl":"https:\/\/www.annonces-legales.org\/blog\/wp-content\/uploads\/2021\/09\/Reussir-le-Perigord.png","datePublished":"2021-09-21T15:02:57+00:00","dateModified":"2022-01-26T11:13:44+00:00","breadcrumb":{"@id":"https:\/\/www.annonces-legales.org\/blog\/reussir-le-perigord\/#breadcrumb"},"inLanguage":"fr-FR","potentialAction":[{"@type":"ReadAction","target":["https:\/\/www.annonces-legales.org\/blog\/reussir-le-perigord\/"]}]},{"@type":"ImageObject","inLanguage":"fr-FR","@id":"https:\/\/www.annonces-legales.org\/blog\/reussir-le-perigord\/#primaryimage","url":"https:\/\/www.annonces-legales.org\/blog\/wp-content\/uploads\/2021\/09\/Reussir-le-Perigord.png","contentUrl":"https:\/\/www.annonces-legales.org\/blog\/wp-content\/uploads\/2021\/09\/Reussir-le-Perigord.png","width":450,"height":184},{"@type":"BreadcrumbList","@id":"https:\/\/www.annonces-legales.org\/blog\/reussir-le-perigord\/#breadcrumb","itemListElement":[{"@type":"ListItem","position":1,"name":"Accueil","item":"https:\/\/www.annonces-legales.org\/blog\/"},{"@type":"ListItem","position":2,"name":"Liste des journaux habilit\u00e9s \u00e0 publier des annonces l\u00e9gales","item":"https:\/\/www.annonces-legales.org\/blog\/liste-des-journaux-habilites-a-publier-des-annonces-legales\/"},{"@type":"ListItem","position":3,"name":"R\u00e9ussir le P\u00e9rigord"}]},{"@type":"WebSite","@id":"https:\/\/www.annonces-legales.org\/blog\/#website","url":"https:\/\/www.annonces-legales.org\/blog\/","name":"Actualit\u00e9 des entreprises","description":"","publisher":{"@id":"https:\/\/www.annonces-legales.org\/blog\/#organization"},"potentialAction":[{"@type":"SearchAction","target":{"@type":"EntryPoint","urlTemplate":"https:\/\/www.annonces-legales.org\/blog\/?s={search_term_string}"},"query-input":{"@type":"PropertyValueSpecification","valueRequired":true,"valueName":"search_term_string"}}],"inLanguage":"fr-FR"},{"@type":"Organization","@id":"https:\/\/www.annonces-legales.org\/blog\/#organization","name":"Actualit\u00e9 des entreprises","url":"https:\/\/www.annonces-legales.org\/blog\/","logo":{"@type":"ImageObject","inLanguage":"fr-FR","@id":"https:\/\/www.annonces-legales.org\/blog\/#\/schema\/logo\/image\/","url":"https:\/\/www.annonces-legales.org\/blog\/wp-content\/uploads\/2023\/08\/annonces-legales.svg","contentUrl":"https:\/\/www.annonces-legales.org\/blog\/wp-content\/uploads\/2023\/08\/annonces-legales.svg","caption":"Actualit\u00e9 des entreprises"},"image":{"@id":"https:\/\/www.annonces-legales.org\/blog\/#\/schema\/logo\/image\/"}}]}},"_links":{"self":[{"href":"https:\/\/www.annonces-legales.org\/blog\/wp-json\/wp\/v2\/pages\/892","targetHints":{"allow":["GET"]}}],"collection":[{"href":"https:\/\/www.annonces-legales.org\/blog\/wp-json\/wp\/v2\/pages"}],"about":[{"href":"https:\/\/www.annonces-legales.org\/blog\/wp-json\/wp\/v2\/types\/page"}],"author":[{"embeddable":true,"href":"https:\/\/www.annonces-legales.org\/blog\/wp-json\/wp\/v2\/users\/1"}],"replies":[{"embeddable":true,"href":"https:\/\/www.annonces-legales.org\/blog\/wp-json\/wp\/v2\/comments?post=892"}],"version-history":[{"count":7,"href":"https:\/\/www.annonces-legales.org\/blog\/wp-json\/wp\/v2\/pages\/892\/revisions"}],"predecessor-version":[{"id":1378,"href":"https:\/\/www.annonces-legales.org\/blog\/wp-json\/wp\/v2\/pages\/892\/revisions\/1378"}],"up":[{"embeddable":true,"href":"https:\/\/www.annonces-legales.org\/blog\/wp-json\/wp\/v2\/pages\/351"}],"wp:attachment":[{"href":"https:\/\/www.annonces-legales.org\/blog\/wp-json\/wp\/v2\/media?parent=892"}],"curies":[{"name":"wp","href":"https:\/\/api.w.org\/{rel}","templated":true}]}}