{"id":895,"date":"2021-09-21T17:05:26","date_gmt":"2021-09-21T15:05:26","guid":{"rendered":"https:\/\/www.annonces-legales.org\/blog\/?page_id=895"},"modified":"2022-01-26T12:16:43","modified_gmt":"2022-01-26T11:16:43","slug":"vie-economique-du-sud-ouest","status":"publish","type":"page","link":"https:\/\/www.annonces-legales.org\/blog\/vie-economique-du-sud-ouest\/","title":{"rendered":"Vie \u00e9conomique du sud-Ouest"},"content":{"rendered":"<p><img loading=\"lazy\" decoding=\"async\" class=\"aligncenter size-full wp-image-896\" src=\"https:\/\/www.annonces-legales.org\/blog\/wp-content\/uploads\/2021\/09\/vie-economique-du-sud-Ouest.png\" alt=\"\" width=\"512\" height=\"512\" srcset=\"https:\/\/www.annonces-legales.org\/blog\/wp-content\/uploads\/2021\/09\/vie-economique-du-sud-Ouest.png 512w, https:\/\/www.annonces-legales.org\/blog\/wp-content\/uploads\/2021\/09\/vie-economique-du-sud-Ouest-300x300.png 300w, https:\/\/www.annonces-legales.org\/blog\/wp-content\/uploads\/2021\/09\/vie-economique-du-sud-Ouest-150x150.png 150w\" sizes=\"auto, (max-width: 512px) 100vw, 512px\" \/><\/p>\n<p>Le journal <strong>Vie \u00e9conomique du sud-ouest<\/strong> est un hebdomadaire vendu 1,30 euros chaque mercredi. Il propose sur ses 20 pages des informations \u00e9conomiques, sur le droit, sur le tourisme et sur les entreprises des d\u00e9partements de <strong>Dordogne et de la Garonne<\/strong>.<br \/>\nEn plus de ces informations locales, le journal propose des informations nationales avec l&rsquo;aide d&rsquo;une agence de presse situ\u00e9e dans la capitale.<\/p>\n<p>La grande majorit\u00e9 des lecteurs de ce journal sont des abonn\u00e9s. Ce sont la plupart du temps des chefs d&rsquo;entreprises de petites et moyennes entreprises, des experts-comptables, des avocats, des professions lib\u00e9rales\u2026<\/p>\n<p>Le journal poss\u00e8de cinq journalistes et de nombreux correspondants.<\/p>\n<p>Les propri\u00e9taires de ce journal poss\u00e8dent \u00e9galement d&rsquo;autres journaux dans diff\u00e9rents d\u00e9partements notamment les \u00e9coutes judiciaires girondins, sept jours, les petites affiches de Bretagne, les annonces landaises, l&rsquo;informateur judiciaire.<\/p>\n<p>&nbsp;<\/p>\n<h2>\u00c0 propos de ce Journal<\/h2>\n<p>Le journal a \u00e9t\u00e9 cr\u00e9\u00e9 par la <strong>chambre de commerce et d&rsquo;industrie de Bordeaux<\/strong> et le Medef local en 1974. Il est situ\u00e9 108, rue Fondaud\u00e8ge \u00e0 Bordeaux. Cet hebdomadaire poss\u00e8de un site Internet: <em>vie-economique.com<\/em><br \/>\nL&rsquo;abonnement pour un an \u00e0 la version num\u00e9rique papier est factur\u00e9 34 \u20ac TTC.<br \/>\nLe r\u00e9dacteur en chef du journal est Vincent Rousset.<\/p>\n<p>Ce journal poss\u00e8de une habilitation pour <strong>publier des annonces l\u00e9gales dans le d\u00e9partement de Lot-et-Garonne et de la Dordogne<\/strong>. Il peut donc faire des annonces officielles pour les entreprises ayant leurs si\u00e8ges dans l&rsquo;un de ces d\u00e9partements du sud ouest de la France.<\/p>\n","protected":false},"excerpt":{"rendered":"<p>Le journal Vie \u00e9conomique du sud-ouest est un hebdomadaire vendu 1,30 euros chaque mercredi. Il propose sur ses 20 pages [&hellip;]<\/p>\n","protected":false},"author":1,"featured_media":0,"parent":351,"menu_order":0,"comment_status":"closed","ping_status":"closed","template":"","meta":{"inline_featured_image":false,"footnotes":""},"class_list":["post-895","page","type-page","status-publish","hentry"],"yoast_head":"<!-- This site is optimized with the Yoast SEO plugin v26.8 - https:\/\/yoast.com\/product\/yoast-seo-wordpress\/ -->\n<title>Vie \u00e9conomique du sud-Ouest - Actualit\u00e9 des entreprises<\/title>\n<meta name=\"robots\" content=\"index, follow, max-snippet:-1, max-image-preview:large, max-video-preview:-1\" \/>\n<link rel=\"canonical\" href=\"https:\/\/www.annonces-legales.org\/blog\/vie-economique-du-sud-ouest\/\" \/>\n<meta property=\"og:locale\" content=\"fr_FR\" \/>\n<meta property=\"og:type\" content=\"article\" \/>\n<meta property=\"og:title\" content=\"Vie \u00e9conomique du sud-Ouest - Actualit\u00e9 des entreprises\" \/>\n<meta property=\"og:description\" content=\"Le journal Vie \u00e9conomique du sud-ouest est un hebdomadaire vendu 1,30 euros chaque mercredi. Il propose sur ses 20 pages [&hellip;]\" \/>\n<meta property=\"og:url\" content=\"https:\/\/www.annonces-legales.org\/blog\/vie-economique-du-sud-ouest\/\" \/>\n<meta property=\"og:site_name\" content=\"Actualit\u00e9 des entreprises\" \/>\n<meta property=\"article:modified_time\" content=\"2022-01-26T11:16:43+00:00\" \/>\n<meta property=\"og:image\" content=\"https:\/\/www.annonces-legales.org\/blog\/wp-content\/uploads\/2021\/09\/vie-economique-du-sud-Ouest.png\" \/>\n\t<meta property=\"og:image:width\" content=\"512\" \/>\n\t<meta property=\"og:image:height\" content=\"512\" \/>\n\t<meta property=\"og:image:type\" content=\"image\/png\" \/>\n<meta name=\"twitter:card\" content=\"summary_large_image\" \/>\n<meta name=\"twitter:label1\" content=\"Dur\u00e9e de lecture estim\u00e9e\" \/>\n\t<meta name=\"twitter:data1\" content=\"1 minute\" \/>\n<script type=\"application\/ld+json\" class=\"yoast-schema-graph\">{\"@context\":\"https:\/\/schema.org\",\"@graph\":[{\"@type\":\"WebPage\",\"@id\":\"https:\/\/www.annonces-legales.org\/blog\/vie-economique-du-sud-ouest\/\",\"url\":\"https:\/\/www.annonces-legales.org\/blog\/vie-economique-du-sud-ouest\/\",\"name\":\"Vie \u00e9conomique du sud-Ouest - Actualit\u00e9 des entreprises\",\"isPartOf\":{\"@id\":\"https:\/\/www.annonces-legales.org\/blog\/#website\"},\"primaryImageOfPage\":{\"@id\":\"https:\/\/www.annonces-legales.org\/blog\/vie-economique-du-sud-ouest\/#primaryimage\"},\"image\":{\"@id\":\"https:\/\/www.annonces-legales.org\/blog\/vie-economique-du-sud-ouest\/#primaryimage\"},\"thumbnailUrl\":\"https:\/\/www.annonces-legales.org\/blog\/wp-content\/uploads\/2021\/09\/vie-economique-du-sud-Ouest.png\",\"datePublished\":\"2021-09-21T15:05:26+00:00\",\"dateModified\":\"2022-01-26T11:16:43+00:00\",\"breadcrumb\":{\"@id\":\"https:\/\/www.annonces-legales.org\/blog\/vie-economique-du-sud-ouest\/#breadcrumb\"},\"inLanguage\":\"fr-FR\",\"potentialAction\":[{\"@type\":\"ReadAction\",\"target\":[\"https:\/\/www.annonces-legales.org\/blog\/vie-economique-du-sud-ouest\/\"]}]},{\"@type\":\"ImageObject\",\"inLanguage\":\"fr-FR\",\"@id\":\"https:\/\/www.annonces-legales.org\/blog\/vie-economique-du-sud-ouest\/#primaryimage\",\"url\":\"https:\/\/www.annonces-legales.org\/blog\/wp-content\/uploads\/2021\/09\/vie-economique-du-sud-Ouest.png\",\"contentUrl\":\"https:\/\/www.annonces-legales.org\/blog\/wp-content\/uploads\/2021\/09\/vie-economique-du-sud-Ouest.png\",\"width\":512,\"height\":512},{\"@type\":\"BreadcrumbList\",\"@id\":\"https:\/\/www.annonces-legales.org\/blog\/vie-economique-du-sud-ouest\/#breadcrumb\",\"itemListElement\":[{\"@type\":\"ListItem\",\"position\":1,\"name\":\"Accueil\",\"item\":\"https:\/\/www.annonces-legales.org\/blog\/\"},{\"@type\":\"ListItem\",\"position\":2,\"name\":\"Liste des journaux habilit\u00e9s \u00e0 publier des annonces l\u00e9gales\",\"item\":\"https:\/\/www.annonces-legales.org\/blog\/liste-des-journaux-habilites-a-publier-des-annonces-legales\/\"},{\"@type\":\"ListItem\",\"position\":3,\"name\":\"Vie \u00e9conomique du sud-Ouest\"}]},{\"@type\":\"WebSite\",\"@id\":\"https:\/\/www.annonces-legales.org\/blog\/#website\",\"url\":\"https:\/\/www.annonces-legales.org\/blog\/\",\"name\":\"Actualit\u00e9 des entreprises\",\"description\":\"\",\"publisher\":{\"@id\":\"https:\/\/www.annonces-legales.org\/blog\/#organization\"},\"potentialAction\":[{\"@type\":\"SearchAction\",\"target\":{\"@type\":\"EntryPoint\",\"urlTemplate\":\"https:\/\/www.annonces-legales.org\/blog\/?s={search_term_string}\"},\"query-input\":{\"@type\":\"PropertyValueSpecification\",\"valueRequired\":true,\"valueName\":\"search_term_string\"}}],\"inLanguage\":\"fr-FR\"},{\"@type\":\"Organization\",\"@id\":\"https:\/\/www.annonces-legales.org\/blog\/#organization\",\"name\":\"Actualit\u00e9 des entreprises\",\"url\":\"https:\/\/www.annonces-legales.org\/blog\/\",\"logo\":{\"@type\":\"ImageObject\",\"inLanguage\":\"fr-FR\",\"@id\":\"https:\/\/www.annonces-legales.org\/blog\/#\/schema\/logo\/image\/\",\"url\":\"https:\/\/www.annonces-legales.org\/blog\/wp-content\/uploads\/2023\/08\/annonces-legales.svg\",\"contentUrl\":\"https:\/\/www.annonces-legales.org\/blog\/wp-content\/uploads\/2023\/08\/annonces-legales.svg\",\"caption\":\"Actualit\u00e9 des entreprises\"},\"image\":{\"@id\":\"https:\/\/www.annonces-legales.org\/blog\/#\/schema\/logo\/image\/\"}}]}<\/script>\n<!-- \/ Yoast SEO plugin. -->","yoast_head_json":{"title":"Vie \u00e9conomique du sud-Ouest - Actualit\u00e9 des entreprises","robots":{"index":"index","follow":"follow","max-snippet":"max-snippet:-1","max-image-preview":"max-image-preview:large","max-video-preview":"max-video-preview:-1"},"canonical":"https:\/\/www.annonces-legales.org\/blog\/vie-economique-du-sud-ouest\/","og_locale":"fr_FR","og_type":"article","og_title":"Vie \u00e9conomique du sud-Ouest - Actualit\u00e9 des entreprises","og_description":"Le journal Vie \u00e9conomique du sud-ouest est un hebdomadaire vendu 1,30 euros chaque mercredi. Il propose sur ses 20 pages [&hellip;]","og_url":"https:\/\/www.annonces-legales.org\/blog\/vie-economique-du-sud-ouest\/","og_site_name":"Actualit\u00e9 des entreprises","article_modified_time":"2022-01-26T11:16:43+00:00","og_image":[{"width":512,"height":512,"url":"https:\/\/www.annonces-legales.org\/blog\/wp-content\/uploads\/2021\/09\/vie-economique-du-sud-Ouest.png","type":"image\/png"}],"twitter_card":"summary_large_image","twitter_misc":{"Dur\u00e9e de lecture estim\u00e9e":"1 minute"},"schema":{"@context":"https:\/\/schema.org","@graph":[{"@type":"WebPage","@id":"https:\/\/www.annonces-legales.org\/blog\/vie-economique-du-sud-ouest\/","url":"https:\/\/www.annonces-legales.org\/blog\/vie-economique-du-sud-ouest\/","name":"Vie \u00e9conomique du sud-Ouest - Actualit\u00e9 des entreprises","isPartOf":{"@id":"https:\/\/www.annonces-legales.org\/blog\/#website"},"primaryImageOfPage":{"@id":"https:\/\/www.annonces-legales.org\/blog\/vie-economique-du-sud-ouest\/#primaryimage"},"image":{"@id":"https:\/\/www.annonces-legales.org\/blog\/vie-economique-du-sud-ouest\/#primaryimage"},"thumbnailUrl":"https:\/\/www.annonces-legales.org\/blog\/wp-content\/uploads\/2021\/09\/vie-economique-du-sud-Ouest.png","datePublished":"2021-09-21T15:05:26+00:00","dateModified":"2022-01-26T11:16:43+00:00","breadcrumb":{"@id":"https:\/\/www.annonces-legales.org\/blog\/vie-economique-du-sud-ouest\/#breadcrumb"},"inLanguage":"fr-FR","potentialAction":[{"@type":"ReadAction","target":["https:\/\/www.annonces-legales.org\/blog\/vie-economique-du-sud-ouest\/"]}]},{"@type":"ImageObject","inLanguage":"fr-FR","@id":"https:\/\/www.annonces-legales.org\/blog\/vie-economique-du-sud-ouest\/#primaryimage","url":"https:\/\/www.annonces-legales.org\/blog\/wp-content\/uploads\/2021\/09\/vie-economique-du-sud-Ouest.png","contentUrl":"https:\/\/www.annonces-legales.org\/blog\/wp-content\/uploads\/2021\/09\/vie-economique-du-sud-Ouest.png","width":512,"height":512},{"@type":"BreadcrumbList","@id":"https:\/\/www.annonces-legales.org\/blog\/vie-economique-du-sud-ouest\/#breadcrumb","itemListElement":[{"@type":"ListItem","position":1,"name":"Accueil","item":"https:\/\/www.annonces-legales.org\/blog\/"},{"@type":"ListItem","position":2,"name":"Liste des journaux habilit\u00e9s \u00e0 publier des annonces l\u00e9gales","item":"https:\/\/www.annonces-legales.org\/blog\/liste-des-journaux-habilites-a-publier-des-annonces-legales\/"},{"@type":"ListItem","position":3,"name":"Vie \u00e9conomique du sud-Ouest"}]},{"@type":"WebSite","@id":"https:\/\/www.annonces-legales.org\/blog\/#website","url":"https:\/\/www.annonces-legales.org\/blog\/","name":"Actualit\u00e9 des entreprises","description":"","publisher":{"@id":"https:\/\/www.annonces-legales.org\/blog\/#organization"},"potentialAction":[{"@type":"SearchAction","target":{"@type":"EntryPoint","urlTemplate":"https:\/\/www.annonces-legales.org\/blog\/?s={search_term_string}"},"query-input":{"@type":"PropertyValueSpecification","valueRequired":true,"valueName":"search_term_string"}}],"inLanguage":"fr-FR"},{"@type":"Organization","@id":"https:\/\/www.annonces-legales.org\/blog\/#organization","name":"Actualit\u00e9 des entreprises","url":"https:\/\/www.annonces-legales.org\/blog\/","logo":{"@type":"ImageObject","inLanguage":"fr-FR","@id":"https:\/\/www.annonces-legales.org\/blog\/#\/schema\/logo\/image\/","url":"https:\/\/www.annonces-legales.org\/blog\/wp-content\/uploads\/2023\/08\/annonces-legales.svg","contentUrl":"https:\/\/www.annonces-legales.org\/blog\/wp-content\/uploads\/2023\/08\/annonces-legales.svg","caption":"Actualit\u00e9 des entreprises"},"image":{"@id":"https:\/\/www.annonces-legales.org\/blog\/#\/schema\/logo\/image\/"}}]}},"_links":{"self":[{"href":"https:\/\/www.annonces-legales.org\/blog\/wp-json\/wp\/v2\/pages\/895","targetHints":{"allow":["GET"]}}],"collection":[{"href":"https:\/\/www.annonces-legales.org\/blog\/wp-json\/wp\/v2\/pages"}],"about":[{"href":"https:\/\/www.annonces-legales.org\/blog\/wp-json\/wp\/v2\/types\/page"}],"author":[{"embeddable":true,"href":"https:\/\/www.annonces-legales.org\/blog\/wp-json\/wp\/v2\/users\/1"}],"replies":[{"embeddable":true,"href":"https:\/\/www.annonces-legales.org\/blog\/wp-json\/wp\/v2\/comments?post=895"}],"version-history":[{"count":1,"href":"https:\/\/www.annonces-legales.org\/blog\/wp-json\/wp\/v2\/pages\/895\/revisions"}],"predecessor-version":[{"id":897,"href":"https:\/\/www.annonces-legales.org\/blog\/wp-json\/wp\/v2\/pages\/895\/revisions\/897"}],"up":[{"embeddable":true,"href":"https:\/\/www.annonces-legales.org\/blog\/wp-json\/wp\/v2\/pages\/351"}],"wp:attachment":[{"href":"https:\/\/www.annonces-legales.org\/blog\/wp-json\/wp\/v2\/media?parent=895"}],"curies":[{"name":"wp","href":"https:\/\/api.w.org\/{rel}","templated":true}]}}