{"id":916,"date":"2021-09-21T17:18:23","date_gmt":"2021-09-21T15:18:23","guid":{"rendered":"https:\/\/www.annonces-legales.org\/blog\/?page_id=916"},"modified":"2022-01-26T11:37:59","modified_gmt":"2022-01-26T10:37:59","slug":"democrate-vernonnais","status":"publish","type":"page","link":"https:\/\/www.annonces-legales.org\/blog\/democrate-vernonnais\/","title":{"rendered":"D\u00e9mocrate Vernonnais"},"content":{"rendered":"<p><img loading=\"lazy\" decoding=\"async\" class=\"aligncenter size-medium wp-image-918\" src=\"https:\/\/www.annonces-legales.org\/blog\/wp-content\/uploads\/2021\/09\/Democrate-Vernonnais-300x84.png\" alt=\"\" width=\"300\" height=\"84\" srcset=\"https:\/\/www.annonces-legales.org\/blog\/wp-content\/uploads\/2021\/09\/Democrate-Vernonnais-300x84.png 300w, https:\/\/www.annonces-legales.org\/blog\/wp-content\/uploads\/2021\/09\/Democrate-Vernonnais.png 423w\" sizes=\"auto, (max-width: 300px) 100vw, 300px\" \/><\/p>\n<p>L&rsquo;hebdomadaire le <strong>D\u00e9mocrate Vernonnais<\/strong> est un journal r\u00e9gional du d\u00e9partement de l&rsquo;Eure qui est disponible en kiosque tous les jeudis.<\/p>\n<p>&nbsp;<\/p>\n<h2>En savoir plus sur le D\u00e9mocrate Vernonnais<\/h2>\n<p>Ses 19 000 fid\u00e8les lecteurs normands d\u00e9boursent chaque semaine 1,60 euros pour acheter cet hebdomadaire. Ce journal au format tablo\u00efd est diffus\u00e9 dans les cantons de Pacy, Ecos, Gaillon, Vernon-Sud et Vernon-Nord. On y retrouve l&rsquo;actualit\u00e9 locale propre \u00e0 la ville de <strong>Vernon<\/strong> et ses alentours avec des rubrique culturelle, un agenda des spectacles et expositions et enfin les avis de d\u00e9c\u00e8s et de naissance.<\/p>\n<p>Le journal a \u00e9t\u00e9 fond\u00e9 par Victor Petit en 1930. Il a ensuite \u00e9t\u00e9 repris par la famille Montourcy.<br \/>\nIl appartient depuis 2002 \u00e0 l&rsquo;entreprise PubliHebdos qui poss\u00e8de de nombreux journaux r\u00e9gionaux (environ 80 hebdomadaires et 15 journaux gratuits). PubliHebdos est une entreprise du groupe SIPA-Ouest France.<\/p>\n<p>L&rsquo;\u00e9quipe du journal comprend, entre autre, Julien Ducouret (\u00e9diteur), Philippe Rifflet (Directeur d\u00e9l\u00e9gu\u00e9) et Fabienne Marie (R\u00e9dactrice en chef adjointe).<\/p>\n<p>Le journal est imprim\u00e9 \u00e0 Cherbourg par la soci\u00e9t\u00e9 Cherbourgeoise d&rsquo;\u00e9ditions.<\/p>\n<h2>Informations de contact du D\u00e9mocrate Vernonnais<\/h2>\n<p>Si\u00e8ge du journal : 1, Place de l&rsquo;ancienne halle Vernon 27300.<br \/>\nT\u00e9l\u00e9phone : 02 32 21 01 18<\/p>\n<p>&nbsp;<\/p>\n<h2>Site web du journal<\/h2>\n<p><img loading=\"lazy\" decoding=\"async\" class=\"aligncenter size-full wp-image-1411\" src=\"https:\/\/www.annonces-legales.org\/blog\/wp-content\/uploads\/2021\/10\/site-democrate-vernonnais.png\" alt=\"\" width=\"700\" height=\"541\" srcset=\"https:\/\/www.annonces-legales.org\/blog\/wp-content\/uploads\/2021\/10\/site-democrate-vernonnais.png 700w, https:\/\/www.annonces-legales.org\/blog\/wp-content\/uploads\/2021\/10\/site-democrate-vernonnais-300x232.png 300w\" sizes=\"auto, (max-width: 700px) 100vw, 700px\" \/><\/p>\n<p>Ce journal n&rsquo;a pas de site internet mais est pr\u00e9sent via un \u00ab\u00a0sous site\u00a0\u00bb sur le site actu.fr. Cela remplace l&rsquo;ancien site web du journal que l&rsquo;on pouvait trouver \u00e0 l\u2019adresse suivante: <em>ledemocratevernonnais.fr<\/em><\/p>\n<p>On y retrouve des informations locales accessibles \u00e0 tous.<\/p>\n<p>&nbsp;<\/p>\n<h2>Annonces l\u00e9gales dans l&rsquo;Eure 27<\/h2>\n<p>Le D\u00e9mocrate Vernonnais est en mesure de publier des <strong>annonces l\u00e9gales<\/strong> pour les soci\u00e9t\u00e9s ayant leur bureau et leur si\u00e8ge social dans le d\u00e9partement de l&rsquo;Eure (27).<\/p>\n<br\/><br\/><div class=\"entry-content notopmargin\">\n\t<img decoding=\"async\" class=\"img-fluid fleft\" src=\"https:\/\/www.annonces-legales.org\/images\/rapide-economique-tout-departement.png\" alt=\"Journal d'annonce l\u00e9gale de l'Eure \"><a href=\"https:\/\/www.annonces-legales.org\/publication-annonce-legale.html\" class=\"button button-desc fright mtop30\"><div>Je publie<br> mon annonce<br> l\u00e9gale<\/div><span>dans un journal de l'Eure !<\/span><\/a>\n<\/div><div class=\"clrbth\"><\/div><br\/><br\/>\n<p>Le D\u00e9mocrate Vernonnais n&rsquo;est pas l&rsquo;unique titre de presse \u00e0 avoir re\u00e7u une autorisation pour faire des annonces officielles dans l&rsquo;Eure.<br \/>\nUn nombre important de journaux locaux et internet peuvent publier les annonces l\u00e9gales des entreprises euroises.<\/p>\n<p>Tous les journaux locaux de l&rsquo;Eure n&rsquo;ont pas de facto le droit de publier des annonces l\u00e9gales. Il faut qu&rsquo;il demandent l&rsquo;autorisation \u00e0 la pr\u00e9fecture de l&rsquo;Eure. Cette autorisation sera accord\u00e9e suite \u00e0 une v\u00e9rification par la pr\u00e9fecture de certaines caract\u00e9ristiques du journal (connotation locale du journal, nombre de lecteurs&#8230;).<\/p>\n<p>Pour l&rsquo;ann\u00e9e 2021, les journaux et site web autoris\u00e9s \u00e0 faire des annonces l\u00e9gales sont les suivant: <a href=\"https:\/\/www.annonces-legales.org\/blog\/eure-agricole-et-rurale\/\">L&rsquo;Eure Agricole<\/a>, Le D\u00e9mocrate Vernonnais, leparisien.fr, ouest-france.fr, <a href=\"https:\/\/www.annonces-legales.org\/blog\/reveil-normand\/\">Le R\u00e9veil Normand<\/a>, <a href=\"https:\/\/www.annonces-legales.org\/blog\/depeche-devreux\/\">La D\u00e9p\u00eache d&rsquo;Evreux<\/a>, L&rsquo;Eveil Normand, actu.fr, <a href=\"https:\/\/www.annonces-legales.org\/blog\/eveil-de-pont-audemer\/\">L&rsquo;Eveil de Pont Audemer<\/a>, <a href=\"https:\/\/www.annonces-legales.org\/blog\/courrier-de-leure\/\">Le Courrier de l&rsquo;Eure<\/a>, tendanceouest.com, Paris Normandie \/Edition Eure, L&rsquo; Impartial, Eure Infos, <a href=\"https:\/\/www.annonces-legales.org\/blog\/liberte-dimanche\/\">Libert\u00e9 Dimanche<\/a>.<\/p>\n<p>Cette liste change chaque ann\u00e9e. Pour \u00eatre certain d&rsquo;utiliser un journal ou un service de presse en ligne autoris\u00e9, il faut contacter la pr\u00e9fecture ou utiliser nos services. Nous avons des partenariats uniquement avec des journaux d&rsquo;annonces l\u00e9gales JAL autoris\u00e9s par la pr\u00e9fecture de l&rsquo;Eure.<\/p>\n<p>&nbsp;<\/p>\n<h2>Combien de temps prend la publication d&rsquo;une annonce dans l&rsquo;Eure ?<\/h2>\n<p>La publication d&rsquo;une annonce l\u00e9gale officielle prend moins de 10 minutes avec notre service.<br \/>\nIl est n\u00e9cessaire de remplir le formulaire correspondant \u00e0 votre type d&rsquo;annonce et apr\u00e8s le paiement en ligne s\u00e9curis\u00e9 par carte, vous recevez un avis de parution directement dans votre boite mail.<br \/>\nL&rsquo;impression elle m\u00eame, dans un journal papier, peut prendre plusieurs jours. Mais vous n&rsquo;aurez pas besoin d&rsquo;attendre la publication de l&rsquo;annonce dans le journal pour faire vos d\u00e9marches. Vous aurez d\u00e9j\u00e0 l&rsquo;avis de parution que nous vous aurons envoy\u00e9 juste apr\u00e8s la r\u00e9ception de votre commande.<\/p>\n<br\/><br\/><div class=\"entry-content notopmargin\">\n\t<img decoding=\"async\" class=\"img-fluid fleft\" src=\"https:\/\/www.annonces-legales.org\/images\/rapide-economique-tout-departement.png\" alt=\"Journal d'annonce l\u00e9gale habilit\u00e9 JAL \"><a href=\"https:\/\/www.annonces-legales.org\/publication-annonce-legale.html\" class=\"button button-desc fright mtop30\"><div>Je publie<br> mon annonce<br> l\u00e9gale<\/div><span>dans un journal habilit\u00e9 JAL !<\/span><\/a>\n<\/div><div class=\"clrbth\"><\/div><br\/><br\/>\n<p>&nbsp;<\/p>\n","protected":false},"excerpt":{"rendered":"<p>L&rsquo;hebdomadaire le D\u00e9mocrate Vernonnais est un journal r\u00e9gional du d\u00e9partement de l&rsquo;Eure qui est disponible en kiosque tous les jeudis. [&hellip;]<\/p>\n","protected":false},"author":1,"featured_media":0,"parent":351,"menu_order":0,"comment_status":"closed","ping_status":"closed","template":"","meta":{"inline_featured_image":false,"footnotes":""},"class_list":["post-916","page","type-page","status-publish","hentry"],"yoast_head":"<!-- This site is optimized with the Yoast SEO plugin v26.8 - https:\/\/yoast.com\/product\/yoast-seo-wordpress\/ -->\n<title>D\u00e9mocrate Vernonnais - Actualit\u00e9 des entreprises<\/title>\n<meta name=\"robots\" content=\"index, follow, max-snippet:-1, max-image-preview:large, max-video-preview:-1\" \/>\n<link rel=\"canonical\" href=\"https:\/\/www.annonces-legales.org\/blog\/democrate-vernonnais\/\" \/>\n<meta property=\"og:locale\" content=\"fr_FR\" \/>\n<meta property=\"og:type\" content=\"article\" \/>\n<meta property=\"og:title\" content=\"D\u00e9mocrate Vernonnais - Actualit\u00e9 des entreprises\" \/>\n<meta property=\"og:description\" content=\"L&rsquo;hebdomadaire le D\u00e9mocrate Vernonnais est un journal r\u00e9gional du d\u00e9partement de l&rsquo;Eure qui est disponible en kiosque tous les jeudis. [&hellip;]\" \/>\n<meta property=\"og:url\" content=\"https:\/\/www.annonces-legales.org\/blog\/democrate-vernonnais\/\" \/>\n<meta property=\"og:site_name\" content=\"Actualit\u00e9 des entreprises\" \/>\n<meta property=\"article:modified_time\" content=\"2022-01-26T10:37:59+00:00\" \/>\n<meta property=\"og:image\" content=\"https:\/\/www.annonces-legales.org\/blog\/wp-content\/uploads\/2021\/09\/Democrate-Vernonnais.png\" \/>\n\t<meta property=\"og:image:width\" content=\"423\" \/>\n\t<meta property=\"og:image:height\" content=\"119\" \/>\n\t<meta property=\"og:image:type\" content=\"image\/png\" \/>\n<meta name=\"twitter:card\" content=\"summary_large_image\" \/>\n<meta name=\"twitter:label1\" content=\"Dur\u00e9e de lecture estim\u00e9e\" \/>\n\t<meta name=\"twitter:data1\" content=\"3 minutes\" \/>\n<script type=\"application\/ld+json\" class=\"yoast-schema-graph\">{\"@context\":\"https:\/\/schema.org\",\"@graph\":[{\"@type\":\"WebPage\",\"@id\":\"https:\/\/www.annonces-legales.org\/blog\/democrate-vernonnais\/\",\"url\":\"https:\/\/www.annonces-legales.org\/blog\/democrate-vernonnais\/\",\"name\":\"D\u00e9mocrate Vernonnais - Actualit\u00e9 des entreprises\",\"isPartOf\":{\"@id\":\"https:\/\/www.annonces-legales.org\/blog\/#website\"},\"primaryImageOfPage\":{\"@id\":\"https:\/\/www.annonces-legales.org\/blog\/democrate-vernonnais\/#primaryimage\"},\"image\":{\"@id\":\"https:\/\/www.annonces-legales.org\/blog\/democrate-vernonnais\/#primaryimage\"},\"thumbnailUrl\":\"https:\/\/www.annonces-legales.org\/blog\/wp-content\/uploads\/2021\/09\/Democrate-Vernonnais-300x84.png\",\"datePublished\":\"2021-09-21T15:18:23+00:00\",\"dateModified\":\"2022-01-26T10:37:59+00:00\",\"breadcrumb\":{\"@id\":\"https:\/\/www.annonces-legales.org\/blog\/democrate-vernonnais\/#breadcrumb\"},\"inLanguage\":\"fr-FR\",\"potentialAction\":[{\"@type\":\"ReadAction\",\"target\":[\"https:\/\/www.annonces-legales.org\/blog\/democrate-vernonnais\/\"]}]},{\"@type\":\"ImageObject\",\"inLanguage\":\"fr-FR\",\"@id\":\"https:\/\/www.annonces-legales.org\/blog\/democrate-vernonnais\/#primaryimage\",\"url\":\"https:\/\/www.annonces-legales.org\/blog\/wp-content\/uploads\/2021\/09\/Democrate-Vernonnais.png\",\"contentUrl\":\"https:\/\/www.annonces-legales.org\/blog\/wp-content\/uploads\/2021\/09\/Democrate-Vernonnais.png\",\"width\":423,\"height\":119},{\"@type\":\"BreadcrumbList\",\"@id\":\"https:\/\/www.annonces-legales.org\/blog\/democrate-vernonnais\/#breadcrumb\",\"itemListElement\":[{\"@type\":\"ListItem\",\"position\":1,\"name\":\"Accueil\",\"item\":\"https:\/\/www.annonces-legales.org\/blog\/\"},{\"@type\":\"ListItem\",\"position\":2,\"name\":\"Liste des journaux habilit\u00e9s \u00e0 publier des annonces l\u00e9gales\",\"item\":\"https:\/\/www.annonces-legales.org\/blog\/liste-des-journaux-habilites-a-publier-des-annonces-legales\/\"},{\"@type\":\"ListItem\",\"position\":3,\"name\":\"D\u00e9mocrate Vernonnais\"}]},{\"@type\":\"WebSite\",\"@id\":\"https:\/\/www.annonces-legales.org\/blog\/#website\",\"url\":\"https:\/\/www.annonces-legales.org\/blog\/\",\"name\":\"Actualit\u00e9 des entreprises\",\"description\":\"\",\"publisher\":{\"@id\":\"https:\/\/www.annonces-legales.org\/blog\/#organization\"},\"potentialAction\":[{\"@type\":\"SearchAction\",\"target\":{\"@type\":\"EntryPoint\",\"urlTemplate\":\"https:\/\/www.annonces-legales.org\/blog\/?s={search_term_string}\"},\"query-input\":{\"@type\":\"PropertyValueSpecification\",\"valueRequired\":true,\"valueName\":\"search_term_string\"}}],\"inLanguage\":\"fr-FR\"},{\"@type\":\"Organization\",\"@id\":\"https:\/\/www.annonces-legales.org\/blog\/#organization\",\"name\":\"Actualit\u00e9 des entreprises\",\"url\":\"https:\/\/www.annonces-legales.org\/blog\/\",\"logo\":{\"@type\":\"ImageObject\",\"inLanguage\":\"fr-FR\",\"@id\":\"https:\/\/www.annonces-legales.org\/blog\/#\/schema\/logo\/image\/\",\"url\":\"https:\/\/www.annonces-legales.org\/blog\/wp-content\/uploads\/2023\/08\/annonces-legales.svg\",\"contentUrl\":\"https:\/\/www.annonces-legales.org\/blog\/wp-content\/uploads\/2023\/08\/annonces-legales.svg\",\"caption\":\"Actualit\u00e9 des entreprises\"},\"image\":{\"@id\":\"https:\/\/www.annonces-legales.org\/blog\/#\/schema\/logo\/image\/\"}}]}<\/script>\n<!-- \/ Yoast SEO plugin. -->","yoast_head_json":{"title":"D\u00e9mocrate Vernonnais - Actualit\u00e9 des entreprises","robots":{"index":"index","follow":"follow","max-snippet":"max-snippet:-1","max-image-preview":"max-image-preview:large","max-video-preview":"max-video-preview:-1"},"canonical":"https:\/\/www.annonces-legales.org\/blog\/democrate-vernonnais\/","og_locale":"fr_FR","og_type":"article","og_title":"D\u00e9mocrate Vernonnais - Actualit\u00e9 des entreprises","og_description":"L&rsquo;hebdomadaire le D\u00e9mocrate Vernonnais est un journal r\u00e9gional du d\u00e9partement de l&rsquo;Eure qui est disponible en kiosque tous les jeudis. [&hellip;]","og_url":"https:\/\/www.annonces-legales.org\/blog\/democrate-vernonnais\/","og_site_name":"Actualit\u00e9 des entreprises","article_modified_time":"2022-01-26T10:37:59+00:00","og_image":[{"width":423,"height":119,"url":"https:\/\/www.annonces-legales.org\/blog\/wp-content\/uploads\/2021\/09\/Democrate-Vernonnais.png","type":"image\/png"}],"twitter_card":"summary_large_image","twitter_misc":{"Dur\u00e9e de lecture estim\u00e9e":"3 minutes"},"schema":{"@context":"https:\/\/schema.org","@graph":[{"@type":"WebPage","@id":"https:\/\/www.annonces-legales.org\/blog\/democrate-vernonnais\/","url":"https:\/\/www.annonces-legales.org\/blog\/democrate-vernonnais\/","name":"D\u00e9mocrate Vernonnais - Actualit\u00e9 des entreprises","isPartOf":{"@id":"https:\/\/www.annonces-legales.org\/blog\/#website"},"primaryImageOfPage":{"@id":"https:\/\/www.annonces-legales.org\/blog\/democrate-vernonnais\/#primaryimage"},"image":{"@id":"https:\/\/www.annonces-legales.org\/blog\/democrate-vernonnais\/#primaryimage"},"thumbnailUrl":"https:\/\/www.annonces-legales.org\/blog\/wp-content\/uploads\/2021\/09\/Democrate-Vernonnais-300x84.png","datePublished":"2021-09-21T15:18:23+00:00","dateModified":"2022-01-26T10:37:59+00:00","breadcrumb":{"@id":"https:\/\/www.annonces-legales.org\/blog\/democrate-vernonnais\/#breadcrumb"},"inLanguage":"fr-FR","potentialAction":[{"@type":"ReadAction","target":["https:\/\/www.annonces-legales.org\/blog\/democrate-vernonnais\/"]}]},{"@type":"ImageObject","inLanguage":"fr-FR","@id":"https:\/\/www.annonces-legales.org\/blog\/democrate-vernonnais\/#primaryimage","url":"https:\/\/www.annonces-legales.org\/blog\/wp-content\/uploads\/2021\/09\/Democrate-Vernonnais.png","contentUrl":"https:\/\/www.annonces-legales.org\/blog\/wp-content\/uploads\/2021\/09\/Democrate-Vernonnais.png","width":423,"height":119},{"@type":"BreadcrumbList","@id":"https:\/\/www.annonces-legales.org\/blog\/democrate-vernonnais\/#breadcrumb","itemListElement":[{"@type":"ListItem","position":1,"name":"Accueil","item":"https:\/\/www.annonces-legales.org\/blog\/"},{"@type":"ListItem","position":2,"name":"Liste des journaux habilit\u00e9s \u00e0 publier des annonces l\u00e9gales","item":"https:\/\/www.annonces-legales.org\/blog\/liste-des-journaux-habilites-a-publier-des-annonces-legales\/"},{"@type":"ListItem","position":3,"name":"D\u00e9mocrate Vernonnais"}]},{"@type":"WebSite","@id":"https:\/\/www.annonces-legales.org\/blog\/#website","url":"https:\/\/www.annonces-legales.org\/blog\/","name":"Actualit\u00e9 des entreprises","description":"","publisher":{"@id":"https:\/\/www.annonces-legales.org\/blog\/#organization"},"potentialAction":[{"@type":"SearchAction","target":{"@type":"EntryPoint","urlTemplate":"https:\/\/www.annonces-legales.org\/blog\/?s={search_term_string}"},"query-input":{"@type":"PropertyValueSpecification","valueRequired":true,"valueName":"search_term_string"}}],"inLanguage":"fr-FR"},{"@type":"Organization","@id":"https:\/\/www.annonces-legales.org\/blog\/#organization","name":"Actualit\u00e9 des entreprises","url":"https:\/\/www.annonces-legales.org\/blog\/","logo":{"@type":"ImageObject","inLanguage":"fr-FR","@id":"https:\/\/www.annonces-legales.org\/blog\/#\/schema\/logo\/image\/","url":"https:\/\/www.annonces-legales.org\/blog\/wp-content\/uploads\/2023\/08\/annonces-legales.svg","contentUrl":"https:\/\/www.annonces-legales.org\/blog\/wp-content\/uploads\/2023\/08\/annonces-legales.svg","caption":"Actualit\u00e9 des entreprises"},"image":{"@id":"https:\/\/www.annonces-legales.org\/blog\/#\/schema\/logo\/image\/"}}]}},"_links":{"self":[{"href":"https:\/\/www.annonces-legales.org\/blog\/wp-json\/wp\/v2\/pages\/916","targetHints":{"allow":["GET"]}}],"collection":[{"href":"https:\/\/www.annonces-legales.org\/blog\/wp-json\/wp\/v2\/pages"}],"about":[{"href":"https:\/\/www.annonces-legales.org\/blog\/wp-json\/wp\/v2\/types\/page"}],"author":[{"embeddable":true,"href":"https:\/\/www.annonces-legales.org\/blog\/wp-json\/wp\/v2\/users\/1"}],"replies":[{"embeddable":true,"href":"https:\/\/www.annonces-legales.org\/blog\/wp-json\/wp\/v2\/comments?post=916"}],"version-history":[{"count":9,"href":"https:\/\/www.annonces-legales.org\/blog\/wp-json\/wp\/v2\/pages\/916\/revisions"}],"predecessor-version":[{"id":1415,"href":"https:\/\/www.annonces-legales.org\/blog\/wp-json\/wp\/v2\/pages\/916\/revisions\/1415"}],"up":[{"embeddable":true,"href":"https:\/\/www.annonces-legales.org\/blog\/wp-json\/wp\/v2\/pages\/351"}],"wp:attachment":[{"href":"https:\/\/www.annonces-legales.org\/blog\/wp-json\/wp\/v2\/media?parent=916"}],"curies":[{"name":"wp","href":"https:\/\/api.w.org\/{rel}","templated":true}]}}