{"id":920,"date":"2021-09-21T17:20:59","date_gmt":"2021-09-21T15:20:59","guid":{"rendered":"https:\/\/www.annonces-legales.org\/blog\/?page_id=920"},"modified":"2022-01-26T12:23:17","modified_gmt":"2022-01-26T11:23:17","slug":"depeche-devreux","status":"publish","type":"page","link":"https:\/\/www.annonces-legales.org\/blog\/depeche-d-evreux\/","title":{"rendered":"D\u00e9p\u00eache d&rsquo;\u00c9vreux"},"content":{"rendered":"<p><img loading=\"lazy\" decoding=\"async\" class=\"aligncenter size-medium wp-image-923\" src=\"https:\/\/www.annonces-legales.org\/blog\/wp-content\/uploads\/2021\/09\/Depeche-dEvreux-1-300x71.png\" alt=\"\" width=\"300\" height=\"71\" srcset=\"https:\/\/www.annonces-legales.org\/blog\/wp-content\/uploads\/2021\/09\/Depeche-dEvreux-1-300x71.png 300w, https:\/\/www.annonces-legales.org\/blog\/wp-content\/uploads\/2021\/09\/Depeche-dEvreux-1.png 450w\" sizes=\"auto, (max-width: 300px) 100vw, 300px\" \/><\/p>\n<p><strong>La D\u00e9p\u00eache d&rsquo;\u00c9vreux<\/strong> est un journal hebdomadaire qui para\u00eet tous les vendredis. Il relate des informations locales tout autour d&rsquo;\u00c9vreux. Il est diffus\u00e9 \u00e0 \u00c9vreux mais aussi dans les cantons de Breteuil, Damville, Dreux, Louviers, Nonancourt, Pacy sur Eure, Verneuil sur Avre, Val-de-Reuil, Saint-Andr\u00e9 de l&rsquo;Eure.<\/p>\n<p>Il est vendu 1,50 euros. Il poss\u00e8de plus de 50 000 lecteurs chaque semaine. Le directeur de la publication se nomme, comme pour beaucoup d&rsquo;autres journaux du groupe PubliHebdos, Francis Gaunaud. Le r\u00e9dacteur en chef est Charles Giovacchini. Le journal est imprim\u00e9 \u00e0 Cherbourg par la soci\u00e9t\u00e9 Cherbourgeoise d&rsquo;\u00e9ditions.<\/p>\n<p>L&rsquo;abonnement au journal est de 5,60 \u20ac par mois. C&rsquo;est un abonnement papier. L&rsquo;abonnement num\u00e9rique est au m\u00eame prix. Pour un tout petit peu plus cher, il est possible d&rsquo;avoir la version duo\u00a0 avec le journal en version num\u00e9rique et en version papier (six euros par mois).<\/p>\n<p>Ce journal a re\u00e7u une habilitation de la pr\u00e9fecture de l&rsquo;Eure pour faire des <strong>annonces l\u00e9gales<\/strong>. Ainsi on retrouve dans ses colonnes des annonces l\u00e9gales des <strong>entreprises de l&rsquo;Eure<\/strong>. Le journal La D\u00e9p\u00eache d&rsquo;\u00c9vreux publie une vingtaine d&rsquo;annonces l\u00e9gales chaque semaine.<\/p>\n<br\/><br\/><div class=\"entry-content notopmargin\">\n\t<img decoding=\"async\" class=\"img-fluid fleft\" src=\"https:\/\/www.annonces-legales.org\/images\/rapide-economique-tout-departement.png\" alt=\"Journal d'annonce l\u00e9gale de l'Eure \"><a href=\"https:\/\/www.annonces-legales.org\/publication-annonce-legale.html\" class=\"button button-desc fright mtop30\"><div>Je publie<br> mon annonce<br> l\u00e9gale<\/div><span>dans un journal de l'Eure !<\/span><\/a>\n<\/div><div class=\"clrbth\"><\/div><br\/><br\/>\n","protected":false},"excerpt":{"rendered":"<p>La D\u00e9p\u00eache d&rsquo;\u00c9vreux est un journal hebdomadaire qui para\u00eet tous les vendredis. Il relate des informations locales tout autour d&rsquo;\u00c9vreux. [&hellip;]<\/p>\n","protected":false},"author":1,"featured_media":0,"parent":351,"menu_order":0,"comment_status":"closed","ping_status":"closed","template":"","meta":{"inline_featured_image":false,"footnotes":""},"class_list":["post-920","page","type-page","status-publish","hentry"],"yoast_head":"<!-- This site is optimized with the Yoast SEO plugin v26.8 - https:\/\/yoast.com\/product\/yoast-seo-wordpress\/ -->\n<title>D\u00e9p\u00eache d&#039;\u00c9vreux - Actualit\u00e9 des entreprises<\/title>\n<meta name=\"robots\" content=\"index, follow, max-snippet:-1, max-image-preview:large, max-video-preview:-1\" \/>\n<link rel=\"canonical\" href=\"https:\/\/www.annonces-legales.org\/blog\/depeche-d-evreux\/\" \/>\n<meta property=\"og:locale\" content=\"fr_FR\" \/>\n<meta property=\"og:type\" content=\"article\" \/>\n<meta property=\"og:title\" content=\"D\u00e9p\u00eache d&#039;\u00c9vreux - Actualit\u00e9 des entreprises\" \/>\n<meta property=\"og:description\" content=\"La D\u00e9p\u00eache d&rsquo;\u00c9vreux est un journal hebdomadaire qui para\u00eet tous les vendredis. Il relate des informations locales tout autour d&rsquo;\u00c9vreux. [&hellip;]\" \/>\n<meta property=\"og:url\" content=\"https:\/\/www.annonces-legales.org\/blog\/depeche-d-evreux\/\" \/>\n<meta property=\"og:site_name\" content=\"Actualit\u00e9 des entreprises\" \/>\n<meta property=\"article:modified_time\" content=\"2022-01-26T11:23:17+00:00\" \/>\n<meta property=\"og:image\" content=\"https:\/\/www.annonces-legales.org\/blog\/wp-content\/uploads\/2021\/09\/Depeche-dEvreux-1.png\" \/>\n\t<meta property=\"og:image:width\" content=\"450\" \/>\n\t<meta property=\"og:image:height\" content=\"106\" \/>\n\t<meta property=\"og:image:type\" content=\"image\/png\" \/>\n<meta name=\"twitter:card\" content=\"summary_large_image\" \/>\n<meta name=\"twitter:label1\" content=\"Dur\u00e9e de lecture estim\u00e9e\" \/>\n\t<meta name=\"twitter:data1\" content=\"1 minute\" \/>\n<script type=\"application\/ld+json\" class=\"yoast-schema-graph\">{\"@context\":\"https:\/\/schema.org\",\"@graph\":[{\"@type\":\"WebPage\",\"@id\":\"https:\/\/www.annonces-legales.org\/blog\/depeche-d-evreux\/\",\"url\":\"https:\/\/www.annonces-legales.org\/blog\/depeche-d-evreux\/\",\"name\":\"D\u00e9p\u00eache d'\u00c9vreux - Actualit\u00e9 des entreprises\",\"isPartOf\":{\"@id\":\"https:\/\/www.annonces-legales.org\/blog\/#website\"},\"primaryImageOfPage\":{\"@id\":\"https:\/\/www.annonces-legales.org\/blog\/depeche-d-evreux\/#primaryimage\"},\"image\":{\"@id\":\"https:\/\/www.annonces-legales.org\/blog\/depeche-d-evreux\/#primaryimage\"},\"thumbnailUrl\":\"https:\/\/www.annonces-legales.org\/blog\/wp-content\/uploads\/2021\/09\/Depeche-dEvreux-1-300x71.png\",\"datePublished\":\"2021-09-21T15:20:59+00:00\",\"dateModified\":\"2022-01-26T11:23:17+00:00\",\"breadcrumb\":{\"@id\":\"https:\/\/www.annonces-legales.org\/blog\/depeche-d-evreux\/#breadcrumb\"},\"inLanguage\":\"fr-FR\",\"potentialAction\":[{\"@type\":\"ReadAction\",\"target\":[\"https:\/\/www.annonces-legales.org\/blog\/depeche-d-evreux\/\"]}]},{\"@type\":\"ImageObject\",\"inLanguage\":\"fr-FR\",\"@id\":\"https:\/\/www.annonces-legales.org\/blog\/depeche-d-evreux\/#primaryimage\",\"url\":\"https:\/\/www.annonces-legales.org\/blog\/wp-content\/uploads\/2021\/09\/Depeche-dEvreux-1.png\",\"contentUrl\":\"https:\/\/www.annonces-legales.org\/blog\/wp-content\/uploads\/2021\/09\/Depeche-dEvreux-1.png\",\"width\":450,\"height\":106},{\"@type\":\"BreadcrumbList\",\"@id\":\"https:\/\/www.annonces-legales.org\/blog\/depeche-d-evreux\/#breadcrumb\",\"itemListElement\":[{\"@type\":\"ListItem\",\"position\":1,\"name\":\"Accueil\",\"item\":\"https:\/\/www.annonces-legales.org\/blog\/\"},{\"@type\":\"ListItem\",\"position\":2,\"name\":\"Liste des journaux habilit\u00e9s \u00e0 publier des annonces l\u00e9gales\",\"item\":\"https:\/\/www.annonces-legales.org\/blog\/liste-des-journaux-habilites-a-publier-des-annonces-legales\/\"},{\"@type\":\"ListItem\",\"position\":3,\"name\":\"D\u00e9p\u00eache d&rsquo;\u00c9vreux\"}]},{\"@type\":\"WebSite\",\"@id\":\"https:\/\/www.annonces-legales.org\/blog\/#website\",\"url\":\"https:\/\/www.annonces-legales.org\/blog\/\",\"name\":\"Actualit\u00e9 des entreprises\",\"description\":\"\",\"publisher\":{\"@id\":\"https:\/\/www.annonces-legales.org\/blog\/#organization\"},\"potentialAction\":[{\"@type\":\"SearchAction\",\"target\":{\"@type\":\"EntryPoint\",\"urlTemplate\":\"https:\/\/www.annonces-legales.org\/blog\/?s={search_term_string}\"},\"query-input\":{\"@type\":\"PropertyValueSpecification\",\"valueRequired\":true,\"valueName\":\"search_term_string\"}}],\"inLanguage\":\"fr-FR\"},{\"@type\":\"Organization\",\"@id\":\"https:\/\/www.annonces-legales.org\/blog\/#organization\",\"name\":\"Actualit\u00e9 des entreprises\",\"url\":\"https:\/\/www.annonces-legales.org\/blog\/\",\"logo\":{\"@type\":\"ImageObject\",\"inLanguage\":\"fr-FR\",\"@id\":\"https:\/\/www.annonces-legales.org\/blog\/#\/schema\/logo\/image\/\",\"url\":\"https:\/\/www.annonces-legales.org\/blog\/wp-content\/uploads\/2023\/08\/annonces-legales.svg\",\"contentUrl\":\"https:\/\/www.annonces-legales.org\/blog\/wp-content\/uploads\/2023\/08\/annonces-legales.svg\",\"caption\":\"Actualit\u00e9 des entreprises\"},\"image\":{\"@id\":\"https:\/\/www.annonces-legales.org\/blog\/#\/schema\/logo\/image\/\"}}]}<\/script>\n<!-- \/ Yoast SEO plugin. -->","yoast_head_json":{"title":"D\u00e9p\u00eache d'\u00c9vreux - Actualit\u00e9 des entreprises","robots":{"index":"index","follow":"follow","max-snippet":"max-snippet:-1","max-image-preview":"max-image-preview:large","max-video-preview":"max-video-preview:-1"},"canonical":"https:\/\/www.annonces-legales.org\/blog\/depeche-d-evreux\/","og_locale":"fr_FR","og_type":"article","og_title":"D\u00e9p\u00eache d'\u00c9vreux - Actualit\u00e9 des entreprises","og_description":"La D\u00e9p\u00eache d&rsquo;\u00c9vreux est un journal hebdomadaire qui para\u00eet tous les vendredis. Il relate des informations locales tout autour d&rsquo;\u00c9vreux. [&hellip;]","og_url":"https:\/\/www.annonces-legales.org\/blog\/depeche-d-evreux\/","og_site_name":"Actualit\u00e9 des entreprises","article_modified_time":"2022-01-26T11:23:17+00:00","og_image":[{"width":450,"height":106,"url":"https:\/\/www.annonces-legales.org\/blog\/wp-content\/uploads\/2021\/09\/Depeche-dEvreux-1.png","type":"image\/png"}],"twitter_card":"summary_large_image","twitter_misc":{"Dur\u00e9e de lecture estim\u00e9e":"1 minute"},"schema":{"@context":"https:\/\/schema.org","@graph":[{"@type":"WebPage","@id":"https:\/\/www.annonces-legales.org\/blog\/depeche-d-evreux\/","url":"https:\/\/www.annonces-legales.org\/blog\/depeche-d-evreux\/","name":"D\u00e9p\u00eache d'\u00c9vreux - Actualit\u00e9 des entreprises","isPartOf":{"@id":"https:\/\/www.annonces-legales.org\/blog\/#website"},"primaryImageOfPage":{"@id":"https:\/\/www.annonces-legales.org\/blog\/depeche-d-evreux\/#primaryimage"},"image":{"@id":"https:\/\/www.annonces-legales.org\/blog\/depeche-d-evreux\/#primaryimage"},"thumbnailUrl":"https:\/\/www.annonces-legales.org\/blog\/wp-content\/uploads\/2021\/09\/Depeche-dEvreux-1-300x71.png","datePublished":"2021-09-21T15:20:59+00:00","dateModified":"2022-01-26T11:23:17+00:00","breadcrumb":{"@id":"https:\/\/www.annonces-legales.org\/blog\/depeche-d-evreux\/#breadcrumb"},"inLanguage":"fr-FR","potentialAction":[{"@type":"ReadAction","target":["https:\/\/www.annonces-legales.org\/blog\/depeche-d-evreux\/"]}]},{"@type":"ImageObject","inLanguage":"fr-FR","@id":"https:\/\/www.annonces-legales.org\/blog\/depeche-d-evreux\/#primaryimage","url":"https:\/\/www.annonces-legales.org\/blog\/wp-content\/uploads\/2021\/09\/Depeche-dEvreux-1.png","contentUrl":"https:\/\/www.annonces-legales.org\/blog\/wp-content\/uploads\/2021\/09\/Depeche-dEvreux-1.png","width":450,"height":106},{"@type":"BreadcrumbList","@id":"https:\/\/www.annonces-legales.org\/blog\/depeche-d-evreux\/#breadcrumb","itemListElement":[{"@type":"ListItem","position":1,"name":"Accueil","item":"https:\/\/www.annonces-legales.org\/blog\/"},{"@type":"ListItem","position":2,"name":"Liste des journaux habilit\u00e9s \u00e0 publier des annonces l\u00e9gales","item":"https:\/\/www.annonces-legales.org\/blog\/liste-des-journaux-habilites-a-publier-des-annonces-legales\/"},{"@type":"ListItem","position":3,"name":"D\u00e9p\u00eache d&rsquo;\u00c9vreux"}]},{"@type":"WebSite","@id":"https:\/\/www.annonces-legales.org\/blog\/#website","url":"https:\/\/www.annonces-legales.org\/blog\/","name":"Actualit\u00e9 des entreprises","description":"","publisher":{"@id":"https:\/\/www.annonces-legales.org\/blog\/#organization"},"potentialAction":[{"@type":"SearchAction","target":{"@type":"EntryPoint","urlTemplate":"https:\/\/www.annonces-legales.org\/blog\/?s={search_term_string}"},"query-input":{"@type":"PropertyValueSpecification","valueRequired":true,"valueName":"search_term_string"}}],"inLanguage":"fr-FR"},{"@type":"Organization","@id":"https:\/\/www.annonces-legales.org\/blog\/#organization","name":"Actualit\u00e9 des entreprises","url":"https:\/\/www.annonces-legales.org\/blog\/","logo":{"@type":"ImageObject","inLanguage":"fr-FR","@id":"https:\/\/www.annonces-legales.org\/blog\/#\/schema\/logo\/image\/","url":"https:\/\/www.annonces-legales.org\/blog\/wp-content\/uploads\/2023\/08\/annonces-legales.svg","contentUrl":"https:\/\/www.annonces-legales.org\/blog\/wp-content\/uploads\/2023\/08\/annonces-legales.svg","caption":"Actualit\u00e9 des entreprises"},"image":{"@id":"https:\/\/www.annonces-legales.org\/blog\/#\/schema\/logo\/image\/"}}]}},"_links":{"self":[{"href":"https:\/\/www.annonces-legales.org\/blog\/wp-json\/wp\/v2\/pages\/920","targetHints":{"allow":["GET"]}}],"collection":[{"href":"https:\/\/www.annonces-legales.org\/blog\/wp-json\/wp\/v2\/pages"}],"about":[{"href":"https:\/\/www.annonces-legales.org\/blog\/wp-json\/wp\/v2\/types\/page"}],"author":[{"embeddable":true,"href":"https:\/\/www.annonces-legales.org\/blog\/wp-json\/wp\/v2\/users\/1"}],"replies":[{"embeddable":true,"href":"https:\/\/www.annonces-legales.org\/blog\/wp-json\/wp\/v2\/comments?post=920"}],"version-history":[{"count":3,"href":"https:\/\/www.annonces-legales.org\/blog\/wp-json\/wp\/v2\/pages\/920\/revisions"}],"predecessor-version":[{"id":925,"href":"https:\/\/www.annonces-legales.org\/blog\/wp-json\/wp\/v2\/pages\/920\/revisions\/925"}],"up":[{"embeddable":true,"href":"https:\/\/www.annonces-legales.org\/blog\/wp-json\/wp\/v2\/pages\/351"}],"wp:attachment":[{"href":"https:\/\/www.annonces-legales.org\/blog\/wp-json\/wp\/v2\/media?parent=920"}],"curies":[{"name":"wp","href":"https:\/\/api.w.org\/{rel}","templated":true}]}}