{"id":929,"date":"2021-09-21T17:26:11","date_gmt":"2021-09-21T15:26:11","guid":{"rendered":"https:\/\/www.annonces-legales.org\/blog\/?page_id=929"},"modified":"2022-01-26T11:49:01","modified_gmt":"2022-01-26T10:49:01","slug":"eveil-de-pont-audemer","status":"publish","type":"page","link":"https:\/\/www.annonces-legales.org\/blog\/eveil-de-pont-audemer\/","title":{"rendered":"\u00c9veil de Pont-Audemer"},"content":{"rendered":"<p><img loading=\"lazy\" decoding=\"async\" class=\"aligncenter size-full wp-image-931\" src=\"https:\/\/www.annonces-legales.org\/blog\/wp-content\/uploads\/2021\/09\/Eveil-de-Pont-Audemer.png\" alt=\"\" width=\"300\" height=\"130\" \/><\/p>\n<p><strong>L&rsquo;\u00c9veil de Pont-Audemer<\/strong> est un journal papier qui para\u00eet chaque mardi chez les marchands journaux du d\u00e9partement de l&rsquo;Eure.<br \/>\nIl publie l&rsquo;<strong>actu sur Pont-Audemer <\/strong>et les communes proches.<br \/>\nOn le trouve notamment \u00e0 Beuzeville, \u00e0 Pont-Audemer, \u00e0 Routot, \u00e0 Saint Georges du Vievre, \u00e0 Quilleb\u0153uf sur Seine ou encore \u00e0 Bourgtheroulde-Infreville.<\/p>\n<p>&nbsp;<\/p>\n<h2>Mieux conna\u00eetre l&rsquo;\u00c9veil de Pont-Audemer<\/h2>\n<p>Cet hebdomadaire r\u00e9gional, vendu au prix de 1,60 euros, existe depuis plus de 40 ans. Il a une diffusion totale moyenne de 9000 sur l&rsquo;ann\u00e9e 2021. Un tiers des lecteurs de ce journal sont des abonn\u00e9s. Mais seul 1 % des lecteurs lisent la version num\u00e9rique du journal.<br \/>\nCet <strong>hebdomadaire de l&rsquo;Eure<\/strong> est la propri\u00e9t\u00e9 du groupe PubliHebdos\/actu.fr. Ce groupe de presse poss\u00e8de de nombreux journaux r\u00e9gionaux dans le d\u00e9partement de l&rsquo;Eure mais aussi dans beaucoup d&rsquo;autre d\u00e9partement fran\u00e7ais.<\/p>\n<p>La r\u00e9daction du journal se trouve 9 place Louis Guillain \u00e0 Pont-Audemer (27504). L&rsquo;\u00e9quipe du journal peut \u00eatre contact\u00e9e par e-mail (eveil.pont-audemer@publihebdos.fr) ou par t\u00e9l\u00e9phone (02 32 41 20 20).<\/p>\n<p>Comme beaucoup de journaux affili\u00e9s \u00e0 actu.fr, l&rsquo;\u00c9veil de Pont-Audemer, ne poss\u00e8de pas de site internet. Le journal a uniquement une page sur <em>actu.fr<\/em> avec des articles en clair.<\/p>\n<h2>Annonce l\u00e9gale sur l&rsquo;\u00c9veil de Pont-Audemer<\/h2>\n<p>Le journal \u00c9veil de Pont-Audemer est un<strong> journal d&rsquo;annonce l\u00e9gale pour le d\u00e9partement de l&rsquo;Eure<\/strong>. Il peut donc ins\u00e9rer des annonces l\u00e9gales pour les soci\u00e9t\u00e9s qui poss\u00e8dent leur si\u00e8ge social dans ce d\u00e9partement.<\/p>\n<p>&nbsp;<\/p>\n<h2>Vous souhaitez publier une annonce l\u00e9gale dans le 27 ?<\/h2>\n<p>Retrouvez sur notre site un large choix de <strong>journaux habilit\u00e9s pour le d\u00e9partement 27<\/strong>. Vous pouvez obtenir un devis pour une annonce l\u00e9gale simplement et sans inscription.<\/p>\n<br\/><br\/><div class=\"entry-content notopmargin\">\n\t<img decoding=\"async\" class=\"img-fluid fleft\" src=\"https:\/\/www.annonces-legales.org\/images\/rapide-economique-tout-departement.png\" alt=\"Journal d'annonce l\u00e9gale du 27 \"><a href=\"https:\/\/www.annonces-legales.org\/publication-annonce-legale.html\" class=\"button button-desc fright mtop30\"><div>Je publie<br> mon annonce<br> l\u00e9gale<\/div><span>dans un journal du 27 !<\/span><\/a>\n<\/div><div class=\"clrbth\"><\/div><br\/><br\/>\n<p>Une autre solution est de contacter directement un journal comme l\u2019\u00c9veil Pont-Audemer. Cependant, pour \u00eatre assurer d&rsquo;obtenir le tarif le plus bas possible, il est indispensable de faire plusieurs devis.<\/p>\n<p>&nbsp;<\/p>\n<h2>Quand une entreprise Euroise doit-elle publier une annonce l\u00e9gale ?<\/h2>\n<p>Les soci\u00e9t\u00e9s de l&rsquo;Eure vont faire leur premi\u00e8re annonce l\u00e9gale juste avant leur immatriculation aupr\u00e8s du registre du commerce et des soci\u00e9t\u00e9s (RCS). Cette annonce est souvent nomm\u00e9e \u00ab\u00a0<a href=\"https:\/\/www.annonces-legales.org\/blog\/avis-de-constitution\/\">avis de constitution<\/a>\u00ab\u00a0.<\/p>\n<p>Ensuite, les annonces l\u00e9gales devront \u00eatre faites selon les \u00e9v\u00e8nements qui surgissent ou qui sont pr\u00e9par\u00e9s comme par exemple un changement du dirigeant ou de l&rsquo;adresse du si\u00e8ge.<\/p>\n","protected":false},"excerpt":{"rendered":"<p>L&rsquo;\u00c9veil de Pont-Audemer est un journal papier qui para\u00eet chaque mardi chez les marchands journaux du d\u00e9partement de l&rsquo;Eure. Il [&hellip;]<\/p>\n","protected":false},"author":1,"featured_media":0,"parent":351,"menu_order":0,"comment_status":"closed","ping_status":"closed","template":"","meta":{"inline_featured_image":false,"footnotes":""},"class_list":["post-929","page","type-page","status-publish","hentry"],"yoast_head":"<!-- This site is optimized with the Yoast SEO plugin v26.8 - https:\/\/yoast.com\/product\/yoast-seo-wordpress\/ -->\n<title>\u00c9veil de Pont-Audemer - Actualit\u00e9 des entreprises<\/title>\n<meta name=\"robots\" content=\"index, follow, max-snippet:-1, max-image-preview:large, max-video-preview:-1\" \/>\n<link rel=\"canonical\" href=\"https:\/\/www.annonces-legales.org\/blog\/eveil-de-pont-audemer\/\" \/>\n<meta property=\"og:locale\" content=\"fr_FR\" \/>\n<meta property=\"og:type\" content=\"article\" \/>\n<meta property=\"og:title\" content=\"\u00c9veil de Pont-Audemer - Actualit\u00e9 des entreprises\" \/>\n<meta property=\"og:description\" content=\"L&rsquo;\u00c9veil de Pont-Audemer est un journal papier qui para\u00eet chaque mardi chez les marchands journaux du d\u00e9partement de l&rsquo;Eure. Il [&hellip;]\" \/>\n<meta property=\"og:url\" content=\"https:\/\/www.annonces-legales.org\/blog\/eveil-de-pont-audemer\/\" \/>\n<meta property=\"og:site_name\" content=\"Actualit\u00e9 des entreprises\" \/>\n<meta property=\"article:modified_time\" content=\"2022-01-26T10:49:01+00:00\" \/>\n<meta property=\"og:image\" content=\"https:\/\/www.annonces-legales.org\/blog\/wp-content\/uploads\/2021\/09\/Eveil-de-Pont-Audemer.png\" \/>\n\t<meta property=\"og:image:width\" content=\"300\" \/>\n\t<meta property=\"og:image:height\" content=\"130\" \/>\n\t<meta property=\"og:image:type\" content=\"image\/png\" \/>\n<meta name=\"twitter:card\" content=\"summary_large_image\" \/>\n<meta name=\"twitter:label1\" content=\"Dur\u00e9e de lecture estim\u00e9e\" \/>\n\t<meta name=\"twitter:data1\" content=\"2 minutes\" \/>\n<script type=\"application\/ld+json\" class=\"yoast-schema-graph\">{\"@context\":\"https:\/\/schema.org\",\"@graph\":[{\"@type\":\"WebPage\",\"@id\":\"https:\/\/www.annonces-legales.org\/blog\/eveil-de-pont-audemer\/\",\"url\":\"https:\/\/www.annonces-legales.org\/blog\/eveil-de-pont-audemer\/\",\"name\":\"\u00c9veil de Pont-Audemer - Actualit\u00e9 des entreprises\",\"isPartOf\":{\"@id\":\"https:\/\/www.annonces-legales.org\/blog\/#website\"},\"primaryImageOfPage\":{\"@id\":\"https:\/\/www.annonces-legales.org\/blog\/eveil-de-pont-audemer\/#primaryimage\"},\"image\":{\"@id\":\"https:\/\/www.annonces-legales.org\/blog\/eveil-de-pont-audemer\/#primaryimage\"},\"thumbnailUrl\":\"https:\/\/www.annonces-legales.org\/blog\/wp-content\/uploads\/2021\/09\/Eveil-de-Pont-Audemer.png\",\"datePublished\":\"2021-09-21T15:26:11+00:00\",\"dateModified\":\"2022-01-26T10:49:01+00:00\",\"breadcrumb\":{\"@id\":\"https:\/\/www.annonces-legales.org\/blog\/eveil-de-pont-audemer\/#breadcrumb\"},\"inLanguage\":\"fr-FR\",\"potentialAction\":[{\"@type\":\"ReadAction\",\"target\":[\"https:\/\/www.annonces-legales.org\/blog\/eveil-de-pont-audemer\/\"]}]},{\"@type\":\"ImageObject\",\"inLanguage\":\"fr-FR\",\"@id\":\"https:\/\/www.annonces-legales.org\/blog\/eveil-de-pont-audemer\/#primaryimage\",\"url\":\"https:\/\/www.annonces-legales.org\/blog\/wp-content\/uploads\/2021\/09\/Eveil-de-Pont-Audemer.png\",\"contentUrl\":\"https:\/\/www.annonces-legales.org\/blog\/wp-content\/uploads\/2021\/09\/Eveil-de-Pont-Audemer.png\",\"width\":300,\"height\":130},{\"@type\":\"BreadcrumbList\",\"@id\":\"https:\/\/www.annonces-legales.org\/blog\/eveil-de-pont-audemer\/#breadcrumb\",\"itemListElement\":[{\"@type\":\"ListItem\",\"position\":1,\"name\":\"Accueil\",\"item\":\"https:\/\/www.annonces-legales.org\/blog\/\"},{\"@type\":\"ListItem\",\"position\":2,\"name\":\"Liste des journaux habilit\u00e9s \u00e0 publier des annonces l\u00e9gales\",\"item\":\"https:\/\/www.annonces-legales.org\/blog\/liste-des-journaux-habilites-a-publier-des-annonces-legales\/\"},{\"@type\":\"ListItem\",\"position\":3,\"name\":\"\u00c9veil de Pont-Audemer\"}]},{\"@type\":\"WebSite\",\"@id\":\"https:\/\/www.annonces-legales.org\/blog\/#website\",\"url\":\"https:\/\/www.annonces-legales.org\/blog\/\",\"name\":\"Actualit\u00e9 des entreprises\",\"description\":\"\",\"publisher\":{\"@id\":\"https:\/\/www.annonces-legales.org\/blog\/#organization\"},\"potentialAction\":[{\"@type\":\"SearchAction\",\"target\":{\"@type\":\"EntryPoint\",\"urlTemplate\":\"https:\/\/www.annonces-legales.org\/blog\/?s={search_term_string}\"},\"query-input\":{\"@type\":\"PropertyValueSpecification\",\"valueRequired\":true,\"valueName\":\"search_term_string\"}}],\"inLanguage\":\"fr-FR\"},{\"@type\":\"Organization\",\"@id\":\"https:\/\/www.annonces-legales.org\/blog\/#organization\",\"name\":\"Actualit\u00e9 des entreprises\",\"url\":\"https:\/\/www.annonces-legales.org\/blog\/\",\"logo\":{\"@type\":\"ImageObject\",\"inLanguage\":\"fr-FR\",\"@id\":\"https:\/\/www.annonces-legales.org\/blog\/#\/schema\/logo\/image\/\",\"url\":\"https:\/\/www.annonces-legales.org\/blog\/wp-content\/uploads\/2023\/08\/annonces-legales.svg\",\"contentUrl\":\"https:\/\/www.annonces-legales.org\/blog\/wp-content\/uploads\/2023\/08\/annonces-legales.svg\",\"caption\":\"Actualit\u00e9 des entreprises\"},\"image\":{\"@id\":\"https:\/\/www.annonces-legales.org\/blog\/#\/schema\/logo\/image\/\"}}]}<\/script>\n<!-- \/ Yoast SEO plugin. -->","yoast_head_json":{"title":"\u00c9veil de Pont-Audemer - Actualit\u00e9 des entreprises","robots":{"index":"index","follow":"follow","max-snippet":"max-snippet:-1","max-image-preview":"max-image-preview:large","max-video-preview":"max-video-preview:-1"},"canonical":"https:\/\/www.annonces-legales.org\/blog\/eveil-de-pont-audemer\/","og_locale":"fr_FR","og_type":"article","og_title":"\u00c9veil de Pont-Audemer - Actualit\u00e9 des entreprises","og_description":"L&rsquo;\u00c9veil de Pont-Audemer est un journal papier qui para\u00eet chaque mardi chez les marchands journaux du d\u00e9partement de l&rsquo;Eure. Il [&hellip;]","og_url":"https:\/\/www.annonces-legales.org\/blog\/eveil-de-pont-audemer\/","og_site_name":"Actualit\u00e9 des entreprises","article_modified_time":"2022-01-26T10:49:01+00:00","og_image":[{"width":300,"height":130,"url":"https:\/\/www.annonces-legales.org\/blog\/wp-content\/uploads\/2021\/09\/Eveil-de-Pont-Audemer.png","type":"image\/png"}],"twitter_card":"summary_large_image","twitter_misc":{"Dur\u00e9e de lecture estim\u00e9e":"2 minutes"},"schema":{"@context":"https:\/\/schema.org","@graph":[{"@type":"WebPage","@id":"https:\/\/www.annonces-legales.org\/blog\/eveil-de-pont-audemer\/","url":"https:\/\/www.annonces-legales.org\/blog\/eveil-de-pont-audemer\/","name":"\u00c9veil de Pont-Audemer - Actualit\u00e9 des entreprises","isPartOf":{"@id":"https:\/\/www.annonces-legales.org\/blog\/#website"},"primaryImageOfPage":{"@id":"https:\/\/www.annonces-legales.org\/blog\/eveil-de-pont-audemer\/#primaryimage"},"image":{"@id":"https:\/\/www.annonces-legales.org\/blog\/eveil-de-pont-audemer\/#primaryimage"},"thumbnailUrl":"https:\/\/www.annonces-legales.org\/blog\/wp-content\/uploads\/2021\/09\/Eveil-de-Pont-Audemer.png","datePublished":"2021-09-21T15:26:11+00:00","dateModified":"2022-01-26T10:49:01+00:00","breadcrumb":{"@id":"https:\/\/www.annonces-legales.org\/blog\/eveil-de-pont-audemer\/#breadcrumb"},"inLanguage":"fr-FR","potentialAction":[{"@type":"ReadAction","target":["https:\/\/www.annonces-legales.org\/blog\/eveil-de-pont-audemer\/"]}]},{"@type":"ImageObject","inLanguage":"fr-FR","@id":"https:\/\/www.annonces-legales.org\/blog\/eveil-de-pont-audemer\/#primaryimage","url":"https:\/\/www.annonces-legales.org\/blog\/wp-content\/uploads\/2021\/09\/Eveil-de-Pont-Audemer.png","contentUrl":"https:\/\/www.annonces-legales.org\/blog\/wp-content\/uploads\/2021\/09\/Eveil-de-Pont-Audemer.png","width":300,"height":130},{"@type":"BreadcrumbList","@id":"https:\/\/www.annonces-legales.org\/blog\/eveil-de-pont-audemer\/#breadcrumb","itemListElement":[{"@type":"ListItem","position":1,"name":"Accueil","item":"https:\/\/www.annonces-legales.org\/blog\/"},{"@type":"ListItem","position":2,"name":"Liste des journaux habilit\u00e9s \u00e0 publier des annonces l\u00e9gales","item":"https:\/\/www.annonces-legales.org\/blog\/liste-des-journaux-habilites-a-publier-des-annonces-legales\/"},{"@type":"ListItem","position":3,"name":"\u00c9veil de Pont-Audemer"}]},{"@type":"WebSite","@id":"https:\/\/www.annonces-legales.org\/blog\/#website","url":"https:\/\/www.annonces-legales.org\/blog\/","name":"Actualit\u00e9 des entreprises","description":"","publisher":{"@id":"https:\/\/www.annonces-legales.org\/blog\/#organization"},"potentialAction":[{"@type":"SearchAction","target":{"@type":"EntryPoint","urlTemplate":"https:\/\/www.annonces-legales.org\/blog\/?s={search_term_string}"},"query-input":{"@type":"PropertyValueSpecification","valueRequired":true,"valueName":"search_term_string"}}],"inLanguage":"fr-FR"},{"@type":"Organization","@id":"https:\/\/www.annonces-legales.org\/blog\/#organization","name":"Actualit\u00e9 des entreprises","url":"https:\/\/www.annonces-legales.org\/blog\/","logo":{"@type":"ImageObject","inLanguage":"fr-FR","@id":"https:\/\/www.annonces-legales.org\/blog\/#\/schema\/logo\/image\/","url":"https:\/\/www.annonces-legales.org\/blog\/wp-content\/uploads\/2023\/08\/annonces-legales.svg","contentUrl":"https:\/\/www.annonces-legales.org\/blog\/wp-content\/uploads\/2023\/08\/annonces-legales.svg","caption":"Actualit\u00e9 des entreprises"},"image":{"@id":"https:\/\/www.annonces-legales.org\/blog\/#\/schema\/logo\/image\/"}}]}},"_links":{"self":[{"href":"https:\/\/www.annonces-legales.org\/blog\/wp-json\/wp\/v2\/pages\/929","targetHints":{"allow":["GET"]}}],"collection":[{"href":"https:\/\/www.annonces-legales.org\/blog\/wp-json\/wp\/v2\/pages"}],"about":[{"href":"https:\/\/www.annonces-legales.org\/blog\/wp-json\/wp\/v2\/types\/page"}],"author":[{"embeddable":true,"href":"https:\/\/www.annonces-legales.org\/blog\/wp-json\/wp\/v2\/users\/1"}],"replies":[{"embeddable":true,"href":"https:\/\/www.annonces-legales.org\/blog\/wp-json\/wp\/v2\/comments?post=929"}],"version-history":[{"count":6,"href":"https:\/\/www.annonces-legales.org\/blog\/wp-json\/wp\/v2\/pages\/929\/revisions"}],"predecessor-version":[{"id":1312,"href":"https:\/\/www.annonces-legales.org\/blog\/wp-json\/wp\/v2\/pages\/929\/revisions\/1312"}],"up":[{"embeddable":true,"href":"https:\/\/www.annonces-legales.org\/blog\/wp-json\/wp\/v2\/pages\/351"}],"wp:attachment":[{"href":"https:\/\/www.annonces-legales.org\/blog\/wp-json\/wp\/v2\/media?parent=929"}],"curies":[{"name":"wp","href":"https:\/\/api.w.org\/{rel}","templated":true}]}}