{"id":933,"date":"2021-09-21T17:27:59","date_gmt":"2021-09-21T15:27:59","guid":{"rendered":"https:\/\/www.annonces-legales.org\/blog\/?page_id=933"},"modified":"2022-01-26T11:55:02","modified_gmt":"2022-01-26T10:55:02","slug":"eveil-normand","status":"publish","type":"page","link":"https:\/\/www.annonces-legales.org\/blog\/eveil-normand\/","title":{"rendered":"L&rsquo;\u00c9veil Normand"},"content":{"rendered":"<p><img loading=\"lazy\" decoding=\"async\" class=\"aligncenter size-full wp-image-934\" src=\"https:\/\/www.annonces-legales.org\/blog\/wp-content\/uploads\/2021\/09\/Eveil-Normand.png\" alt=\"\" width=\"300\" height=\"144\" \/><\/p>\n<p>Le journal l&rsquo;<strong>\u00c9veil Normand<\/strong> est un hebdomadaire dont le jour de parution est le mercredi. Il est vendu 1,70 euros. Il a plus de 40\u00a0000 lecteurs r\u00e9guliers. On le trouve principalement dans les kiosques des villes de Conches en ouche, Bretueil, Beaumesnil, Rugles, Brionne, Orbec, Thiberville, Bernay ou Brogly. Le r\u00e9dacteur en chef du journal s&rsquo;appelle Serge Velain.<\/p>\n<p>Cet hebdomadaire r\u00e9gional est n\u00e9 en 1872. Il s&rsquo;appelait tout d&rsquo;abord l&rsquo;<strong>Avenir de Bernay<\/strong>. Il devient dans les ann\u00e9es 1930 le journal le plus dans le canton de Bernay. Pendant la deuxi\u00e8me guerre mondiale, il est interdit de parution et la reprend un peu plus tard sous un nouveau nom : l&rsquo;<strong>\u00e9veil de Bernay<\/strong>. Il change de nom une nouvelle fois en septembre 1974. Il est rachet\u00e9 par le groupe publiHebdos en 2001.<\/p>\n<p>Le journal est situ\u00e9 au 31 rue Thiers \u00e0 Bernay 27304 (t\u00e9l\u00e9phone : 02 32 47 81 00).<\/p>\n<p>&nbsp;<\/p>\n<h2>L&rsquo;\u00c9veil Normand, journal officiel de l&rsquo;Eure<\/h2>\n<p>L&rsquo;hebdomadaire L&rsquo;\u00c9veil Normand poss\u00e8de une habilitation pour faire des<strong> annonces l\u00e9gales<\/strong> dans le d\u00e9partement de l&rsquo;Eure (27).<\/p>\n<p>&nbsp;<\/p>\n<h2>Comment les journaux papiers ou en ligne obtiennent-ils une habilitation ?<\/h2>\n<p>Pour devenir habilit\u00e9 pour un d\u00e9partement, un journal doit faire une demande officielle \u00e0 la pr\u00e9fecture.<\/p>\n<p>Un journal \u00e9dit\u00e9 nationalement peut effectuer une annonce dans le d\u00e9partement de l&rsquo;Eure si il offre des actualit\u00e9s locales.<\/p>\n<p>Les journaux locaux offrent par d\u00e9finition des actualit\u00e9 du d\u00e9partement.<\/p>\n<p>C&rsquo;est une commission annuelle qui donne l&rsquo;homologation (valable 12 mois) aux diff\u00e9rents titres de presse en fonction de divers \u00e9l\u00e9ments.<\/p>\n<p>Bien que de nombreux journaux hebdomadaires et quotidiens respectent tous les crit\u00e8res n\u00e9cessaires pour diffuser des annonces, c&rsquo;est le pr\u00e9fet et un comit\u00e9 qui d\u00e9cide in fine quel journal papier a le droit de faire une annonce l\u00e9gale.<\/p>\n<p>Il y a par cons\u00e9quent des r\u00e9gions comme le 75 avec plus de 15 journaux habilit\u00e9s et d&rsquo;autres comme par exemple le d\u00e9partement de l&rsquo;Indre avec uniquement un nombre restreint de JAL.<\/p>\n<h2>Combien coute une annonce l\u00e9gale ?<\/h2>\n<p>Une annonce l\u00e9gale et judiciaire de cr\u00e9ation d&rsquo;une structure est la plus on\u00e9reuse. Son prix est fix\u00e9 nationalement.<\/p>\n<p>Pour les autres annonces, le prix de vente peut changer entre d\u00e9partement mais il varie assez peu. Il se calcule en fonction du nombre de ligne.<br \/>\nLe prix moyen \u00e0 la ligne en France est de 5 euros. Pour le d\u00e9partement de l&rsquo;Eure, il est de 4,63 euros HT.<\/p>\n<p>La diff\u00e9rence de tarifs va plut\u00f4t se faire sur la s\u00e9lection de l&rsquo;hebdomadaire ou du fournisseur. Chaque entit\u00e9 aura des marges diff\u00e9rentes.<br \/>\nLe mieux est de r\u00e9aliser une estimation du prix aupr\u00e8s de nombreux JAL pour \u00eatre s\u00fbr de payer moins cher son annonce.<\/p>\n<p>Vous pouvez utiliser les services d&rsquo;annonces-l\u00e9gales.org pour visualiser les tarifs dans plusieurs journaux de l&rsquo;Eure.<\/p>\n<br\/><br\/><div class=\"entry-content notopmargin\">\n\t<img decoding=\"async\" class=\"img-fluid fleft\" src=\"https:\/\/www.annonces-legales.org\/images\/rapide-economique-tout-departement.png\" alt=\"Journal d'annonce l\u00e9gale du 27 \"><a href=\"https:\/\/www.annonces-legales.org\/publication-annonce-legale.html\" class=\"button button-desc fright mtop30\"><div>Je publie<br> mon annonce<br> l\u00e9gale<\/div><span>dans un journal du 27 !<\/span><\/a>\n<\/div><div class=\"clrbth\"><\/div><br\/><br\/>\n","protected":false},"excerpt":{"rendered":"<p>Le journal l&rsquo;\u00c9veil Normand est un hebdomadaire dont le jour de parution est le mercredi. Il est vendu 1,70 euros. [&hellip;]<\/p>\n","protected":false},"author":1,"featured_media":0,"parent":351,"menu_order":0,"comment_status":"closed","ping_status":"closed","template":"","meta":{"inline_featured_image":false,"footnotes":""},"class_list":["post-933","page","type-page","status-publish","hentry"],"yoast_head":"<!-- This site is optimized with the Yoast SEO plugin v26.8 - https:\/\/yoast.com\/product\/yoast-seo-wordpress\/ -->\n<title>L&#039;\u00c9veil Normand - Actualit\u00e9 des entreprises<\/title>\n<meta name=\"robots\" content=\"index, follow, max-snippet:-1, max-image-preview:large, max-video-preview:-1\" \/>\n<link rel=\"canonical\" href=\"https:\/\/www.annonces-legales.org\/blog\/eveil-normand\/\" \/>\n<meta property=\"og:locale\" content=\"fr_FR\" \/>\n<meta property=\"og:type\" content=\"article\" \/>\n<meta property=\"og:title\" content=\"L&#039;\u00c9veil Normand - Actualit\u00e9 des entreprises\" \/>\n<meta property=\"og:description\" content=\"Le journal l&rsquo;\u00c9veil Normand est un hebdomadaire dont le jour de parution est le mercredi. Il est vendu 1,70 euros. [&hellip;]\" \/>\n<meta property=\"og:url\" content=\"https:\/\/www.annonces-legales.org\/blog\/eveil-normand\/\" \/>\n<meta property=\"og:site_name\" content=\"Actualit\u00e9 des entreprises\" \/>\n<meta property=\"article:modified_time\" content=\"2022-01-26T10:55:02+00:00\" \/>\n<meta property=\"og:image\" content=\"https:\/\/www.annonces-legales.org\/blog\/wp-content\/uploads\/2021\/09\/Eveil-Normand.png\" \/>\n\t<meta property=\"og:image:width\" content=\"300\" \/>\n\t<meta property=\"og:image:height\" content=\"144\" \/>\n\t<meta property=\"og:image:type\" content=\"image\/png\" \/>\n<meta name=\"twitter:card\" content=\"summary_large_image\" \/>\n<meta name=\"twitter:label1\" content=\"Dur\u00e9e de lecture estim\u00e9e\" \/>\n\t<meta name=\"twitter:data1\" content=\"2 minutes\" \/>\n<script type=\"application\/ld+json\" class=\"yoast-schema-graph\">{\"@context\":\"https:\/\/schema.org\",\"@graph\":[{\"@type\":\"WebPage\",\"@id\":\"https:\/\/www.annonces-legales.org\/blog\/eveil-normand\/\",\"url\":\"https:\/\/www.annonces-legales.org\/blog\/eveil-normand\/\",\"name\":\"L'\u00c9veil Normand - Actualit\u00e9 des entreprises\",\"isPartOf\":{\"@id\":\"https:\/\/www.annonces-legales.org\/blog\/#website\"},\"primaryImageOfPage\":{\"@id\":\"https:\/\/www.annonces-legales.org\/blog\/eveil-normand\/#primaryimage\"},\"image\":{\"@id\":\"https:\/\/www.annonces-legales.org\/blog\/eveil-normand\/#primaryimage\"},\"thumbnailUrl\":\"https:\/\/www.annonces-legales.org\/blog\/wp-content\/uploads\/2021\/09\/Eveil-Normand.png\",\"datePublished\":\"2021-09-21T15:27:59+00:00\",\"dateModified\":\"2022-01-26T10:55:02+00:00\",\"breadcrumb\":{\"@id\":\"https:\/\/www.annonces-legales.org\/blog\/eveil-normand\/#breadcrumb\"},\"inLanguage\":\"fr-FR\",\"potentialAction\":[{\"@type\":\"ReadAction\",\"target\":[\"https:\/\/www.annonces-legales.org\/blog\/eveil-normand\/\"]}]},{\"@type\":\"ImageObject\",\"inLanguage\":\"fr-FR\",\"@id\":\"https:\/\/www.annonces-legales.org\/blog\/eveil-normand\/#primaryimage\",\"url\":\"https:\/\/www.annonces-legales.org\/blog\/wp-content\/uploads\/2021\/09\/Eveil-Normand.png\",\"contentUrl\":\"https:\/\/www.annonces-legales.org\/blog\/wp-content\/uploads\/2021\/09\/Eveil-Normand.png\",\"width\":300,\"height\":144},{\"@type\":\"BreadcrumbList\",\"@id\":\"https:\/\/www.annonces-legales.org\/blog\/eveil-normand\/#breadcrumb\",\"itemListElement\":[{\"@type\":\"ListItem\",\"position\":1,\"name\":\"Accueil\",\"item\":\"https:\/\/www.annonces-legales.org\/blog\/\"},{\"@type\":\"ListItem\",\"position\":2,\"name\":\"Liste des journaux habilit\u00e9s \u00e0 publier des annonces l\u00e9gales\",\"item\":\"https:\/\/www.annonces-legales.org\/blog\/liste-des-journaux-habilites-a-publier-des-annonces-legales\/\"},{\"@type\":\"ListItem\",\"position\":3,\"name\":\"L&rsquo;\u00c9veil Normand\"}]},{\"@type\":\"WebSite\",\"@id\":\"https:\/\/www.annonces-legales.org\/blog\/#website\",\"url\":\"https:\/\/www.annonces-legales.org\/blog\/\",\"name\":\"Actualit\u00e9 des entreprises\",\"description\":\"\",\"publisher\":{\"@id\":\"https:\/\/www.annonces-legales.org\/blog\/#organization\"},\"potentialAction\":[{\"@type\":\"SearchAction\",\"target\":{\"@type\":\"EntryPoint\",\"urlTemplate\":\"https:\/\/www.annonces-legales.org\/blog\/?s={search_term_string}\"},\"query-input\":{\"@type\":\"PropertyValueSpecification\",\"valueRequired\":true,\"valueName\":\"search_term_string\"}}],\"inLanguage\":\"fr-FR\"},{\"@type\":\"Organization\",\"@id\":\"https:\/\/www.annonces-legales.org\/blog\/#organization\",\"name\":\"Actualit\u00e9 des entreprises\",\"url\":\"https:\/\/www.annonces-legales.org\/blog\/\",\"logo\":{\"@type\":\"ImageObject\",\"inLanguage\":\"fr-FR\",\"@id\":\"https:\/\/www.annonces-legales.org\/blog\/#\/schema\/logo\/image\/\",\"url\":\"https:\/\/www.annonces-legales.org\/blog\/wp-content\/uploads\/2023\/08\/annonces-legales.svg\",\"contentUrl\":\"https:\/\/www.annonces-legales.org\/blog\/wp-content\/uploads\/2023\/08\/annonces-legales.svg\",\"caption\":\"Actualit\u00e9 des entreprises\"},\"image\":{\"@id\":\"https:\/\/www.annonces-legales.org\/blog\/#\/schema\/logo\/image\/\"}}]}<\/script>\n<!-- \/ Yoast SEO plugin. -->","yoast_head_json":{"title":"L'\u00c9veil Normand - Actualit\u00e9 des entreprises","robots":{"index":"index","follow":"follow","max-snippet":"max-snippet:-1","max-image-preview":"max-image-preview:large","max-video-preview":"max-video-preview:-1"},"canonical":"https:\/\/www.annonces-legales.org\/blog\/eveil-normand\/","og_locale":"fr_FR","og_type":"article","og_title":"L'\u00c9veil Normand - Actualit\u00e9 des entreprises","og_description":"Le journal l&rsquo;\u00c9veil Normand est un hebdomadaire dont le jour de parution est le mercredi. Il est vendu 1,70 euros. [&hellip;]","og_url":"https:\/\/www.annonces-legales.org\/blog\/eveil-normand\/","og_site_name":"Actualit\u00e9 des entreprises","article_modified_time":"2022-01-26T10:55:02+00:00","og_image":[{"width":300,"height":144,"url":"https:\/\/www.annonces-legales.org\/blog\/wp-content\/uploads\/2021\/09\/Eveil-Normand.png","type":"image\/png"}],"twitter_card":"summary_large_image","twitter_misc":{"Dur\u00e9e de lecture estim\u00e9e":"2 minutes"},"schema":{"@context":"https:\/\/schema.org","@graph":[{"@type":"WebPage","@id":"https:\/\/www.annonces-legales.org\/blog\/eveil-normand\/","url":"https:\/\/www.annonces-legales.org\/blog\/eveil-normand\/","name":"L'\u00c9veil Normand - Actualit\u00e9 des entreprises","isPartOf":{"@id":"https:\/\/www.annonces-legales.org\/blog\/#website"},"primaryImageOfPage":{"@id":"https:\/\/www.annonces-legales.org\/blog\/eveil-normand\/#primaryimage"},"image":{"@id":"https:\/\/www.annonces-legales.org\/blog\/eveil-normand\/#primaryimage"},"thumbnailUrl":"https:\/\/www.annonces-legales.org\/blog\/wp-content\/uploads\/2021\/09\/Eveil-Normand.png","datePublished":"2021-09-21T15:27:59+00:00","dateModified":"2022-01-26T10:55:02+00:00","breadcrumb":{"@id":"https:\/\/www.annonces-legales.org\/blog\/eveil-normand\/#breadcrumb"},"inLanguage":"fr-FR","potentialAction":[{"@type":"ReadAction","target":["https:\/\/www.annonces-legales.org\/blog\/eveil-normand\/"]}]},{"@type":"ImageObject","inLanguage":"fr-FR","@id":"https:\/\/www.annonces-legales.org\/blog\/eveil-normand\/#primaryimage","url":"https:\/\/www.annonces-legales.org\/blog\/wp-content\/uploads\/2021\/09\/Eveil-Normand.png","contentUrl":"https:\/\/www.annonces-legales.org\/blog\/wp-content\/uploads\/2021\/09\/Eveil-Normand.png","width":300,"height":144},{"@type":"BreadcrumbList","@id":"https:\/\/www.annonces-legales.org\/blog\/eveil-normand\/#breadcrumb","itemListElement":[{"@type":"ListItem","position":1,"name":"Accueil","item":"https:\/\/www.annonces-legales.org\/blog\/"},{"@type":"ListItem","position":2,"name":"Liste des journaux habilit\u00e9s \u00e0 publier des annonces l\u00e9gales","item":"https:\/\/www.annonces-legales.org\/blog\/liste-des-journaux-habilites-a-publier-des-annonces-legales\/"},{"@type":"ListItem","position":3,"name":"L&rsquo;\u00c9veil Normand"}]},{"@type":"WebSite","@id":"https:\/\/www.annonces-legales.org\/blog\/#website","url":"https:\/\/www.annonces-legales.org\/blog\/","name":"Actualit\u00e9 des entreprises","description":"","publisher":{"@id":"https:\/\/www.annonces-legales.org\/blog\/#organization"},"potentialAction":[{"@type":"SearchAction","target":{"@type":"EntryPoint","urlTemplate":"https:\/\/www.annonces-legales.org\/blog\/?s={search_term_string}"},"query-input":{"@type":"PropertyValueSpecification","valueRequired":true,"valueName":"search_term_string"}}],"inLanguage":"fr-FR"},{"@type":"Organization","@id":"https:\/\/www.annonces-legales.org\/blog\/#organization","name":"Actualit\u00e9 des entreprises","url":"https:\/\/www.annonces-legales.org\/blog\/","logo":{"@type":"ImageObject","inLanguage":"fr-FR","@id":"https:\/\/www.annonces-legales.org\/blog\/#\/schema\/logo\/image\/","url":"https:\/\/www.annonces-legales.org\/blog\/wp-content\/uploads\/2023\/08\/annonces-legales.svg","contentUrl":"https:\/\/www.annonces-legales.org\/blog\/wp-content\/uploads\/2023\/08\/annonces-legales.svg","caption":"Actualit\u00e9 des entreprises"},"image":{"@id":"https:\/\/www.annonces-legales.org\/blog\/#\/schema\/logo\/image\/"}}]}},"_links":{"self":[{"href":"https:\/\/www.annonces-legales.org\/blog\/wp-json\/wp\/v2\/pages\/933","targetHints":{"allow":["GET"]}}],"collection":[{"href":"https:\/\/www.annonces-legales.org\/blog\/wp-json\/wp\/v2\/pages"}],"about":[{"href":"https:\/\/www.annonces-legales.org\/blog\/wp-json\/wp\/v2\/types\/page"}],"author":[{"embeddable":true,"href":"https:\/\/www.annonces-legales.org\/blog\/wp-json\/wp\/v2\/users\/1"}],"replies":[{"embeddable":true,"href":"https:\/\/www.annonces-legales.org\/blog\/wp-json\/wp\/v2\/comments?post=933"}],"version-history":[{"count":5,"href":"https:\/\/www.annonces-legales.org\/blog\/wp-json\/wp\/v2\/pages\/933\/revisions"}],"predecessor-version":[{"id":1434,"href":"https:\/\/www.annonces-legales.org\/blog\/wp-json\/wp\/v2\/pages\/933\/revisions\/1434"}],"up":[{"embeddable":true,"href":"https:\/\/www.annonces-legales.org\/blog\/wp-json\/wp\/v2\/pages\/351"}],"wp:attachment":[{"href":"https:\/\/www.annonces-legales.org\/blog\/wp-json\/wp\/v2\/media?parent=933"}],"curies":[{"name":"wp","href":"https:\/\/api.w.org\/{rel}","templated":true}]}}