{"id":936,"date":"2021-09-21T17:30:22","date_gmt":"2021-09-21T15:30:22","guid":{"rendered":"https:\/\/www.annonces-legales.org\/blog\/?page_id=936"},"modified":"2022-01-26T11:33:48","modified_gmt":"2022-01-26T10:33:48","slug":"action-republicaine","status":"publish","type":"page","link":"https:\/\/www.annonces-legales.org\/blog\/action-republicaine\/","title":{"rendered":"Action R\u00e9publicaine"},"content":{"rendered":"<p><img loading=\"lazy\" decoding=\"async\" class=\"aligncenter size-full wp-image-937\" src=\"https:\/\/www.annonces-legales.org\/blog\/wp-content\/uploads\/2021\/09\/Action-Republicaine.png\" alt=\"\" width=\"450\" height=\"178\" srcset=\"https:\/\/www.annonces-legales.org\/blog\/wp-content\/uploads\/2021\/09\/Action-Republicaine.png 450w, https:\/\/www.annonces-legales.org\/blog\/wp-content\/uploads\/2021\/09\/Action-Republicaine-300x119.png 300w\" sizes=\"auto, (max-width: 450px) 100vw, 450px\" \/><\/p>\n<p>Publi\u00e9 dans le d\u00e9partement de l&rsquo;Eure-et-Loir et de l&rsquo;Eure, l&rsquo;hebdomadaire l&rsquo;<strong>Action R\u00e9publicaine<\/strong> est diffus\u00e9 tous les jeudis ou les vendredis.<br \/>\nIl propose des actualit\u00e9s sur la ville de Dreux et son agglom\u00e9ration ainsi que sur les villes de Nonancourt, Saint-Andr\u00e9 de l&rsquo;Eure, Brezolles, La Fert\u00e9-vidame, Nogent Le Roi ou encore Senonches.<\/p>\n<p>Il propose une rubrique vie quotidienne, une rubrique faits divers et une rubrique portraits. On peut aussi trouver des informations sur l&rsquo;actualit\u00e9 culturelle de la r\u00e9gion.<br \/>\nLe journal poss\u00e8de de multiples \u00e9dition : l&rsquo;Action R\u00e9publicaine de Nogent-le-Rotrou, l&rsquo;Action R\u00e9publicaine de Ch\u00e2teaudun.<br \/>\nC&rsquo;est un journal qui est habilit\u00e9 pour <strong>publier des annonces l\u00e9gales dans le d\u00e9partement de l&rsquo;Eure-et-Loir (28)<\/strong>.<br \/>\nL&rsquo;adresse du journal: 4-6 clos Couronnet, \u00e0 Nogent-Le-Rotrou (28400).<\/p>\n<p>&nbsp;<\/p>\n<h2>L&rsquo;histoire de l&rsquo;Action R\u00e9publicaine<\/h2>\n<p>Cet hebdomadaire centenaire a \u00e9t\u00e9 <strong>cr\u00e9\u00e9 par un homme politique<\/strong>, le socialiste r\u00e9publicain <strong>Maurice Violette<\/strong>. En 1902, voulant gagner les \u00e9lections l\u00e9gislatives \u00e0 Dreux, il d\u00e9cide de fonder le journal l&rsquo;action r\u00e9publicaine. C&rsquo;est un outil qui va lui permettre de mieux faire passer son message politique. C&rsquo;est tout d&rsquo;abord un journal bihebdomadaire qui ressemble \u00e0 une feuille \u00e9lectorale. Une fois \u00e9lue, le journal l&rsquo;action r\u00e9publicaine fusionne avec le <strong>r\u00e9veil national<\/strong> un autre journal de la r\u00e9gion. En 1914, juste avant la premi\u00e8re guerre mondiale, le journal est imprim\u00e9 \u00e0 4000 exemplaires.<\/p>\n<p>Le journal est rachet\u00e9 \u00e0 la fin de l&rsquo;ann\u00e9e 1959 par le groupe de presse Hersant.<\/p>\n<p>&nbsp;<\/p>\n<br\/><br\/><div class=\"entry-content notopmargin\">\n\t<img decoding=\"async\" class=\"img-fluid fleft\" src=\"https:\/\/www.annonces-legales.org\/images\/rapide-economique-tout-departement.png\" alt=\"Journal d'annonce l\u00e9gale <strong>de l'Eure-et-Loir<\/strong> \"><a href=\"https:\/\/www.annonces-legales.org\/publication-annonce-legale.html\" class=\"button button-desc fright mtop30\"><div>Je publie<br> mon annonce<br> l\u00e9gale<\/div><span>dans un journal <strong>de l'Eure-et-Loir<\/strong> !<\/span><\/a>\n<\/div><div class=\"clrbth\"><\/div><br\/><br\/>\n","protected":false},"excerpt":{"rendered":"<p>Publi\u00e9 dans le d\u00e9partement de l&rsquo;Eure-et-Loir et de l&rsquo;Eure, l&rsquo;hebdomadaire l&rsquo;Action R\u00e9publicaine est diffus\u00e9 tous les jeudis ou les vendredis. [&hellip;]<\/p>\n","protected":false},"author":1,"featured_media":0,"parent":351,"menu_order":0,"comment_status":"closed","ping_status":"closed","template":"","meta":{"inline_featured_image":false,"footnotes":""},"class_list":["post-936","page","type-page","status-publish","hentry"],"yoast_head":"<!-- This site is optimized with the Yoast SEO plugin v26.8 - https:\/\/yoast.com\/product\/yoast-seo-wordpress\/ -->\n<title>Action R\u00e9publicaine - Actualit\u00e9 des entreprises<\/title>\n<meta name=\"robots\" content=\"index, follow, max-snippet:-1, max-image-preview:large, max-video-preview:-1\" \/>\n<link rel=\"canonical\" href=\"https:\/\/www.annonces-legales.org\/blog\/action-republicaine\/\" \/>\n<meta property=\"og:locale\" content=\"fr_FR\" \/>\n<meta property=\"og:type\" content=\"article\" \/>\n<meta property=\"og:title\" content=\"Action R\u00e9publicaine - Actualit\u00e9 des entreprises\" \/>\n<meta property=\"og:description\" content=\"Publi\u00e9 dans le d\u00e9partement de l&rsquo;Eure-et-Loir et de l&rsquo;Eure, l&rsquo;hebdomadaire l&rsquo;Action R\u00e9publicaine est diffus\u00e9 tous les jeudis ou les vendredis. [&hellip;]\" \/>\n<meta property=\"og:url\" content=\"https:\/\/www.annonces-legales.org\/blog\/action-republicaine\/\" \/>\n<meta property=\"og:site_name\" content=\"Actualit\u00e9 des entreprises\" \/>\n<meta property=\"article:modified_time\" content=\"2022-01-26T10:33:48+00:00\" \/>\n<meta property=\"og:image\" content=\"https:\/\/www.annonces-legales.org\/blog\/wp-content\/uploads\/2021\/09\/Action-Republicaine.png\" \/>\n\t<meta property=\"og:image:width\" content=\"450\" \/>\n\t<meta property=\"og:image:height\" content=\"178\" \/>\n\t<meta property=\"og:image:type\" content=\"image\/png\" \/>\n<meta name=\"twitter:card\" content=\"summary_large_image\" \/>\n<meta name=\"twitter:label1\" content=\"Dur\u00e9e de lecture estim\u00e9e\" \/>\n\t<meta name=\"twitter:data1\" content=\"1 minute\" \/>\n<script type=\"application\/ld+json\" class=\"yoast-schema-graph\">{\"@context\":\"https:\/\/schema.org\",\"@graph\":[{\"@type\":\"WebPage\",\"@id\":\"https:\/\/www.annonces-legales.org\/blog\/action-republicaine\/\",\"url\":\"https:\/\/www.annonces-legales.org\/blog\/action-republicaine\/\",\"name\":\"Action R\u00e9publicaine - Actualit\u00e9 des entreprises\",\"isPartOf\":{\"@id\":\"https:\/\/www.annonces-legales.org\/blog\/#website\"},\"primaryImageOfPage\":{\"@id\":\"https:\/\/www.annonces-legales.org\/blog\/action-republicaine\/#primaryimage\"},\"image\":{\"@id\":\"https:\/\/www.annonces-legales.org\/blog\/action-republicaine\/#primaryimage\"},\"thumbnailUrl\":\"https:\/\/www.annonces-legales.org\/blog\/wp-content\/uploads\/2021\/09\/Action-Republicaine.png\",\"datePublished\":\"2021-09-21T15:30:22+00:00\",\"dateModified\":\"2022-01-26T10:33:48+00:00\",\"breadcrumb\":{\"@id\":\"https:\/\/www.annonces-legales.org\/blog\/action-republicaine\/#breadcrumb\"},\"inLanguage\":\"fr-FR\",\"potentialAction\":[{\"@type\":\"ReadAction\",\"target\":[\"https:\/\/www.annonces-legales.org\/blog\/action-republicaine\/\"]}]},{\"@type\":\"ImageObject\",\"inLanguage\":\"fr-FR\",\"@id\":\"https:\/\/www.annonces-legales.org\/blog\/action-republicaine\/#primaryimage\",\"url\":\"https:\/\/www.annonces-legales.org\/blog\/wp-content\/uploads\/2021\/09\/Action-Republicaine.png\",\"contentUrl\":\"https:\/\/www.annonces-legales.org\/blog\/wp-content\/uploads\/2021\/09\/Action-Republicaine.png\",\"width\":450,\"height\":178},{\"@type\":\"BreadcrumbList\",\"@id\":\"https:\/\/www.annonces-legales.org\/blog\/action-republicaine\/#breadcrumb\",\"itemListElement\":[{\"@type\":\"ListItem\",\"position\":1,\"name\":\"Accueil\",\"item\":\"https:\/\/www.annonces-legales.org\/blog\/\"},{\"@type\":\"ListItem\",\"position\":2,\"name\":\"Liste des journaux habilit\u00e9s \u00e0 publier des annonces l\u00e9gales\",\"item\":\"https:\/\/www.annonces-legales.org\/blog\/liste-des-journaux-habilites-a-publier-des-annonces-legales\/\"},{\"@type\":\"ListItem\",\"position\":3,\"name\":\"Action R\u00e9publicaine\"}]},{\"@type\":\"WebSite\",\"@id\":\"https:\/\/www.annonces-legales.org\/blog\/#website\",\"url\":\"https:\/\/www.annonces-legales.org\/blog\/\",\"name\":\"Actualit\u00e9 des entreprises\",\"description\":\"\",\"publisher\":{\"@id\":\"https:\/\/www.annonces-legales.org\/blog\/#organization\"},\"potentialAction\":[{\"@type\":\"SearchAction\",\"target\":{\"@type\":\"EntryPoint\",\"urlTemplate\":\"https:\/\/www.annonces-legales.org\/blog\/?s={search_term_string}\"},\"query-input\":{\"@type\":\"PropertyValueSpecification\",\"valueRequired\":true,\"valueName\":\"search_term_string\"}}],\"inLanguage\":\"fr-FR\"},{\"@type\":\"Organization\",\"@id\":\"https:\/\/www.annonces-legales.org\/blog\/#organization\",\"name\":\"Actualit\u00e9 des entreprises\",\"url\":\"https:\/\/www.annonces-legales.org\/blog\/\",\"logo\":{\"@type\":\"ImageObject\",\"inLanguage\":\"fr-FR\",\"@id\":\"https:\/\/www.annonces-legales.org\/blog\/#\/schema\/logo\/image\/\",\"url\":\"https:\/\/www.annonces-legales.org\/blog\/wp-content\/uploads\/2023\/08\/annonces-legales.svg\",\"contentUrl\":\"https:\/\/www.annonces-legales.org\/blog\/wp-content\/uploads\/2023\/08\/annonces-legales.svg\",\"caption\":\"Actualit\u00e9 des entreprises\"},\"image\":{\"@id\":\"https:\/\/www.annonces-legales.org\/blog\/#\/schema\/logo\/image\/\"}}]}<\/script>\n<!-- \/ Yoast SEO plugin. -->","yoast_head_json":{"title":"Action R\u00e9publicaine - Actualit\u00e9 des entreprises","robots":{"index":"index","follow":"follow","max-snippet":"max-snippet:-1","max-image-preview":"max-image-preview:large","max-video-preview":"max-video-preview:-1"},"canonical":"https:\/\/www.annonces-legales.org\/blog\/action-republicaine\/","og_locale":"fr_FR","og_type":"article","og_title":"Action R\u00e9publicaine - Actualit\u00e9 des entreprises","og_description":"Publi\u00e9 dans le d\u00e9partement de l&rsquo;Eure-et-Loir et de l&rsquo;Eure, l&rsquo;hebdomadaire l&rsquo;Action R\u00e9publicaine est diffus\u00e9 tous les jeudis ou les vendredis. [&hellip;]","og_url":"https:\/\/www.annonces-legales.org\/blog\/action-republicaine\/","og_site_name":"Actualit\u00e9 des entreprises","article_modified_time":"2022-01-26T10:33:48+00:00","og_image":[{"width":450,"height":178,"url":"https:\/\/www.annonces-legales.org\/blog\/wp-content\/uploads\/2021\/09\/Action-Republicaine.png","type":"image\/png"}],"twitter_card":"summary_large_image","twitter_misc":{"Dur\u00e9e de lecture estim\u00e9e":"1 minute"},"schema":{"@context":"https:\/\/schema.org","@graph":[{"@type":"WebPage","@id":"https:\/\/www.annonces-legales.org\/blog\/action-republicaine\/","url":"https:\/\/www.annonces-legales.org\/blog\/action-republicaine\/","name":"Action R\u00e9publicaine - Actualit\u00e9 des entreprises","isPartOf":{"@id":"https:\/\/www.annonces-legales.org\/blog\/#website"},"primaryImageOfPage":{"@id":"https:\/\/www.annonces-legales.org\/blog\/action-republicaine\/#primaryimage"},"image":{"@id":"https:\/\/www.annonces-legales.org\/blog\/action-republicaine\/#primaryimage"},"thumbnailUrl":"https:\/\/www.annonces-legales.org\/blog\/wp-content\/uploads\/2021\/09\/Action-Republicaine.png","datePublished":"2021-09-21T15:30:22+00:00","dateModified":"2022-01-26T10:33:48+00:00","breadcrumb":{"@id":"https:\/\/www.annonces-legales.org\/blog\/action-republicaine\/#breadcrumb"},"inLanguage":"fr-FR","potentialAction":[{"@type":"ReadAction","target":["https:\/\/www.annonces-legales.org\/blog\/action-republicaine\/"]}]},{"@type":"ImageObject","inLanguage":"fr-FR","@id":"https:\/\/www.annonces-legales.org\/blog\/action-republicaine\/#primaryimage","url":"https:\/\/www.annonces-legales.org\/blog\/wp-content\/uploads\/2021\/09\/Action-Republicaine.png","contentUrl":"https:\/\/www.annonces-legales.org\/blog\/wp-content\/uploads\/2021\/09\/Action-Republicaine.png","width":450,"height":178},{"@type":"BreadcrumbList","@id":"https:\/\/www.annonces-legales.org\/blog\/action-republicaine\/#breadcrumb","itemListElement":[{"@type":"ListItem","position":1,"name":"Accueil","item":"https:\/\/www.annonces-legales.org\/blog\/"},{"@type":"ListItem","position":2,"name":"Liste des journaux habilit\u00e9s \u00e0 publier des annonces l\u00e9gales","item":"https:\/\/www.annonces-legales.org\/blog\/liste-des-journaux-habilites-a-publier-des-annonces-legales\/"},{"@type":"ListItem","position":3,"name":"Action R\u00e9publicaine"}]},{"@type":"WebSite","@id":"https:\/\/www.annonces-legales.org\/blog\/#website","url":"https:\/\/www.annonces-legales.org\/blog\/","name":"Actualit\u00e9 des entreprises","description":"","publisher":{"@id":"https:\/\/www.annonces-legales.org\/blog\/#organization"},"potentialAction":[{"@type":"SearchAction","target":{"@type":"EntryPoint","urlTemplate":"https:\/\/www.annonces-legales.org\/blog\/?s={search_term_string}"},"query-input":{"@type":"PropertyValueSpecification","valueRequired":true,"valueName":"search_term_string"}}],"inLanguage":"fr-FR"},{"@type":"Organization","@id":"https:\/\/www.annonces-legales.org\/blog\/#organization","name":"Actualit\u00e9 des entreprises","url":"https:\/\/www.annonces-legales.org\/blog\/","logo":{"@type":"ImageObject","inLanguage":"fr-FR","@id":"https:\/\/www.annonces-legales.org\/blog\/#\/schema\/logo\/image\/","url":"https:\/\/www.annonces-legales.org\/blog\/wp-content\/uploads\/2023\/08\/annonces-legales.svg","contentUrl":"https:\/\/www.annonces-legales.org\/blog\/wp-content\/uploads\/2023\/08\/annonces-legales.svg","caption":"Actualit\u00e9 des entreprises"},"image":{"@id":"https:\/\/www.annonces-legales.org\/blog\/#\/schema\/logo\/image\/"}}]}},"_links":{"self":[{"href":"https:\/\/www.annonces-legales.org\/blog\/wp-json\/wp\/v2\/pages\/936","targetHints":{"allow":["GET"]}}],"collection":[{"href":"https:\/\/www.annonces-legales.org\/blog\/wp-json\/wp\/v2\/pages"}],"about":[{"href":"https:\/\/www.annonces-legales.org\/blog\/wp-json\/wp\/v2\/types\/page"}],"author":[{"embeddable":true,"href":"https:\/\/www.annonces-legales.org\/blog\/wp-json\/wp\/v2\/users\/1"}],"replies":[{"embeddable":true,"href":"https:\/\/www.annonces-legales.org\/blog\/wp-json\/wp\/v2\/comments?post=936"}],"version-history":[{"count":1,"href":"https:\/\/www.annonces-legales.org\/blog\/wp-json\/wp\/v2\/pages\/936\/revisions"}],"predecessor-version":[{"id":938,"href":"https:\/\/www.annonces-legales.org\/blog\/wp-json\/wp\/v2\/pages\/936\/revisions\/938"}],"up":[{"embeddable":true,"href":"https:\/\/www.annonces-legales.org\/blog\/wp-json\/wp\/v2\/pages\/351"}],"wp:attachment":[{"href":"https:\/\/www.annonces-legales.org\/blog\/wp-json\/wp\/v2\/media?parent=936"}],"curies":[{"name":"wp","href":"https:\/\/api.w.org\/{rel}","templated":true}]}}