{"id":989,"date":"2021-10-01T17:02:40","date_gmt":"2021-10-01T15:02:40","guid":{"rendered":"https:\/\/www.annonces-legales.org\/blog\/?page_id=989"},"modified":"2022-01-26T12:06:17","modified_gmt":"2022-01-26T11:06:17","slug":"resistant-de-libourne","status":"publish","type":"page","link":"https:\/\/www.annonces-legales.org\/blog\/resistant-de-libourne\/","title":{"rendered":"Le R\u00e9sistant de Libourne"},"content":{"rendered":"<p>&nbsp;<\/p>\n<p><img loading=\"lazy\" decoding=\"async\" class=\"aligncenter size-full wp-image-990\" src=\"https:\/\/www.annonces-legales.org\/blog\/wp-content\/uploads\/2021\/10\/Le-resistant-de-Libourne.png\" alt=\"\" width=\"290\" height=\"73\" \/><\/p>\n<p>&nbsp;<\/p>\n<p>Le r\u00e9sistant de Libourne est un journal de la r\u00e9gion Libournaise. C&rsquo;est un hebdomadaire qui sort en kiosque tous les jeudis.<br \/>\nC&rsquo;est un journal g\u00e9n\u00e9raliste vendu au prix de 1,60 \u20ac. Pour l&rsquo;ann\u00e9e 2019, selon l&rsquo;ACPM, le journal a \u00e9t\u00e9 diffus\u00e9 en moyenne \u00e0 plus de 6500 exemplaires.<br \/>\nL&rsquo;hebdomadaire le<strong> R\u00e9sistant de Libourne<\/strong> est un journal officiel pour le d\u00e9partement de la Gironde. Il peut donc publier des annonces l\u00e9gales pour les soci\u00e9t\u00e9s et les particuliers de ce d\u00e9partement.<\/p>\n<p>Le journal poss\u00e8de un site internet sur lequel il est possible de voir gratuitement des actualit\u00e9s de la r\u00e9gion. Il est bien s\u00fbr possible de s&rsquo;abonner au journal pour 58 \u20ac par an (version papier et num\u00e9rique) ou pour 40 \u20ac par an (formule 100 % num\u00e9rique uniquement).<\/p>\n<p>L&rsquo;adresse du journal est 47, Rue Victor Hugo \u00e0 Libourne (33500).<br \/>\nLe journal peut \u00eatre contact\u00e9 les jours de semaine vraie aux 05 57 55 49 49. service client du journal est disponible \u00e9galement par mail : serviceclients@leresistant.fr<\/p>\n<p>&nbsp;<\/p>\n<h2>Historique du journal<\/h2>\n<p>C&rsquo;est en 1919 que nait le journal \u00ab <strong>la tribune du Libournais<\/strong> \u00bb rachet\u00e9 par <strong>Nelson Seguin<\/strong>. Le journal n&rsquo;en est qu&rsquo;\u00e0 ses d\u00e9buts. Jusqu&rsquo;\u00e0 la deuxi\u00e8me guerre mondiale, le contenu du journal n&rsquo;est pas r\u00e9dig\u00e9 par des journalistes mais par des personnes de lettre de la r\u00e9gion.Pendant la seconde guerre mondiale, le contenu du journal est contr\u00f4l\u00e9 par les Allemands. Certains articles sont donc ajout\u00e9s et d&rsquo;autres sont censur\u00e9s. \u00c0 partir de 1942, le propri\u00e9taire du journal et ses employ\u00e9s d\u00e9cident d&rsquo;\u00e9diter un journal r\u00e9sistant et clandestin. Les presses servant \u00e0 imprimer le journal La tribune du Libournais sont utilis\u00e9s la nuit en cachette. Le propri\u00e9taire et les employ\u00e9s du journal ne seront jamais suspect\u00e9s et arr\u00eat\u00e9s.<br \/>\nA la lib\u00e9ration, le journal change de nom et devient : \u00abLe R\u00e9sistant de Libourne\u00bb. De nos jours, le journal appartient au groupe Sud Ouest. Il poss\u00e8de quatre journalistes et de nombreux correspondants locaux. Le journal est en couleur et publie des actualit\u00e9s de cinq cantons girondins : le Libournais Fronsadais, les coteaux de Dordogne, le R\u00e9olais, le Cr\u00e9on et le Nord Libournais.On peut \u00e9galement trouver le journal dans deux cantons de la Dordogne : Montpon-Menest\u00e9rol et le pays de Montaigne.<\/p>\n<p>&nbsp;<\/p>\n<h2>Vous souhaitez publier une annonce pour votre entreprise girondine ?<\/h2>\n<p>Afin de d\u00e9poser une annonce l\u00e9gale, une soci\u00e9t\u00e9 situ\u00e9e dans le d\u00e9partement de la Gironde (33) doit utiliser un journal habilit\u00e9 de ce d\u00e9partement. Il en existe un grand nombre ton le journal Le R\u00e9sistant de Libourne.<br \/>\nParmi les autres journaux autoris\u00e9s \u00e0 effectuer une annonce l\u00e9gale pour ce d\u00e9partement pouvons citer (Liste non exhaustive) : la d\u00e9p\u00eache du bassin, les \u00e9chos judiciaires girondins, le r\u00e9publicain Sud Gironde, le journal du M\u00e9doc, le journal de Saint Barth&#8230;<\/p>\n<p>Pour voir l&rsquo;ensemble des gens qui ont \u00e9t\u00e9 habilit\u00e9s \u00e0 publier des annonces l\u00e9gales dans le d\u00e9partement de la Gironde pour l&rsquo;ann\u00e9e en cours pouvez suivre ce lien.<\/p>\n<br\/><br\/><div class=\"entry-content notopmargin\">\n\t<img decoding=\"async\" class=\"img-fluid fleft\" src=\"https:\/\/www.annonces-legales.org\/images\/rapide-economique-tout-departement.png\" alt=\"Journal d'annonce l\u00e9gale du 33 \"><a href=\"https:\/\/www.annonces-legales.org\/publication-annonce-legale.html\" class=\"button button-desc fright mtop30\"><div>Je publie<br> mon annonce<br> l\u00e9gale<\/div><span>dans un journal du 33 !<\/span><\/a>\n<\/div><div class=\"clrbth\"><\/div><br\/><br\/>\n<h2>Votre annonce l\u00e9gale dans un journal habilit\u00e9 de Gironde au meilleur prix<\/h2>\n<p>Notre service d&rsquo;annonce l\u00e9gale propose la publication d&rsquo;annonces l\u00e9gales dans de nombreux journaux habilit\u00e9s du d\u00e9partement de la Gironde. Vous pouvez ainsi choisir le journal le moins cher pour d\u00e9poser votre annonce l\u00e9gale et obtenir tr\u00e8s rapidement un avis de parution.<\/p>\n","protected":false},"excerpt":{"rendered":"<p>&nbsp; &nbsp; Le r\u00e9sistant de Libourne est un journal de la r\u00e9gion Libournaise. C&rsquo;est un hebdomadaire qui sort en kiosque [&hellip;]<\/p>\n","protected":false},"author":1,"featured_media":0,"parent":351,"menu_order":0,"comment_status":"closed","ping_status":"closed","template":"","meta":{"inline_featured_image":false,"footnotes":""},"class_list":["post-989","page","type-page","status-publish","hentry"],"yoast_head":"<!-- This site is optimized with the Yoast SEO plugin v26.8 - https:\/\/yoast.com\/product\/yoast-seo-wordpress\/ -->\n<title>Le R\u00e9sistant de Libourne - Actualit\u00e9 des entreprises<\/title>\n<meta name=\"robots\" content=\"index, follow, max-snippet:-1, max-image-preview:large, max-video-preview:-1\" \/>\n<link rel=\"canonical\" href=\"https:\/\/www.annonces-legales.org\/blog\/resistant-de-libourne\/\" \/>\n<meta property=\"og:locale\" content=\"fr_FR\" \/>\n<meta property=\"og:type\" content=\"article\" \/>\n<meta property=\"og:title\" content=\"Le R\u00e9sistant de Libourne - Actualit\u00e9 des entreprises\" \/>\n<meta property=\"og:description\" content=\"&nbsp; &nbsp; Le r\u00e9sistant de Libourne est un journal de la r\u00e9gion Libournaise. C&rsquo;est un hebdomadaire qui sort en kiosque [&hellip;]\" \/>\n<meta property=\"og:url\" content=\"https:\/\/www.annonces-legales.org\/blog\/resistant-de-libourne\/\" \/>\n<meta property=\"og:site_name\" content=\"Actualit\u00e9 des entreprises\" \/>\n<meta property=\"article:modified_time\" content=\"2022-01-26T11:06:17+00:00\" \/>\n<meta property=\"og:image\" content=\"https:\/\/www.annonces-legales.org\/blog\/wp-content\/uploads\/2021\/10\/Le-resistant-de-Libourne.png\" \/>\n\t<meta property=\"og:image:width\" content=\"290\" \/>\n\t<meta property=\"og:image:height\" content=\"73\" \/>\n\t<meta property=\"og:image:type\" content=\"image\/png\" \/>\n<meta name=\"twitter:card\" content=\"summary_large_image\" \/>\n<meta name=\"twitter:label1\" content=\"Dur\u00e9e de lecture estim\u00e9e\" \/>\n\t<meta name=\"twitter:data1\" content=\"3 minutes\" \/>\n<script type=\"application\/ld+json\" class=\"yoast-schema-graph\">{\"@context\":\"https:\/\/schema.org\",\"@graph\":[{\"@type\":\"WebPage\",\"@id\":\"https:\/\/www.annonces-legales.org\/blog\/resistant-de-libourne\/\",\"url\":\"https:\/\/www.annonces-legales.org\/blog\/resistant-de-libourne\/\",\"name\":\"Le R\u00e9sistant de Libourne - Actualit\u00e9 des entreprises\",\"isPartOf\":{\"@id\":\"https:\/\/www.annonces-legales.org\/blog\/#website\"},\"primaryImageOfPage\":{\"@id\":\"https:\/\/www.annonces-legales.org\/blog\/resistant-de-libourne\/#primaryimage\"},\"image\":{\"@id\":\"https:\/\/www.annonces-legales.org\/blog\/resistant-de-libourne\/#primaryimage\"},\"thumbnailUrl\":\"https:\/\/www.annonces-legales.org\/blog\/wp-content\/uploads\/2021\/10\/Le-resistant-de-Libourne.png\",\"datePublished\":\"2021-10-01T15:02:40+00:00\",\"dateModified\":\"2022-01-26T11:06:17+00:00\",\"breadcrumb\":{\"@id\":\"https:\/\/www.annonces-legales.org\/blog\/resistant-de-libourne\/#breadcrumb\"},\"inLanguage\":\"fr-FR\",\"potentialAction\":[{\"@type\":\"ReadAction\",\"target\":[\"https:\/\/www.annonces-legales.org\/blog\/resistant-de-libourne\/\"]}]},{\"@type\":\"ImageObject\",\"inLanguage\":\"fr-FR\",\"@id\":\"https:\/\/www.annonces-legales.org\/blog\/resistant-de-libourne\/#primaryimage\",\"url\":\"https:\/\/www.annonces-legales.org\/blog\/wp-content\/uploads\/2021\/10\/Le-resistant-de-Libourne.png\",\"contentUrl\":\"https:\/\/www.annonces-legales.org\/blog\/wp-content\/uploads\/2021\/10\/Le-resistant-de-Libourne.png\",\"width\":290,\"height\":73},{\"@type\":\"BreadcrumbList\",\"@id\":\"https:\/\/www.annonces-legales.org\/blog\/resistant-de-libourne\/#breadcrumb\",\"itemListElement\":[{\"@type\":\"ListItem\",\"position\":1,\"name\":\"Accueil\",\"item\":\"https:\/\/www.annonces-legales.org\/blog\/\"},{\"@type\":\"ListItem\",\"position\":2,\"name\":\"Liste des journaux habilit\u00e9s \u00e0 publier des annonces l\u00e9gales\",\"item\":\"https:\/\/www.annonces-legales.org\/blog\/liste-des-journaux-habilites-a-publier-des-annonces-legales\/\"},{\"@type\":\"ListItem\",\"position\":3,\"name\":\"Le R\u00e9sistant de Libourne\"}]},{\"@type\":\"WebSite\",\"@id\":\"https:\/\/www.annonces-legales.org\/blog\/#website\",\"url\":\"https:\/\/www.annonces-legales.org\/blog\/\",\"name\":\"Actualit\u00e9 des entreprises\",\"description\":\"\",\"publisher\":{\"@id\":\"https:\/\/www.annonces-legales.org\/blog\/#organization\"},\"potentialAction\":[{\"@type\":\"SearchAction\",\"target\":{\"@type\":\"EntryPoint\",\"urlTemplate\":\"https:\/\/www.annonces-legales.org\/blog\/?s={search_term_string}\"},\"query-input\":{\"@type\":\"PropertyValueSpecification\",\"valueRequired\":true,\"valueName\":\"search_term_string\"}}],\"inLanguage\":\"fr-FR\"},{\"@type\":\"Organization\",\"@id\":\"https:\/\/www.annonces-legales.org\/blog\/#organization\",\"name\":\"Actualit\u00e9 des entreprises\",\"url\":\"https:\/\/www.annonces-legales.org\/blog\/\",\"logo\":{\"@type\":\"ImageObject\",\"inLanguage\":\"fr-FR\",\"@id\":\"https:\/\/www.annonces-legales.org\/blog\/#\/schema\/logo\/image\/\",\"url\":\"https:\/\/www.annonces-legales.org\/blog\/wp-content\/uploads\/2023\/08\/annonces-legales.svg\",\"contentUrl\":\"https:\/\/www.annonces-legales.org\/blog\/wp-content\/uploads\/2023\/08\/annonces-legales.svg\",\"caption\":\"Actualit\u00e9 des entreprises\"},\"image\":{\"@id\":\"https:\/\/www.annonces-legales.org\/blog\/#\/schema\/logo\/image\/\"}}]}<\/script>\n<!-- \/ Yoast SEO plugin. -->","yoast_head_json":{"title":"Le R\u00e9sistant de Libourne - Actualit\u00e9 des entreprises","robots":{"index":"index","follow":"follow","max-snippet":"max-snippet:-1","max-image-preview":"max-image-preview:large","max-video-preview":"max-video-preview:-1"},"canonical":"https:\/\/www.annonces-legales.org\/blog\/resistant-de-libourne\/","og_locale":"fr_FR","og_type":"article","og_title":"Le R\u00e9sistant de Libourne - Actualit\u00e9 des entreprises","og_description":"&nbsp; &nbsp; Le r\u00e9sistant de Libourne est un journal de la r\u00e9gion Libournaise. C&rsquo;est un hebdomadaire qui sort en kiosque [&hellip;]","og_url":"https:\/\/www.annonces-legales.org\/blog\/resistant-de-libourne\/","og_site_name":"Actualit\u00e9 des entreprises","article_modified_time":"2022-01-26T11:06:17+00:00","og_image":[{"width":290,"height":73,"url":"https:\/\/www.annonces-legales.org\/blog\/wp-content\/uploads\/2021\/10\/Le-resistant-de-Libourne.png","type":"image\/png"}],"twitter_card":"summary_large_image","twitter_misc":{"Dur\u00e9e de lecture estim\u00e9e":"3 minutes"},"schema":{"@context":"https:\/\/schema.org","@graph":[{"@type":"WebPage","@id":"https:\/\/www.annonces-legales.org\/blog\/resistant-de-libourne\/","url":"https:\/\/www.annonces-legales.org\/blog\/resistant-de-libourne\/","name":"Le R\u00e9sistant de Libourne - Actualit\u00e9 des entreprises","isPartOf":{"@id":"https:\/\/www.annonces-legales.org\/blog\/#website"},"primaryImageOfPage":{"@id":"https:\/\/www.annonces-legales.org\/blog\/resistant-de-libourne\/#primaryimage"},"image":{"@id":"https:\/\/www.annonces-legales.org\/blog\/resistant-de-libourne\/#primaryimage"},"thumbnailUrl":"https:\/\/www.annonces-legales.org\/blog\/wp-content\/uploads\/2021\/10\/Le-resistant-de-Libourne.png","datePublished":"2021-10-01T15:02:40+00:00","dateModified":"2022-01-26T11:06:17+00:00","breadcrumb":{"@id":"https:\/\/www.annonces-legales.org\/blog\/resistant-de-libourne\/#breadcrumb"},"inLanguage":"fr-FR","potentialAction":[{"@type":"ReadAction","target":["https:\/\/www.annonces-legales.org\/blog\/resistant-de-libourne\/"]}]},{"@type":"ImageObject","inLanguage":"fr-FR","@id":"https:\/\/www.annonces-legales.org\/blog\/resistant-de-libourne\/#primaryimage","url":"https:\/\/www.annonces-legales.org\/blog\/wp-content\/uploads\/2021\/10\/Le-resistant-de-Libourne.png","contentUrl":"https:\/\/www.annonces-legales.org\/blog\/wp-content\/uploads\/2021\/10\/Le-resistant-de-Libourne.png","width":290,"height":73},{"@type":"BreadcrumbList","@id":"https:\/\/www.annonces-legales.org\/blog\/resistant-de-libourne\/#breadcrumb","itemListElement":[{"@type":"ListItem","position":1,"name":"Accueil","item":"https:\/\/www.annonces-legales.org\/blog\/"},{"@type":"ListItem","position":2,"name":"Liste des journaux habilit\u00e9s \u00e0 publier des annonces l\u00e9gales","item":"https:\/\/www.annonces-legales.org\/blog\/liste-des-journaux-habilites-a-publier-des-annonces-legales\/"},{"@type":"ListItem","position":3,"name":"Le R\u00e9sistant de Libourne"}]},{"@type":"WebSite","@id":"https:\/\/www.annonces-legales.org\/blog\/#website","url":"https:\/\/www.annonces-legales.org\/blog\/","name":"Actualit\u00e9 des entreprises","description":"","publisher":{"@id":"https:\/\/www.annonces-legales.org\/blog\/#organization"},"potentialAction":[{"@type":"SearchAction","target":{"@type":"EntryPoint","urlTemplate":"https:\/\/www.annonces-legales.org\/blog\/?s={search_term_string}"},"query-input":{"@type":"PropertyValueSpecification","valueRequired":true,"valueName":"search_term_string"}}],"inLanguage":"fr-FR"},{"@type":"Organization","@id":"https:\/\/www.annonces-legales.org\/blog\/#organization","name":"Actualit\u00e9 des entreprises","url":"https:\/\/www.annonces-legales.org\/blog\/","logo":{"@type":"ImageObject","inLanguage":"fr-FR","@id":"https:\/\/www.annonces-legales.org\/blog\/#\/schema\/logo\/image\/","url":"https:\/\/www.annonces-legales.org\/blog\/wp-content\/uploads\/2023\/08\/annonces-legales.svg","contentUrl":"https:\/\/www.annonces-legales.org\/blog\/wp-content\/uploads\/2023\/08\/annonces-legales.svg","caption":"Actualit\u00e9 des entreprises"},"image":{"@id":"https:\/\/www.annonces-legales.org\/blog\/#\/schema\/logo\/image\/"}}]}},"_links":{"self":[{"href":"https:\/\/www.annonces-legales.org\/blog\/wp-json\/wp\/v2\/pages\/989","targetHints":{"allow":["GET"]}}],"collection":[{"href":"https:\/\/www.annonces-legales.org\/blog\/wp-json\/wp\/v2\/pages"}],"about":[{"href":"https:\/\/www.annonces-legales.org\/blog\/wp-json\/wp\/v2\/types\/page"}],"author":[{"embeddable":true,"href":"https:\/\/www.annonces-legales.org\/blog\/wp-json\/wp\/v2\/users\/1"}],"replies":[{"embeddable":true,"href":"https:\/\/www.annonces-legales.org\/blog\/wp-json\/wp\/v2\/comments?post=989"}],"version-history":[{"count":4,"href":"https:\/\/www.annonces-legales.org\/blog\/wp-json\/wp\/v2\/pages\/989\/revisions"}],"predecessor-version":[{"id":994,"href":"https:\/\/www.annonces-legales.org\/blog\/wp-json\/wp\/v2\/pages\/989\/revisions\/994"}],"up":[{"embeddable":true,"href":"https:\/\/www.annonces-legales.org\/blog\/wp-json\/wp\/v2\/pages\/351"}],"wp:attachment":[{"href":"https:\/\/www.annonces-legales.org\/blog\/wp-json\/wp\/v2\/media?parent=989"}],"curies":[{"name":"wp","href":"https:\/\/api.w.org\/{rel}","templated":true}]}}